{"id":5,"date":"2018-01-27T18:01:56","date_gmt":"2018-01-27T17:01:56","guid":{"rendered":"https:\/\/www.unioviedo.es\/2dnanoptica\/?page_id=5"},"modified":"2019-09-02T12:17:55","modified_gmt":"2019-09-02T10:17:55","slug":"acerca-de","status":"publish","type":"page","link":"https:\/\/www.unioviedo.es\/2dnanoptica\/index.php\/acerca-de\/","title":{"rendered":"People"},"content":{"rendered":"\n<div class=\"wp-block-media-text alignwide\" style=\"grid-template-columns:22% auto\"><figure class=\"wp-block-media-text__media\"><img loading=\"lazy\" decoding=\"async\" width=\"508\" height=\"782\" src=\"https:\/\/www.unioviedo.es\/2dnanoptica\/wp-content\/uploads\/2019\/08\/Foto_Pablo_Alonso-2.png\" alt=\"\" class=\"wp-image-143\" srcset=\"https:\/\/www.unioviedo.es\/2dnanoptica\/wp-content\/uploads\/2019\/08\/Foto_Pablo_Alonso-2.png 508w, https:\/\/www.unioviedo.es\/2dnanoptica\/wp-content\/uploads\/2019\/08\/Foto_Pablo_Alonso-2-195x300.png 195w\" sizes=\"auto, (max-width: 508px) 100vw, 508px\" \/><\/figure><div class=\"wp-block-media-text__content\">\n<h3 class=\"wp-block-heading\">Dr. Pablo Alonso-Gonz\u00e1lez  <\/h3>\n\n\n\n<p>Distinguished Researcher<\/p>\n\n\n\n<p><a href=\"https:\/\/scholar.google.es\/citations?user=19ia8SQAAAAJ&amp;hl=es\">Google Scholar<\/a><\/p>\n<\/div><\/div>\n\n\n\n<div class=\"wp-block-media-text alignwide\" style=\"grid-template-columns:23% auto\"><figure class=\"wp-block-media-text__media\"><img loading=\"lazy\" decoding=\"async\" width=\"591\" height=\"797\" src=\"https:\/\/www.unioviedo.es\/2dnanoptica\/wp-content\/uploads\/2019\/09\/Foto_Javier_MS.jpg\" alt=\"\" class=\"wp-image-170\" srcset=\"https:\/\/www.unioviedo.es\/2dnanoptica\/wp-content\/uploads\/2019\/09\/Foto_Javier_MS.jpg 591w, https:\/\/www.unioviedo.es\/2dnanoptica\/wp-content\/uploads\/2019\/09\/Foto_Javier_MS-222x300.jpg 222w\" sizes=\"auto, (max-width: 591px) 100vw, 591px\" \/><\/figure><div class=\"wp-block-media-text__content\">\n<h3 class=\"wp-block-heading\">Dr. Javier Mart\u00edn-S\u00e1nchez<\/h3>\n\n\n\n<p>Clar\u00edn Fellow (formerly ERC funded)<\/p>\n\n\n\n<p><a href=\"https:\/\/scholar.google.at\/citations?user=9MID1GcAAAAJ&amp;hl=en\">Google Scholar<\/a><\/p>\n<\/div><\/div>\n\n\n\n<div class=\"wp-block-media-text alignwide\" style=\"grid-template-columns:23% auto\"><figure class=\"wp-block-media-text__media\"><img loading=\"lazy\" decoding=\"async\" width=\"192\" height=\"273\" src=\"https:\/\/www.unioviedo.es\/2dnanoptica\/wp-content\/uploads\/2019\/08\/Duan_Photo-1.png\" alt=\"\" class=\"wp-image-144\"\/><\/figure><div class=\"wp-block-media-text__content\">\n<h3 class=\"wp-block-heading\">Dr. Jiahua Duan<\/h3>\n\n\n\n<p>Post-doctoral Researcher (ERC funded)<\/p>\n\n\n\n<p><a href=\"https:\/\/scholar.google.com\/citations?user=5BUR9FMAAAAJ&amp;hl=zh-CN\">Google Scholar<\/a><\/p>\n\n\n\n<p style=\"font-size:1px\">Dr. Jiahua Duan<\/p>\n<\/div><\/div>\n\n\n\n<div class=\"wp-block-media-text alignwide\" style=\"grid-template-columns:23% auto\"><figure class=\"wp-block-media-text__media\"><img loading=\"lazy\" decoding=\"async\" width=\"336\" height=\"398\" src=\"https:\/\/www.unioviedo.es\/2dnanoptica\/wp-content\/uploads\/2019\/08\/Gonzalo_Photo-1.png\" alt=\"\" class=\"wp-image-145\" srcset=\"https:\/\/www.unioviedo.es\/2dnanoptica\/wp-content\/uploads\/2019\/08\/Gonzalo_Photo-1.png 336w, https:\/\/www.unioviedo.es\/2dnanoptica\/wp-content\/uploads\/2019\/08\/Gonzalo_Photo-1-253x300.png 253w\" sizes=\"auto, (max-width: 336px) 100vw, 336px\" \/><\/figure><div class=\"wp-block-media-text__content\">\n<h3 class=\"wp-block-heading\">Gonzalo \u00c1lvarez-P\u00e9rez<\/h3>\n\n\n\n<p>PhD student (ERC funded)<\/p>\n\n\n\n<p><\/p>\n<\/div><\/div>\n\n\n\n<div class=\"wp-block-media-text alignwide\" style=\"grid-template-columns:23% auto\"><figure class=\"wp-block-media-text__media\"><img loading=\"lazy\" decoding=\"async\" width=\"445\" height=\"486\" src=\"https:\/\/www.unioviedo.es\/2dnanoptica\/wp-content\/uploads\/2019\/09\/Taboada_Photo.png\" alt=\"\" class=\"wp-image-161\" srcset=\"https:\/\/www.unioviedo.es\/2dnanoptica\/wp-content\/uploads\/2019\/09\/Taboada_Photo.png 445w, https:\/\/www.unioviedo.es\/2dnanoptica\/wp-content\/uploads\/2019\/09\/Taboada_Photo-275x300.png 275w\" sizes=\"auto, (max-width: 445px) 100vw, 445px\" \/><\/figure><div class=\"wp-block-media-text__content\">\n<h3 class=\"wp-block-heading\">Javier Taboada-Guti\u00e9rrez<\/h3>\n\n\n\n<p>PhD student (formerly ERC funded)<\/p>\n\n\n\n<p><a href=\"https:\/\/scholar.google.com\/citations?user=3sD_UNkAAAAJ&amp;hl=en\">Google Scholar<\/a><\/p>\n<\/div><\/div>\n\n\n\n<div class=\"wp-block-media-text alignwide\" style=\"grid-template-columns:23% auto\"><figure class=\"wp-block-media-text__media\"><img loading=\"lazy\" decoding=\"async\" width=\"440\" height=\"593\" src=\"https:\/\/www.unioviedo.es\/2dnanoptica\/wp-content\/uploads\/2019\/09\/Foto-Carnet.jpg\" alt=\"\" class=\"wp-image-165\" srcset=\"https:\/\/www.unioviedo.es\/2dnanoptica\/wp-content\/uploads\/2019\/09\/Foto-Carnet.jpg 440w, https:\/\/www.unioviedo.es\/2dnanoptica\/wp-content\/uploads\/2019\/09\/Foto-Carnet-223x300.jpg 223w\" sizes=\"auto, (max-width: 440px) 100vw, 440px\" \/><\/figure><div class=\"wp-block-media-text__content\">\n<h3 class=\"wp-block-heading\">Ana Isabel Fern\u00e1ndez-Tresguerres Mata<\/h3>\n\n\n\n<p>PhD student (ERC funded)<\/p>\n\n\n\n<p><\/p>\n<\/div><\/div>\n","protected":false},"excerpt":{"rendered":"<p>Dr. Pablo Alonso-Gonz\u00e1lez Distinguished Researcher Google Scholar Dr. Javier Mart\u00edn-S\u00e1nchez Clar\u00edn Fellow (formerly ERC funded) Google Scholar Dr. Jiahua Duan Post-doctoral Researcher (ERC funded) Google Scholar Dr. Jiahua Duan Gonzalo \u00c1lvarez-P\u00e9rez PhD student (ERC funded) Javier Taboada-Guti\u00e9rrez PhD student (formerly ERC funded) Google Scholar Ana Isabel Fern\u00e1ndez-Tresguerres Mata PhD student (ERC funded)<\/p>\n","protected":false},"author":1,"featured_media":0,"parent":0,"menu_order":0,"comment_status":"closed","ping_status":"closed","template":"","meta":{"footnotes":""},"class_list":["post-5","page","type-page","status-publish","hentry"],"_links":{"self":[{"href":"https:\/\/www.unioviedo.es\/2dnanoptica\/index.php\/wp-json\/wp\/v2\/pages\/5","targetHints":{"allow":["GET"]}}],"collection":[{"href":"https:\/\/www.unioviedo.es\/2dnanoptica\/index.php\/wp-json\/wp\/v2\/pages"}],"about":[{"href":"https:\/\/www.unioviedo.es\/2dnanoptica\/index.php\/wp-json\/wp\/v2\/types\/page"}],"author":[{"embeddable":true,"href":"https:\/\/www.unioviedo.es\/2dnanoptica\/index.php\/wp-json\/wp\/v2\/users\/1"}],"replies":[{"embeddable":true,"href":"https:\/\/www.unioviedo.es\/2dnanoptica\/index.php\/wp-json\/wp\/v2\/comments?post=5"}],"version-history":[{"count":12,"href":"https:\/\/www.unioviedo.es\/2dnanoptica\/index.php\/wp-json\/wp\/v2\/pages\/5\/revisions"}],"predecessor-version":[{"id":171,"href":"https:\/\/www.unioviedo.es\/2dnanoptica\/index.php\/wp-json\/wp\/v2\/pages\/5\/revisions\/171"}],"wp:attachment":[{"href":"https:\/\/www.unioviedo.es\/2dnanoptica\/index.php\/wp-json\/wp\/v2\/media?parent=5"}],"curies":[{"name":"wp","href":"https:\/\/api.w.org\/{rel}","templated":true}]}}