{"id":63,"date":"2017-02-03T19:46:06","date_gmt":"2017-02-03T19:46:06","guid":{"rendered":"https:\/\/www.unioviedo.es\/2dnanoptica\/?page_id=63"},"modified":"2019-08-30T18:37:47","modified_gmt":"2019-08-30T16:37:47","slug":"congresos","status":"publish","type":"page","link":"https:\/\/www.unioviedo.es\/2dnanoptica\/index.php\/congresos\/","title":{"rendered":"Publications"},"content":{"rendered":"<p class=\"font_8\"><span class=\"color_26\">5.\u00a0 P. Pons-Valencia, F.J. Alfaro-Mozaz, M.M. Wiecha, V. Biolek, I. Dolado, S. V\u00e9lez, P. Li, P. Alonso-Gonz\u00e1lez, F. Casanova, L.E. Hueso, L. Mart\u00edn-Moreno, R. Hillenbrand, A.Y. Nikitin, <a href=\"https:\/\/www.nature.com\/articles\/s41467-019-11143-7\">\u00abLaunching of hyperbolic phonon-polaritons in h-BN slabs by resonant metal plasmonic antennas<\/a>\u00ab, <\/span><span class=\"color_26\">Nature Communications 10,\u00a03242,\u00a0(2019).<\/span><\/p>\n<p class=\"font_8\"><span class=\"wixGuard\">\u200b<\/span><span class=\"color_26\">4.\u00a0 F. J. Alfaro-Mozaz, S. G. Rodrigo, P. Alonso-Gonz\u00e1lez, S. V\u00e9lez, I. Dolado, F. Casanova, L. E. Hueso, L. Mart\u00edn-Moreno, R. Hillenbrand, and A. Y. Nikitin \u00ab<a href=\"https:\/\/www.nature.com\/articles\/s41467-018-07795-6\">Deeply subwavelength phonon-polaritonic crystal made of a van der Waals material<\/a>\u00ab, <\/span><span class=\"color_26\">Nature Communications 10,\u00a042,\u00a0(2019).<\/span><\/p>\n<p class=\"font_8\"><span class=\"color_26\"><span class=\"wixGuard\">\u200b<\/span><\/span><span class=\"color_26\">3. W. Ma, P. Alonso-Gonz\u00e1lez, S. Li, A.Y Nikitin, J. Yuan, J. Mart\u00edn-S\u00e1nchez, J. Taboada-Guti\u00e9rrez, I. Amenabar, P. Li, S. V\u00e9lez, C. Tollan, Z. Dai, Y. Zhang, S. Sriram, K. Kalantar-Zadeh, S-T Lee, R. Hillenbrand, and Q. Bao \u00ab<a href=\"http:\/\/hdl.handle.net\/10651\/50639\">In-plane anisotropic and ultra-low-loss polaritons in a natural van der Waals crystal\u00bb <\/a><\/span><span class=\"color_26\">Nature 562, pp\u00a0557-562,\u00a0(2018).<\/span><span class=\"color_26\"><span class=\"wixGuard\">\u200b<\/span><\/span><\/p>\n<p class=\"font_8\"><span class=\"color_26\">2. M. Autore, P. Li, I. Dolado, F.J Alfaro-Mozaz, R. Esteban, A. Atxabal, F. Casanova, L.E Hueso, P. Alonso-Gonz\u00e1lez, J. Aizpurua, A.Y Nikitin, S. V\u00e9lez, and R. Hillenbrand \u00ab<a href=\"http:\/\/hdl.handle.net\/10651\/47061\">Boron nitride nanoresonators for phonon-enhanced molecular vibrational spectroscopy at the strong coupling limit\u00bb <\/a><\/span><span class=\"color_26\">Light: Science &amp; Applications 7 (4), 17172,\u00a0(2018).<\/span><\/p>\n<p class=\"font_8\"><span class=\"color_26\"><span class=\"wixGuard\">\u200b<\/span><\/span><span class=\"color_26\"><span class=\"wixGuard\">\u200b<\/span><\/span><span class=\"color_26\">1. F.J. Alfaro-Mozaz, P. Alonso-Gonz\u00e1lez, S. V\u00e9lez, I. Dolado, M. Autore, S. Mastel, F. Casanova, L.E. Hueso, P. Li, A. Yu Nikitin, and R. Hillenbrand \u00ab<a href=\"http:\/\/europepmc.org\/articles\/PMC5467227\">Nanoimaging of resonating hyperbolic polaritons in linear boron nitride antennas<\/a>\u00bb <\/span><span class=\"color_26\">Nature Communications, 8, 15624, (2017).<\/span><\/p>\n<p class=\"font_8\"><span class=\"color_26\"><span class=\"wixGuard\">\u200b<\/span><\/span><\/p>\n","protected":false},"excerpt":{"rendered":"<p>5.\u00a0 P. Pons-Valencia, F.J. Alfaro-Mozaz, M.M. Wiecha, V. Biolek, I. Dolado, S. V\u00e9lez, P. Li, P. Alonso-Gonz\u00e1lez, F. Casanova, L.E. Hueso, L. Mart\u00edn-Moreno, R. Hillenbrand, A.Y. Nikitin, \u00abLaunching of hyperbolic phonon-polaritons in h-BN slabs by resonant metal plasmonic antennas\u00ab, Nature Communications 10,\u00a03242,\u00a0(2019). \u200b4.\u00a0 F. J. Alfaro-Mozaz, S. G. Rodrigo, P. Alonso-Gonz\u00e1lez, S. V\u00e9lez, I. Dolado, &hellip; <\/p>\n<p class=\"link-more\"><a href=\"https:\/\/www.unioviedo.es\/2dnanoptica\/index.php\/congresos\/\" class=\"more-link\">Continuar leyendo<span class=\"screen-reader-text\"> \u00abPublications\u00bb<\/span><\/a><\/p>\n","protected":false},"author":1,"featured_media":0,"parent":0,"menu_order":0,"comment_status":"closed","ping_status":"closed","template":"","meta":{"footnotes":""},"class_list":["post-63","page","type-page","status-publish","hentry"],"_links":{"self":[{"href":"https:\/\/www.unioviedo.es\/2dnanoptica\/index.php\/wp-json\/wp\/v2\/pages\/63","targetHints":{"allow":["GET"]}}],"collection":[{"href":"https:\/\/www.unioviedo.es\/2dnanoptica\/index.php\/wp-json\/wp\/v2\/pages"}],"about":[{"href":"https:\/\/www.unioviedo.es\/2dnanoptica\/index.php\/wp-json\/wp\/v2\/types\/page"}],"author":[{"embeddable":true,"href":"https:\/\/www.unioviedo.es\/2dnanoptica\/index.php\/wp-json\/wp\/v2\/users\/1"}],"replies":[{"embeddable":true,"href":"https:\/\/www.unioviedo.es\/2dnanoptica\/index.php\/wp-json\/wp\/v2\/comments?post=63"}],"version-history":[{"count":6,"href":"https:\/\/www.unioviedo.es\/2dnanoptica\/index.php\/wp-json\/wp\/v2\/pages\/63\/revisions"}],"predecessor-version":[{"id":147,"href":"https:\/\/www.unioviedo.es\/2dnanoptica\/index.php\/wp-json\/wp\/v2\/pages\/63\/revisions\/147"}],"wp:attachment":[{"href":"https:\/\/www.unioviedo.es\/2dnanoptica\/index.php\/wp-json\/wp\/v2\/media?parent=63"}],"curies":[{"name":"wp","href":"https:\/\/api.w.org\/{rel}","templated":true}]}}