{"id":56,"date":"2012-03-28T08:16:54","date_gmt":"2012-03-28T08:16:54","guid":{"rendered":"http:\/\/www.unioviedo.es\/CCOO\/?page_id=56"},"modified":"2012-03-28T08:20:44","modified_gmt":"2012-03-28T08:20:44","slug":"higiene-y-seguridad-en-el-trabajo","status":"publish","type":"page","link":"https:\/\/www.unioviedo.es\/CCOO\/?page_id=56","title":{"rendered":"Higiene y Seguridad en el trabajo"},"content":{"rendered":"<p><strong>Reglamentaci\u00f3n y Normativa vigente<\/strong><\/p>\n<ul>\n<li><a href=\"http:\/\/www.uniovi.net\/zope\/servicios\/comunidad\/Prevencion\/informacion\/seguridad\/higiene_industrial\/residuos\/i2\/\">Reglamento de residuos t\u00f3xicos y peligrosos de la Universidad de Oviedo<\/a><\/li>\n<li><a href=\"http:\/\/www.uniovi.net\/zope\/servicios\/comunidad\/Prevencion\/informacion\/i2\/tramitacion_accidentes\/\">Tramitaci\u00f3n de accidentes de trabajo en la Universidad de Oviedo (documento de declaraci\u00f3n de accidentes e instrucciones)<\/a><\/li>\n<li><a href=\"http:\/\/www.uniovi.net\/zope\/servicios\/comunidad\/Prevencion\/procedimientos\/\">Procedimientos preventivos en la Universidad de Oviedo<\/a><\/li>\n<li><a href=\"http:\/\/www.mspsi.gob.es\/profesionales\/saludPublica\/sanidadExterior\/salud\/infVacunas.htm\">Informaci\u00f3n sobre vacunas de inter\u00e9s para viajes internacionales<\/a><\/li>\n<\/ul>\n<hr \/>\n<p><strong>Enlaces<\/strong><\/p>\n<ul>\n<li>\n<div align=\"justify\"><a href=\"http:\/\/www.mspsi.gob.es\/profesionales\/saludPublica\/sanidadExterior\/salud\/infVacunas.htm\">Informaci\u00f3n sobre vacunas de inter\u00e9s para viajes internacionales<\/a><a href=\"http:\/\/www.istas.ccoo.es\/\">\u00a0Instituto sindical de Trabajo Ambiente y Salud (viene la\u00a0<\/a><a href=\"http:\/\/www.istas.ccoo.es\/\">revista de prevenci\u00f3n porExperiencia)<\/a><\/div>\n<\/li>\n<li>\n<div align=\"justify\"><a href=\"http:\/\/www.ccooasturias.es\/saludlaboral\/\">P\u00e1gina de salud laboral de CCOO Asturias<\/a><\/div>\n<\/li>\n<li>\n<div align=\"justify\"><a href=\"http:\/\/www.uniovi.es\/pas\/temas\/prevencion\">Enlace a la p\u00e1gina de prevenci\u00f3n de uniovi<\/a><\/div>\n<div><\/div>\n<\/li>\n<\/ul>\n<hr \/>\n","protected":false},"excerpt":{"rendered":"<p>Reglamentaci\u00f3n y Normativa vigente Reglamento de residuos t\u00f3xicos y peligrosos de la Universidad de Oviedo Tramitaci\u00f3n de accidentes de trabajo en la Universidad de Oviedo (documento de declaraci\u00f3n de accidentes e instrucciones) Procedimientos preventivos en la Universidad de Oviedo Informaci\u00f3n &hellip; <a href=\"https:\/\/www.unioviedo.es\/CCOO\/?page_id=56\">Sigue leyendo <span class=\"meta-nav\">&rarr;<\/span><\/a><\/p>\n","protected":false},"author":1,"featured_media":0,"parent":0,"menu_order":4,"comment_status":"closed","ping_status":"closed","template":"","meta":{"footnotes":""},"_links":{"self":[{"href":"https:\/\/www.unioviedo.es\/CCOO\/index.php?rest_route=\/wp\/v2\/pages\/56"}],"collection":[{"href":"https:\/\/www.unioviedo.es\/CCOO\/index.php?rest_route=\/wp\/v2\/pages"}],"about":[{"href":"https:\/\/www.unioviedo.es\/CCOO\/index.php?rest_route=\/wp\/v2\/types\/page"}],"author":[{"embeddable":true,"href":"https:\/\/www.unioviedo.es\/CCOO\/index.php?rest_route=\/wp\/v2\/users\/1"}],"replies":[{"embeddable":true,"href":"https:\/\/www.unioviedo.es\/CCOO\/index.php?rest_route=%2Fwp%2Fv2%2Fcomments&post=56"}],"version-history":[{"count":2,"href":"https:\/\/www.unioviedo.es\/CCOO\/index.php?rest_route=\/wp\/v2\/pages\/56\/revisions"}],"predecessor-version":[{"id":63,"href":"https:\/\/www.unioviedo.es\/CCOO\/index.php?rest_route=\/wp\/v2\/pages\/56\/revisions\/63"}],"wp:attachment":[{"href":"https:\/\/www.unioviedo.es\/CCOO\/index.php?rest_route=%2Fwp%2Fv2%2Fmedia&parent=56"}],"curies":[{"name":"wp","href":"https:\/\/api.w.org\/{rel}","templated":true}]}}