{"id":245,"date":"2023-05-23T08:35:08","date_gmt":"2023-05-23T08:35:08","guid":{"rendered":"https:\/\/www.unioviedo.es\/CDA\/?page_id=245"},"modified":"2023-06-12T08:12:47","modified_gmt":"2023-06-12T08:12:47","slug":"por-que-este-titulo","status":"publish","type":"page","link":"https:\/\/www.unioviedo.es\/CDA\/por-que-este-titulo\/","title":{"rendered":"\u00bfPor qu\u00e9 este t\u00edtulo?"},"content":{"rendered":"\t\t<div data-elementor-type=\"wp-page\" data-elementor-id=\"245\" class=\"elementor elementor-245\" data-elementor-post-type=\"page\">\n\t\t\t\t\t\t\t\t\t<section class=\"elementor-section elementor-top-section elementor-element elementor-element-d2e1681 elementor-section-height-min-height elementor-section-boxed elementor-section-height-default elementor-section-items-middle\" data-id=\"d2e1681\" data-element_type=\"section\" data-settings=\"{&quot;background_background&quot;:&quot;classic&quot;}\">\n\t\t\t\t\t\t\t<div class=\"elementor-background-overlay\"><\/div>\n\t\t\t\t\t\t\t<div class=\"elementor-container elementor-column-gap-default\">\n\t\t\t\t\t<div class=\"elementor-column elementor-col-100 elementor-top-column elementor-element elementor-element-37e4f8a\" data-id=\"37e4f8a\" data-element_type=\"column\">\n\t\t\t<div class=\"elementor-widget-wrap elementor-element-populated\">\n\t\t\t\t\t\t\t\t<div class=\"elementor-element elementor-element-4b4985a elementor-widget elementor-widget-heading\" data-id=\"4b4985a\" data-element_type=\"widget\" data-widget_type=\"heading.default\">\n\t\t\t\t<div class=\"elementor-widget-container\">\n\t\t\t<style>\/*! elementor - v3.18.0 - 20-12-2023 *\/\n.elementor-heading-title{padding:0;margin:0;line-height:1}.elementor-widget-heading .elementor-heading-title[class*=elementor-size-]>a{color:inherit;font-size:inherit;line-height:inherit}.elementor-widget-heading .elementor-heading-title.elementor-size-small{font-size:15px}.elementor-widget-heading .elementor-heading-title.elementor-size-medium{font-size:19px}.elementor-widget-heading .elementor-heading-title.elementor-size-large{font-size:29px}.elementor-widget-heading .elementor-heading-title.elementor-size-xl{font-size:39px}.elementor-widget-heading .elementor-heading-title.elementor-size-xxl{font-size:59px}<\/style><h1 class=\"elementor-heading-title elementor-size-default\">\u00bfPor qu\u00e9 este t\u00edtulo?<\/h1>\t\t<\/div>\n\t\t\t\t<\/div>\n\t\t\t\t\t<\/div>\n\t\t<\/div>\n\t\t\t\t\t\t\t<\/div>\n\t\t<\/section>\n\t\t\t\t<section class=\"elementor-section elementor-top-section elementor-element elementor-element-b807e08 elementor-reverse-mobile elementor-section-boxed elementor-section-height-default elementor-section-height-default\" data-id=\"b807e08\" data-element_type=\"section\" data-settings=\"{&quot;background_background&quot;:&quot;classic&quot;}\">\n\t\t\t\t\t\t\t<div class=\"elementor-background-overlay\"><\/div>\n\t\t\t\t\t\t\t<div class=\"elementor-container elementor-column-gap-default\">\n\t\t\t\t\t<div class=\"elementor-column elementor-col-50 elementor-top-column elementor-element elementor-element-63716a1\" data-id=\"63716a1\" data-element_type=\"column\">\n\t\t\t<div class=\"elementor-widget-wrap elementor-element-populated\">\n\t\t\t\t\t\t\t\t<div class=\"elementor-element elementor-element-64e89de elementor-widget elementor-widget-image\" data-id=\"64e89de\" data-element_type=\"widget\" data-widget_type=\"image.default\">\n\t\t\t\t<div class=\"elementor-widget-container\">\n\t\t\t<style>\/*! elementor - v3.18.0 - 20-12-2023 *\/\n.elementor-widget-image{text-align:center}.elementor-widget-image a{display:inline-block}.elementor-widget-image a img[src$=\".svg\"]{width:48px}.elementor-widget-image img{vertical-align:middle;display:inline-block}<\/style>\t\t\t\t\t\t\t\t\t\t\t\t<img fetchpriority=\"high\" decoding=\"async\" width=\"1200\" height=\"693\" src=\"https:\/\/www.unioviedo.es\/CDA\/wp-content\/uploads\/2023\/05\/big-data.jpg\" class=\"attachment-full size-full wp-image-602\" alt=\"\" srcset=\"https:\/\/www.unioviedo.es\/CDA\/wp-content\/uploads\/2023\/05\/big-data.jpg 1200w, https:\/\/www.unioviedo.es\/CDA\/wp-content\/uploads\/2023\/05\/big-data-300x173.jpg 300w, https:\/\/www.unioviedo.es\/CDA\/wp-content\/uploads\/2023\/05\/big-data-1024x591.jpg 1024w, https:\/\/www.unioviedo.es\/CDA\/wp-content\/uploads\/2023\/05\/big-data-768x444.jpg 768w\" sizes=\"(max-width: 1200px) 100vw, 1200px\" \/>\t\t\t\t\t\t\t\t\t\t\t\t\t\t\t<\/div>\n\t\t\t\t<\/div>\n\t\t\t\t\t<\/div>\n\t\t<\/div>\n\t\t\t\t<div class=\"elementor-column elementor-col-50 elementor-top-column elementor-element elementor-element-b38e8da\" data-id=\"b38e8da\" data-element_type=\"column\">\n\t\t\t<div class=\"elementor-widget-wrap elementor-element-populated\">\n\t\t\t\t\t\t\t\t<div class=\"elementor-element elementor-element-422c34a elementor-widget elementor-widget-heading\" data-id=\"422c34a\" data-element_type=\"widget\" data-widget_type=\"heading.default\">\n\t\t\t\t<div class=\"elementor-widget-container\">\n\t\t\t<h2 class=\"elementor-heading-title elementor-size-default\">T\u00edtulo de especialista universitario<\/h2>\t\t<\/div>\n\t\t\t\t<\/div>\n\t\t\t\t<div class=\"elementor-element elementor-element-42c1397 elementor-widget elementor-widget-heading\" data-id=\"42c1397\" data-element_type=\"widget\" data-widget_type=\"heading.default\">\n\t\t\t\t<div class=\"elementor-widget-container\">\n\t\t\t<p class=\"elementor-heading-title elementor-size-default\">Ciencia de Datos <br>aplicada a la Actividad Aseguradora<\/p>\t\t<\/div>\n\t\t\t\t<\/div>\n\t\t\t\t<div class=\"elementor-element elementor-element-386fa7b elementor-widget elementor-widget-text-editor\" data-id=\"386fa7b\" data-element_type=\"widget\" data-widget_type=\"text-editor.default\">\n\t\t\t\t<div class=\"elementor-widget-container\">\n\t\t\t<style>\/*! elementor - v3.18.0 - 20-12-2023 *\/\n.elementor-widget-text-editor.elementor-drop-cap-view-stacked .elementor-drop-cap{background-color:#69727d;color:#fff}.elementor-widget-text-editor.elementor-drop-cap-view-framed .elementor-drop-cap{color:#69727d;border:3px solid;background-color:transparent}.elementor-widget-text-editor:not(.elementor-drop-cap-view-default) .elementor-drop-cap{margin-top:8px}.elementor-widget-text-editor:not(.elementor-drop-cap-view-default) .elementor-drop-cap-letter{width:1em;height:1em}.elementor-widget-text-editor .elementor-drop-cap{float:left;text-align:center;line-height:1;font-size:50px}.elementor-widget-text-editor .elementor-drop-cap-letter{display:inline-block}<\/style>\t\t\t\t<div class=\"breadcrumbs\">El T\u00edtulo de Especialista Universitario en Ciencia de Datos aplicada a la Actividad Aseguradora persigue el objetivo de apoyar el proceso de transformaci\u00f3n tecnol\u00f3gica de las empresas y los profesionales del sector asegurador, presentes o futuros, desarrollando las capacidades tecnol\u00f3gicas de nuestros alumnos y potenciando su aplicaci\u00f3n a la actividad aseguradora.<\/div>\t\t\t\t\t\t<\/div>\n\t\t\t\t<\/div>\n\t\t\t\t<div class=\"elementor-element elementor-element-19c7bee elementor-widget elementor-widget-text-editor\" data-id=\"19c7bee\" data-element_type=\"widget\" data-widget_type=\"text-editor.default\">\n\t\t\t\t<div class=\"elementor-widget-container\">\n\t\t\t\t\t\t\t<p>A continuaci\u00f3n, se presentan las razones para elegir desarrollar tus capacidades con la elecci\u00f3n de este t\u00edtulo de especialista. Para saber m\u00e1s sobre los contenidos y la organizaci\u00f3n de las asignaturas y horarios, visita la pesta\u00f1a de <a href=\"\/estructura-academica\">estructura acad\u00e9mica<\/a>.<\/p>\t\t\t\t\t\t<\/div>\n\t\t\t\t<\/div>\n\t\t\t\t\t<\/div>\n\t\t<\/div>\n\t\t\t\t\t\t\t<\/div>\n\t\t<\/section>\n\t\t\t\t<section class=\"elementor-section elementor-top-section elementor-element elementor-element-198f675 elementor-section-boxed elementor-section-height-default elementor-section-height-default\" data-id=\"198f675\" data-element_type=\"section\" data-settings=\"{&quot;background_background&quot;:&quot;classic&quot;}\">\n\t\t\t\t\t\t<div class=\"elementor-container elementor-column-gap-default\">\n\t\t\t\t\t<div class=\"elementor-column elementor-col-50 elementor-top-column elementor-element elementor-element-b96f072\" data-id=\"b96f072\" data-element_type=\"column\">\n\t\t\t<div class=\"elementor-widget-wrap elementor-element-populated\">\n\t\t\t\t\t\t\t\t<div class=\"elementor-element elementor-element-f167150 elementor-widget elementor-widget-heading\" data-id=\"f167150\" data-element_type=\"widget\" data-widget_type=\"heading.default\">\n\t\t\t\t<div class=\"elementor-widget-container\">\n\t\t\t<h2 class=\"elementor-heading-title elementor-size-default\">Impulsando Carreras: La Especializaci\u00f3n Continua<\/h2>\t\t<\/div>\n\t\t\t\t<\/div>\n\t\t\t\t<div class=\"elementor-element elementor-element-405aeef elementor-widget elementor-widget-heading\" data-id=\"405aeef\" data-element_type=\"widget\" data-widget_type=\"heading.default\">\n\t\t\t\t<div class=\"elementor-widget-container\">\n\t\t\t<p class=\"elementor-heading-title elementor-size-default\">\u00bfPor qu\u00e9 elegir este t\u00edtulo de especialista?<\/p>\t\t<\/div>\n\t\t\t\t<\/div>\n\t\t\t\t<div class=\"elementor-element elementor-element-355c242 elementor-widget elementor-widget-text-editor\" data-id=\"355c242\" data-element_type=\"widget\" data-widget_type=\"text-editor.default\">\n\t\t\t\t<div class=\"elementor-widget-container\">\n\t\t\t\t\t\t\t<p>La formaci\u00f3n continua, orientada a actualizar los conocimientos de profesionales y reci\u00e9n graduados para hacer frente a los cambios que se producen en la actividad laboral, se ha identificado en muchas ocasiones como una garant\u00eda de la mejora de la labor empresarial y de la satisfacci\u00f3n de los alumnos, as\u00ed como una de las necesidades m\u00e1s importantes de la formaci\u00f3n en Espa\u00f1a. Esto es todav\u00eda m\u00e1s importante cuando nos referimos a formaci\u00f3n en tecnolog\u00eda, la cual ha supuesto una revoluci\u00f3n en los \u00faltimos a\u00f1os.<\/p>\t\t\t\t\t\t<\/div>\n\t\t\t\t<\/div>\n\t\t\t\t\t<\/div>\n\t\t<\/div>\n\t\t\t\t<div class=\"elementor-column elementor-col-50 elementor-top-column elementor-element elementor-element-ea7eaa7\" data-id=\"ea7eaa7\" data-element_type=\"column\">\n\t\t\t<div class=\"elementor-widget-wrap elementor-element-populated\">\n\t\t\t\t\t\t\t\t<div class=\"elementor-element elementor-element-43a14e2 elementor-widget elementor-widget-image\" data-id=\"43a14e2\" data-element_type=\"widget\" data-widget_type=\"image.default\">\n\t\t\t\t<div class=\"elementor-widget-container\">\n\t\t\t\t\t\t\t\t\t\t\t\t\t\t\t<img decoding=\"async\" width=\"800\" height=\"533\" src=\"https:\/\/www.unioviedo.es\/CDA\/wp-content\/uploads\/2023\/05\/datos-2.jpg\" class=\"attachment-full size-full wp-image-608\" alt=\"\" srcset=\"https:\/\/www.unioviedo.es\/CDA\/wp-content\/uploads\/2023\/05\/datos-2.jpg 800w, https:\/\/www.unioviedo.es\/CDA\/wp-content\/uploads\/2023\/05\/datos-2-300x200.jpg 300w, https:\/\/www.unioviedo.es\/CDA\/wp-content\/uploads\/2023\/05\/datos-2-768x512.jpg 768w\" sizes=\"(max-width: 800px) 100vw, 800px\" \/>\t\t\t\t\t\t\t\t\t\t\t\t\t\t\t<\/div>\n\t\t\t\t<\/div>\n\t\t\t\t\t<\/div>\n\t\t<\/div>\n\t\t\t\t\t\t\t<\/div>\n\t\t<\/section>\n\t\t\t\t<section class=\"elementor-section elementor-top-section elementor-element elementor-element-92bf898 elementor-reverse-mobile elementor-section-boxed elementor-section-height-default elementor-section-height-default\" data-id=\"92bf898\" data-element_type=\"section\" data-settings=\"{&quot;background_background&quot;:&quot;classic&quot;}\">\n\t\t\t\t\t\t\t<div class=\"elementor-background-overlay\"><\/div>\n\t\t\t\t\t\t\t<div class=\"elementor-container elementor-column-gap-wider\">\n\t\t\t\t\t<div class=\"elementor-column elementor-col-50 elementor-top-column elementor-element elementor-element-49b845f\" data-id=\"49b845f\" data-element_type=\"column\">\n\t\t\t<div class=\"elementor-widget-wrap elementor-element-populated\">\n\t\t\t\t\t\t\t\t<div class=\"elementor-element elementor-element-0b49286 elementor-widget elementor-widget-image\" data-id=\"0b49286\" data-element_type=\"widget\" data-widget_type=\"image.default\">\n\t\t\t\t<div class=\"elementor-widget-container\">\n\t\t\t\t\t\t\t\t\t\t\t\t\t\t\t<img decoding=\"async\" width=\"7990\" height=\"5707\" src=\"https:\/\/www.unioviedo.es\/CDA\/wp-content\/uploads\/2023\/06\/representacion-3d-concepto-biorobots.jpg\" class=\"attachment-full size-full wp-image-1003\" alt=\"\" srcset=\"https:\/\/www.unioviedo.es\/CDA\/wp-content\/uploads\/2023\/06\/representacion-3d-concepto-biorobots.jpg 7990w, https:\/\/www.unioviedo.es\/CDA\/wp-content\/uploads\/2023\/06\/representacion-3d-concepto-biorobots-300x214.jpg 300w, https:\/\/www.unioviedo.es\/CDA\/wp-content\/uploads\/2023\/06\/representacion-3d-concepto-biorobots-1024x731.jpg 1024w, https:\/\/www.unioviedo.es\/CDA\/wp-content\/uploads\/2023\/06\/representacion-3d-concepto-biorobots-768x549.jpg 768w, https:\/\/www.unioviedo.es\/CDA\/wp-content\/uploads\/2023\/06\/representacion-3d-concepto-biorobots-1536x1097.jpg 1536w\" sizes=\"(max-width: 7990px) 100vw, 7990px\" \/>\t\t\t\t\t\t\t\t\t\t\t\t\t\t\t<\/div>\n\t\t\t\t<\/div>\n\t\t\t\t\t<\/div>\n\t\t<\/div>\n\t\t\t\t<div class=\"elementor-column elementor-col-50 elementor-top-column elementor-element elementor-element-7d48d0b\" data-id=\"7d48d0b\" data-element_type=\"column\">\n\t\t\t<div class=\"elementor-widget-wrap elementor-element-populated\">\n\t\t\t\t\t\t\t\t<div class=\"elementor-element elementor-element-783f508 elementor-widget elementor-widget-heading\" data-id=\"783f508\" data-element_type=\"widget\" data-widget_type=\"heading.default\">\n\t\t\t\t<div class=\"elementor-widget-container\">\n\t\t\t<h2 class=\"elementor-heading-title elementor-size-default\"> Especializaci\u00f3n en Ciencia de Datos <br>para la Industria Aseguradora<\/h2>\t\t<\/div>\n\t\t\t\t<\/div>\n\t\t\t\t<div class=\"elementor-element elementor-element-a1e3ec7 elementor-widget elementor-widget-heading\" data-id=\"a1e3ec7\" data-element_type=\"widget\" data-widget_type=\"heading.default\">\n\t\t\t\t<div class=\"elementor-widget-container\">\n\t\t\t<p class=\"elementor-heading-title elementor-size-default\">Adelant\u00e1ndose <br>al Futuro<\/p>\t\t<\/div>\n\t\t\t\t<\/div>\n\t\t\t\t<div class=\"elementor-element elementor-element-2aab2aa elementor-widget elementor-widget-text-editor\" data-id=\"2aab2aa\" data-element_type=\"widget\" data-widget_type=\"text-editor.default\">\n\t\t\t\t<div class=\"elementor-widget-container\">\n\t\t\t\t\t\t\t<p>En el presente caso, adem\u00e1s, la puesta en marcha de este t\u00edtulo de <strong>Especialista universitario en Ciencia de Datos aplicada a la Actividad Aseguradora<\/strong> responde a la <strong>creciente necesidad de profesionales<\/strong> de este perfil en el sector asegurador, cada vez m\u00e1s influido por la creciente importancia de la aplicaci\u00f3n de las nuevas Tecnolog\u00edas de la Informaci\u00f3n y la Comunicaci\u00f3n (TICs) y, m\u00e1s concretamente, por la necesidad de <strong>mejorar el uso y aprovechamiento del dato<\/strong> y los beneficios que supone la Ciencia de Datos en general.<\/p>\t\t\t\t\t\t<\/div>\n\t\t\t\t<\/div>\n\t\t\t\t\t<\/div>\n\t\t<\/div>\n\t\t\t\t\t\t\t<\/div>\n\t\t<\/section>\n\t\t\t\t<section class=\"elementor-section elementor-top-section elementor-element elementor-element-ced5f0e elementor-section-boxed elementor-section-height-default elementor-section-height-default\" data-id=\"ced5f0e\" data-element_type=\"section\" data-settings=\"{&quot;background_background&quot;:&quot;classic&quot;}\">\n\t\t\t\t\t\t<div class=\"elementor-container elementor-column-gap-default\">\n\t\t\t\t\t<div class=\"elementor-column elementor-col-50 elementor-top-column elementor-element elementor-element-f408348\" data-id=\"f408348\" data-element_type=\"column\">\n\t\t\t<div class=\"elementor-widget-wrap elementor-element-populated\">\n\t\t\t\t\t\t\t\t<div class=\"elementor-element elementor-element-b1a3d19 elementor-widget elementor-widget-heading\" data-id=\"b1a3d19\" data-element_type=\"widget\" data-widget_type=\"heading.default\">\n\t\t\t\t<div class=\"elementor-widget-container\">\n\t\t\t<h2 class=\"elementor-heading-title elementor-size-default\"> Conexi\u00f3n entre Gesti\u00f3n y Ciencia de Datos<\/h2>\t\t<\/div>\n\t\t\t\t<\/div>\n\t\t\t\t<div class=\"elementor-element elementor-element-354dd13 elementor-widget elementor-widget-heading\" data-id=\"354dd13\" data-element_type=\"widget\" data-widget_type=\"heading.default\">\n\t\t\t\t<div class=\"elementor-widget-container\">\n\t\t\t<p class=\"elementor-heading-title elementor-size-default\">Promoviendo el Desarrollo Profesional<\/p>\t\t<\/div>\n\t\t\t\t<\/div>\n\t\t\t\t<div class=\"elementor-element elementor-element-3a13f17 elementor-widget elementor-widget-text-editor\" data-id=\"3a13f17\" data-element_type=\"widget\" data-widget_type=\"text-editor.default\">\n\t\t\t\t<div class=\"elementor-widget-container\">\n\t\t\t\t\t\t\t<p>En este contexto, <strong>los conocimientos adquiridos en este t\u00edtulo suponen un impulso para el desarrollo profesional<\/strong> de sus alumnos, ayudando a su vez a las empresas del sector a encontrar profesionales que puedan reducir la actual brecha de conocimiento entre el personal de gesti\u00f3n, en el cual podemos agrupar a la mayor\u00eda de departamentos de las grandes empresas, y sus departamentos de IT o Data Science.<\/p>\t\t\t\t\t\t<\/div>\n\t\t\t\t<\/div>\n\t\t\t\t\t<\/div>\n\t\t<\/div>\n\t\t\t\t<div class=\"elementor-column elementor-col-50 elementor-top-column elementor-element elementor-element-a6b0e8a\" data-id=\"a6b0e8a\" data-element_type=\"column\">\n\t\t\t<div class=\"elementor-widget-wrap elementor-element-populated\">\n\t\t\t\t\t\t\t\t<div class=\"elementor-element elementor-element-539db61 elementor-widget elementor-widget-image\" data-id=\"539db61\" data-element_type=\"widget\" data-widget_type=\"image.default\">\n\t\t\t\t<div class=\"elementor-widget-container\">\n\t\t\t\t\t\t\t\t\t\t\t\t\t\t\t<img loading=\"lazy\" decoding=\"async\" width=\"1080\" height=\"675\" src=\"https:\/\/www.unioviedo.es\/CDA\/wp-content\/uploads\/2023\/05\/data-science-Analytics-1.jpg\" class=\"attachment-full size-full wp-image-612\" alt=\"\" srcset=\"https:\/\/www.unioviedo.es\/CDA\/wp-content\/uploads\/2023\/05\/data-science-Analytics-1.jpg 1080w, https:\/\/www.unioviedo.es\/CDA\/wp-content\/uploads\/2023\/05\/data-science-Analytics-1-300x188.jpg 300w, https:\/\/www.unioviedo.es\/CDA\/wp-content\/uploads\/2023\/05\/data-science-Analytics-1-1024x640.jpg 1024w, https:\/\/www.unioviedo.es\/CDA\/wp-content\/uploads\/2023\/05\/data-science-Analytics-1-768x480.jpg 768w\" sizes=\"(max-width: 1080px) 100vw, 1080px\" \/>\t\t\t\t\t\t\t\t\t\t\t\t\t\t\t<\/div>\n\t\t\t\t<\/div>\n\t\t\t\t\t<\/div>\n\t\t<\/div>\n\t\t\t\t\t\t\t<\/div>\n\t\t<\/section>\n\t\t\t\t<section class=\"elementor-section elementor-top-section elementor-element elementor-element-bc57835 elementor-section-height-min-height elementor-section-items-stretch elementor-section-boxed elementor-section-height-default\" data-id=\"bc57835\" data-element_type=\"section\" data-settings=\"{&quot;background_background&quot;:&quot;classic&quot;}\">\n\t\t\t\t\t\t\t<div class=\"elementor-background-overlay\"><\/div>\n\t\t\t\t\t\t\t<div class=\"elementor-container elementor-column-gap-default\">\n\t\t\t\t\t<div class=\"elementor-column elementor-col-100 elementor-top-column elementor-element elementor-element-48b6cba\" data-id=\"48b6cba\" data-element_type=\"column\">\n\t\t\t<div class=\"elementor-widget-wrap elementor-element-populated\">\n\t\t\t\t\t\t\t\t<section class=\"elementor-section elementor-inner-section elementor-element elementor-element-4a2bb17 elementor-section-full_width elementor-section-height-default elementor-section-height-default\" data-id=\"4a2bb17\" data-element_type=\"section\">\n\t\t\t\t\t\t<div class=\"elementor-container elementor-column-gap-default\">\n\t\t\t\t\t<div class=\"elementor-column elementor-col-100 elementor-inner-column elementor-element elementor-element-28b1385 elementor-invisible\" data-id=\"28b1385\" data-element_type=\"column\" data-settings=\"{&quot;animation&quot;:&quot;fadeInLeft&quot;}\">\n\t\t\t<div class=\"elementor-widget-wrap elementor-element-populated\">\n\t\t\t\t\t\t\t\t<div class=\"elementor-element elementor-element-1be344f elementor-widget elementor-widget-heading\" data-id=\"1be344f\" data-element_type=\"widget\" data-widget_type=\"heading.default\">\n\t\t\t\t<div class=\"elementor-widget-container\">\n\t\t\t<p class=\"elementor-heading-title elementor-size-default\">Matric\u00falate<\/p>\t\t<\/div>\n\t\t\t\t<\/div>\n\t\t\t\t<div class=\"elementor-element elementor-element-70fa708 elementor-widget elementor-widget-heading\" data-id=\"70fa708\" data-element_type=\"widget\" data-widget_type=\"heading.default\">\n\t\t\t\t<div class=\"elementor-widget-container\">\n\t\t\t<p class=\"elementor-heading-title elementor-size-default\">en Ciencia de Datos<br> aplicada a la Actividad Aseguradora<\/p>\t\t<\/div>\n\t\t\t\t<\/div>\n\t\t\t\t\t<\/div>\n\t\t<\/div>\n\t\t\t\t\t\t\t<\/div>\n\t\t<\/section>\n\t\t\t\t<div class=\"elementor-element elementor-element-bb6adfa elementor-align-center elementor-widget elementor-widget-button\" data-id=\"bb6adfa\" data-element_type=\"widget\" data-widget_type=\"button.default\">\n\t\t\t\t<div class=\"elementor-widget-container\">\n\t\t\t\t\t<div class=\"elementor-button-wrapper\">\n\t\t\t<a class=\"elementor-button elementor-button-link elementor-size-sm\" href=\"\/CDA\/matricula\">\n\t\t\t\t\t\t<span class=\"elementor-button-content-wrapper\">\n\t\t\t\t\t\t<span class=\"elementor-button-text\">Matricularme<\/span>\n\t\t<\/span>\n\t\t\t\t\t<\/a>\n\t\t<\/div>\n\t\t\t\t<\/div>\n\t\t\t\t<\/div>\n\t\t\t\t\t<\/div>\n\t\t<\/div>\n\t\t\t\t\t\t\t<\/div>\n\t\t<\/section>\n\t\t\t\t\t\t\t<\/div>\n\t\t","protected":false},"excerpt":{"rendered":"<p>\u00bfPor qu\u00e9 este t\u00edtulo? T\u00edtulo de especialista universitario Ciencia de Datos aplicada a la Actividad Aseguradora El T\u00edtulo de Especialista Universitario en Ciencia de Datos aplicada a la Actividad Aseguradora persigue el objetivo de apoyar el proceso de transformaci\u00f3n tecnol\u00f3gica de las empresas y los profesionales del sector asegurador, presentes o futuros, desarrollando las capacidades &hellip;<\/p>\n<p class=\"read-more\"> <a class=\"\" href=\"https:\/\/www.unioviedo.es\/CDA\/por-que-este-titulo\/\"> <span class=\"screen-reader-text\">\u00bfPor qu\u00e9 este t\u00edtulo?<\/span> Leer m\u00e1s &raquo;<\/a><\/p>\n","protected":false},"author":2,"featured_media":0,"parent":0,"menu_order":0,"comment_status":"closed","ping_status":"closed","template":"","meta":{"site-sidebar-layout":"no-sidebar","site-content-layout":"page-builder","ast-global-header-display":"","ast-banner-title-visibility":"","ast-main-header-display":"","ast-hfb-above-header-display":"","ast-hfb-below-header-display":"","ast-hfb-mobile-header-display":"","site-post-title":"disabled","ast-breadcrumbs-content":"","ast-featured-img":"disabled","footer-sml-layout":"","theme-transparent-header-meta":"","adv-header-id-meta":"","stick-header-meta":"","header-above-stick-meta":"","header-main-stick-meta":"","header-below-stick-meta":""},"_links":{"self":[{"href":"https:\/\/www.unioviedo.es\/CDA\/wp-json\/wp\/v2\/pages\/245"}],"collection":[{"href":"https:\/\/www.unioviedo.es\/CDA\/wp-json\/wp\/v2\/pages"}],"about":[{"href":"https:\/\/www.unioviedo.es\/CDA\/wp-json\/wp\/v2\/types\/page"}],"author":[{"embeddable":true,"href":"https:\/\/www.unioviedo.es\/CDA\/wp-json\/wp\/v2\/users\/2"}],"replies":[{"embeddable":true,"href":"https:\/\/www.unioviedo.es\/CDA\/wp-json\/wp\/v2\/comments?post=245"}],"version-history":[{"count":55,"href":"https:\/\/www.unioviedo.es\/CDA\/wp-json\/wp\/v2\/pages\/245\/revisions"}],"predecessor-version":[{"id":1039,"href":"https:\/\/www.unioviedo.es\/CDA\/wp-json\/wp\/v2\/pages\/245\/revisions\/1039"}],"wp:attachment":[{"href":"https:\/\/www.unioviedo.es\/CDA\/wp-json\/wp\/v2\/media?parent=245"}],"curies":[{"name":"wp","href":"https:\/\/api.w.org\/{rel}","templated":true}]}}