{"id":254,"date":"2023-05-23T08:56:25","date_gmt":"2023-05-23T08:56:25","guid":{"rendered":"https:\/\/www.unioviedo.es\/CDA\/?page_id=254"},"modified":"2025-06-04T14:38:02","modified_gmt":"2025-06-04T14:38:02","slug":"objetivos-y-perfil","status":"publish","type":"page","link":"https:\/\/www.unioviedo.es\/CDA\/objetivos-y-perfil\/","title":{"rendered":"Objetivos y Perfil"},"content":{"rendered":"\t\t<div data-elementor-type=\"wp-page\" data-elementor-id=\"254\" class=\"elementor elementor-254\" data-elementor-post-type=\"page\">\n\t\t\t\t\t\t\t\t\t<section class=\"elementor-section elementor-top-section elementor-element elementor-element-0af9818 elementor-section-height-min-height elementor-section-boxed elementor-section-height-default elementor-section-items-middle\" data-id=\"0af9818\" data-element_type=\"section\" data-settings=\"{&quot;background_background&quot;:&quot;classic&quot;}\">\n\t\t\t\t\t\t\t<div class=\"elementor-background-overlay\"><\/div>\n\t\t\t\t\t\t\t<div class=\"elementor-container elementor-column-gap-default\">\n\t\t\t\t\t<div class=\"elementor-column elementor-col-100 elementor-top-column elementor-element elementor-element-c09df50\" data-id=\"c09df50\" data-element_type=\"column\">\n\t\t\t<div class=\"elementor-widget-wrap elementor-element-populated\">\n\t\t\t\t\t\t\t\t<div class=\"elementor-element elementor-element-78d5123 elementor-widget elementor-widget-heading\" data-id=\"78d5123\" data-element_type=\"widget\" data-widget_type=\"heading.default\">\n\t\t\t\t<div class=\"elementor-widget-container\">\n\t\t\t<style>\/*! elementor - v3.18.0 - 20-12-2023 *\/\n.elementor-heading-title{padding:0;margin:0;line-height:1}.elementor-widget-heading .elementor-heading-title[class*=elementor-size-]>a{color:inherit;font-size:inherit;line-height:inherit}.elementor-widget-heading .elementor-heading-title.elementor-size-small{font-size:15px}.elementor-widget-heading .elementor-heading-title.elementor-size-medium{font-size:19px}.elementor-widget-heading .elementor-heading-title.elementor-size-large{font-size:29px}.elementor-widget-heading .elementor-heading-title.elementor-size-xl{font-size:39px}.elementor-widget-heading .elementor-heading-title.elementor-size-xxl{font-size:59px}<\/style><h1 class=\"elementor-heading-title elementor-size-default\">Objetivos y Perfil<\/h1>\t\t<\/div>\n\t\t\t\t<\/div>\n\t\t\t\t\t<\/div>\n\t\t<\/div>\n\t\t\t\t\t\t\t<\/div>\n\t\t<\/section>\n\t\t\t\t<section class=\"elementor-section elementor-top-section elementor-element elementor-element-4f07d43 elementor-reverse-mobile elementor-section-boxed elementor-section-height-default elementor-section-height-default\" data-id=\"4f07d43\" data-element_type=\"section\" data-settings=\"{&quot;background_background&quot;:&quot;classic&quot;}\">\n\t\t\t\t\t\t\t<div class=\"elementor-background-overlay\"><\/div>\n\t\t\t\t\t\t\t<div class=\"elementor-container elementor-column-gap-default\">\n\t\t\t\t\t<div class=\"elementor-column elementor-col-50 elementor-top-column elementor-element elementor-element-f97daf5\" data-id=\"f97daf5\" data-element_type=\"column\">\n\t\t\t<div class=\"elementor-widget-wrap elementor-element-populated\">\n\t\t\t\t\t\t\t\t<div class=\"elementor-element elementor-element-9eabb6d elementor-widget elementor-widget-image\" data-id=\"9eabb6d\" data-element_type=\"widget\" data-widget_type=\"image.default\">\n\t\t\t\t<div class=\"elementor-widget-container\">\n\t\t\t<style>\/*! elementor - v3.18.0 - 20-12-2023 *\/\n.elementor-widget-image{text-align:center}.elementor-widget-image a{display:inline-block}.elementor-widget-image a img[src$=\".svg\"]{width:48px}.elementor-widget-image img{vertical-align:middle;display:inline-block}<\/style>\t\t\t\t\t\t\t\t\t\t\t\t<img fetchpriority=\"high\" decoding=\"async\" width=\"2560\" height=\"1709\" src=\"https:\/\/www.unioviedo.es\/CDA\/wp-content\/uploads\/2023\/05\/concepto-negocio-progreso-cerca-scaled.jpg\" class=\"attachment-full size-full wp-image-616\" alt=\"\" srcset=\"https:\/\/www.unioviedo.es\/CDA\/wp-content\/uploads\/2023\/05\/concepto-negocio-progreso-cerca-scaled.jpg 2560w, https:\/\/www.unioviedo.es\/CDA\/wp-content\/uploads\/2023\/05\/concepto-negocio-progreso-cerca-300x200.jpg 300w, https:\/\/www.unioviedo.es\/CDA\/wp-content\/uploads\/2023\/05\/concepto-negocio-progreso-cerca-1024x683.jpg 1024w, https:\/\/www.unioviedo.es\/CDA\/wp-content\/uploads\/2023\/05\/concepto-negocio-progreso-cerca-768x513.jpg 768w, https:\/\/www.unioviedo.es\/CDA\/wp-content\/uploads\/2023\/05\/concepto-negocio-progreso-cerca-1536x1025.jpg 1536w, https:\/\/www.unioviedo.es\/CDA\/wp-content\/uploads\/2023\/05\/concepto-negocio-progreso-cerca-2048x1367.jpg 2048w\" sizes=\"(max-width: 2560px) 100vw, 2560px\" \/>\t\t\t\t\t\t\t\t\t\t\t\t\t\t\t<\/div>\n\t\t\t\t<\/div>\n\t\t\t\t\t<\/div>\n\t\t<\/div>\n\t\t\t\t<div class=\"elementor-column elementor-col-50 elementor-top-column elementor-element elementor-element-789ea40\" data-id=\"789ea40\" data-element_type=\"column\">\n\t\t\t<div class=\"elementor-widget-wrap elementor-element-populated\">\n\t\t\t\t\t\t\t\t<div class=\"elementor-element elementor-element-5f3473c elementor-widget elementor-widget-heading\" data-id=\"5f3473c\" data-element_type=\"widget\" data-widget_type=\"heading.default\">\n\t\t\t\t<div class=\"elementor-widget-container\">\n\t\t\t<h2 class=\"elementor-heading-title elementor-size-default\">NOVEDOSO<\/h2>\t\t<\/div>\n\t\t\t\t<\/div>\n\t\t\t\t<div class=\"elementor-element elementor-element-9dc688d elementor-widget__width-initial elementor-widget elementor-widget-heading\" data-id=\"9dc688d\" data-element_type=\"widget\" data-widget_type=\"heading.default\">\n\t\t\t\t<div class=\"elementor-widget-container\">\n\t\t\t<h2 class=\"elementor-heading-title elementor-size-default\">Objetivos<\/h2>\t\t<\/div>\n\t\t\t\t<\/div>\n\t\t\t\t<div class=\"elementor-element elementor-element-ba0426c elementor-widget elementor-widget-text-editor\" data-id=\"ba0426c\" data-element_type=\"widget\" data-widget_type=\"text-editor.default\">\n\t\t\t\t<div class=\"elementor-widget-container\">\n\t\t\t<style>\/*! elementor - v3.18.0 - 20-12-2023 *\/\n.elementor-widget-text-editor.elementor-drop-cap-view-stacked .elementor-drop-cap{background-color:#69727d;color:#fff}.elementor-widget-text-editor.elementor-drop-cap-view-framed .elementor-drop-cap{color:#69727d;border:3px solid;background-color:transparent}.elementor-widget-text-editor:not(.elementor-drop-cap-view-default) .elementor-drop-cap{margin-top:8px}.elementor-widget-text-editor:not(.elementor-drop-cap-view-default) .elementor-drop-cap-letter{width:1em;height:1em}.elementor-widget-text-editor .elementor-drop-cap{float:left;text-align:center;line-height:1;font-size:50px}.elementor-widget-text-editor .elementor-drop-cap-letter{display:inline-block}<\/style>\t\t\t\t<p data-start=\"210\" data-end=\"538\">El objetivo del T\u00edtulo de Especialista Universitario en Ciencia de Datos aplicada a la Actividad Aseguradora es proporcionar una formaci\u00f3n rigurosa y especializada en el uso de las nuevas Tecnolog\u00edas de la Informaci\u00f3n y la Comunicaci\u00f3n, con especial atenci\u00f3n a las herramientas y metodolog\u00edas propias de la <strong data-start=\"517\" data-end=\"537\">Ciencia de Datos<\/strong>.\u00a0<span style=\"font-style: inherit; font-weight: inherit;\">El programa est\u00e1 dise\u00f1ado para que los estudiantes adquieran:<\/span><\/p>\t\t\t\t\t\t<\/div>\n\t\t\t\t<\/div>\n\t\t\t\t<div class=\"elementor-element elementor-element-273bdcf elementor-icon-list--layout-traditional elementor-list-item-link-full_width elementor-widget elementor-widget-icon-list\" data-id=\"273bdcf\" data-element_type=\"widget\" data-widget_type=\"icon-list.default\">\n\t\t\t\t<div class=\"elementor-widget-container\">\n\t\t\t<link rel=\"stylesheet\" href=\"https:\/\/www.unioviedo.es\/CDA\/wp-content\/plugins\/elementor\/assets\/css\/widget-icon-list.min.css\">\t\t<ul class=\"elementor-icon-list-items\">\n\t\t\t\t\t\t\t<li class=\"elementor-icon-list-item\">\n\t\t\t\t\t\t\t\t\t\t\t<span class=\"elementor-icon-list-icon\">\n\t\t\t\t\t\t\t<i aria-hidden=\"true\" class=\"far fa-dot-circle\"><\/i>\t\t\t\t\t\t<\/span>\n\t\t\t\t\t\t\t\t\t\t<span class=\"elementor-icon-list-text\">Un conocimiento s\u00f3lido, te\u00f3rico y pr\u00e1ctico, de las principales t\u00e9cnicas y herramientas en el \u00e1mbito de la Inteligencia Artificial y la Ciencia de Datos, incluyendo IAG, BI, aprendizaje autom\u00e1tico y otras tecnolog\u00edas clave.<\/span>\n\t\t\t\t\t\t\t\t\t<\/li>\n\t\t\t\t\t\t\t\t<li class=\"elementor-icon-list-item\">\n\t\t\t\t\t\t\t\t\t\t\t<span class=\"elementor-icon-list-icon\">\n\t\t\t\t\t\t\t<i aria-hidden=\"true\" class=\"far fa-dot-circle\"><\/i>\t\t\t\t\t\t<\/span>\n\t\t\t\t\t\t\t\t\t\t<span class=\"elementor-icon-list-text\"><div>Una visi\u00f3n integral del sector asegurador y una comprensi\u00f3n t\u00e9cnica adecuada de c\u00f3mo aplicar estas tecnolog\u00edas en las distintas funciones que conforman la actividad aseguradora.\n<\/div><\/span>\n\t\t\t\t\t\t\t\t\t<\/li>\n\t\t\t\t\t\t<\/ul>\n\t\t\t\t<\/div>\n\t\t\t\t<\/div>\n\t\t\t\t\t<\/div>\n\t\t<\/div>\n\t\t\t\t\t\t\t<\/div>\n\t\t<\/section>\n\t\t\t\t<section class=\"elementor-section elementor-top-section elementor-element elementor-element-80a8071 elementor-section-boxed elementor-section-height-default elementor-section-height-default\" data-id=\"80a8071\" data-element_type=\"section\" data-settings=\"{&quot;background_background&quot;:&quot;classic&quot;}\">\n\t\t\t\t\t\t<div class=\"elementor-container elementor-column-gap-default\">\n\t\t\t\t\t<div class=\"elementor-column elementor-col-50 elementor-top-column elementor-element elementor-element-1e1d92a\" data-id=\"1e1d92a\" data-element_type=\"column\">\n\t\t\t<div class=\"elementor-widget-wrap elementor-element-populated\">\n\t\t\t\t\t\t\t\t<div class=\"elementor-element elementor-element-e5b1811 elementor-widget elementor-widget-heading\" data-id=\"e5b1811\" data-element_type=\"widget\" data-widget_type=\"heading.default\">\n\t\t\t\t<div class=\"elementor-widget-container\">\n\t\t\t<h2 class=\"elementor-heading-title elementor-size-default\">La Ciencia de Datos como Motor de Cambio<\/h2>\t\t<\/div>\n\t\t\t\t<\/div>\n\t\t\t\t<div class=\"elementor-element elementor-element-ca739e8 elementor-widget__width-initial elementor-widget elementor-widget-heading\" data-id=\"ca739e8\" data-element_type=\"widget\" data-widget_type=\"heading.default\">\n\t\t\t\t<div class=\"elementor-widget-container\">\n\t\t\t<h2 class=\"elementor-heading-title elementor-size-default\">Especialistas<br> en transformaci\u00f3n <\/h2>\t\t<\/div>\n\t\t\t\t<\/div>\n\t\t\t\t<div class=\"elementor-element elementor-element-e160128 elementor-widget elementor-widget-text-editor\" data-id=\"e160128\" data-element_type=\"widget\" data-widget_type=\"text-editor.default\">\n\t\t\t\t<div class=\"elementor-widget-container\">\n\t\t\t\t\t\t\t<p>Este programa prepara a los alumnos para liderar la transformaci\u00f3n digital del sector asegurador mediante el uso avanzado de la Ciencia de Datos y la Inteligencia Artificial. La formaci\u00f3n se basa en el trabajo con datos reales, el an\u00e1lisis de casos pr\u00e1cticos contrastados y la participaci\u00f3n continua de profesionales de aseguradoras que aportan su experiencia directa.&nbsp;<\/p><p>Todo ello con un enfoque eminentemente pr\u00e1ctico e innovador, orientado a la aplicaci\u00f3n efectiva de estas tecnolog\u00edas en la toma de decisiones y la mejora de procesos clave del negocio.<span style=\"font-style: inherit; font-weight: inherit;\">.<\/span><\/p>\t\t\t\t\t\t<\/div>\n\t\t\t\t<\/div>\n\t\t\t\t\t<\/div>\n\t\t<\/div>\n\t\t\t\t<div class=\"elementor-column elementor-col-50 elementor-top-column elementor-element elementor-element-41d3f60\" data-id=\"41d3f60\" data-element_type=\"column\">\n\t\t\t<div class=\"elementor-widget-wrap elementor-element-populated\">\n\t\t\t\t\t\t\t\t<div class=\"elementor-element elementor-element-abfae64 elementor-widget elementor-widget-image\" data-id=\"abfae64\" data-element_type=\"widget\" data-widget_type=\"image.default\">\n\t\t\t\t<div class=\"elementor-widget-container\">\n\t\t\t\t\t\t\t\t\t\t\t\t\t\t\t<img decoding=\"async\" width=\"1500\" height=\"1000\" src=\"https:\/\/www.unioviedo.es\/CDA\/wp-content\/uploads\/2023\/05\/pantalla-virtual.jpg\" class=\"attachment-full size-full wp-image-623\" alt=\"\" srcset=\"https:\/\/www.unioviedo.es\/CDA\/wp-content\/uploads\/2023\/05\/pantalla-virtual.jpg 1500w, https:\/\/www.unioviedo.es\/CDA\/wp-content\/uploads\/2023\/05\/pantalla-virtual-300x200.jpg 300w, https:\/\/www.unioviedo.es\/CDA\/wp-content\/uploads\/2023\/05\/pantalla-virtual-1024x683.jpg 1024w, https:\/\/www.unioviedo.es\/CDA\/wp-content\/uploads\/2023\/05\/pantalla-virtual-768x512.jpg 768w\" sizes=\"(max-width: 1500px) 100vw, 1500px\" \/>\t\t\t\t\t\t\t\t\t\t\t\t\t\t\t<\/div>\n\t\t\t\t<\/div>\n\t\t\t\t\t<\/div>\n\t\t<\/div>\n\t\t\t\t\t\t\t<\/div>\n\t\t<\/section>\n\t\t\t\t<section class=\"elementor-section elementor-top-section elementor-element elementor-element-bb343ee elementor-reverse-mobile elementor-section-boxed elementor-section-height-default elementor-section-height-default\" data-id=\"bb343ee\" data-element_type=\"section\" data-settings=\"{&quot;background_background&quot;:&quot;classic&quot;}\">\n\t\t\t\t\t\t\t<div class=\"elementor-background-overlay\"><\/div>\n\t\t\t\t\t\t\t<div class=\"elementor-container elementor-column-gap-wider\">\n\t\t\t\t\t<div class=\"elementor-column elementor-col-50 elementor-top-column elementor-element elementor-element-7a85ee1\" data-id=\"7a85ee1\" data-element_type=\"column\">\n\t\t\t<div class=\"elementor-widget-wrap elementor-element-populated\">\n\t\t\t\t\t\t\t\t<div class=\"elementor-element elementor-element-516a1eb elementor-widget elementor-widget-image\" data-id=\"516a1eb\" data-element_type=\"widget\" data-widget_type=\"image.default\">\n\t\t\t\t<div class=\"elementor-widget-container\">\n\t\t\t\t\t\t\t\t\t\t\t\t\t\t\t<img decoding=\"async\" width=\"2560\" height=\"1572\" src=\"https:\/\/www.unioviedo.es\/CDA\/wp-content\/uploads\/2023\/05\/hombre-analizando-graficos-mercado-valores-datos-financieros-placa-electronica-scaled.jpg\" class=\"attachment-full size-full wp-image-629\" alt=\"\" srcset=\"https:\/\/www.unioviedo.es\/CDA\/wp-content\/uploads\/2023\/05\/hombre-analizando-graficos-mercado-valores-datos-financieros-placa-electronica-scaled.jpg 2560w, https:\/\/www.unioviedo.es\/CDA\/wp-content\/uploads\/2023\/05\/hombre-analizando-graficos-mercado-valores-datos-financieros-placa-electronica-300x184.jpg 300w, https:\/\/www.unioviedo.es\/CDA\/wp-content\/uploads\/2023\/05\/hombre-analizando-graficos-mercado-valores-datos-financieros-placa-electronica-1024x629.jpg 1024w, https:\/\/www.unioviedo.es\/CDA\/wp-content\/uploads\/2023\/05\/hombre-analizando-graficos-mercado-valores-datos-financieros-placa-electronica-768x472.jpg 768w, https:\/\/www.unioviedo.es\/CDA\/wp-content\/uploads\/2023\/05\/hombre-analizando-graficos-mercado-valores-datos-financieros-placa-electronica-1536x943.jpg 1536w, https:\/\/www.unioviedo.es\/CDA\/wp-content\/uploads\/2023\/05\/hombre-analizando-graficos-mercado-valores-datos-financieros-placa-electronica-2048x1258.jpg 2048w\" sizes=\"(max-width: 2560px) 100vw, 2560px\" \/>\t\t\t\t\t\t\t\t\t\t\t\t\t\t\t<\/div>\n\t\t\t\t<\/div>\n\t\t\t\t\t<\/div>\n\t\t<\/div>\n\t\t\t\t<div class=\"elementor-column elementor-col-50 elementor-top-column elementor-element elementor-element-d300015\" data-id=\"d300015\" data-element_type=\"column\">\n\t\t\t<div class=\"elementor-widget-wrap elementor-element-populated\">\n\t\t\t\t\t\t\t\t<div class=\"elementor-element elementor-element-13a0d05 elementor-widget elementor-widget-heading\" data-id=\"13a0d05\" data-element_type=\"widget\" data-widget_type=\"heading.default\">\n\t\t\t\t<div class=\"elementor-widget-container\">\n\t\t\t<h2 class=\"elementor-heading-title elementor-size-default\">T\u00edtulo de Especialista<\/h2>\t\t<\/div>\n\t\t\t\t<\/div>\n\t\t\t\t<div class=\"elementor-element elementor-element-6a01990 elementor-widget__width-initial elementor-widget-tablet__width-initial elementor-widget elementor-widget-heading\" data-id=\"6a01990\" data-element_type=\"widget\" data-widget_type=\"heading.default\">\n\t\t\t\t<div class=\"elementor-widget-container\">\n\t\t\t<p class=\"elementor-heading-title elementor-size-default\">Perfil de ingreso<\/p>\t\t<\/div>\n\t\t\t\t<\/div>\n\t\t\t\t<div class=\"elementor-element elementor-element-cde6426 elementor-widget elementor-widget-text-editor\" data-id=\"cde6426\" data-element_type=\"widget\" data-widget_type=\"text-editor.default\">\n\t\t\t\t<div class=\"elementor-widget-container\">\n\t\t\t\t\t\t\t<p>Este T\u00edtulo est\u00e1 orientado a profesionales y egresados que deseen adquirir competencias tecnol\u00f3gicas aplicadas al sector asegurador, combinando conocimientos t\u00e9cnicos y de negocio. Se contemplan dos perfiles de ingreso principales:<\/p>\t\t\t\t\t\t<\/div>\n\t\t\t\t<\/div>\n\t\t\t\t<div class=\"elementor-element elementor-element-e3d48c7 elementor-icon-list--layout-traditional elementor-list-item-link-full_width elementor-widget elementor-widget-icon-list\" data-id=\"e3d48c7\" data-element_type=\"widget\" data-widget_type=\"icon-list.default\">\n\t\t\t\t<div class=\"elementor-widget-container\">\n\t\t\t\t\t<ul class=\"elementor-icon-list-items\">\n\t\t\t\t\t\t\t<li class=\"elementor-icon-list-item\">\n\t\t\t\t\t\t\t\t\t\t\t<span class=\"elementor-icon-list-icon\">\n\t\t\t\t\t\t\t<i aria-hidden=\"true\" class=\"far fa-dot-circle\"><\/i>\t\t\t\t\t\t<\/span>\n\t\t\t\t\t\t\t\t\t\t<span class=\"elementor-icon-list-text\">Perfil de Negocio: Profesionales del sector asegurador, del \u00e1rea comercial, de gesti\u00f3n de siniestros o desarrollo de producto, as\u00ed como titulados en Ingenier\u00eda, ADE, Econom\u00eda u otras titulaciones, interesados en aplicar IA a la mejora de procesos.<\/span>\n\t\t\t\t\t\t\t\t\t<\/li>\n\t\t\t\t\t\t\t\t<li class=\"elementor-icon-list-item\">\n\t\t\t\t\t\t\t\t\t\t\t<span class=\"elementor-icon-list-icon\">\n\t\t\t\t\t\t\t<i aria-hidden=\"true\" class=\"far fa-dot-circle\"><\/i>\t\t\t\t\t\t<\/span>\n\t\t\t\t\t\t\t\t\t\t<span class=\"elementor-icon-list-text\">Perfil T\u00e9cnico\/Actuarial: Profesionales o titulados en Ciencias Actuariales, interesados en profundizar en t\u00e9cnicas avanzadas de an\u00e1lisis, modelizaci\u00f3n y automatizaci\u00f3n con IA aplicadas al \u00e1mbito actuarial.<\/span>\n\t\t\t\t\t\t\t\t\t<\/li>\n\t\t\t\t\t\t<\/ul>\n\t\t\t\t<\/div>\n\t\t\t\t<\/div>\n\t\t\t\t\t<\/div>\n\t\t<\/div>\n\t\t\t\t\t\t\t<\/div>\n\t\t<\/section>\n\t\t\t\t<section class=\"elementor-section elementor-top-section elementor-element elementor-element-de4f9dd elementor-section-height-min-height elementor-section-items-stretch elementor-section-boxed elementor-section-height-default\" data-id=\"de4f9dd\" data-element_type=\"section\" data-settings=\"{&quot;background_background&quot;:&quot;classic&quot;}\">\n\t\t\t\t\t\t\t<div class=\"elementor-background-overlay\"><\/div>\n\t\t\t\t\t\t\t<div class=\"elementor-container elementor-column-gap-default\">\n\t\t\t\t\t<div class=\"elementor-column elementor-col-100 elementor-top-column elementor-element elementor-element-9d4d2f0\" data-id=\"9d4d2f0\" data-element_type=\"column\">\n\t\t\t<div class=\"elementor-widget-wrap elementor-element-populated\">\n\t\t\t\t\t\t\t\t<section class=\"elementor-section elementor-inner-section elementor-element elementor-element-627d804 elementor-section-full_width elementor-section-height-default elementor-section-height-default\" data-id=\"627d804\" data-element_type=\"section\">\n\t\t\t\t\t\t<div class=\"elementor-container elementor-column-gap-default\">\n\t\t\t\t\t<div class=\"elementor-column elementor-col-100 elementor-inner-column elementor-element elementor-element-a70950b elementor-invisible\" data-id=\"a70950b\" data-element_type=\"column\" data-settings=\"{&quot;animation&quot;:&quot;fadeInLeft&quot;}\">\n\t\t\t<div class=\"elementor-widget-wrap elementor-element-populated\">\n\t\t\t\t\t\t\t\t<div class=\"elementor-element elementor-element-7fa1537 elementor-widget elementor-widget-heading\" data-id=\"7fa1537\" data-element_type=\"widget\" data-widget_type=\"heading.default\">\n\t\t\t\t<div class=\"elementor-widget-container\">\n\t\t\t<p class=\"elementor-heading-title elementor-size-default\">Matric\u00falate<\/p>\t\t<\/div>\n\t\t\t\t<\/div>\n\t\t\t\t<div class=\"elementor-element elementor-element-59f0070 elementor-widget elementor-widget-heading\" data-id=\"59f0070\" data-element_type=\"widget\" data-widget_type=\"heading.default\">\n\t\t\t\t<div class=\"elementor-widget-container\">\n\t\t\t<p class=\"elementor-heading-title elementor-size-default\">en Ciencia de Datos<br> aplicada a la Actividad Aseguradora<\/p>\t\t<\/div>\n\t\t\t\t<\/div>\n\t\t\t\t\t<\/div>\n\t\t<\/div>\n\t\t\t\t\t\t\t<\/div>\n\t\t<\/section>\n\t\t\t\t<div class=\"elementor-element elementor-element-060bdc4 elementor-align-center elementor-widget elementor-widget-button\" data-id=\"060bdc4\" data-element_type=\"widget\" data-widget_type=\"button.default\">\n\t\t\t\t<div class=\"elementor-widget-container\">\n\t\t\t\t\t<div class=\"elementor-button-wrapper\">\n\t\t\t<a class=\"elementor-button elementor-button-link elementor-size-sm\" href=\"\/CDA\/matricula\">\n\t\t\t\t\t\t<span class=\"elementor-button-content-wrapper\">\n\t\t\t\t\t\t<span class=\"elementor-button-text\">Matricularme<\/span>\n\t\t<\/span>\n\t\t\t\t\t<\/a>\n\t\t<\/div>\n\t\t\t\t<\/div>\n\t\t\t\t<\/div>\n\t\t\t\t\t<\/div>\n\t\t<\/div>\n\t\t\t\t\t\t\t<\/div>\n\t\t<\/section>\n\t\t\t\t\t\t\t<\/div>\n\t\t","protected":false},"excerpt":{"rendered":"<p>Objetivos y Perfil NOVEDOSO Objetivos El objetivo del T\u00edtulo de Especialista Universitario en Ciencia de Datos aplicada a la Actividad Aseguradora es proporcionar una formaci\u00f3n rigurosa y especializada en el uso de las nuevas Tecnolog\u00edas de la Informaci\u00f3n y la Comunicaci\u00f3n, con especial atenci\u00f3n a las herramientas y metodolog\u00edas propias de la Ciencia de Datos.\u00a0El &hellip;<\/p>\n<p class=\"read-more\"> <a class=\"\" href=\"https:\/\/www.unioviedo.es\/CDA\/objetivos-y-perfil\/\"> <span class=\"screen-reader-text\">Objetivos y Perfil<\/span> Leer m\u00e1s &raquo;<\/a><\/p>\n","protected":false},"author":2,"featured_media":0,"parent":0,"menu_order":0,"comment_status":"closed","ping_status":"closed","template":"","meta":{"site-sidebar-layout":"no-sidebar","site-content-layout":"page-builder","ast-global-header-display":"","ast-banner-title-visibility":"","ast-main-header-display":"","ast-hfb-above-header-display":"","ast-hfb-below-header-display":"","ast-hfb-mobile-header-display":"","site-post-title":"disabled","ast-breadcrumbs-content":"","ast-featured-img":"disabled","footer-sml-layout":"","theme-transparent-header-meta":"","adv-header-id-meta":"","stick-header-meta":"","header-above-stick-meta":"","header-main-stick-meta":"","header-below-stick-meta":""},"_links":{"self":[{"href":"https:\/\/www.unioviedo.es\/CDA\/wp-json\/wp\/v2\/pages\/254"}],"collection":[{"href":"https:\/\/www.unioviedo.es\/CDA\/wp-json\/wp\/v2\/pages"}],"about":[{"href":"https:\/\/www.unioviedo.es\/CDA\/wp-json\/wp\/v2\/types\/page"}],"author":[{"embeddable":true,"href":"https:\/\/www.unioviedo.es\/CDA\/wp-json\/wp\/v2\/users\/2"}],"replies":[{"embeddable":true,"href":"https:\/\/www.unioviedo.es\/CDA\/wp-json\/wp\/v2\/comments?post=254"}],"version-history":[{"count":62,"href":"https:\/\/www.unioviedo.es\/CDA\/wp-json\/wp\/v2\/pages\/254\/revisions"}],"predecessor-version":[{"id":1277,"href":"https:\/\/www.unioviedo.es\/CDA\/wp-json\/wp\/v2\/pages\/254\/revisions\/1277"}],"wp:attachment":[{"href":"https:\/\/www.unioviedo.es\/CDA\/wp-json\/wp\/v2\/media?parent=254"}],"curies":[{"name":"wp","href":"https:\/\/api.w.org\/{rel}","templated":true}]}}