{"id":809,"date":"2023-06-01T08:38:33","date_gmt":"2023-06-01T08:38:33","guid":{"rendered":"https:\/\/www.unioviedo.es\/CDA\/?page_id=809"},"modified":"2023-06-01T08:41:15","modified_gmt":"2023-06-01T08:41:15","slug":"politica-de-cookies","status":"publish","type":"page","link":"https:\/\/www.unioviedo.es\/CDA\/politica-de-cookies\/","title":{"rendered":"Pol\u00edtica de Cookies"},"content":{"rendered":"\t\t<div data-elementor-type=\"wp-page\" data-elementor-id=\"809\" class=\"elementor elementor-809\" data-elementor-post-type=\"page\">\n\t\t\t\t\t\t\t\t\t<section class=\"elementor-section elementor-top-section elementor-element elementor-element-0eff301 elementor-section-height-min-height elementor-section-boxed elementor-section-height-default elementor-section-items-middle\" data-id=\"0eff301\" data-element_type=\"section\" data-settings=\"{&quot;background_background&quot;:&quot;classic&quot;}\">\n\t\t\t\t\t\t\t<div class=\"elementor-background-overlay\"><\/div>\n\t\t\t\t\t\t\t<div class=\"elementor-container elementor-column-gap-default\">\n\t\t\t\t\t<div class=\"elementor-column elementor-col-100 elementor-top-column elementor-element elementor-element-33fe84d\" data-id=\"33fe84d\" data-element_type=\"column\">\n\t\t\t<div class=\"elementor-widget-wrap elementor-element-populated\">\n\t\t\t\t\t\t\t\t<div class=\"elementor-element elementor-element-2ffe7db elementor-widget elementor-widget-heading\" data-id=\"2ffe7db\" data-element_type=\"widget\" data-widget_type=\"heading.default\">\n\t\t\t\t<div class=\"elementor-widget-container\">\n\t\t\t<style>\/*! elementor - v3.18.0 - 20-12-2023 *\/\n.elementor-heading-title{padding:0;margin:0;line-height:1}.elementor-widget-heading .elementor-heading-title[class*=elementor-size-]>a{color:inherit;font-size:inherit;line-height:inherit}.elementor-widget-heading .elementor-heading-title.elementor-size-small{font-size:15px}.elementor-widget-heading .elementor-heading-title.elementor-size-medium{font-size:19px}.elementor-widget-heading .elementor-heading-title.elementor-size-large{font-size:29px}.elementor-widget-heading .elementor-heading-title.elementor-size-xl{font-size:39px}.elementor-widget-heading .elementor-heading-title.elementor-size-xxl{font-size:59px}<\/style><h1 class=\"elementor-heading-title elementor-size-default\">Pol\u00edtica de Cookies<\/h1>\t\t<\/div>\n\t\t\t\t<\/div>\n\t\t\t\t\t<\/div>\n\t\t<\/div>\n\t\t\t\t\t\t\t<\/div>\n\t\t<\/section>\n\t\t\t\t<section class=\"elementor-section elementor-top-section elementor-element elementor-element-6cc3ae8 elementor-section-boxed elementor-section-height-default elementor-section-height-default\" data-id=\"6cc3ae8\" data-element_type=\"section\">\n\t\t\t\t\t\t<div class=\"elementor-container elementor-column-gap-default\">\n\t\t\t\t\t<div class=\"elementor-column elementor-col-100 elementor-top-column elementor-element elementor-element-1bfaab0\" data-id=\"1bfaab0\" data-element_type=\"column\">\n\t\t\t<div class=\"elementor-widget-wrap elementor-element-populated\">\n\t\t\t\t\t\t\t\t<div class=\"elementor-element elementor-element-4773cae elementor-widget elementor-widget-text-editor\" data-id=\"4773cae\" data-element_type=\"widget\" data-widget_type=\"text-editor.default\">\n\t\t\t\t<div class=\"elementor-widget-container\">\n\t\t\t<style>\/*! elementor - v3.18.0 - 20-12-2023 *\/\n.elementor-widget-text-editor.elementor-drop-cap-view-stacked .elementor-drop-cap{background-color:#69727d;color:#fff}.elementor-widget-text-editor.elementor-drop-cap-view-framed .elementor-drop-cap{color:#69727d;border:3px solid;background-color:transparent}.elementor-widget-text-editor:not(.elementor-drop-cap-view-default) .elementor-drop-cap{margin-top:8px}.elementor-widget-text-editor:not(.elementor-drop-cap-view-default) .elementor-drop-cap-letter{width:1em;height:1em}.elementor-widget-text-editor .elementor-drop-cap{float:left;text-align:center;line-height:1;font-size:50px}.elementor-widget-text-editor .elementor-drop-cap-letter{display:inline-block}<\/style>\t\t\t\t<p>Ponemos a disposici\u00f3n del usuario la presente pol\u00edtica de cookies, donde podr\u00e1n encontrar todos los detalles acerca del uso de cookies en nuestra p\u00e1gina web. Aconsejamos a los usuarios que visiten la presente pol\u00edtica de cookies con frecuencia, ya que \u00e9sta puede ser actualizada en cualquier momento.<\/p>\t\t\t\t\t\t<\/div>\n\t\t\t\t<\/div>\n\t\t\t\t<div class=\"elementor-element elementor-element-5b72977 elementor-widget elementor-widget-toggle\" data-id=\"5b72977\" data-element_type=\"widget\" data-widget_type=\"toggle.default\">\n\t\t\t\t<div class=\"elementor-widget-container\">\n\t\t\t<style>\/*! elementor - v3.18.0 - 20-12-2023 *\/\n.elementor-toggle{text-align:left}.elementor-toggle .elementor-tab-title{font-weight:700;line-height:1;margin:0;padding:15px;border-bottom:1px solid #d5d8dc;cursor:pointer;outline:none}.elementor-toggle .elementor-tab-title .elementor-toggle-icon{display:inline-block;width:1em}.elementor-toggle .elementor-tab-title .elementor-toggle-icon svg{margin-inline-start:-5px;width:1em;height:1em}.elementor-toggle .elementor-tab-title .elementor-toggle-icon.elementor-toggle-icon-right{float:right;text-align:right}.elementor-toggle .elementor-tab-title .elementor-toggle-icon.elementor-toggle-icon-left{float:left;text-align:left}.elementor-toggle .elementor-tab-title .elementor-toggle-icon .elementor-toggle-icon-closed{display:block}.elementor-toggle .elementor-tab-title .elementor-toggle-icon .elementor-toggle-icon-opened{display:none}.elementor-toggle .elementor-tab-title.elementor-active{border-bottom:none}.elementor-toggle .elementor-tab-title.elementor-active .elementor-toggle-icon-closed{display:none}.elementor-toggle .elementor-tab-title.elementor-active .elementor-toggle-icon-opened{display:block}.elementor-toggle .elementor-tab-content{padding:15px;border-bottom:1px solid #d5d8dc;display:none}@media (max-width:767px){.elementor-toggle .elementor-tab-title{padding:12px}.elementor-toggle .elementor-tab-content{padding:12px 10px}}.e-con-inner>.elementor-widget-toggle,.e-con>.elementor-widget-toggle{width:var(--container-widget-width);--flex-grow:var(--container-widget-flex-grow)}<\/style>\t\t<div class=\"elementor-toggle\">\n\t\t\t\t\t\t\t<div class=\"elementor-toggle-item\">\n\t\t\t\t\t<div id=\"elementor-tab-title-9581\" class=\"elementor-tab-title\" data-tab=\"1\" role=\"button\" aria-controls=\"elementor-tab-content-9581\" aria-expanded=\"false\">\n\t\t\t\t\t\t\t\t\t\t\t\t<span class=\"elementor-toggle-icon elementor-toggle-icon-left\" aria-hidden=\"true\">\n\t\t\t\t\t\t\t\t\t\t\t\t\t\t\t<span class=\"elementor-toggle-icon-closed\"><i class=\"fas fa-caret-right\"><\/i><\/span>\n\t\t\t\t\t\t\t\t<span class=\"elementor-toggle-icon-opened\"><i class=\"elementor-toggle-icon-opened fas fa-caret-up\"><\/i><\/span>\n\t\t\t\t\t\t\t\t\t\t\t\t\t<\/span>\n\t\t\t\t\t\t\t\t\t\t\t\t<a class=\"elementor-toggle-title\" tabindex=\"0\">\u00bfQu\u00e9 es una cookie?<\/a>\n\t\t\t\t\t<\/div>\n\n\t\t\t\t\t<div id=\"elementor-tab-content-9581\" class=\"elementor-tab-content elementor-clearfix\" data-tab=\"1\" role=\"region\" aria-labelledby=\"elementor-tab-title-9581\"><p>Una cookie es un archivo que se descarga en el dispositivo de navegaci\u00f3n al acceder a determinadas p\u00e1ginas web. Las cookies almacenan y recuperan informaci\u00f3n cuando la persona usuaria navega en la p\u00e1gina web. En general, las cookies pueden servir para finalidades muy diversas, como, por ejemplo, reconocer al usuario, obtener informaci\u00f3n sobre los datos de navegaci\u00f3n, o personalizar la forma en que se muestra el contenido del sitio web. Adem\u00e1s de las cookies tambi\u00e9n existen otras tecnolog\u00edas similares que pueden realizar las mismas funciones.<\/p><\/div>\n\t\t\t\t<\/div>\n\t\t\t\t\t\t\t<div class=\"elementor-toggle-item\">\n\t\t\t\t\t<div id=\"elementor-tab-title-9582\" class=\"elementor-tab-title\" data-tab=\"2\" role=\"button\" aria-controls=\"elementor-tab-content-9582\" aria-expanded=\"false\">\n\t\t\t\t\t\t\t\t\t\t\t\t<span class=\"elementor-toggle-icon elementor-toggle-icon-left\" aria-hidden=\"true\">\n\t\t\t\t\t\t\t\t\t\t\t\t\t\t\t<span class=\"elementor-toggle-icon-closed\"><i class=\"fas fa-caret-right\"><\/i><\/span>\n\t\t\t\t\t\t\t\t<span class=\"elementor-toggle-icon-opened\"><i class=\"elementor-toggle-icon-opened fas fa-caret-up\"><\/i><\/span>\n\t\t\t\t\t\t\t\t\t\t\t\t\t<\/span>\n\t\t\t\t\t\t\t\t\t\t\t\t<a class=\"elementor-toggle-title\" tabindex=\"0\">\u00bfQu\u00e9 tipos de cookies utiliza este sitio web?  <\/a>\n\t\t\t\t\t<\/div>\n\n\t\t\t\t\t<div id=\"elementor-tab-content-9582\" class=\"elementor-tab-content elementor-clearfix\" data-tab=\"2\" role=\"region\" aria-labelledby=\"elementor-tab-title-9582\"><p>Este sitio web situado en la URL http:\/\/www.uniovi.es\/ (en adelante, el \u00abSitio Web\u00bb) y sus dominios utilizan los siguientes tipos de cookies:<\/p><ul><li><strong>Cookies estrictamente necesarias y t\u00e9cnicas:<\/strong> estas cookies son necesarias para que este sitio web funcione correctamente y no se pueden desactivar a trav\u00e9s del panel de configuraci\u00f3n de cookies de este sitio web. Con car\u00e1cter general, este tipo de cookies se configuran autom\u00e1ticamente al acceder al sitio web o al acceder o utilizar ciertos servicios o funcionalidades. Si estas cookies se desactivan puede afectar al correcto funcionamiento de este sitio web.<\/li><li><strong>Cookies funcionales:<\/strong> estas cookies son necesarias para el correcto funcionamiento de algunos servicios y funcionalidades disponibles en este sitio web. Si se deshabilitan estas cookies, no podr\u00e1 visualizar o acceder a estas funcionalidades o servicios (por ejemplo, la visualizaci\u00f3n de contenidos de redes sociales en el sitio web)<\/li><li><strong>Cookies de preferencias o personalizaci\u00f3n:<\/strong> este tipo de cookies permiten recordar las caracter\u00edsticas de las opciones seleccionadas por la persona usuaria y as\u00ed diferenciar su experiencia de la de otras personas, como puede ser la configuraci\u00f3n del idioma o tipo de navegador utilizado.<\/li><li><strong>Cookies de an\u00e1lisis o medici\u00f3n:<\/strong> este tipo de cookies, tambi\u00e9n conocidas como anal\u00edticas, permiten a la Universidad de Oviedo, como responsable de este sitio web, medir la actividad, usos y accesos a los distintos contenidos y servicios disponibles con el fin de introducir mejoras o nuevos servicios.<\/li><li><strong>Cookies comportamentales:<\/strong> estas cookies almacenan informaci\u00f3n sobre el comportamiento de las personas usuarias de este sitio web obtenida a trav\u00e9s de la observaci\u00f3n continuada de sus h\u00e1bitos de navegaci\u00f3n, con el fin de desarrollar un perfil espec\u00edfico para ofrecer servicios e informaciones personalizadas en funci\u00f3n de este.<\/li><\/ul><p>A continuaci\u00f3n, se describen las cookies existentes en este sitio web, clasificadas como propias o de terceros:\u00a0<\/p><h4>Propias<\/h4><p>Son aqu\u00e9llas que se env\u00edan al equipo terminal de la persona usuaria desde un equipo o dominio y son gestionadas por la Universidad de Oviedo:<\/p><p>\u00a0<\/p><table><tbody><tr><td><p align=\"center\"><strong>Cookie<\/strong><\/p><\/td><td><p align=\"center\"><strong>Tipolog\u00eda<\/strong><\/p><\/td><td><p align=\"center\"><strong>Duraci\u00f3n<\/strong><\/p><\/td><td><p align=\"center\"><strong>Finalidad<\/strong><\/p><\/td><\/tr><tr><td><p>LFR_SESSION_STATE<\/p><\/td><td><p>Necesaria \/ t\u00e9cnica<\/p><\/td><td><p>De sesi\u00f3n<\/p><\/td><td><p>Se usa para controlar la marca de tiempo de la caducidad de la sesi\u00f3n del usuario: se muestra una advertencia de javascript al usuario cuando su sesi\u00f3n est\u00e1 por caducar o caducar.<\/p><\/td><\/tr><tr><td>JSESSIONNID<\/td><td>Necesaria \/ t\u00e9cnica<\/td><td>De sesi\u00f3n<\/td><td><p>Mantiene la sesi\u00f3n activa del usuario.<\/p><\/td><\/tr><tr><td>COOKIE_SUPPORT<\/td><td>Necesaria \/ t\u00e9cnica<\/td><td>1 a\u00f1o<\/td><td>Comprueba si las cookies est\u00e1n habilitadas por su navegador.<\/td><\/tr><tr><td>GUEST_LANGUAGE_ID<\/td><td>Preferencias \/ personalizaci\u00f3n<\/td><td>1 a\u00f1o<\/td><td>Almacena el idioma utilizado por el usuario y lo usa cuando vuelve a entrar.<\/td><\/tr><tr><td>COOKIECONSENT<\/td><td>Preferencias \/ personalizaci\u00f3n<\/td><td>1 a\u00f1o<\/td><td>Almacena el estado de consentimiento de cookies del usuario para dominio actual.<\/td><\/tr><tr><td>COKKIECONSENT_STATUS<\/td><td>Preferencias \/ personalizaci\u00f3n<\/td><td>1 a\u00f1o<\/td><td>Indica el estado de aceptaci\u00f3n de la Pol\u00edtica de cookies<\/td><\/tr><tr><td>_pk_ses<\/td><td>Estad\u00edsticas \/ de an\u00e1lisis<\/td><td>30 minutos<\/td><td>Para realizar un seguimiento de la sesi\u00f3n<\/td><\/tr><tr><td>_pk_cvar<\/td><td>Estad\u00edsticas \/ de an\u00e1lisis<\/td><td>30 minutos<\/td><td>Cookie t\u00e9cnica usada por el software de estad\u00edsticas Matomo<\/td><\/tr><tr><td>_pk_id<\/td><td>Estad\u00edstica \/ de an\u00e1lisis<\/td><td>13 meses<\/td><td>Cookie t\u00e9cnica usada por el software de estad\u00edsticas Matomo<\/td><\/tr><tr><td>mtm_consent<\/td><td>Estad\u00edstica \/ de an\u00e1lisis<\/td><td>30 a\u00f1os<\/td><td>Cookie t\u00e9cnica usada por el software de estad\u00edsticas Matomo, en algunos casos<\/td><\/tr><tr><td>mtm_consent_removed<\/td><td>Estad\u00edstica \/ de an\u00e1lisis<\/td><td>30 a\u00f1os<\/td><td>Cookie t\u00e9cnica usada por el software de estad\u00edsticas Matomo, en algunos casos<\/td><\/tr><\/tbody><\/table><h4>De terceros<\/h4><p>Son aqu\u00e9llas que se env\u00edan al equipo terminal de la persona usuaria desde un equipo o dominio que no es gestionado por la Universidad de Oviedo, sino por otra entidad que trata los datos obtenidos trav\u00e9s de las cookies.<\/p><p>Esta lista se actualizar\u00e1 con la mayor celeridad posible a medida que vayan cambiando los servicios ofrecidos en los sitios webs y las cookies utilizadas a tales efectos.<\/p><\/div>\n\t\t\t\t<\/div>\n\t\t\t\t\t\t\t<div class=\"elementor-toggle-item\">\n\t\t\t\t\t<div id=\"elementor-tab-title-9583\" class=\"elementor-tab-title\" data-tab=\"3\" role=\"button\" aria-controls=\"elementor-tab-content-9583\" aria-expanded=\"false\">\n\t\t\t\t\t\t\t\t\t\t\t\t<span class=\"elementor-toggle-icon elementor-toggle-icon-left\" aria-hidden=\"true\">\n\t\t\t\t\t\t\t\t\t\t\t\t\t\t\t<span class=\"elementor-toggle-icon-closed\"><i class=\"fas fa-caret-right\"><\/i><\/span>\n\t\t\t\t\t\t\t\t<span class=\"elementor-toggle-icon-opened\"><i class=\"elementor-toggle-icon-opened fas fa-caret-up\"><\/i><\/span>\n\t\t\t\t\t\t\t\t\t\t\t\t\t<\/span>\n\t\t\t\t\t\t\t\t\t\t\t\t<a class=\"elementor-toggle-title\" tabindex=\"0\">Consentimiento y configuraci\u00f3n de las cookies<\/a>\n\t\t\t\t\t<\/div>\n\n\t\t\t\t\t<div id=\"elementor-tab-content-9583\" class=\"elementor-tab-content elementor-clearfix\" data-tab=\"3\" role=\"region\" aria-labelledby=\"elementor-tab-title-9583\"><p>Al acceder a este sitio web, la persona usuaria visualizar\u00e1 un panel informativo de cookies en el que se le informar\u00e1 de la forma en la que puede prestar o rechazar su consentimiento a instalar las cookies. La persona usuaria en cualquier momento podr\u00e1 rechazar o configurar el uso de cookies, salvo aquellas estrictamente necesarias, a trav\u00e9s del Panel de Configuraci\u00f3n de Cookies.<\/p><p>Asimismo, podr\u00e1 deshabilitarlas o retirar su consentimiento previamente otorgado, en cualquier momento, eliminando las cookies instaladas en su dispositivo mediante la configuraci\u00f3n de las opciones del navegador, tal como se indica en el apartado \u201cdesactivaci\u00f3n o eliminaci\u00f3n de cookies\u201d.<\/p><\/div>\n\t\t\t\t<\/div>\n\t\t\t\t\t\t\t<div class=\"elementor-toggle-item\">\n\t\t\t\t\t<div id=\"elementor-tab-title-9584\" class=\"elementor-tab-title\" data-tab=\"4\" role=\"button\" aria-controls=\"elementor-tab-content-9584\" aria-expanded=\"false\">\n\t\t\t\t\t\t\t\t\t\t\t\t<span class=\"elementor-toggle-icon elementor-toggle-icon-left\" aria-hidden=\"true\">\n\t\t\t\t\t\t\t\t\t\t\t\t\t\t\t<span class=\"elementor-toggle-icon-closed\"><i class=\"fas fa-caret-right\"><\/i><\/span>\n\t\t\t\t\t\t\t\t<span class=\"elementor-toggle-icon-opened\"><i class=\"elementor-toggle-icon-opened fas fa-caret-up\"><\/i><\/span>\n\t\t\t\t\t\t\t\t\t\t\t\t\t<\/span>\n\t\t\t\t\t\t\t\t\t\t\t\t<a class=\"elementor-toggle-title\" tabindex=\"0\">Desactivaci\u00f3n o eliminaci\u00f3n de cookies en el Navegador<\/a>\n\t\t\t\t\t<\/div>\n\n\t\t\t\t\t<div id=\"elementor-tab-content-9584\" class=\"elementor-tab-content elementor-clearfix\" data-tab=\"4\" role=\"region\" aria-labelledby=\"elementor-tab-title-9584\"><p>Puede permitir, bloquear o eliminar las cookies instaladas en su dispositivo mediante la configuraci\u00f3n de las opciones del navegador utilizado:<\/p><ul><li><a href=\"https:\/\/support.google.com\/accounts\/answer\/61416?co=GENIE.Platform%3DDesktop&amp;hl=es\">Configuraci\u00f3n de cookies para Google Chrome<\/a><\/li><li><a href=\"https:\/\/support.mozilla.org\/es\/kb\/Borrar%20cookies\">Configuraci\u00f3n de cookies para Mozilla Firefox<\/a><\/li><li><a href=\"https:\/\/support.microsoft.com\/es-es\/topic\/c%C3%B3mo-eliminar-archivos-de-cookies-en-internet-explorer-bca9446f-d873-78de-77ba-d42645fa52fc\">Configuraci\u00f3n de cookies para Internet Explorer<\/a><\/li><li><a href=\"https:\/\/support.apple.com\/es-es\/guide\/safari\/sfri11471\/mac\">Configuraci\u00f3n de cookies para Safari<\/a><\/li><li><a href=\"https:\/\/support.apple.com\/es-es\/HT201265\">Configuraci\u00f3n de cookies para Safari para IOS (iPhone y iPad)<\/a><\/li><li><a href=\"https:\/\/support.google.com\/accounts\/answer\/61416?co=GENIE.Platform%3DAndroid&amp;hl=es&amp;oco=1\">Configuraci\u00f3n de cookies para Chrome para Android<\/a><\/li><li><a href=\"https:\/\/support.google.com\/accounts\/answer\/61416?co=GENIE.Platform%3DiOS&amp;hl=es&amp;oco=1\">Configuraci\u00f3n de cookies para Iphone y Ipad<\/a><\/li><\/ul><p>Si utiliza un navegador diferente, consulte las instrucciones de este para la configuraci\u00f3n de las cookies.<\/p><\/div>\n\t\t\t\t<\/div>\n\t\t\t\t\t\t\t<div class=\"elementor-toggle-item\">\n\t\t\t\t\t<div id=\"elementor-tab-title-9585\" class=\"elementor-tab-title\" data-tab=\"5\" role=\"button\" aria-controls=\"elementor-tab-content-9585\" aria-expanded=\"false\">\n\t\t\t\t\t\t\t\t\t\t\t\t<span class=\"elementor-toggle-icon elementor-toggle-icon-left\" aria-hidden=\"true\">\n\t\t\t\t\t\t\t\t\t\t\t\t\t\t\t<span class=\"elementor-toggle-icon-closed\"><i class=\"fas fa-caret-right\"><\/i><\/span>\n\t\t\t\t\t\t\t\t<span class=\"elementor-toggle-icon-opened\"><i class=\"elementor-toggle-icon-opened fas fa-caret-up\"><\/i><\/span>\n\t\t\t\t\t\t\t\t\t\t\t\t\t<\/span>\n\t\t\t\t\t\t\t\t\t\t\t\t<a class=\"elementor-toggle-title\" tabindex=\"0\">M\u00e1s informaci\u00f3n<\/a>\n\t\t\t\t\t<\/div>\n\n\t\t\t\t\t<div id=\"elementor-tab-content-9585\" class=\"elementor-tab-content elementor-clearfix\" data-tab=\"5\" role=\"region\" aria-labelledby=\"elementor-tab-title-9585\"><p>Puedes obtener m\u00e1s informaci\u00f3n acerca del tratamiento de tus datos en el apartado Pol\u00edtica de Privacidad. No obstante, si tiene alguna duda sobre esta Pol\u00edtica de Cookies, puede ponerse en contacto con nosotros en el siguiente correo: <a href=\"mailto:secretariageneral@uniovi.es\">secretariageneral@uniovi.es<\/a><\/p><\/div>\n\t\t\t\t<\/div>\n\t\t\t\t\t\t\t\t<\/div>\n\t\t\t\t<\/div>\n\t\t\t\t<\/div>\n\t\t\t\t\t<\/div>\n\t\t<\/div>\n\t\t\t\t\t\t\t<\/div>\n\t\t<\/section>\n\t\t\t\t\t\t\t<\/div>\n\t\t","protected":false},"excerpt":{"rendered":"<p>Pol\u00edtica de Cookies Ponemos a disposici\u00f3n del usuario la presente pol\u00edtica de cookies, donde podr\u00e1n encontrar todos los detalles acerca del uso de cookies en nuestra p\u00e1gina web. Aconsejamos a los usuarios que visiten la presente pol\u00edtica de cookies con frecuencia, ya que \u00e9sta puede ser actualizada en cualquier momento. \u00bfQu\u00e9 es una cookie? Una &hellip;<\/p>\n<p class=\"read-more\"> <a class=\"\" href=\"https:\/\/www.unioviedo.es\/CDA\/politica-de-cookies\/\"> <span class=\"screen-reader-text\">Pol\u00edtica de Cookies<\/span> Leer m\u00e1s &raquo;<\/a><\/p>\n","protected":false},"author":2,"featured_media":0,"parent":0,"menu_order":0,"comment_status":"closed","ping_status":"closed","template":"","meta":{"site-sidebar-layout":"no-sidebar","site-content-layout":"page-builder","ast-global-header-display":"","ast-banner-title-visibility":"","ast-main-header-display":"","ast-hfb-above-header-display":"","ast-hfb-below-header-display":"","ast-hfb-mobile-header-display":"","site-post-title":"disabled","ast-breadcrumbs-content":"","ast-featured-img":"disabled","footer-sml-layout":"","theme-transparent-header-meta":"","adv-header-id-meta":"","stick-header-meta":"","header-above-stick-meta":"","header-main-stick-meta":"","header-below-stick-meta":""},"_links":{"self":[{"href":"https:\/\/www.unioviedo.es\/CDA\/wp-json\/wp\/v2\/pages\/809"}],"collection":[{"href":"https:\/\/www.unioviedo.es\/CDA\/wp-json\/wp\/v2\/pages"}],"about":[{"href":"https:\/\/www.unioviedo.es\/CDA\/wp-json\/wp\/v2\/types\/page"}],"author":[{"embeddable":true,"href":"https:\/\/www.unioviedo.es\/CDA\/wp-json\/wp\/v2\/users\/2"}],"replies":[{"embeddable":true,"href":"https:\/\/www.unioviedo.es\/CDA\/wp-json\/wp\/v2\/comments?post=809"}],"version-history":[{"count":4,"href":"https:\/\/www.unioviedo.es\/CDA\/wp-json\/wp\/v2\/pages\/809\/revisions"}],"predecessor-version":[{"id":815,"href":"https:\/\/www.unioviedo.es\/CDA\/wp-json\/wp\/v2\/pages\/809\/revisions\/815"}],"wp:attachment":[{"href":"https:\/\/www.unioviedo.es\/CDA\/wp-json\/wp\/v2\/media?parent=809"}],"curies":[{"name":"wp","href":"https:\/\/api.w.org\/{rel}","templated":true}]}}