{"id":687,"date":"2023-04-01T14:23:11","date_gmt":"2023-04-01T14:23:11","guid":{"rendered":"https:\/\/www.unioviedo.es\/ExpTech\/?page_id=687"},"modified":"2023-05-15T22:35:13","modified_gmt":"2023-05-15T20:35:13","slug":"guia-laboratorio","status":"publish","type":"page","link":"https:\/\/www.unioviedo.es\/ExpTech\/index.php\/contenidos\/guia-laboratorio\/","title":{"rendered":"Gu\u00eda docente Laboratorio"},"content":{"rendered":"\t\t<div data-elementor-type=\"wp-page\" data-elementor-id=\"687\" class=\"elementor elementor-687\">\n\t\t\t\t\t\t<div class=\"elementor-inner\">\n\t\t\t\t<div class=\"elementor-section-wrap\">\n\t\t\t\t\t\t\t\t\t<section class=\"elementor-section elementor-top-section elementor-element elementor-element-6d8dce4 elementor-section-height-min-height elementor-section-boxed elementor-section-height-default elementor-section-items-middle\" data-id=\"6d8dce4\" data-element_type=\"section\" data-settings=\"{&quot;background_background&quot;:&quot;classic&quot;}\">\n\t\t\t\t\t\t\t<div class=\"elementor-background-overlay\"><\/div>\n\t\t\t\t\t\t\t<div class=\"elementor-container elementor-column-gap-default\">\n\t\t\t\t\t\t\t<div class=\"elementor-row\">\n\t\t\t\t\t<div class=\"aux-parallax-section elementor-column elementor-col-100 elementor-top-column elementor-element elementor-element-1f1e2fc aux-appear-watch-animation aux-fade-in-right\" data-id=\"1f1e2fc\" data-element_type=\"column\">\n\t\t\t<div class=\"elementor-column-wrap elementor-element-populated\">\n\t\t\t\t\t\t\t<div class=\"elementor-widget-wrap\">\n\t\t\t\t\t\t<div class=\"elementor-element elementor-element-ab113db elementor-widget elementor-widget-aux_modern_heading\" data-id=\"ab113db\" data-element_type=\"widget\" data-widget_type=\"aux_modern_heading.default\">\n\t\t\t\t<div class=\"elementor-widget-container\">\n\t\t\t<section class=\"aux-widget-modern-heading\">\n            <div class=\"aux-widget-inner\"><h2 class=\"aux-modern-heading-primary\">Gu\u00eda docente<\/h2><h3 class=\"aux-modern-heading-secondary\"><span class=\"aux-head-before\">Laboratorio<\/span><\/h3><\/div>\n        <\/section>\t\t<\/div>\n\t\t\t\t<\/div>\n\t\t\t\t<div class=\"elementor-element elementor-element-ad156e3 elementor-widget elementor-widget-aux_breadcrumbs\" data-id=\"ad156e3\" data-element_type=\"widget\" data-widget_type=\"aux_breadcrumbs.default\">\n\t\t\t\t<div class=\"elementor-widget-container\">\n\t\t\t<div class=\"aux-elementor-breadcrumbs\"><p class=\"aux-breadcrumbs\"><span class=\"aux-breadcrumb-sep breadcrumb-icon auxicon-chevron-right-1\"><\/span><span><a href=\"https:\/\/www.unioviedo.es\/ExpTech\" title=\"Inicio\">Inicio<\/a><\/span><\/div>\t\t<\/div>\n\t\t\t\t<\/div>\n\t\t\t\t\t\t<\/div>\n\t\t\t\t\t<\/div>\n\t\t<\/div>\n\t\t\t\t\t\t\t\t<\/div>\n\t\t\t\t\t<\/div>\n\t\t<\/section>\n\t\t\t\t<section class=\"elementor-section elementor-top-section elementor-element elementor-element-4b78113 elementor-section-boxed elementor-section-height-default elementor-section-height-default\" data-id=\"4b78113\" data-element_type=\"section\">\n\t\t\t\t\t\t<div class=\"elementor-container elementor-column-gap-default\">\n\t\t\t\t\t\t\t<div class=\"elementor-row\">\n\t\t\t\t\t<div class=\"aux-parallax-section elementor-column elementor-col-100 elementor-top-column elementor-element elementor-element-0caa49e\" data-id=\"0caa49e\" data-element_type=\"column\">\n\t\t\t<div class=\"elementor-column-wrap elementor-element-populated\">\n\t\t\t\t\t\t\t<div class=\"elementor-widget-wrap\">\n\t\t\t\t\t\t<div class=\"elementor-element elementor-element-ba015bf elementor-widget elementor-widget-heading\" data-id=\"ba015bf\" data-element_type=\"widget\" data-widget_type=\"heading.default\">\n\t\t\t\t<div class=\"elementor-widget-container\">\n\t\t\t<h2 class=\"elementor-heading-title elementor-size-default\">Coordinadores<\/h2>\t\t<\/div>\n\t\t\t\t<\/div>\n\t\t\t\t<div class=\"elementor-element elementor-element-8577506 elementor-widget elementor-widget-text-editor\" data-id=\"8577506\" data-element_type=\"widget\" data-widget_type=\"text-editor.default\">\n\t\t\t\t<div class=\"elementor-widget-container\">\n\t\t\t\t\t\t\t\t<div class=\"elementor-text-editor elementor-clearfix\">\n\t\t\t\t<p><strong>Universidad de Oviedo:<\/strong> Juan Carlos Campo, campo@uniovi.es<\/p><p><strong>TheNextPangea:<\/strong> Borja Gonz\u00e1lez del Regueral, borja.regueral@thenextpangea.com<\/p>\t\t\t\t\t<\/div>\n\t\t\t\t\t\t<\/div>\n\t\t\t\t<\/div>\n\t\t\t\t<div class=\"elementor-element elementor-element-10b1865 elementor-widget elementor-widget-heading\" data-id=\"10b1865\" data-element_type=\"widget\" data-widget_type=\"heading.default\">\n\t\t\t\t<div class=\"elementor-widget-container\">\n\t\t\t<h2 class=\"elementor-heading-title elementor-size-default\">Profesorado<\/h2>\t\t<\/div>\n\t\t\t\t<\/div>\n\t\t\t\t<div class=\"elementor-element elementor-element-dfb4509 elementor-widget elementor-widget-text-editor\" data-id=\"dfb4509\" data-element_type=\"widget\" data-widget_type=\"text-editor.default\">\n\t\t\t\t<div class=\"elementor-widget-container\">\n\t\t\t\t\t\t\t\t<div class=\"elementor-text-editor elementor-clearfix\">\n\t\t\t\t<p><b>Universidad<\/b><strong> de Oviedo: <\/strong>Dr. Juan Carlos Campo Rodr\u00edguez, Dr. Juan Carlos \u00c1lvarez Ant\u00f3n, Dr. Juan Carlos Granda Cand\u00e1s, Dr. Enrique Vald\u00e9s Zaldivar, Dr. Carlos Carleos Artime, Dr. Luciano S\u00e1nchez Ramos<\/p><p><b>TheNextPangea<\/b>:\u00a0Dr. Borja Gonz\u00e1lez del Regueral, Dr. Fernando Garc\u00eda Osorio,\u00a0David Noriega P\u00e9rez, Rodrigo Garc\u00eda Acevedo, Marcos Gonz\u00e1lez Coto, Dr. Diego D\u00edaz Fidalgo, Dr. Marcos P\u00e9rez Rodr\u00edguez, Dr. Luis Miguel Sanz Moral, Guillermo Men\u00e9ndez<\/p>\t\t\t\t\t<\/div>\n\t\t\t\t\t\t<\/div>\n\t\t\t\t<\/div>\n\t\t\t\t<div class=\"elementor-element elementor-element-bbbdbae elementor-widget elementor-widget-heading\" data-id=\"bbbdbae\" data-element_type=\"widget\" data-widget_type=\"heading.default\">\n\t\t\t\t<div class=\"elementor-widget-container\">\n\t\t\t<h2 class=\"elementor-heading-title elementor-size-default\">Contextualizaci\u00f3n<\/h2>\t\t<\/div>\n\t\t\t\t<\/div>\n\t\t\t\t<div class=\"elementor-element elementor-element-fdc33d3 elementor-widget elementor-widget-text-editor\" data-id=\"fdc33d3\" data-element_type=\"widget\" data-widget_type=\"text-editor.default\">\n\t\t\t\t<div class=\"elementor-widget-container\">\n\t\t\t\t\t\t\t\t<div class=\"elementor-text-editor elementor-clearfix\">\n\t\t\t\t<p>En la presente asignatura se pretende iniciar al alumnado en las herramientas de las diferentes tecnolog\u00edas que se tratan y en la integraci\u00f3n de las mismas para la soluci\u00f3n de un problema complejo. Se pretende comprender de forma pr\u00e1ctica algunas de las potencialidades, limitaciones, t\u00e9rminos y herramientas de las tecnolog\u00edas tratadas para que personas con perfiles diferentes adquieran una visi\u00f3n de conjunto que facilite su integraci\u00f3n en el trabajo en com\u00fan en equipos multidisciplinares.<\/p>\t\t\t\t\t<\/div>\n\t\t\t\t\t\t<\/div>\n\t\t\t\t<\/div>\n\t\t\t\t<div class=\"elementor-element elementor-element-d95d9b3 elementor-widget elementor-widget-heading\" data-id=\"d95d9b3\" data-element_type=\"widget\" data-widget_type=\"heading.default\">\n\t\t\t\t<div class=\"elementor-widget-container\">\n\t\t\t<h2 class=\"elementor-heading-title elementor-size-default\">Requisitos<\/h2>\t\t<\/div>\n\t\t\t\t<\/div>\n\t\t\t\t<div class=\"elementor-element elementor-element-768980a elementor-widget elementor-widget-text-editor\" data-id=\"768980a\" data-element_type=\"widget\" data-widget_type=\"text-editor.default\">\n\t\t\t\t<div class=\"elementor-widget-container\">\n\t\t\t\t\t\t\t\t<div class=\"elementor-text-editor elementor-clearfix\">\n\t\t\t\t<p>Los requisitos son los generales de acceso a la microcredencial: la formaci\u00f3n previa id\u00f3nea es de grado universitario o equivalente, del \u00e1mbito de Ciencias o de Ingenier\u00eda y Arquitectura. En su defecto, la formaci\u00f3n recomendable es de, al menos, 180 ECTS de grado de los \u00e1mbitos de Ciencias o Ingenier\u00eda y Arquitectura.\u00a0\u00a0<\/p>\t\t\t\t\t<\/div>\n\t\t\t\t\t\t<\/div>\n\t\t\t\t<\/div>\n\t\t\t\t<div class=\"elementor-element elementor-element-b4d06c3 elementor-widget elementor-widget-heading\" data-id=\"b4d06c3\" data-element_type=\"widget\" data-widget_type=\"heading.default\">\n\t\t\t\t<div class=\"elementor-widget-container\">\n\t\t\t<h2 class=\"elementor-heading-title elementor-size-default\">Resultados de aprendizaje<\/h2>\t\t<\/div>\n\t\t\t\t<\/div>\n\t\t\t\t<div class=\"elementor-element elementor-element-f7c6706 elementor-widget elementor-widget-text-editor\" data-id=\"f7c6706\" data-element_type=\"widget\" data-widget_type=\"text-editor.default\">\n\t\t\t\t<div class=\"elementor-widget-container\">\n\t\t\t\t\t\t\t\t<div class=\"elementor-text-editor elementor-clearfix\">\n\t\t\t\t<p>Las competencias generales que se tratan son:<\/p><p>&#8211; Capacidad de adaptaci\u00f3n a nuevas situaciones.<br \/>&#8211; Capacidad para trabajar en contextos multidisciplinares.<br \/>&#8211; Capacidad para trabajar en equipo.<br \/>&#8211; Capacidad de integraci\u00f3n.<\/p><p>Mientras que las competencias espec\u00edficas que se abordan en esta asignatura:<\/p><p>&#8211; Introducci\u00f3n a herramientas seleccionadas para fabricaci\u00f3n aditiva, datos &amp; IA, nanotecnolog\u00edas, IoT y capacidad de integraci\u00f3n de tecnolog\u00edas exponenciales en proyectos multidisciplinares.<\/p>\t\t\t\t\t<\/div>\n\t\t\t\t\t\t<\/div>\n\t\t\t\t<\/div>\n\t\t\t\t<div class=\"elementor-element elementor-element-1ad454b elementor-widget elementor-widget-heading\" data-id=\"1ad454b\" data-element_type=\"widget\" data-widget_type=\"heading.default\">\n\t\t\t\t<div class=\"elementor-widget-container\">\n\t\t\t<h2 class=\"elementor-heading-title elementor-size-default\">Contenidos<\/h2>\t\t<\/div>\n\t\t\t\t<\/div>\n\t\t\t\t<div class=\"elementor-element elementor-element-3900d9a elementor-widget elementor-widget-text-editor\" data-id=\"3900d9a\" data-element_type=\"widget\" data-widget_type=\"text-editor.default\">\n\t\t\t\t<div class=\"elementor-widget-container\">\n\t\t\t\t\t\t\t\t<div class=\"elementor-text-editor elementor-clearfix\">\n\t\t\t\t<p>Los contenidos se estructuran en torno a las siguientes pr\u00e1cticas:<\/p><ol><li>Captura de datos desde sensores inteligentes, almacenamiento en la nube y visualizaci\u00f3n remota de datos.<br \/>2. Herramientas de dise\u00f1o para fabricaci\u00f3n aditiva.<br \/>3. Despliegue de contenedores.<br \/>4. Resoluci\u00f3n de un problema de optimizaci\u00f3n.<br \/>5. An\u00e1lisis de im\u00e1genes, detecci\u00f3n de anomal\u00edas y tratamiento de texto.<br \/>6. Iniciaci\u00f3n al an\u00e1lisis bioinform\u00e1tico.<br \/>7. Preparaci\u00f3n de nanodispersiones y estudio de caracter\u00edsticas. Nanofactor\u00eda.<\/li><\/ol>\t\t\t\t\t<\/div>\n\t\t\t\t\t\t<\/div>\n\t\t\t\t<\/div>\n\t\t\t\t<div class=\"elementor-element elementor-element-60df9a8 elementor-widget elementor-widget-heading\" data-id=\"60df9a8\" data-element_type=\"widget\" data-widget_type=\"heading.default\">\n\t\t\t\t<div class=\"elementor-widget-container\">\n\t\t\t<h2 class=\"elementor-heading-title elementor-size-default\">Metodolog\u00eda<\/h2>\t\t<\/div>\n\t\t\t\t<\/div>\n\t\t\t\t<div class=\"elementor-element elementor-element-e858676 elementor-widget elementor-widget-text-editor\" data-id=\"e858676\" data-element_type=\"widget\" data-widget_type=\"text-editor.default\">\n\t\t\t\t<div class=\"elementor-widget-container\">\n\t\t\t\t\t\t\t\t<div class=\"elementor-text-editor elementor-clearfix\">\n\t\t\t\t<p class=\"MsoNormal\" style=\"text-align: justify; text-justify: inter-ideograph;\"><span lang=\"ES-TRAD\" style=\"font-size: 11.0pt; mso-bidi-font-family: Calibri; mso-bidi-font-weight: bold;\">Se trata de un bloque te\u00f3rico en el que la metodolog\u00eda docente ser\u00e1 la\nlecci\u00f3n magistral apoyada con medios audiovisuales.\u00a0<\/span><\/p>\n\n<table width=\"524\">\n<tbody>\n<tr>\n<td colspan=\"2\" width=\"446\"><b>MODALIDADES<\/b><\/td>\n<td width=\"79\"><b>Horas<\/b><\/td>\n<\/tr>\n<tr>\n<td rowspan=\"2\" width=\"131\"><b>Presencial<\/b><\/td>\n<td width=\"315\">Clases Pr\u00e1cticas<\/td>\n<td width=\"79\">22,5<\/td>\n<\/tr>\n<tr>\n\n<tr>\n<td rowspan=\"2\" width=\"131\"><b>No presencial<\/b><\/td>\n<td width=\"315\">Trabajo en Grupo<\/td>\n<td width=\"79\">35,0<\/td>\n<\/tr>\n<tr>\n<td width=\"315\">Trabajo Individual<\/td>\n<td width=\"79\">17,5<\/td>\n<\/tr>\n<tr>\n<td width=\"131\"><\/td>\n<td width=\"315\"><b>Total<\/b><\/td>\n<td width=\"79\"><b>75<\/b><\/td>\n<\/tr>\n<\/tbody>\n<\/table>\n<div align=\"center\"><\/div>\t\t\t\t\t<\/div>\n\t\t\t\t\t\t<\/div>\n\t\t\t\t<\/div>\n\t\t\t\t<div class=\"elementor-element elementor-element-cb051c8 elementor-widget elementor-widget-heading\" data-id=\"cb051c8\" data-element_type=\"widget\" data-widget_type=\"heading.default\">\n\t\t\t\t<div class=\"elementor-widget-container\">\n\t\t\t<h2 class=\"elementor-heading-title elementor-size-default\">Evaluaci\u00f3n<\/h2>\t\t<\/div>\n\t\t\t\t<\/div>\n\t\t\t\t<div class=\"elementor-element elementor-element-0843fa5 elementor-widget elementor-widget-text-editor\" data-id=\"0843fa5\" data-element_type=\"widget\" data-widget_type=\"text-editor.default\">\n\t\t\t\t<div class=\"elementor-widget-container\">\n\t\t\t\t\t\t\t\t<div class=\"elementor-text-editor elementor-clearfix\">\n\t\t\t\t<p>La evaluaci\u00f3n positiva requiere una asistencia m\u00ednima al 80% de las clases para lo que se controlar\u00e1 la asistencia.<\/p><p>La calificaci\u00f3n se realizar\u00e1 de la siguiente forma:<\/p><p>-Informe de la ejecuci\u00f3n de las pr\u00e1cticas (20%). El informe podr\u00e1 realizarse durante la propia ejecuci\u00f3n de cada pr\u00e1ctica y describir\u00e1 brevemente los desarrollos realizados y aportar\u00e1 como evidencias los ficheros de programa, fotograf\u00edas, u otros documentos que se estime oportuna.<\/p><p>-Trabajo realizado en grupo (80%) sobre un proyecto integral planteado al inicio del curso que se desarrollar\u00e1 en grupos que se tratar\u00e1 de que est\u00e9n compuestos por diferentes perfiles. El proyecto integrar\u00e1 como m\u00ednimo tres de las tecnolog\u00edas tratadas de forma particular en el marco de la formaci\u00f3n, seg\u00fan se ha descrito en la anterior asignatura. En lo referente a la presente asignatura, se evaluar\u00e1 la funcionalidad y la implementaci\u00f3n t\u00e9cnica.<\/p><p>Toda la documentaci\u00f3n se entregar\u00e1 de forma digital.<\/p>\t\t\t\t\t<\/div>\n\t\t\t\t\t\t<\/div>\n\t\t\t\t<\/div>\n\t\t\t\t\t\t<\/div>\n\t\t\t\t\t<\/div>\n\t\t<\/div>\n\t\t\t\t\t\t\t\t<\/div>\n\t\t\t\t\t<\/div>\n\t\t<\/section>\n\t\t\t\t\t\t\t\t\t<\/div>\n\t\t\t<\/div>\n\t\t\t\t\t<\/div>\n\t\t","protected":false},"excerpt":{"rendered":"<p>Gu\u00eda docente Laboratorio Inicio Coordinadores Universidad de Oviedo: Juan Carlos Campo, campo@uniovi.es TheNextPangea: Borja Gonz\u00e1lez del Regueral, borja.regueral@thenextpangea.com Profesorado Universidad de Oviedo: Dr. Juan Carlos Campo Rodr\u00edguez, Dr. Juan Carlos \u00c1lvarez Ant\u00f3n, Dr. Juan Carlos Granda Cand\u00e1s, Dr. Enrique Vald\u00e9s Zaldivar, Dr. Carlos Carleos Artime, Dr. Luciano S\u00e1nchez Ramos TheNextPangea:\u00a0Dr. Borja Gonz\u00e1lez del Regueral, Dr. [&hellip;]<\/p>\n","protected":false},"author":1,"featured_media":0,"parent":75,"menu_order":0,"comment_status":"closed","ping_status":"closed","template":"templates\/page-builder-content.php","meta":{"footnotes":""},"class_list":["post-687","page","type-page","status-publish","hentry"],"_links":{"self":[{"href":"https:\/\/www.unioviedo.es\/ExpTech\/index.php\/wp-json\/wp\/v2\/pages\/687","targetHints":{"allow":["GET"]}}],"collection":[{"href":"https:\/\/www.unioviedo.es\/ExpTech\/index.php\/wp-json\/wp\/v2\/pages"}],"about":[{"href":"https:\/\/www.unioviedo.es\/ExpTech\/index.php\/wp-json\/wp\/v2\/types\/page"}],"author":[{"embeddable":true,"href":"https:\/\/www.unioviedo.es\/ExpTech\/index.php\/wp-json\/wp\/v2\/users\/1"}],"replies":[{"embeddable":true,"href":"https:\/\/www.unioviedo.es\/ExpTech\/index.php\/wp-json\/wp\/v2\/comments?post=687"}],"version-history":[{"count":24,"href":"https:\/\/www.unioviedo.es\/ExpTech\/index.php\/wp-json\/wp\/v2\/pages\/687\/revisions"}],"predecessor-version":[{"id":997,"href":"https:\/\/www.unioviedo.es\/ExpTech\/index.php\/wp-json\/wp\/v2\/pages\/687\/revisions\/997"}],"up":[{"embeddable":true,"href":"https:\/\/www.unioviedo.es\/ExpTech\/index.php\/wp-json\/wp\/v2\/pages\/75"}],"wp:attachment":[{"href":"https:\/\/www.unioviedo.es\/ExpTech\/index.php\/wp-json\/wp\/v2\/media?parent=687"}],"curies":[{"name":"wp","href":"https:\/\/api.w.org\/{rel}","templated":true}]}}