{"id":74,"date":"2018-06-19T10:45:31","date_gmt":"2018-06-19T10:45:31","guid":{"rendered":"https:\/\/www.unioviedo.es\/ExpTech\/index.php\/projects\/"},"modified":"2024-01-19T12:13:48","modified_gmt":"2024-01-19T10:13:48","slug":"acceso","status":"publish","type":"page","link":"https:\/\/www.unioviedo.es\/ExpTech\/index.php\/acceso\/","title":{"rendered":"Acceso y matr\u00edcula"},"content":{"rendered":"\t\t<div data-elementor-type=\"wp-post\" data-elementor-id=\"74\" class=\"elementor elementor-74\">\n\t\t\t\t\t\t<div class=\"elementor-inner\">\n\t\t\t\t<div class=\"elementor-section-wrap\">\n\t\t\t\t\t\t\t\t\t<section class=\"elementor-section elementor-top-section elementor-element elementor-element-73f19eb elementor-section-stretched elementor-section-height-min-height elementor-section-boxed elementor-section-height-default elementor-section-items-middle\" data-id=\"73f19eb\" data-element_type=\"section\" data-settings=\"{&quot;stretch_section&quot;:&quot;section-stretched&quot;,&quot;background_background&quot;:&quot;classic&quot;}\">\n\t\t\t\t\t\t\t<div class=\"elementor-background-overlay\"><\/div>\n\t\t\t\t\t\t\t<div class=\"elementor-container elementor-column-gap-default\">\n\t\t\t\t\t\t\t<div class=\"elementor-row\">\n\t\t\t\t\t<div class=\"aux-parallax-section elementor-column elementor-col-100 elementor-top-column elementor-element elementor-element-2f5d6eb aux-appear-watch-animation aux-fade-in-right\" data-id=\"2f5d6eb\" data-element_type=\"column\">\n\t\t\t<div class=\"elementor-column-wrap elementor-element-populated\">\n\t\t\t\t\t\t\t<div class=\"elementor-widget-wrap\">\n\t\t\t\t\t\t<div class=\"elementor-element elementor-element-59a1228 elementor-widget elementor-widget-aux_modern_heading\" data-id=\"59a1228\" data-element_type=\"widget\" data-widget_type=\"aux_modern_heading.default\">\n\t\t\t\t<div class=\"elementor-widget-container\">\n\t\t\t<section class=\"aux-widget-modern-heading\">\n            <div class=\"aux-widget-inner\"><h2 class=\"aux-modern-heading-primary\">Acceso y matr\u00edcula<\/h2><\/div>\n        <\/section>\t\t<\/div>\n\t\t\t\t<\/div>\n\t\t\t\t<div class=\"elementor-element elementor-element-0e142af elementor-widget elementor-widget-aux_breadcrumbs\" data-id=\"0e142af\" data-element_type=\"widget\" data-widget_type=\"aux_breadcrumbs.default\">\n\t\t\t\t<div class=\"elementor-widget-container\">\n\t\t\t<div class=\"aux-elementor-breadcrumbs\"><p class=\"aux-breadcrumbs\"><span class=\"aux-breadcrumb-sep breadcrumb-icon auxicon-chevron-right-1\"><\/span><span><a href=\"https:\/\/www.unioviedo.es\/ExpTech\" title=\"Inicio\">Inicio<\/a><\/span><\/div>\t\t<\/div>\n\t\t\t\t<\/div>\n\t\t\t\t\t\t<\/div>\n\t\t\t\t\t<\/div>\n\t\t<\/div>\n\t\t\t\t\t\t\t\t<\/div>\n\t\t\t\t\t<\/div>\n\t\t<\/section>\n\t\t\t\t<section class=\"elementor-section elementor-top-section elementor-element elementor-element-1acaf67 elementor-section-boxed elementor-section-height-default elementor-section-height-default\" data-id=\"1acaf67\" data-element_type=\"section\">\n\t\t\t\t\t\t<div class=\"elementor-container elementor-column-gap-default\">\n\t\t\t\t\t\t\t<div class=\"elementor-row\">\n\t\t\t\t\t<div class=\"aux-parallax-section elementor-column elementor-col-100 elementor-top-column elementor-element elementor-element-ddc2fdd\" data-id=\"ddc2fdd\" data-element_type=\"column\">\n\t\t\t<div class=\"elementor-column-wrap elementor-element-populated\">\n\t\t\t\t\t\t\t<div class=\"elementor-widget-wrap\">\n\t\t\t\t\t\t<section class=\"elementor-section elementor-inner-section elementor-element elementor-element-6105074 aux-appear-watch-animation aux-fade-in-up elementor-section-boxed elementor-section-height-default elementor-section-height-default\" data-id=\"6105074\" data-element_type=\"section\">\n\t\t\t\t\t\t<div class=\"elementor-container elementor-column-gap-default\">\n\t\t\t\t\t\t\t<div class=\"elementor-row\">\n\t\t\t\t\t<div class=\"aux-parallax-section elementor-column elementor-col-50 elementor-inner-column elementor-element elementor-element-34b4851\" data-id=\"34b4851\" data-element_type=\"column\">\n\t\t\t<div class=\"elementor-column-wrap elementor-element-populated\">\n\t\t\t\t\t\t\t<div class=\"elementor-widget-wrap\">\n\t\t\t\t\t\t<div class=\"elementor-element elementor-element-331b94c elementor-widget elementor-widget-aux_modern_heading\" data-id=\"331b94c\" data-element_type=\"widget\" data-widget_type=\"aux_modern_heading.default\">\n\t\t\t\t<div class=\"elementor-widget-container\">\n\t\t\t<section class=\"aux-widget-modern-heading\">\n            <div class=\"aux-widget-inner\"><h2 class=\"aux-modern-heading-primary\">DESTINATARIOS<\/h2><h3 class=\"aux-modern-heading-secondary\"><span class=\"aux-head-before\">Acceso y admisi\u00f3n<\/span><\/h3><div class=\"aux-modern-heading-divider\"><\/div><div class=\"aux-modern-heading-description\"><p>El \u00f3rgano de admisi\u00f3n est\u00e1 compuesto por los dos coordinadores que eval\u00faan y realizan, en su caso, las entrevistas personales.<\/p><p>En cada uno de los bloques se ordenar\u00e1n por la nota media de la titulaci\u00f3n en escala 0 a 10: si han acabado un grado, por la nota media del grado, y si a\u00fan est\u00e1n curs\u00e1ndola por la nota media de los cr\u00e9ditos superados.<\/p><p>Las personas que accedan por las v\u00edas 3 o 4, tendr\u00e1n siempre una entrevista online con los dos directores para trata de identificar la motivaci\u00f3n e idoneidad para afrontar el programa de estudios y satisfacer los requisitos de dedicaci\u00f3n que comporta. La puntuaci\u00f3n ser\u00e1 del 50% del valor de la admisi\u00f3n (el otro 50% ser\u00e1 la nota o experiencia, en su caso, en los \u00e1mbitos relacionados con el que se propone en su caso). El n\u00famero de personas m\u00e1ximo que podr\u00edan acceder por las v\u00edas 3 y 4, en conjunto, es de tres.<\/p><\/div><\/div>\n        <\/section>\t\t<\/div>\n\t\t\t\t<\/div>\n\t\t\t\t\t\t<\/div>\n\t\t\t\t\t<\/div>\n\t\t<\/div>\n\t\t\t\t<div class=\"aux-parallax-section elementor-column elementor-col-50 elementor-inner-column elementor-element elementor-element-4c27fc9\" data-id=\"4c27fc9\" data-element_type=\"column\" data-settings=\"{&quot;background_background&quot;:&quot;classic&quot;}\">\n\t\t\t<div class=\"elementor-column-wrap elementor-element-populated\">\n\t\t\t\t\t\t\t<div class=\"elementor-widget-wrap\">\n\t\t\t\t\t\t<div class=\"elementor-element elementor-element-2676193 elementor-view-default elementor-mobile-position-top elementor-vertical-align-top elementor-widget elementor-widget-icon-box\" data-id=\"2676193\" data-element_type=\"widget\" data-widget_type=\"icon-box.default\">\n\t\t\t\t<div class=\"elementor-widget-container\">\n\t\t\t\t\t<div class=\"elementor-icon-box-wrapper\">\n\t\t\t\t\t\t<div class=\"elementor-icon-box-icon\">\n\t\t\t\t<span class=\"elementor-icon elementor-animation-\" >\n\t\t\t\t<i aria-hidden=\"true\" class=\"far fa-thumbs-up\"><\/i>\t\t\t\t<\/span>\n\t\t\t<\/div>\n\t\t\t\t\t\t<div class=\"elementor-icon-box-content\">\n\t\t\t\t<h3 class=\"elementor-icon-box-title\">\n\t\t\t\t\t<span  >\n\t\t\t\t\t\tPrioridad en la admisi\u00f3n\t\t\t\t\t<\/span>\n\t\t\t\t<\/h3>\n\t\t\t\t\t\t\t<\/div>\n\t\t<\/div>\n\t\t\t\t<\/div>\n\t\t\t\t<\/div>\n\t\t\t\t<div class=\"elementor-element elementor-element-702de97 elementor-widget elementor-widget-text-editor\" data-id=\"702de97\" data-element_type=\"widget\" data-widget_type=\"text-editor.default\">\n\t\t\t\t<div class=\"elementor-widget-container\">\n\t\t\t\t\t\t\t\t<div class=\"elementor-text-editor elementor-clearfix\">\n\t\t\t\t<h5>\n<ol>\n<li>Estudiantes que hayan finalizado un grado de referencia (grados la rama de \u201cIngenier\u00eda y Arquitectura\u201d o de la rama de \u201cCiencias\u201d). <\/li>\n<li>Estudiantes de grado de la rama de \u201cIngenier\u00eda y Arquitectura\u201d o de la rama de \u201cCiencias\u201d a los que les falten 60 ECTS o menos para finalizar los estudios.\n<li>Excepcionalmente: Otras personas que hayan finalizado al menos 120 ECTS de un Grado de la rama de \u201cIngenier\u00eda y Arquitectura\u201d o de la rama de \u201cCiencias\u201d.<\/li>\n<li>Excepcionalmente: Otras personas que hayan finalizado un grado que no sea de referencia pero que puedan acreditar una experiencia relacionada que permita cursar la titulaci\u00f3n convenientemente.<\/li>\n<\/ol>\n<\/h5>\t\t\t\t\t<\/div>\n\t\t\t\t\t\t<\/div>\n\t\t\t\t<\/div>\n\t\t\t\t\t\t<\/div>\n\t\t\t\t\t<\/div>\n\t\t<\/div>\n\t\t\t\t\t\t\t\t<\/div>\n\t\t\t\t\t<\/div>\n\t\t<\/section>\n\t\t\t\t\t\t<\/div>\n\t\t\t\t\t<\/div>\n\t\t<\/div>\n\t\t\t\t\t\t\t\t<\/div>\n\t\t\t\t\t<\/div>\n\t\t<\/section>\n\t\t\t\t<section class=\"elementor-section elementor-top-section elementor-element elementor-element-2a6d4c4 elementor-section-boxed elementor-section-height-default elementor-section-height-default\" data-id=\"2a6d4c4\" data-element_type=\"section\" data-settings=\"{&quot;background_background&quot;:&quot;slideshow&quot;,&quot;background_slideshow_gallery&quot;:[{&quot;id&quot;:877,&quot;url&quot;:&quot;http:\\\/\\\/www.unioviedo.es\\\/ExpTech\\\/wp-content\\\/uploads\\\/2023\\\/04\\\/money-256312-scaled.jpg&quot;}],&quot;background_slideshow_loop&quot;:&quot;yes&quot;,&quot;background_slideshow_slide_duration&quot;:5000,&quot;background_slideshow_slide_transition&quot;:&quot;fade&quot;,&quot;background_slideshow_transition_duration&quot;:500}\">\n\t\t\t\t\t\t\t<div class=\"elementor-background-overlay\"><\/div>\n\t\t\t\t\t\t\t<div class=\"elementor-container elementor-column-gap-default\">\n\t\t\t\t\t\t\t<div class=\"elementor-row\">\n\t\t\t\t\t<div class=\"aux-parallax-section elementor-column elementor-col-100 elementor-top-column elementor-element elementor-element-0c1e3b3\" data-id=\"0c1e3b3\" data-element_type=\"column\" data-settings=\"{&quot;background_background&quot;:&quot;classic&quot;}\">\n\t\t\t<div class=\"elementor-column-wrap elementor-element-populated\">\n\t\t\t\t\t<div class=\"elementor-background-overlay\"><\/div>\n\t\t\t\t\t\t\t<div class=\"elementor-widget-wrap\">\n\t\t\t\t\t\t<div class=\"elementor-element elementor-element-8d7b650 elementor-widget elementor-widget-aux_modern_heading\" data-id=\"8d7b650\" data-element_type=\"widget\" data-widget_type=\"aux_modern_heading.default\">\n\t\t\t\t<div class=\"elementor-widget-container\">\n\t\t\t<section class=\"aux-widget-modern-heading\">\n            <div class=\"aux-widget-inner\"><h2 class=\"aux-modern-heading-primary\">Importe de la matr\u00edcula<\/h2><h3 class=\"aux-modern-heading-secondary\"><span class=\"aux-head-before\">300 \u20ac*<\/span><\/h3><div class=\"aux-modern-heading-divider\"><\/div><div class=\"aux-modern-heading-description\"><p>El coste de la matr\u00edcula para el alumnado es de solo 300 \u20ac gracias a la colaboraci\u00f3n de TheNextPangea, siendo el coste real del curso superior al doble.<\/p><p>*Cabe la posibilidad de ayudas a la matr\u00edcula por parte de TheNextPangea para personas en situaciones econ\u00f3micas de urgente necesidad para lo que se seguir\u00e1n los mismos criterios que para las convocatorias similares para titulaciones oficiales de la Universidad de Oviedo.\u00a0<\/p><\/div><\/div>\n        <\/section>\t\t<\/div>\n\t\t\t\t<\/div>\n\t\t\t\t\t\t<\/div>\n\t\t\t\t\t<\/div>\n\t\t<\/div>\n\t\t\t\t\t\t\t\t<\/div>\n\t\t\t\t\t<\/div>\n\t\t<\/section>\n\t\t\t\t<section class=\"elementor-section elementor-top-section elementor-element elementor-element-749adada elementor-section-boxed elementor-section-height-default elementor-section-height-default\" data-id=\"749adada\" data-element_type=\"section\">\n\t\t\t\t\t\t<div class=\"elementor-container elementor-column-gap-default\">\n\t\t\t\t\t\t\t<div class=\"elementor-row\">\n\t\t\t\t\t<div class=\"aux-parallax-section elementor-column elementor-col-100 elementor-top-column elementor-element elementor-element-69dbfc3f\" data-id=\"69dbfc3f\" data-element_type=\"column\">\n\t\t\t<div class=\"elementor-column-wrap elementor-element-populated\">\n\t\t\t\t\t\t\t<div class=\"elementor-widget-wrap\">\n\t\t\t\t\t\t<section class=\"elementor-section elementor-inner-section elementor-element elementor-element-4b63b8b9 aux-appear-watch-animation aux-fade-in-up elementor-section-boxed elementor-section-height-default elementor-section-height-default\" data-id=\"4b63b8b9\" data-element_type=\"section\">\n\t\t\t\t\t\t<div class=\"elementor-container elementor-column-gap-default\">\n\t\t\t\t\t\t\t<div class=\"elementor-row\">\n\t\t\t\t\t<div class=\"aux-parallax-section elementor-column elementor-col-50 elementor-inner-column elementor-element elementor-element-d3536a\" data-id=\"d3536a\" data-element_type=\"column\">\n\t\t\t<div class=\"elementor-column-wrap elementor-element-populated\">\n\t\t\t\t\t\t\t<div class=\"elementor-widget-wrap\">\n\t\t\t\t\t\t<div class=\"elementor-element elementor-element-7c7fbc54 elementor-widget elementor-widget-aux_modern_heading\" data-id=\"7c7fbc54\" data-element_type=\"widget\" data-widget_type=\"aux_modern_heading.default\">\n\t\t\t\t<div class=\"elementor-widget-container\">\n\t\t\t<section class=\"aux-widget-modern-heading\">\n            <div class=\"aux-widget-inner\"><h2 class=\"aux-modern-heading-primary\">PREINSCRIPCI\u00d3N Y MATR\u00cdCULA<\/h2><h3 class=\"aux-modern-heading-secondary\"><span class=\"aux-head-before\">Centro Internacional de Postgrado<\/span><\/h3><div class=\"aux-modern-heading-divider\"><\/div><div class=\"aux-modern-heading-description\"><p>El\u00a0<span class=\"contenidoDestacado\">Centro Internacional de Postgrado<\/span> (CIP)de la Universidad de Oviedo aglutina la oferta formativa de los t\u00edtulos propios con el fin de contribuir a la formaci\u00f3n de sus egresados y\/o de profesionales. A trav\u00e9s de estas ense\u00f1anzas la Universidad responde a las demandas sociales de formaci\u00f3n, tanto general como especializada o profesional, en los campos de artes y humanidades, ciencias, ciencias de la salud, ciencias sociales y jur\u00eddicas e ingenier\u00eda y arquitectura.<\/p><p><strong>Para matricularte, primero debes preinscribirte. Una vez que te hayas preinscrito y que comprobemos si cumples los requisitos, podr\u00e1s matricularte.<\/strong><\/p><p>Para cualquier duda contacta con nosotros en campo@uniovi.es o borja.regueral@thenextpangea.com<\/p><\/div><\/div>\n        <\/section>\t\t<\/div>\n\t\t\t\t<\/div>\n\t\t\t\t<div class=\"elementor-element elementor-element-77d0aa4 elementor-widget elementor-widget-aux_modern_button\" data-id=\"77d0aa4\" data-element_type=\"widget\" data-widget_type=\"aux_modern_button.default\">\n\t\t\t\t<div class=\"elementor-widget-container\">\n\t\t\t    <div class=\"aux-modern-button-wrapper aux-modern-button-align-right\" >\n                    <a class=\"aux-modern-button aux-black aux-modern-button-md aux-modern-button-normal aux-modern-button-outline aux-icon-\" href=\"https:\/\/sies.uniovi.es\/fnofpre\/indexTP.html\" target=\"_blank\">\n                <div class=\"aux-overlay\"><\/div>\n                                    <div class=\"aux-icon \">\n                                            <\/div>\n                                <div class=\"aux-text\">\n<span class=\"aux-text-before\">ACCEDE A LA PREINSCRIPCI\u00d3N<\/span>                <\/div>\n            <\/a>\n            \n    <\/div>\n\n    \t\t<\/div>\n\t\t\t\t<\/div>\n\t\t\t\t\t\t<\/div>\n\t\t\t\t\t<\/div>\n\t\t<\/div>\n\t\t\t\t<div class=\"aux-parallax-section elementor-column elementor-col-50 elementor-inner-column elementor-element elementor-element-2404318c\" data-id=\"2404318c\" data-element_type=\"column\">\n\t\t\t<div class=\"elementor-column-wrap elementor-element-populated\">\n\t\t\t\t\t\t\t<div class=\"elementor-widget-wrap\">\n\t\t\t\t\t\t<div class=\"elementor-element elementor-element-e87356c elementor-widget elementor-widget-aux_image\" data-id=\"e87356c\" data-element_type=\"widget\" data-widget_type=\"aux_image.default\">\n\t\t\t\t<div class=\"elementor-widget-container\">\n\t\t\t<section class=\"widget-container aux-widget-image aux-alignnone aux-parent-au53c0d9ed\">\n    <div class=\"aux-media-hint-frame \">\n        <div class=\"aux-media-image \" >\n        \n            \n\n            \n            <img loading=\"lazy\" decoding=\"async\" width=\"1024\" height=\"1024\" src=\"https:\/\/www.unioviedo.es\/ExpTech\/wp-content\/uploads\/2023\/04\/cip2-scaled.jpg\" class=\"aux-attachment aux-featured-image aux-attachment-id-738\" alt=\"cip2\" srcset=\"https:\/\/www.unioviedo.es\/ExpTech\/wp-content\/uploads\/2023\/04\/cip2-150x150.jpg 150w,https:\/\/www.unioviedo.es\/ExpTech\/wp-content\/uploads\/2023\/04\/cip2-300x300.jpg 300w,https:\/\/www.unioviedo.es\/ExpTech\/wp-content\/uploads\/2023\/04\/cip2-768x768.jpg 768w,https:\/\/www.unioviedo.es\/ExpTech\/wp-content\/uploads\/2023\/04\/cip2-1024x1024.jpg 1024w,https:\/\/www.unioviedo.es\/ExpTech\/wp-content\/uploads\/2023\/04\/cip2-scaled.jpg 1024w\" data-ratio=\"1\" data-original-w=\"2560\" sizes=\"auto, (max-width:479px) 480px,(max-width:767px) 768px,(max-width:1023px) 1024px,1024px\" \/>            \n                <\/div>\n    <\/div>\n\n<\/section><!-- widget-container -->\t\t<\/div>\n\t\t\t\t<\/div>\n\t\t\t\t\t\t<\/div>\n\t\t\t\t\t<\/div>\n\t\t<\/div>\n\t\t\t\t\t\t\t\t<\/div>\n\t\t\t\t\t<\/div>\n\t\t<\/section>\n\t\t\t\t\t\t<\/div>\n\t\t\t\t\t<\/div>\n\t\t<\/div>\n\t\t\t\t\t\t\t\t<\/div>\n\t\t\t\t\t<\/div>\n\t\t<\/section>\n\t\t\t\t\t\t\t\t\t<\/div>\n\t\t\t<\/div>\n\t\t\t\t\t<\/div>\n\t\t","protected":false},"excerpt":{"rendered":"<p>Acceso y matr\u00edcula Inicio DESTINATARIOS Acceso y admisi\u00f3n El \u00f3rgano de admisi\u00f3n est\u00e1 compuesto por los dos coordinadores que eval\u00faan y realizan, en su caso, las entrevistas personales. En cada uno de los bloques se ordenar\u00e1n por la nota media de la titulaci\u00f3n en escala 0 a 10: si han acabado un grado, por la [&hellip;]<\/p>\n","protected":false},"author":1,"featured_media":0,"parent":0,"menu_order":0,"comment_status":"closed","ping_status":"closed","template":"templates\/page-builder-content.php","meta":{"footnotes":""},"class_list":["post-74","page","type-page","status-publish","hentry"],"_links":{"self":[{"href":"https:\/\/www.unioviedo.es\/ExpTech\/index.php\/wp-json\/wp\/v2\/pages\/74","targetHints":{"allow":["GET"]}}],"collection":[{"href":"https:\/\/www.unioviedo.es\/ExpTech\/index.php\/wp-json\/wp\/v2\/pages"}],"about":[{"href":"https:\/\/www.unioviedo.es\/ExpTech\/index.php\/wp-json\/wp\/v2\/types\/page"}],"author":[{"embeddable":true,"href":"https:\/\/www.unioviedo.es\/ExpTech\/index.php\/wp-json\/wp\/v2\/users\/1"}],"replies":[{"embeddable":true,"href":"https:\/\/www.unioviedo.es\/ExpTech\/index.php\/wp-json\/wp\/v2\/comments?post=74"}],"version-history":[{"count":69,"href":"https:\/\/www.unioviedo.es\/ExpTech\/index.php\/wp-json\/wp\/v2\/pages\/74\/revisions"}],"predecessor-version":[{"id":1195,"href":"https:\/\/www.unioviedo.es\/ExpTech\/index.php\/wp-json\/wp\/v2\/pages\/74\/revisions\/1195"}],"wp:attachment":[{"href":"https:\/\/www.unioviedo.es\/ExpTech\/index.php\/wp-json\/wp\/v2\/media?parent=74"}],"curies":[{"name":"wp","href":"https:\/\/api.w.org\/{rel}","templated":true}]}}