{"id":75,"date":"2018-06-19T10:44:49","date_gmt":"2018-06-19T10:44:49","guid":{"rendered":"https:\/\/www.unioviedo.es\/ExpTech\/index.php\/contact-us\/"},"modified":"2023-05-15T22:45:26","modified_gmt":"2023-05-15T20:45:26","slug":"contenidos","status":"publish","type":"page","link":"https:\/\/www.unioviedo.es\/ExpTech\/index.php\/contenidos\/","title":{"rendered":"Contenidos"},"content":{"rendered":"\t\t<div data-elementor-type=\"wp-post\" data-elementor-id=\"75\" class=\"elementor elementor-75\">\n\t\t\t\t\t\t<div class=\"elementor-inner\">\n\t\t\t\t<div class=\"elementor-section-wrap\">\n\t\t\t\t\t\t\t\t\t<section class=\"elementor-section elementor-top-section elementor-element elementor-element-b222737 elementor-section-stretched elementor-section-height-min-height elementor-section-boxed elementor-section-height-default elementor-section-items-middle\" data-id=\"b222737\" data-element_type=\"section\" data-settings=\"{&quot;stretch_section&quot;:&quot;section-stretched&quot;,&quot;background_background&quot;:&quot;classic&quot;}\">\n\t\t\t\t\t\t\t<div class=\"elementor-background-overlay\"><\/div>\n\t\t\t\t\t\t\t<div class=\"elementor-container elementor-column-gap-default\">\n\t\t\t\t\t\t\t<div class=\"elementor-row\">\n\t\t\t\t\t<div class=\"aux-parallax-section elementor-column elementor-col-100 elementor-top-column elementor-element elementor-element-1f1dcc3 aux-appear-watch-animation aux-fade-in-right\" data-id=\"1f1dcc3\" data-element_type=\"column\">\n\t\t\t<div class=\"elementor-column-wrap elementor-element-populated\">\n\t\t\t\t\t\t\t<div class=\"elementor-widget-wrap\">\n\t\t\t\t\t\t<div class=\"elementor-element elementor-element-cba28cc elementor-widget elementor-widget-aux_modern_heading\" data-id=\"cba28cc\" data-element_type=\"widget\" data-widget_type=\"aux_modern_heading.default\">\n\t\t\t\t<div class=\"elementor-widget-container\">\n\t\t\t<section class=\"aux-widget-modern-heading\">\n            <div class=\"aux-widget-inner\"><h2 class=\"aux-modern-heading-primary\">Contenidos<\/h2><\/div>\n        <\/section>\t\t<\/div>\n\t\t\t\t<\/div>\n\t\t\t\t<div class=\"elementor-element elementor-element-80f97ca elementor-widget elementor-widget-aux_breadcrumbs\" data-id=\"80f97ca\" data-element_type=\"widget\" data-widget_type=\"aux_breadcrumbs.default\">\n\t\t\t\t<div class=\"elementor-widget-container\">\n\t\t\t<div class=\"aux-elementor-breadcrumbs\"><p class=\"aux-breadcrumbs\"><span class=\"aux-breadcrumb-sep breadcrumb-icon auxicon-chevron-right-1\"><\/span><span><a href=\"https:\/\/www.unioviedo.es\/ExpTech\" title=\"Inicio\">Inicio<\/a><\/span><\/div>\t\t<\/div>\n\t\t\t\t<\/div>\n\t\t\t\t\t\t<\/div>\n\t\t\t\t\t<\/div>\n\t\t<\/div>\n\t\t\t\t\t\t\t\t<\/div>\n\t\t\t\t\t<\/div>\n\t\t<\/section>\n\t\t\t\t<section class=\"elementor-section elementor-top-section elementor-element elementor-element-8412428 elementor-section-boxed elementor-section-height-default elementor-section-height-default\" data-id=\"8412428\" data-element_type=\"section\">\n\t\t\t\t\t\t<div class=\"elementor-container elementor-column-gap-default\">\n\t\t\t\t\t\t\t<div class=\"elementor-row\">\n\t\t\t\t\t<div class=\"aux-parallax-section elementor-column elementor-col-50 elementor-top-column elementor-element elementor-element-4b639b3\" data-id=\"4b639b3\" data-element_type=\"column\">\n\t\t\t<div class=\"elementor-column-wrap elementor-element-populated\">\n\t\t\t\t\t\t\t<div class=\"elementor-widget-wrap\">\n\t\t\t\t\t\t<div class=\"elementor-element elementor-element-0e54637 elementor-widget elementor-widget-aux_modern_heading\" data-id=\"0e54637\" data-element_type=\"widget\" data-widget_type=\"aux_modern_heading.default\">\n\t\t\t\t<div class=\"elementor-widget-container\">\n\t\t\t<section class=\"aux-widget-modern-heading\">\n            <div class=\"aux-widget-inner\"><h2 class=\"aux-modern-heading-primary\">Competencias espec\u00edficas<\/h2><div class=\"aux-modern-heading-description\"><p>La presente formaci\u00f3n tiene como objetivo que el estudiante adquiera un conocimiento general de las tecnolog\u00edas exponenciales y espec\u00edfico de una serie seleccionada, as\u00ed como la capacidad de integrar estas tecnolog\u00edas dentro de contextos multidisciplinares.<\/p><p>Adem\u00e1s se profundiza en diversas competencias gen\u00e9ricas o transversales: capacidad de adaptaci\u00f3n a nuevas situaciones, para trabajar en contextos multidisciplinares, para trabajar en equipo, capacidad de integraci\u00f3n y de comunicaci\u00f3n a p\u00fablicos generales.<\/p><\/div><\/div>\n        <\/section>\t\t<\/div>\n\t\t\t\t<\/div>\n\t\t\t\t\t\t<\/div>\n\t\t\t\t\t<\/div>\n\t\t<\/div>\n\t\t\t\t<div class=\"aux-parallax-section elementor-column elementor-col-50 elementor-top-column elementor-element elementor-element-d52a758\" data-id=\"d52a758\" data-element_type=\"column\">\n\t\t\t<div class=\"elementor-column-wrap elementor-element-populated\">\n\t\t\t\t\t\t\t<div class=\"elementor-widget-wrap\">\n\t\t\t\t\t\t<div class=\"elementor-element elementor-element-850e61e elementor-align-left elementor-list-item-link-full_width elementor-widget elementor-widget-icon-list\" data-id=\"850e61e\" data-element_type=\"widget\" data-widget_type=\"icon-list.default\">\n\t\t\t\t<div class=\"elementor-widget-container\">\n\t\t\t\t\t<ul class=\"elementor-icon-list-items\">\n\t\t\t\t\t\t\t<li class=\"elementor-icon-list-item\">\n\t\t\t\t\t\t\t\t\t\t\t<span class=\"elementor-icon-list-icon\">\n\t\t\t\t\t\t\t<i aria-hidden=\"true\" class=\"fas fa-check-circle\"><\/i>\t\t\t\t\t\t<\/span>\n\t\t\t\t\t\t\t\t\t\t<span class=\"elementor-icon-list-text\">Conocimiento general de las tecnolog\u00edas disruptivas.<\/span>\n\t\t\t\t\t\t\t\t\t<\/li>\n\t\t\t\t\t\t\t\t<li class=\"elementor-icon-list-item\">\n\t\t\t\t\t\t\t\t\t\t\t<span class=\"elementor-icon-list-icon\">\n\t\t\t\t\t\t\t<i aria-hidden=\"true\" class=\"fas fa-check-circle\"><\/i>\t\t\t\t\t\t<\/span>\n\t\t\t\t\t\t\t\t\t\t<span class=\"elementor-icon-list-text\">Conocimiento de los principios b\u00e1sicos de las nanotecnolog\u00edas y en particular de las aplicaciones industriales del grafeno; de las arquitecturas y sistemas de comunicaciones para internet de las cosas; de las principales arquitecturas y t\u00e9cnicas de captura, ingesta, procesamiento, aprendizaje y an\u00e1lisis de datos; de las principales tecnolog\u00edas, materiales y herramientas de la fabricaci\u00f3n aditiva industrial y de los principales avances en el \u00e1mbito biotecnol\u00f3gico de aplicaci\u00f3n industrial.<\/span>\n\t\t\t\t\t\t\t\t\t<\/li>\n\t\t\t\t\t\t\t\t<li class=\"elementor-icon-list-item\">\n\t\t\t\t\t\t\t\t\t\t\t<span class=\"elementor-icon-list-icon\">\n\t\t\t\t\t\t\t<i aria-hidden=\"true\" class=\"fas fa-check-circle\"><\/i>\t\t\t\t\t\t<\/span>\n\t\t\t\t\t\t\t\t\t\t<span class=\"elementor-icon-list-text\">Conocimiento y capacidad de selecci\u00f3n de los principales mecanismos de protecci\u00f3n de conocimiento.<\/span>\n\t\t\t\t\t\t\t\t\t<\/li>\n\t\t\t\t\t\t\t\t<li class=\"elementor-icon-list-item\">\n\t\t\t\t\t\t\t\t\t\t\t<span class=\"elementor-icon-list-icon\">\n\t\t\t\t\t\t\t<i aria-hidden=\"true\" class=\"fas fa-check-circle\"><\/i>\t\t\t\t\t\t<\/span>\n\t\t\t\t\t\t\t\t\t\t<span class=\"elementor-icon-list-text\">Introducci\u00f3n pr\u00e1ctica y utilizaci\u00f3n de las principales herramientas relativas a fabricaci\u00f3n aditiva, IA, nanotecnolog\u00edas, IoT as\u00ed como capacidad para integrar tecnolog\u00edas exponenciales en proyectos multidisciplinares.<\/span>\n\t\t\t\t\t\t\t\t\t<\/li>\n\t\t\t\t\t\t<\/ul>\n\t\t\t\t<\/div>\n\t\t\t\t<\/div>\n\t\t\t\t\t\t<\/div>\n\t\t\t\t\t<\/div>\n\t\t<\/div>\n\t\t\t\t\t\t\t\t<\/div>\n\t\t\t\t\t<\/div>\n\t\t<\/section>\n\t\t\t\t<section class=\"elementor-section elementor-top-section elementor-element elementor-element-f11af0d elementor-section-boxed elementor-section-height-default elementor-section-height-default\" data-id=\"f11af0d\" data-element_type=\"section\" data-settings=\"{&quot;background_background&quot;:&quot;classic&quot;}\">\n\t\t\t\t\t\t<div class=\"elementor-container elementor-column-gap-default\">\n\t\t\t\t\t\t\t<div class=\"elementor-row\">\n\t\t\t\t\t<div class=\"aux-parallax-section elementor-column elementor-col-100 elementor-top-column elementor-element elementor-element-e15356f\" data-id=\"e15356f\" data-element_type=\"column\">\n\t\t\t<div class=\"elementor-column-wrap elementor-element-populated\">\n\t\t\t\t\t\t\t<div class=\"elementor-widget-wrap\">\n\t\t\t\t\t\t<div class=\"elementor-element elementor-element-1275e48 elementor-widget elementor-widget-aux_modern_heading\" data-id=\"1275e48\" data-element_type=\"widget\" data-widget_type=\"aux_modern_heading.default\">\n\t\t\t\t<div class=\"elementor-widget-container\">\n\t\t\t<section class=\"aux-widget-modern-heading\">\n            <div class=\"aux-widget-inner\"><h2 class=\"aux-modern-heading-primary\">Dos asignaturas de 3 ECTS<\/h2><\/div>\n        <\/section>\t\t<\/div>\n\t\t\t\t<\/div>\n\t\t\t\t<section class=\"elementor-section elementor-inner-section elementor-element elementor-element-f4e1f48 elementor-section-boxed elementor-section-height-default elementor-section-height-default\" data-id=\"f4e1f48\" data-element_type=\"section\">\n\t\t\t\t\t\t<div class=\"elementor-container elementor-column-gap-default\">\n\t\t\t\t\t\t\t<div class=\"elementor-row\">\n\t\t\t\t\t<div class=\"aux-parallax-section elementor-column elementor-col-50 elementor-inner-column elementor-element elementor-element-d7646ea\" data-id=\"d7646ea\" data-element_type=\"column\">\n\t\t\t<div class=\"elementor-column-wrap elementor-element-populated\">\n\t\t\t\t\t\t\t<div class=\"elementor-widget-wrap\">\n\t\t\t\t\t\t<div class=\"elementor-element elementor-element-81be085 elementor-view-default elementor-widget elementor-widget-icon\" data-id=\"81be085\" data-element_type=\"widget\" data-widget_type=\"icon.default\">\n\t\t\t\t<div class=\"elementor-widget-container\">\n\t\t\t\t\t<div class=\"elementor-icon-wrapper\">\n\t\t\t<div class=\"elementor-icon\">\n\t\t\t<i aria-hidden=\"true\" class=\"fas fa-chalkboard-teacher\"><\/i>\t\t\t<\/div>\n\t\t<\/div>\n\t\t\t\t<\/div>\n\t\t\t\t<\/div>\n\t\t\t\t<div class=\"elementor-element elementor-element-3b601ec elementor-widget elementor-widget-aux_modern_heading\" data-id=\"3b601ec\" data-element_type=\"widget\" data-widget_type=\"aux_modern_heading.default\">\n\t\t\t\t<div class=\"elementor-widget-container\">\n\t\t\t<section class=\"aux-widget-modern-heading\">\n            <div class=\"aux-widget-inner\"><h3 class=\"aux-modern-heading-primary\">Fundamentos de las tecnolog\u00edas exponenciales<\/h3><div class=\"aux-modern-heading-divider\"><\/div><div class=\"aux-modern-heading-description\"><ol><li style=\"text-align: left\">Introducci\u00f3n a las tecnolog\u00edas exponenciales (lecci\u00f3n de apertura)<\/li><li style=\"text-align: left\">Herramientas de protecci\u00f3n del conocimiento.<\/li><li style=\"text-align: left\">Emprendimiento y conocimiento. Herramientas para protecci\u00f3n de los negocios en el \u00e1mbito de la IP<\/li><li style=\"text-align: left\">Tecnolog\u00edas exponenciales:<\/li><\/ol><p style=\"text-align: left;padding-left: 40px\">IoT: Introducci\u00f3n al IoT: arquitectura. Nodos IoT. Herramientas de desarrollo. Plataformas en la nube del IoT.<\/p><p style=\"text-align: left;padding-left: 40px\">Data utilities: Principios b\u00e1sicos. Tecnolog\u00eda de contenedores Docker. Bases de datos relacionales y no relacionales. Problemas cl\u00e1sicos de optimizaci\u00f3n (casos de optimizaci\u00f3n de b\u00fasqueda, scheduling, planing) Soluciones heur\u00edsticas: b\u00fasqueda local, A*, simulated annealing. T\u00e9cnicas basadas en metaheur\u00edsticas: soluciones mediante b\u00fasqueda tab\u00fa, algoritmos gen\u00e9ticos, colonias de hormigas, etc.<\/p><p style=\"text-align: left;padding-left: 40px\">Nanotecnolog\u00edas: Introducci\u00f3n a la Nanotecnolog\u00eda: definiciones y principios b\u00e1sicos.\u00a0 T\u00e9cnicas de an\u00e1lisis y s\u00edntesis de nanomateriales. Grafeno: m\u00e9todos de fabricaci\u00f3n y aplicaciones en la industria.<\/p><p style=\"text-align: left;padding-left: 40px\">IA y aprendizaje de m\u00e1quina. Perspectiva hist\u00f3rica. Tipos de aprendizaje: Supervisado, no supervisado, semi-supervisado, por refuerzo. Aprendizaje por transferencia. Categor\u00edas de problemas: Regresi\u00f3n, clasificaci\u00f3n, clustering, detecci\u00f3n de anomal\u00edas. Componentes de un sistema de aprendizaje: Representaci\u00f3n, evaluaci\u00f3n, optimizaci\u00f3n, dise\u00f1o experimental. Interpretabilidad y explicabilidad en IA.\u00a0\u00a0\u00a0<\/p><p style=\"text-align: left;padding-left: 40px\">Fabricaci\u00f3n aditiva industrial: Tecnolog\u00edas. Materiales. Herramientas de dise\u00f1o. Dise\u00f1o generativo. Certificaci\u00f3n.\u00a0\u00a0\u00a0\u00a0\u00a0\u00a0\u00a0\u00a0\u00a0\u00a0<\/p><p style=\"text-align: left;padding-left: 40px\">Biotecnolog\u00eda: Big data biol\u00f3gico. Aplicaciones industriales.<\/p><\/div><\/div>\n        <\/section>\t\t<\/div>\n\t\t\t\t<\/div>\n\t\t\t\t<div class=\"elementor-element elementor-element-faab252 elementor-widget elementor-widget-aux_modern_button\" data-id=\"faab252\" data-element_type=\"widget\" data-widget_type=\"aux_modern_button.default\">\n\t\t\t\t<div class=\"elementor-widget-container\">\n\t\t\t    <div class=\"aux-modern-button-wrapper aux-modern-button-align-center\" >\n                    <a class=\"aux-modern-button aux-black aux-modern-button-md aux-modern-button-normal aux-modern-button-default aux-icon-right\" href=\"https:\/\/www.unioviedo.es\/ExpTech\/index.php\/contenidos\/guia-docente-fundamentos-tecnologias\/\">\n                <div class=\"aux-overlay\"><\/div>\n                                    <div class=\"aux-icon \">\n                        <i aria-hidden=\"true\" class=\"fas fa-angle-right\"><\/i>                    <\/div>\n                                <div class=\"aux-text\">\n<span class=\"aux-text-before\">Gu\u00eda docente<\/span>                <\/div>\n            <\/a>\n            \n    <\/div>\n\n    \t\t<\/div>\n\t\t\t\t<\/div>\n\t\t\t\t\t\t<\/div>\n\t\t\t\t\t<\/div>\n\t\t<\/div>\n\t\t\t\t<div class=\"aux-parallax-section elementor-column elementor-col-50 elementor-inner-column elementor-element elementor-element-b1f3a8e\" data-id=\"b1f3a8e\" data-element_type=\"column\">\n\t\t\t<div class=\"elementor-column-wrap elementor-element-populated\">\n\t\t\t\t\t\t\t<div class=\"elementor-widget-wrap\">\n\t\t\t\t\t\t<div class=\"elementor-element elementor-element-ae2c08c elementor-view-default elementor-widget elementor-widget-icon\" data-id=\"ae2c08c\" data-element_type=\"widget\" data-widget_type=\"icon.default\">\n\t\t\t\t<div class=\"elementor-widget-container\">\n\t\t\t\t\t<div class=\"elementor-icon-wrapper\">\n\t\t\t<div class=\"elementor-icon\">\n\t\t\t<i aria-hidden=\"true\" class=\"auxicon auxicon-lab\"><\/i>\t\t\t<\/div>\n\t\t<\/div>\n\t\t\t\t<\/div>\n\t\t\t\t<\/div>\n\t\t\t\t<div class=\"elementor-element elementor-element-6421a6f elementor-widget elementor-widget-aux_modern_heading\" data-id=\"6421a6f\" data-element_type=\"widget\" data-widget_type=\"aux_modern_heading.default\">\n\t\t\t\t<div class=\"elementor-widget-container\">\n\t\t\t<section class=\"aux-widget-modern-heading\">\n            <div class=\"aux-widget-inner\"><h3 class=\"aux-modern-heading-primary\">Laboratorio <\/h3><div class=\"aux-modern-heading-divider\"><\/div><div class=\"aux-modern-heading-description\"><ol><li style=\"text-align: left\">Herramientas de dise\u00f1o para fabricaci\u00f3n aditiva.<\/li><li style=\"text-align: left\">Captura de datos desde sensores inteligentes, almacenamiento en la nube y visualizaci\u00f3n remota de datos.<\/li><li style=\"text-align: left\">Despliegue de contenedores.<\/li><li style=\"text-align: left\">Resoluci\u00f3n de un problema de optimizaci\u00f3n.<\/li><li style=\"text-align: left\">An\u00e1lisis de im\u00e1genes, detecci\u00f3n de anomal\u00edas y tratamiento de texto.<\/li><li style=\"text-align: left\">Iniciaci\u00f3n al an\u00e1lisis bioinform\u00e1tico.<\/li><li style=\"text-align: left\">Preparaci\u00f3n de nanodispersiones y estudio de caracter\u00edsticas. Nanofactor\u00eda.<\/li><\/ol><\/div><\/div>\n        <\/section>\t\t<\/div>\n\t\t\t\t<\/div>\n\t\t\t\t<div class=\"elementor-element elementor-element-c48d9e9 elementor-widget elementor-widget-aux_modern_button\" data-id=\"c48d9e9\" data-element_type=\"widget\" data-widget_type=\"aux_modern_button.default\">\n\t\t\t\t<div class=\"elementor-widget-container\">\n\t\t\t    <div class=\"aux-modern-button-wrapper aux-modern-button-align-center\" >\n                    <a class=\"aux-modern-button aux-black aux-modern-button-md aux-modern-button-normal aux-modern-button-default aux-icon-right\" href=\"https:\/\/www.unioviedo.es\/ExpTech\/index.php\/contenidos\/guia-laboratorio\/\">\n                <div class=\"aux-overlay\"><\/div>\n                                    <div class=\"aux-icon \">\n                        <i aria-hidden=\"true\" class=\"fas fa-angle-right\"><\/i>                    <\/div>\n                                <div class=\"aux-text\">\n<span class=\"aux-text-before\">Gu\u00eda docente<\/span>                <\/div>\n            <\/a>\n            \n    <\/div>\n\n    \t\t<\/div>\n\t\t\t\t<\/div>\n\t\t\t\t\t\t<\/div>\n\t\t\t\t\t<\/div>\n\t\t<\/div>\n\t\t\t\t\t\t\t\t<\/div>\n\t\t\t\t\t<\/div>\n\t\t<\/section>\n\t\t\t\t\t\t<\/div>\n\t\t\t\t\t<\/div>\n\t\t<\/div>\n\t\t\t\t\t\t\t\t<\/div>\n\t\t\t\t\t<\/div>\n\t\t<\/section>\n\t\t\t\t<section class=\"elementor-section elementor-top-section elementor-element elementor-element-343bff3 elementor-section-boxed elementor-section-height-default elementor-section-height-default\" data-id=\"343bff3\" data-element_type=\"section\">\n\t\t\t\t\t\t<div class=\"elementor-container elementor-column-gap-default\">\n\t\t\t\t\t\t\t<div class=\"elementor-row\">\n\t\t\t\t\t<div class=\"aux-parallax-section elementor-column elementor-col-50 elementor-top-column elementor-element elementor-element-122f783\" data-id=\"122f783\" data-element_type=\"column\">\n\t\t\t<div class=\"elementor-column-wrap elementor-element-populated\">\n\t\t\t\t\t\t\t<div class=\"elementor-widget-wrap\">\n\t\t\t\t\t\t<div class=\"elementor-element elementor-element-caaf9ce elementor-widget elementor-widget-aux_modern_heading\" data-id=\"caaf9ce\" data-element_type=\"widget\" data-widget_type=\"aux_modern_heading.default\">\n\t\t\t\t<div class=\"elementor-widget-container\">\n\t\t\t<section class=\"aux-widget-modern-heading\">\n            <div class=\"aux-widget-inner\"><h4 class=\"aux-modern-heading-primary\">Evaluaci\u00f3n<\/h4><h1 class=\"aux-modern-heading-secondary\"><span class=\"aux-head-before\">Basada en trabajos<\/span><\/h1><div class=\"aux-modern-heading-divider\"><\/div><div class=\"aux-modern-heading-description\"><p>La evaluaci\u00f3n positiva requiere una asistencia m\u00ednima del 80%<\/p><p>La calificaci\u00f3n se realizar\u00e1 a partir de un trabajo realizado en grupo sobre un proyecto integral planteado al inicio del curso que se desarrollar\u00e1 en grupos que se tratar\u00e1 de que est\u00e9n compuestos por diferentes perfiles y que se deber\u00e1 presentar oralmente.<\/p><p>El proyecto integrar\u00e1 como m\u00ednimo tres de las tecnolog\u00edas tratadas de forma particular en el marco de la formaci\u00f3n. Un ejemplo representativo es la adquisici\u00f3n de datos de sensores nanoestructurados, el env\u00edo inal\u00e1mbrico a la nube, el tratamiento de los datos y la visualizaci\u00f3n de los resultados.<\/p><p>Se valorar\u00e1n los siguientes aspectos:<\/p><p style=\"padding-left: 40px\">Metodolog\u00eda empleada<\/p><p style=\"padding-left: 40px\">Justificaci\u00f3n de las soluciones adoptadas y de los mecanismos de protecci\u00f3n<\/p><p style=\"padding-left: 40px\">Funcionalidad e implementaci\u00f3n t\u00e9cnica<\/p><p style=\"padding-left: 40px\">Presentaci\u00f3n realizada<\/p><p style=\"padding-left: 40px\">Capacidad para responder a las preguntas planteadas<\/p><p>Tambi\u00e9n ser\u00e1 necesario presentar un informe de las pr\u00e1cticas presentadas que tiene una valoraci\u00f3n del 10% en el conjunto del curso.<\/p><\/div><\/div>\n        <\/section>\t\t<\/div>\n\t\t\t\t<\/div>\n\t\t\t\t\t\t<\/div>\n\t\t\t\t\t<\/div>\n\t\t<\/div>\n\t\t\t\t<div class=\"aux-parallax-section elementor-column elementor-col-50 elementor-top-column elementor-element elementor-element-958ac98\" data-id=\"958ac98\" data-element_type=\"column\">\n\t\t\t<div class=\"elementor-column-wrap elementor-element-populated\">\n\t\t\t\t\t\t\t<div class=\"elementor-widget-wrap\">\n\t\t\t\t\t\t<div class=\"elementor-element elementor-element-550f224 elementor-widget elementor-widget-aux_image\" data-id=\"550f224\" data-element_type=\"widget\" data-widget_type=\"aux_image.default\">\n\t\t\t\t<div class=\"elementor-widget-container\">\n\t\t\t<section class=\"widget-container aux-widget-image aux-alignnone aux-parent-aueea32e17\">\n    <div class=\"aux-media-hint-frame \">\n        <div class=\"aux-media-image \" >\n        \n            \n\n            \n            <img loading=\"lazy\" decoding=\"async\" width=\"1024\" height=\"1024\" src=\"https:\/\/www.unioviedo.es\/ExpTech\/wp-content\/uploads\/2023\/05\/idea-605766.jpg\" class=\"aux-attachment aux-featured-image aux-attachment-id-998\" alt=\"idea-605766\" srcset=\"https:\/\/www.unioviedo.es\/ExpTech\/wp-content\/uploads\/2023\/05\/idea-605766-150x150.jpg 150w,https:\/\/www.unioviedo.es\/ExpTech\/wp-content\/uploads\/2023\/05\/idea-605766-300x300.jpg 300w,https:\/\/www.unioviedo.es\/ExpTech\/wp-content\/uploads\/2023\/05\/idea-605766-768x768.jpg 768w,https:\/\/www.unioviedo.es\/ExpTech\/wp-content\/uploads\/2023\/05\/idea-605766-1024x1024.jpg 1024w,https:\/\/www.unioviedo.es\/ExpTech\/wp-content\/uploads\/2023\/05\/idea-605766.jpg 1024w\" data-ratio=\"1\" data-original-w=\"2412\" sizes=\"auto, (max-width:479px) 480px,(max-width:767px) 768px,(max-width:1023px) 1024px,1024px\" \/>            \n                <\/div>\n    <\/div>\n\n<\/section><!-- widget-container -->\t\t<\/div>\n\t\t\t\t<\/div>\n\t\t\t\t\t\t<\/div>\n\t\t\t\t\t<\/div>\n\t\t<\/div>\n\t\t\t\t\t\t\t\t<\/div>\n\t\t\t\t\t<\/div>\n\t\t<\/section>\n\t\t\t\t\t\t\t\t\t<\/div>\n\t\t\t<\/div>\n\t\t\t\t\t<\/div>\n\t\t","protected":false},"excerpt":{"rendered":"<p>Contenidos Inicio Competencias espec\u00edficas La presente formaci\u00f3n tiene como objetivo que el estudiante adquiera un conocimiento general de las tecnolog\u00edas exponenciales y espec\u00edfico de una serie seleccionada, as\u00ed como la capacidad de integrar estas tecnolog\u00edas dentro de contextos multidisciplinares. Adem\u00e1s se profundiza en diversas competencias gen\u00e9ricas o transversales: capacidad de adaptaci\u00f3n a nuevas situaciones, para [&hellip;]<\/p>\n","protected":false},"author":1,"featured_media":0,"parent":0,"menu_order":0,"comment_status":"closed","ping_status":"closed","template":"templates\/page-builder-content.php","meta":{"footnotes":""},"class_list":["post-75","page","type-page","status-publish","hentry"],"_links":{"self":[{"href":"https:\/\/www.unioviedo.es\/ExpTech\/index.php\/wp-json\/wp\/v2\/pages\/75","targetHints":{"allow":["GET"]}}],"collection":[{"href":"https:\/\/www.unioviedo.es\/ExpTech\/index.php\/wp-json\/wp\/v2\/pages"}],"about":[{"href":"https:\/\/www.unioviedo.es\/ExpTech\/index.php\/wp-json\/wp\/v2\/types\/page"}],"author":[{"embeddable":true,"href":"https:\/\/www.unioviedo.es\/ExpTech\/index.php\/wp-json\/wp\/v2\/users\/1"}],"replies":[{"embeddable":true,"href":"https:\/\/www.unioviedo.es\/ExpTech\/index.php\/wp-json\/wp\/v2\/comments?post=75"}],"version-history":[{"count":82,"href":"https:\/\/www.unioviedo.es\/ExpTech\/index.php\/wp-json\/wp\/v2\/pages\/75\/revisions"}],"predecessor-version":[{"id":1001,"href":"https:\/\/www.unioviedo.es\/ExpTech\/index.php\/wp-json\/wp\/v2\/pages\/75\/revisions\/1001"}],"wp:attachment":[{"href":"https:\/\/www.unioviedo.es\/ExpTech\/index.php\/wp-json\/wp\/v2\/media?parent=75"}],"curies":[{"name":"wp","href":"https:\/\/api.w.org\/{rel}","templated":true}]}}