{"id":63,"date":"2022-01-18T17:45:59","date_gmt":"2022-01-18T17:45:59","guid":{"rendered":"https:\/\/www.unioviedo.es\/IFESXVIII_digital\/?page_id=63"},"modified":"2022-01-24T20:59:03","modified_gmt":"2022-01-24T20:59:03","slug":"archivo-virtual","status":"publish","type":"page","link":"https:\/\/www.unioviedo.es\/IFESXVIII_digital\/?page_id=63","title":{"rendered":"Archivo virtual"},"content":{"rendered":"\t\t<div data-elementor-type=\"wp-page\" data-elementor-id=\"63\" class=\"elementor elementor-63\">\n\t\t\t\t\t\t<section class=\"elementor-section elementor-top-section elementor-element elementor-element-9d54fea elementor-section-boxed elementor-section-height-default elementor-section-height-default\" data-id=\"9d54fea\" data-element_type=\"section\" data-e-type=\"section\">\n\t\t\t\t\t\t<div class=\"elementor-container elementor-column-gap-default\">\n\t\t\t\t\t<div class=\"elementor-column elementor-col-100 elementor-top-column elementor-element elementor-element-7fdfd19\" data-id=\"7fdfd19\" data-element_type=\"column\" data-e-type=\"column\">\n\t\t\t<div class=\"elementor-widget-wrap elementor-element-populated\">\n\t\t\t\t\t\t<div class=\"elementor-element elementor-element-7aede82 elementor-widget elementor-widget-image\" data-id=\"7aede82\" data-element_type=\"widget\" data-e-type=\"widget\" data-widget_type=\"image.default\">\n\t\t\t\t<div class=\"elementor-widget-container\">\n\t\t\t\t\t\t\t\t\t\t\t\t\t\t\t<img fetchpriority=\"high\" decoding=\"async\" width=\"1100\" height=\"301\" src=\"https:\/\/www.unioviedo.es\/IFESXVIII_digital\/wp-content\/uploads\/2022\/01\/IFEXVIII-Digital-07-archivo-digital.png\" class=\"attachment-full size-full wp-image-328\" alt=\"\" srcset=\"https:\/\/www.unioviedo.es\/IFESXVIII_digital\/wp-content\/uploads\/2022\/01\/IFEXVIII-Digital-07-archivo-digital.png 1100w, https:\/\/www.unioviedo.es\/IFESXVIII_digital\/wp-content\/uploads\/2022\/01\/IFEXVIII-Digital-07-archivo-digital-300x82.png 300w, https:\/\/www.unioviedo.es\/IFESXVIII_digital\/wp-content\/uploads\/2022\/01\/IFEXVIII-Digital-07-archivo-digital-1024x280.png 1024w, https:\/\/www.unioviedo.es\/IFESXVIII_digital\/wp-content\/uploads\/2022\/01\/IFEXVIII-Digital-07-archivo-digital-768x210.png 768w\" sizes=\"(max-width: 1100px) 100vw, 1100px\" \/>\t\t\t\t\t\t\t\t\t\t\t\t\t\t\t<\/div>\n\t\t\t\t<\/div>\n\t\t\t\t<div class=\"elementor-element elementor-element-feb29f4 elementor-widget elementor-widget-text-editor\" data-id=\"feb29f4\" data-element_type=\"widget\" data-e-type=\"widget\" data-widget_type=\"text-editor.default\">\n\t\t\t\t<div class=\"elementor-widget-container\">\n\t\t\t\t\t\t\t\t\t<p>El AVGMJ acoge la digitalizaci\u00f3n de los manuscritos de G. M. de Jovellanos dispersos en diversas instituciones p\u00fablicas y privadas, as\u00ed como primeras ediciones de sus obras. Su objetivo principal es constituir un fondo unificado de los manuscritos de Jovellanos, reconstruy\u00e9ndolo digitalmente a partir de lo que a\u00fan se conserva de un corpus muy mermado y disperso. De \u00abgran cat\u00e1strofe\u00bb calificaba Jos\u00e9 Miguel Caso Gonz\u00e1lez lo sucedido con los manuscritos de G. M. de Jovellanos en la primera edici\u00f3n cr\u00edtica de las obras del gijon\u00e9s (OC, I: 15). Malogrado en buena parte debido al incendio de la Biblioteca del Real Instituto Asturiano de Gij\u00f3n en 1936, y tremendamente diseminado por avatares diversos, en gran medida sus papeles se conservan hoy en las corporaciones a que el ilustrado perteneci\u00f3, y en las instituciones de referencia a que los jovellanistas legaron los manuscritos que un d\u00eda poseyeron.<\/p>\n<p>Bajo la direcci\u00f3n cient\u00edfica del Instituto Feijoo de Estudios del Siglo XVIII y con la imprescindible colaboraci\u00f3n de las instituciones en que hoy se conservan los manuscritos, el proyecto se halla en una primera fase de desarrollo, que presenta la digitalizaci\u00f3n y catalogaci\u00f3n de los fondos depositados en el&nbsp; Museo Casa Natal de Jovellanos, Biblioteca P\u00fablica Jovellanos, Archivo Municipal de Gij\u00f3n, Fundaci\u00f3n Alvargonz\u00e1lez (Gij\u00f3n), Biblioteca de la Universidad de Oviedo, Archivo Hist\u00f3rico de Asturias, Biblioteca de la Junta General del Principado, Biblioteca de Asturias Ram\u00f3n P\u00e9rez de Ayala (Oviedo), Biblioteca de Men\u00e9ndez Pelayo (Santander), Biblioteca Emilianense del Monasterio de Yuso (San Mill\u00e1n de la Cogolla), Fundaci\u00f3n Bartolom\u00e9 March (Palma de Mallorca), Fundaci\u00f3n L\u00e1zaro Galdiano (Madrid), la Real Academia de la Historia, la Real Sociedad Econ\u00f3mica Matritense de Amigos del Pa\u00eds, la Real Academia Espa\u00f1ola, la Biblioteca del Senado, la Biblioteca Nacional de Espa\u00f1a y el Archivo Hist\u00f3rico Nacional.<\/p>\t\t\t\t\t\t\t\t<\/div>\n\t\t\t\t<\/div>\n\t\t\t\t<div class=\"elementor-element elementor-element-505729c elementor-widget elementor-widget-button\" data-id=\"505729c\" data-element_type=\"widget\" data-e-type=\"widget\" data-widget_type=\"button.default\">\n\t\t\t\t<div class=\"elementor-widget-container\">\n\t\t\t\t\t\t\t\t\t<div class=\"elementor-button-wrapper\">\n\t\t\t\t\t<a class=\"elementor-button elementor-button-link elementor-size-sm elementor-animation-grow\" href=\"https:\/\/documentos.gijon.es\/archivo\/jovellanos\">\n\t\t\t\t\t\t<span class=\"elementor-button-content-wrapper\">\n\t\t\t\t\t\t\t\t\t<span class=\"elementor-button-text\">Acceso al archivo virtual Gaspar Melchor de Jovellanos<\/span>\n\t\t\t\t\t<\/span>\n\t\t\t\t\t<\/a>\n\t\t\t\t<\/div>\n\t\t\t\t\t\t\t\t<\/div>\n\t\t\t\t<\/div>\n\t\t\t\t\t<\/div>\n\t\t<\/div>\n\t\t\t\t\t<\/div>\n\t\t<\/section>\n\t\t\t\t<\/div>\n\t\t","protected":false},"excerpt":{"rendered":"<p>El AVGMJ acoge la digitalizaci\u00f3n de los manuscritos de G. M. de Jovellanos dispersos en diversas instituciones p\u00fablicas y privadas, as\u00ed como primeras ediciones de sus obras. Su objetivo principal es constituir un fondo unificado de los manuscritos de Jovellanos, reconstruy\u00e9ndolo digitalmente a partir de lo que a\u00fan se conserva de un corpus muy mermado&hellip;<\/p>\n","protected":false},"author":2,"featured_media":0,"parent":0,"menu_order":0,"comment_status":"closed","ping_status":"closed","template":"","meta":{"footnotes":""},"class_list":["post-63","page","type-page","status-publish","hentry"],"_links":{"self":[{"href":"https:\/\/www.unioviedo.es\/IFESXVIII_digital\/index.php?rest_route=\/wp\/v2\/pages\/63","targetHints":{"allow":["GET"]}}],"collection":[{"href":"https:\/\/www.unioviedo.es\/IFESXVIII_digital\/index.php?rest_route=\/wp\/v2\/pages"}],"about":[{"href":"https:\/\/www.unioviedo.es\/IFESXVIII_digital\/index.php?rest_route=\/wp\/v2\/types\/page"}],"author":[{"embeddable":true,"href":"https:\/\/www.unioviedo.es\/IFESXVIII_digital\/index.php?rest_route=\/wp\/v2\/users\/2"}],"replies":[{"embeddable":true,"href":"https:\/\/www.unioviedo.es\/IFESXVIII_digital\/index.php?rest_route=%2Fwp%2Fv2%2Fcomments&post=63"}],"version-history":[{"count":22,"href":"https:\/\/www.unioviedo.es\/IFESXVIII_digital\/index.php?rest_route=\/wp\/v2\/pages\/63\/revisions"}],"predecessor-version":[{"id":657,"href":"https:\/\/www.unioviedo.es\/IFESXVIII_digital\/index.php?rest_route=\/wp\/v2\/pages\/63\/revisions\/657"}],"wp:attachment":[{"href":"https:\/\/www.unioviedo.es\/IFESXVIII_digital\/index.php?rest_route=%2Fwp%2Fv2%2Fmedia&parent=63"}],"curies":[{"name":"wp","href":"https:\/\/api.w.org\/{rel}","templated":true}]}}