{"id":71,"date":"2022-01-18T17:49:55","date_gmt":"2022-01-18T17:49:55","guid":{"rendered":"https:\/\/www.unioviedo.es\/IFESXVIII_digital\/?page_id=71"},"modified":"2022-12-26T08:59:18","modified_gmt":"2022-12-26T08:59:18","slug":"ediciones-ifexviii","status":"publish","type":"page","link":"https:\/\/www.unioviedo.es\/IFESXVIII_digital\/?page_id=71","title":{"rendered":"Ediciones IFEXVIII"},"content":{"rendered":"\t\t<div data-elementor-type=\"wp-page\" data-elementor-id=\"71\" class=\"elementor elementor-71\">\n\t\t\t\t\t\t<section class=\"elementor-section elementor-top-section elementor-element elementor-element-1503294 elementor-section-boxed elementor-section-height-default elementor-section-height-default\" data-id=\"1503294\" data-element_type=\"section\" data-e-type=\"section\">\n\t\t\t\t\t\t<div class=\"elementor-container elementor-column-gap-default\">\n\t\t\t\t\t<div class=\"elementor-column elementor-col-100 elementor-top-column elementor-element elementor-element-ea0561f\" data-id=\"ea0561f\" data-element_type=\"column\" data-e-type=\"column\">\n\t\t\t<div class=\"elementor-widget-wrap elementor-element-populated\">\n\t\t\t\t\t\t<div class=\"elementor-element elementor-element-f171a06 elementor-widget elementor-widget-image\" data-id=\"f171a06\" data-element_type=\"widget\" data-e-type=\"widget\" data-widget_type=\"image.default\">\n\t\t\t\t<div class=\"elementor-widget-container\">\n\t\t\t\t\t\t\t\t\t\t\t\t\t\t\t<img fetchpriority=\"high\" decoding=\"async\" width=\"1100\" height=\"301\" src=\"https:\/\/www.unioviedo.es\/IFESXVIII_digital\/wp-content\/uploads\/2022\/01\/IFEXVIII-Digital-08-Ediciones.png\" class=\"attachment-full size-full wp-image-329\" alt=\"\" srcset=\"https:\/\/www.unioviedo.es\/IFESXVIII_digital\/wp-content\/uploads\/2022\/01\/IFEXVIII-Digital-08-Ediciones.png 1100w, https:\/\/www.unioviedo.es\/IFESXVIII_digital\/wp-content\/uploads\/2022\/01\/IFEXVIII-Digital-08-Ediciones-300x82.png 300w, https:\/\/www.unioviedo.es\/IFESXVIII_digital\/wp-content\/uploads\/2022\/01\/IFEXVIII-Digital-08-Ediciones-1024x280.png 1024w, https:\/\/www.unioviedo.es\/IFESXVIII_digital\/wp-content\/uploads\/2022\/01\/IFEXVIII-Digital-08-Ediciones-768x210.png 768w\" sizes=\"(max-width: 1100px) 100vw, 1100px\" \/>\t\t\t\t\t\t\t\t\t\t\t\t\t\t\t<\/div>\n\t\t\t\t<\/div>\n\t\t\t\t<div class=\"elementor-element elementor-element-c271654 elementor-widget elementor-widget-text-editor\" data-id=\"c271654\" data-element_type=\"widget\" data-e-type=\"widget\" data-widget_type=\"text-editor.default\">\n\t\t\t\t<div class=\"elementor-widget-container\">\n\t\t\t\t\t\t\t\t\t<p><i>Cuadernos de Estudios del Siglo XVIII<\/i> es una revista cient\u00edfica de car\u00e1cter interdisciplinar dedicada al estudio del siglo XVIII espa\u00f1ol e hispanoamericano. Los CESXVIII son editados por el IFESXVIII (Universidad de Oviedo, Espa\u00f1a) con periodicidad anual, y son continuadores del <i>Bolet\u00edn de Estudios del Siglo XVIII<\/i> (BOCESXVIII), revista fundada en 1973 por el profesor Jos\u00e9 Miguel Caso Gonz\u00e1lez. Paralelamente a la revista, corre la serie Anejos de Cuadernos de Estudios del Siglo XVIII, continuadores de los anteriores <i>Cuadernos de la C\u00e1tedra Feijoo<\/i> (1955-1973) y Anejos del BOCESXVIII (1978-1985). Publicada en coedici\u00f3n con Ediciones Trea, esta serie acoge trabajos que por sus planteamientos o extensi\u00f3n exceden el marco de los art\u00edculos. La colecci\u00f3n completa (actuales CESXVIII y ACESXVIII y antiguos BOCESXVIII, CCF y ABOCESXVIII) est\u00e1 disponible en REUNIDO, el portal de revistas digitales de la Universidad de Oviedo.<\/p>\t\t\t\t\t\t\t\t<\/div>\n\t\t\t\t<\/div>\n\t\t\t\t<div class=\"elementor-element elementor-element-b78f585 elementor-widget elementor-widget-button\" data-id=\"b78f585\" data-element_type=\"widget\" data-e-type=\"widget\" data-widget_type=\"button.default\">\n\t\t\t\t<div class=\"elementor-widget-container\">\n\t\t\t\t\t\t\t\t\t<div class=\"elementor-button-wrapper\">\n\t\t\t\t\t<a class=\"elementor-button elementor-button-link elementor-size-sm elementor-animation-grow\" href=\"https:\/\/reunido.uniovi.es\/index.php\/CESXVIII\/issue\/archive\" target=\"_blank\">\n\t\t\t\t\t\t<span class=\"elementor-button-content-wrapper\">\n\t\t\t\t\t\t\t\t\t<span class=\"elementor-button-text\">Acceso CESXVIII, BOCEXVIII, CCF, ABOCESXVIII<\/span>\n\t\t\t\t\t<\/span>\n\t\t\t\t\t<\/a>\n\t\t\t\t<\/div>\n\t\t\t\t\t\t\t\t<\/div>\n\t\t\t\t<\/div>\n\t\t\t\t<div class=\"elementor-element elementor-element-c8af83c elementor-widget elementor-widget-button\" data-id=\"c8af83c\" data-element_type=\"widget\" data-e-type=\"widget\" data-widget_type=\"button.default\">\n\t\t\t\t<div class=\"elementor-widget-container\">\n\t\t\t\t\t\t\t\t\t<div class=\"elementor-button-wrapper\">\n\t\t\t\t\t<a class=\"elementor-button elementor-button-link elementor-size-sm elementor-animation-grow\" href=\"https:\/\/reunido.uniovi.es\/index.php\/ACESXVIII\/issue\/archive\" target=\"_blank\">\n\t\t\t\t\t\t<span class=\"elementor-button-content-wrapper\">\n\t\t\t\t\t\t\t\t\t<span class=\"elementor-button-text\">Acceso ACESXVIII<\/span>\n\t\t\t\t\t<\/span>\n\t\t\t\t\t<\/a>\n\t\t\t\t<\/div>\n\t\t\t\t\t\t\t\t<\/div>\n\t\t\t\t<\/div>\n\t\t\t\t\t<\/div>\n\t\t<\/div>\n\t\t\t\t\t<\/div>\n\t\t<\/section>\n\t\t\t\t<\/div>\n\t\t","protected":false},"excerpt":{"rendered":"<p>Cuadernos de Estudios del Siglo XVIII es una revista cient\u00edfica de car\u00e1cter interdisciplinar dedicada al estudio del siglo XVIII espa\u00f1ol e hispanoamericano. Los CESXVIII son editados por el IFESXVIII (Universidad de Oviedo, Espa\u00f1a) con periodicidad anual, y son continuadores del Bolet\u00edn de Estudios del Siglo XVIII (BOCESXVIII), revista fundada en 1973 por el profesor Jos\u00e9&hellip;<\/p>\n","protected":false},"author":2,"featured_media":0,"parent":0,"menu_order":0,"comment_status":"closed","ping_status":"closed","template":"","meta":{"footnotes":""},"class_list":["post-71","page","type-page","status-publish","hentry"],"_links":{"self":[{"href":"https:\/\/www.unioviedo.es\/IFESXVIII_digital\/index.php?rest_route=\/wp\/v2\/pages\/71","targetHints":{"allow":["GET"]}}],"collection":[{"href":"https:\/\/www.unioviedo.es\/IFESXVIII_digital\/index.php?rest_route=\/wp\/v2\/pages"}],"about":[{"href":"https:\/\/www.unioviedo.es\/IFESXVIII_digital\/index.php?rest_route=\/wp\/v2\/types\/page"}],"author":[{"embeddable":true,"href":"https:\/\/www.unioviedo.es\/IFESXVIII_digital\/index.php?rest_route=\/wp\/v2\/users\/2"}],"replies":[{"embeddable":true,"href":"https:\/\/www.unioviedo.es\/IFESXVIII_digital\/index.php?rest_route=%2Fwp%2Fv2%2Fcomments&post=71"}],"version-history":[{"count":31,"href":"https:\/\/www.unioviedo.es\/IFESXVIII_digital\/index.php?rest_route=\/wp\/v2\/pages\/71\/revisions"}],"predecessor-version":[{"id":715,"href":"https:\/\/www.unioviedo.es\/IFESXVIII_digital\/index.php?rest_route=\/wp\/v2\/pages\/71\/revisions\/715"}],"wp:attachment":[{"href":"https:\/\/www.unioviedo.es\/IFESXVIII_digital\/index.php?rest_route=%2Fwp%2Fv2%2Fmedia&parent=71"}],"curies":[{"name":"wp","href":"https:\/\/api.w.org\/{rel}","templated":true}]}}