{"id":79,"date":"2022-01-18T17:54:46","date_gmt":"2022-01-18T17:54:46","guid":{"rendered":"https:\/\/www.unioviedo.es\/IFESXVIII_digital\/?page_id=79"},"modified":"2024-11-12T11:45:23","modified_gmt":"2024-11-12T11:45:23","slug":"textos-y-estudios-del-siglo-xviii","status":"publish","type":"page","link":"https:\/\/www.unioviedo.es\/IFESXVIII_digital\/?page_id=79","title":{"rendered":"Textos y estudios del siglo XVIII"},"content":{"rendered":"\t\t<div data-elementor-type=\"wp-page\" data-elementor-id=\"79\" class=\"elementor elementor-79\">\n\t\t\t\t\t\t<section class=\"elementor-section elementor-top-section elementor-element elementor-element-516c5d1 elementor-section-boxed elementor-section-height-default elementor-section-height-default\" data-id=\"516c5d1\" data-element_type=\"section\" data-e-type=\"section\">\n\t\t\t\t\t\t<div class=\"elementor-container elementor-column-gap-default\">\n\t\t\t\t\t<div class=\"elementor-column elementor-col-100 elementor-top-column elementor-element elementor-element-dd04409\" data-id=\"dd04409\" data-element_type=\"column\" data-e-type=\"column\">\n\t\t\t<div class=\"elementor-widget-wrap elementor-element-populated\">\n\t\t\t\t\t\t<div class=\"elementor-element elementor-element-2d7c1d5 elementor-widget elementor-widget-image\" data-id=\"2d7c1d5\" data-element_type=\"widget\" data-e-type=\"widget\" data-widget_type=\"image.default\">\n\t\t\t\t<div class=\"elementor-widget-container\">\n\t\t\t\t\t\t\t\t\t\t\t\t\t\t\t<img fetchpriority=\"high\" decoding=\"async\" width=\"1100\" height=\"301\" src=\"https:\/\/www.unioviedo.es\/IFESXVIII_digital\/wp-content\/uploads\/2022\/01\/IFEXVIII-Digital-09-textos.png\" class=\"attachment-full size-full wp-image-330\" alt=\"\" srcset=\"https:\/\/www.unioviedo.es\/IFESXVIII_digital\/wp-content\/uploads\/2022\/01\/IFEXVIII-Digital-09-textos.png 1100w, https:\/\/www.unioviedo.es\/IFESXVIII_digital\/wp-content\/uploads\/2022\/01\/IFEXVIII-Digital-09-textos-300x82.png 300w, https:\/\/www.unioviedo.es\/IFESXVIII_digital\/wp-content\/uploads\/2022\/01\/IFEXVIII-Digital-09-textos-1024x280.png 1024w, https:\/\/www.unioviedo.es\/IFESXVIII_digital\/wp-content\/uploads\/2022\/01\/IFEXVIII-Digital-09-textos-768x210.png 768w\" sizes=\"(max-width: 1100px) 100vw, 1100px\" \/>\t\t\t\t\t\t\t\t\t\t\t\t\t\t\t<\/div>\n\t\t\t\t<\/div>\n\t\t\t\t<div class=\"elementor-element elementor-element-655baed elementor-widget__width-initial elementor-widget elementor-widget-text-editor\" data-id=\"655baed\" data-element_type=\"widget\" data-e-type=\"widget\" data-widget_type=\"text-editor.default\">\n\t\t\t\t<div class=\"elementor-widget-container\">\n\t\t\t\t\t\t\t\t\t<p>En el a\u00f1o 2021 la colecci\u00f3n \u00abTextos y estudios del siglo XVIII\u00bb cumpli\u00f3 su cincuentenario, y con tal motivo el IFESXVIII inaugur\u00f3 su colecci\u00f3n digital con objeto de poner a disposici\u00f3n de los interesados los sucesivos tomos de la serie.<\/p><p>Dec\u00eda Jos\u00e9 Miguel Caso Gonz\u00e1lez en 1971 en el primer volumen de estos TESXVIII, que \u00aba la brillantez de un acto p\u00fablico, en el que una gran personalidad expone fulgurantes ideas\u00bb, prefer\u00eda \u00abel trabajo silencioso y recatado de la investigaci\u00f3n\u00bb; y que tal serie se iniciaba para apoyarla, por ser tarea \u00abineludible\u00bb del centro editar obras de referencia in\u00e9ditas o s\u00f3lo disponibles en versiones \u00abdeficientes\u00bb y publicar una serie que acogiera estudios que abordaran los problemas, los hombres y las obras de forma espec\u00edfica y en profundidad. As\u00ed, en 1971 ve\u00edan la luz los dos primeros vol\u00famenes: Caso Gonz\u00e1lez editaba la segunda parte desconocida de las\u00a0<a href=\"https:\/\/www.unioviedo.es\/IFESXVIII_digital\/?page_id=367\"><em>Cartas econ\u00f3mico-pol\u00edticas<\/em>\u00a0<\/a>de Le\u00f3n de Arroyal, y una jovenc\u00edsima Lucienne Domergue (1950-2007) daba a la luz\u00a0<a href=\"https:\/\/www.unioviedo.es\/IFESXVIII_digital\/?page_id=386\"><em>Les d\u00e9m\u00eal\u00e9s de Jovellanos avec I\u2019Inquisition et la Biblioth\u00e8que de l\u2019Instituto<\/em><\/a>.<\/p><p>Eran a\u00f1os en que los dieciochistas ya produc\u00edan estudios \u00abde primera categor\u00eda\u00bb, pero a\u00fan carec\u00edamos de colecciones editoriales espec\u00edficamente dedicadas al siglo XVIII (excepci\u00f3n hecha de los propios <a href=\"https:\/\/reunido.uniovi.es\/index.php\/CESXVIII\/issue\/archive\/3\">\u00abCuadernos de la C\u00e1tedra Feijoo\u00bb<\/a> editados desde 1955), e incluso de revistas especializadas (el\u00a0<a href=\"https:\/\/reunido.uniovi.es\/index.php\/CESXVIII\/issue\/archive\/2\"><em>Bolet\u00edn de Estudios del Siglo XVIII<\/em>\u00a0<\/a>comenzar\u00eda su andadura en 1973).\u00a0<\/p>\t\t\t\t\t\t\t\t<\/div>\n\t\t\t\t<\/div>\n\t\t\t\t<div class=\"elementor-element elementor-element-c3c800d elementor-widget elementor-widget-button\" data-id=\"c3c800d\" data-element_type=\"widget\" data-e-type=\"widget\" data-widget_type=\"button.default\">\n\t\t\t\t<div class=\"elementor-widget-container\">\n\t\t\t\t\t\t\t\t\t<div class=\"elementor-button-wrapper\">\n\t\t\t\t\t<a class=\"elementor-button elementor-button-link elementor-size-sm elementor-animation-grow\" href=\"https:\/\/ifesxviii.uniovi.es\/publicaciones\/colecciones\/textos\">\n\t\t\t\t\t\t<span class=\"elementor-button-content-wrapper\">\n\t\t\t\t\t\t\t\t\t<span class=\"elementor-button-text\">M\u00e1s informaci\u00f3n sobre TESXVIII \/ Serie impresa<\/span>\n\t\t\t\t\t<\/span>\n\t\t\t\t\t<\/a>\n\t\t\t\t<\/div>\n\t\t\t\t\t\t\t\t<\/div>\n\t\t\t\t<\/div>\n\t\t\t\t<div class=\"elementor-element elementor-element-c508c3d elementor-widget elementor-widget-button\" data-id=\"c508c3d\" data-element_type=\"widget\" data-e-type=\"widget\" data-widget_type=\"button.default\">\n\t\t\t\t<div class=\"elementor-widget-container\">\n\t\t\t\t\t\t\t\t\t<div class=\"elementor-button-wrapper\">\n\t\t\t\t\t<a class=\"elementor-button elementor-button-link elementor-size-sm elementor-animation-grow\" href=\"https:\/\/www.unioviedo.es\/IFESXVIII_digital\/?page_id=116\">\n\t\t\t\t\t\t<span class=\"elementor-button-content-wrapper\">\n\t\t\t\t\t\t\t\t\t<span class=\"elementor-button-text\">Acceso a TESXVIII \/ Colecci\u00f3n digital<\/span>\n\t\t\t\t\t<\/span>\n\t\t\t\t\t<\/a>\n\t\t\t\t<\/div>\n\t\t\t\t\t\t\t\t<\/div>\n\t\t\t\t<\/div>\n\t\t\t\t<div class=\"elementor-element elementor-element-9264bb7 elementor-widget elementor-widget-image\" data-id=\"9264bb7\" data-element_type=\"widget\" data-e-type=\"widget\" data-widget_type=\"image.default\">\n\t\t\t\t<div class=\"elementor-widget-container\">\n\t\t\t\t\t\t\t\t\t\t\t\t\t\t\t<img decoding=\"async\" width=\"384\" height=\"71\" src=\"https:\/\/www.unioviedo.es\/IFESXVIII_digital\/wp-content\/uploads\/2022\/01\/Ayuntamiento-Oviedo-2x.png\" class=\"attachment-large size-large wp-image-346\" alt=\"\" srcset=\"https:\/\/www.unioviedo.es\/IFESXVIII_digital\/wp-content\/uploads\/2022\/01\/Ayuntamiento-Oviedo-2x.png 384w, https:\/\/www.unioviedo.es\/IFESXVIII_digital\/wp-content\/uploads\/2022\/01\/Ayuntamiento-Oviedo-2x-300x55.png 300w\" sizes=\"(max-width: 384px) 100vw, 384px\" \/>\t\t\t\t\t\t\t\t\t\t\t\t\t\t\t<\/div>\n\t\t\t\t<\/div>\n\t\t\t\t\t<\/div>\n\t\t<\/div>\n\t\t\t\t\t<\/div>\n\t\t<\/section>\n\t\t\t\t<\/div>\n\t\t","protected":false},"excerpt":{"rendered":"<p>En el a\u00f1o 2021 la colecci\u00f3n \u00abTextos y estudios del siglo XVIII\u00bb cumpli\u00f3 su cincuentenario, y con tal motivo el IFESXVIII inaugur\u00f3 su colecci\u00f3n digital con objeto de poner a disposici\u00f3n de los interesados los sucesivos tomos de la serie. Dec\u00eda Jos\u00e9 Miguel Caso Gonz\u00e1lez en 1971 en el primer volumen de estos TESXVIII, que&hellip;<\/p>\n","protected":false},"author":2,"featured_media":0,"parent":0,"menu_order":0,"comment_status":"closed","ping_status":"closed","template":"","meta":{"footnotes":""},"class_list":["post-79","page","type-page","status-publish","hentry"],"_links":{"self":[{"href":"https:\/\/www.unioviedo.es\/IFESXVIII_digital\/index.php?rest_route=\/wp\/v2\/pages\/79","targetHints":{"allow":["GET"]}}],"collection":[{"href":"https:\/\/www.unioviedo.es\/IFESXVIII_digital\/index.php?rest_route=\/wp\/v2\/pages"}],"about":[{"href":"https:\/\/www.unioviedo.es\/IFESXVIII_digital\/index.php?rest_route=\/wp\/v2\/types\/page"}],"author":[{"embeddable":true,"href":"https:\/\/www.unioviedo.es\/IFESXVIII_digital\/index.php?rest_route=\/wp\/v2\/users\/2"}],"replies":[{"embeddable":true,"href":"https:\/\/www.unioviedo.es\/IFESXVIII_digital\/index.php?rest_route=%2Fwp%2Fv2%2Fcomments&post=79"}],"version-history":[{"count":52,"href":"https:\/\/www.unioviedo.es\/IFESXVIII_digital\/index.php?rest_route=\/wp\/v2\/pages\/79\/revisions"}],"predecessor-version":[{"id":1281,"href":"https:\/\/www.unioviedo.es\/IFESXVIII_digital\/index.php?rest_route=\/wp\/v2\/pages\/79\/revisions\/1281"}],"wp:attachment":[{"href":"https:\/\/www.unioviedo.es\/IFESXVIII_digital\/index.php?rest_route=%2Fwp%2Fv2%2Fmedia&parent=79"}],"curies":[{"name":"wp","href":"https:\/\/api.w.org\/{rel}","templated":true}]}}