{"id":910,"date":"2023-12-11T15:58:38","date_gmt":"2023-12-11T15:58:38","guid":{"rendered":"https:\/\/www.unioviedo.es\/IFESXVIII_digital\/?page_id=910"},"modified":"2024-11-12T13:03:20","modified_gmt":"2024-11-12T13:03:20","slug":"ediciones-ifesxviii-otros-titulos","status":"publish","type":"page","link":"https:\/\/www.unioviedo.es\/IFESXVIII_digital\/?page_id=910","title":{"rendered":"Ediciones IFESXVIII. Otros t\u00edtulos"},"content":{"rendered":"\t\t<div data-elementor-type=\"wp-page\" data-elementor-id=\"910\" class=\"elementor elementor-910\">\n\t\t\t\t\t\t<section class=\"elementor-section elementor-top-section elementor-element elementor-element-516c5d1 elementor-section-boxed elementor-section-height-default elementor-section-height-default\" data-id=\"516c5d1\" data-element_type=\"section\" data-e-type=\"section\">\n\t\t\t\t\t\t<div class=\"elementor-container elementor-column-gap-default\">\n\t\t\t\t\t<div class=\"elementor-column elementor-col-100 elementor-top-column elementor-element elementor-element-dd04409\" data-id=\"dd04409\" data-element_type=\"column\" data-e-type=\"column\">\n\t\t\t<div class=\"elementor-widget-wrap elementor-element-populated\">\n\t\t\t\t\t\t<div class=\"elementor-element elementor-element-2d7c1d5 elementor-widget elementor-widget-image\" data-id=\"2d7c1d5\" data-element_type=\"widget\" data-e-type=\"widget\" data-widget_type=\"image.default\">\n\t\t\t\t<div class=\"elementor-widget-container\">\n\t\t\t\t\t\t\t\t\t\t\t\t\t\t\t<img fetchpriority=\"high\" decoding=\"async\" width=\"1100\" height=\"300\" src=\"https:\/\/www.unioviedo.es\/IFESXVIII_digital\/wp-content\/uploads\/2024\/11\/Ediciones-IFESXVIII-Otros-titulos-1.png\" class=\"attachment-full size-full wp-image-1302\" alt=\"\" srcset=\"https:\/\/www.unioviedo.es\/IFESXVIII_digital\/wp-content\/uploads\/2024\/11\/Ediciones-IFESXVIII-Otros-titulos-1.png 1100w, https:\/\/www.unioviedo.es\/IFESXVIII_digital\/wp-content\/uploads\/2024\/11\/Ediciones-IFESXVIII-Otros-titulos-1-300x82.png 300w, https:\/\/www.unioviedo.es\/IFESXVIII_digital\/wp-content\/uploads\/2024\/11\/Ediciones-IFESXVIII-Otros-titulos-1-1024x279.png 1024w, https:\/\/www.unioviedo.es\/IFESXVIII_digital\/wp-content\/uploads\/2024\/11\/Ediciones-IFESXVIII-Otros-titulos-1-768x209.png 768w\" sizes=\"(max-width: 1100px) 100vw, 1100px\" \/>\t\t\t\t\t\t\t\t\t\t\t\t\t\t\t<\/div>\n\t\t\t\t<\/div>\n\t\t\t\t<div class=\"elementor-element elementor-element-655baed elementor-widget elementor-widget-text-editor\" data-id=\"655baed\" data-element_type=\"widget\" data-e-type=\"widget\" data-widget_type=\"text-editor.default\">\n\t\t\t\t<div class=\"elementor-widget-container\">\n\t\t\t\t\t\t\t\t\t<p>Adem\u00e1s de los t\u00edtulos de sus series principales (<a href=\"https:\/\/www.unioviedo.es\/IFESXVIII_digital\/?page_id=79\">Textos y Estudios del Siglo XVIII<\/a>, <a href=\"https:\/\/ifesxviii.uniovi.es\/publicaciones\/colecciones\/autoresepanyoles\/jovellanos\">Biblioteca de Autores Espa\u00f1oles del Siglo XVIII<\/a>), el Instituto Feijoo de Estudios del Siglo XVIII ha ido dando cabida entre sus publicaciones a otros vol\u00famenes fuera de colecci\u00f3n, normalmente aparecidos en coedici\u00f3n. Es el caso, por ejemplo, de\u00a0<a href=\"https:\/\/www.unioviedo.es\/IFESXVIII_digital\/?page_id=927\"><em>Los \u00abSue\u00f1os\u00bb de Diego de Torres Villarroel<\/em>\u00a0<\/a>(IFESXVIII \/ Universidad de Salamanca), que recoge lo fundamental de los resultados de investigaci\u00f3n de la tesis doctoral de Emilio Mart\u00ednez Mata; o de\u00a0<a href=\"https:\/\/www.unioviedo.es\/IFESXVIII_digital\/?page_id=940\"><em>Le\u00f3n de Arroyal o la aventura del intelectual ilustrado<\/em>\u00a0<\/a>(IFESXVIIII \/ Universidad de Granada), de Jos\u00e9 Pallar\u00e9s Moreno, que asimismo procede de su trabajo de doctorado. Otros t\u00edtulos de esta l\u00ednea de publicaciones son el libro colectivo coordinado por Fernando Dur\u00e1n L\u00f3pez y Alberto Romero Ferrer,\u00a0<a href=\"https:\/\/www.unioviedo.es\/IFESXVIII_digital\/?page_id=1227\"><em>Hab\u00eda bajado de Saturno. Diez calas en la obra de Jos\u00e9 de Vargas Ponce seguidas de un op\u00fasculo in\u00e9dito del mismo autor<\/em><\/a>\u00a0(IFESXVIII \/ Universidad de C\u00e1diz); la monograf\u00eda de Guillermo Fern\u00e1ndez Ortiz sobre \u00a0<a href=\"https:\/\/www.unioviedo.es\/IFESXVIII_digital\/?page_id=1232\"><em>Jovellanos en los archivos<\/em><\/a> (IFESXVIII \/ Ediciones Trea); o el compendio de Inmaculada Urzainqui dedicado a <a href=\"https:\/\/www.unioviedo.es\/IFESXVIII_digital\/?page_id=1231\"><em>La Rep\u00fablica de la Prensa: peri\u00f3dicos y periodistas en la Espa\u00f1a del siglo XVIII<\/em><\/a><em>.<\/em><\/p>\t\t\t\t\t\t\t\t<\/div>\n\t\t\t\t<\/div>\n\t\t\t\t<div class=\"elementor-element elementor-element-c508c3d elementor-widget elementor-widget-button\" data-id=\"c508c3d\" data-element_type=\"widget\" data-e-type=\"widget\" data-widget_type=\"button.default\">\n\t\t\t\t<div class=\"elementor-widget-container\">\n\t\t\t\t\t\t\t\t\t<div class=\"elementor-button-wrapper\">\n\t\t\t\t\t<a class=\"elementor-button elementor-button-link elementor-size-sm elementor-animation-grow\" href=\"https:\/\/www.unioviedo.es\/IFESXVIII_digital\/?page_id=916\">\n\t\t\t\t\t\t<span class=\"elementor-button-content-wrapper\">\n\t\t\t\t\t\t\t\t\t<span class=\"elementor-button-text\">Acceso a Ediciones IFESXVIII. Otros t\u00edtulos<\/span>\n\t\t\t\t\t<\/span>\n\t\t\t\t\t<\/a>\n\t\t\t\t<\/div>\n\t\t\t\t\t\t\t\t<\/div>\n\t\t\t\t<\/div>\n\t\t\t\t<div class=\"elementor-element elementor-element-9264bb7 elementor-widget elementor-widget-image\" data-id=\"9264bb7\" data-element_type=\"widget\" data-e-type=\"widget\" data-widget_type=\"image.default\">\n\t\t\t\t<div class=\"elementor-widget-container\">\n\t\t\t\t\t\t\t\t\t\t\t\t\t\t\t<img decoding=\"async\" width=\"384\" height=\"71\" src=\"https:\/\/www.unioviedo.es\/IFESXVIII_digital\/wp-content\/uploads\/2022\/01\/Ayuntamiento-Oviedo-2x.png\" class=\"attachment-large size-large wp-image-346\" alt=\"\" srcset=\"https:\/\/www.unioviedo.es\/IFESXVIII_digital\/wp-content\/uploads\/2022\/01\/Ayuntamiento-Oviedo-2x.png 384w, https:\/\/www.unioviedo.es\/IFESXVIII_digital\/wp-content\/uploads\/2022\/01\/Ayuntamiento-Oviedo-2x-300x55.png 300w\" sizes=\"(max-width: 384px) 100vw, 384px\" \/>\t\t\t\t\t\t\t\t\t\t\t\t\t\t\t<\/div>\n\t\t\t\t<\/div>\n\t\t\t\t\t<\/div>\n\t\t<\/div>\n\t\t\t\t\t<\/div>\n\t\t<\/section>\n\t\t\t\t<\/div>\n\t\t","protected":false},"excerpt":{"rendered":"<p>Adem\u00e1s de los t\u00edtulos de sus series principales (Textos y Estudios del Siglo XVIII, Biblioteca de Autores Espa\u00f1oles del Siglo XVIII), el Instituto Feijoo de Estudios del Siglo XVIII ha ido dando cabida entre sus publicaciones a otros vol\u00famenes fuera de colecci\u00f3n, normalmente aparecidos en coedici\u00f3n. Es el caso, por ejemplo, de\u00a0Los \u00abSue\u00f1os\u00bb de Diego&hellip;<\/p>\n","protected":false},"author":2,"featured_media":0,"parent":0,"menu_order":0,"comment_status":"closed","ping_status":"closed","template":"","meta":{"footnotes":""},"class_list":["post-910","page","type-page","status-publish","hentry"],"_links":{"self":[{"href":"https:\/\/www.unioviedo.es\/IFESXVIII_digital\/index.php?rest_route=\/wp\/v2\/pages\/910","targetHints":{"allow":["GET"]}}],"collection":[{"href":"https:\/\/www.unioviedo.es\/IFESXVIII_digital\/index.php?rest_route=\/wp\/v2\/pages"}],"about":[{"href":"https:\/\/www.unioviedo.es\/IFESXVIII_digital\/index.php?rest_route=\/wp\/v2\/types\/page"}],"author":[{"embeddable":true,"href":"https:\/\/www.unioviedo.es\/IFESXVIII_digital\/index.php?rest_route=\/wp\/v2\/users\/2"}],"replies":[{"embeddable":true,"href":"https:\/\/www.unioviedo.es\/IFESXVIII_digital\/index.php?rest_route=%2Fwp%2Fv2%2Fcomments&post=910"}],"version-history":[{"count":13,"href":"https:\/\/www.unioviedo.es\/IFESXVIII_digital\/index.php?rest_route=\/wp\/v2\/pages\/910\/revisions"}],"predecessor-version":[{"id":1305,"href":"https:\/\/www.unioviedo.es\/IFESXVIII_digital\/index.php?rest_route=\/wp\/v2\/pages\/910\/revisions\/1305"}],"wp:attachment":[{"href":"https:\/\/www.unioviedo.es\/IFESXVIII_digital\/index.php?rest_route=%2Fwp%2Fv2%2Fmedia&parent=910"}],"curies":[{"name":"wp","href":"https:\/\/api.w.org\/{rel}","templated":true}]}}