{"id":1306,"date":"2022-01-18T10:08:33","date_gmt":"2022-01-18T10:08:33","guid":{"rendered":"https:\/\/www.unioviedo.es\/IUOPA\/?page_id=1306"},"modified":"2023-07-24T17:15:24","modified_gmt":"2023-07-24T15:15:24","slug":"histopatologia-molecular-en-modelos-animales-de-cancer","status":"publish","type":"page","link":"https:\/\/www.unioviedo.es\/IUOPA\/investigacion\/histopatologia-molecular-en-modelos-animales-de-cancer\/","title":{"rendered":"Histopatolog\u00eda molecular en modelos animales de c\u00e1ncer"},"content":{"rendered":"<p><div class=\"fusion-fullwidth fullwidth-box fusion-builder-row-1 fusion-flex-container nonhundred-percent-fullwidth non-hundred-percent-height-scrolling\" style=\"background-color: #f8f8f8;background-position: center center;background-repeat: no-repeat;border-width: 0px 0px 0px 0px;border-color:#eae9e9;border-style:solid;\" ><div class=\"fusion-builder-row fusion-row fusion-flex-align-items-flex-start\" style=\"max-width:1216.8px;margin-left: calc(-4% \/ 2 );margin-right: calc(-4% \/ 2 );\"><div class=\"fusion-layout-column fusion_builder_column fusion-builder-column-0 fusion_builder_column_1_2 1_2 fusion-flex-column\"><div class=\"fusion-column-wrapper fusion-flex-justify-content-center fusion-content-layout-column\" style=\"background-position:left top;background-repeat:no-repeat;-webkit-background-size:cover;-moz-background-size:cover;-o-background-size:cover;background-size:cover;padding: 0px 0px 0px 0px;\"><style type=\"text\/css\">@media only screen and (max-width:1024px) {.fusion-title.fusion-title-1{margin-top:0px!important; margin-right:0px!important;margin-bottom:31px!important;margin-left:0px!important;}}@media only screen and (max-width:640px) {.fusion-title.fusion-title-1{margin-top:0px!important; margin-right:0px!important;margin-bottom:20px!important; margin-left:0px!important;}}<\/style><div class=\"fusion-title title fusion-title-1 fusion-sep-none fusion-title-text fusion-title-size-two\" style=\"font-size:14px;margin-top:0px;margin-right:0px;margin-bottom:31px;margin-left:0px;\"><h2 class=\"title-heading-left fusion-responsive-typography-calculated\" style=\"margin:0;font-size:1em;--fontSize:14;--minFontSize:14px;line-height:1.3;\"><p><strong>JEFE DE GRUPO<\/strong><br \/>\n&#8211;<\/p>\n<p><strong>LOCALIZACI\u00d3N<\/strong><br \/>\n7\u00aa planta, laboratorio L19, Facultad de Medicina, C\/Juli\u00e1n Claver\u00eda s\/n, 33006, Oviedo (Espa\u00f1a).<\/p><\/h2><\/div><div class=\"fusion-separator\" style=\"align-self: flex-start;margin-right:auto;margin-bottom:30px;width:100%;max-width:100px;\"><div class=\"fusion-separator-border sep-single sep-solid\" style=\"border-color:#25afb4;border-top-width:2px;\"><\/div><\/div><div class=\"fusion-separator fusion-full-width-sep\" style=\"align-self: center;margin-left: auto;margin-right: auto;margin-top:7px;width:100%;\"><\/div><div class=\"fusion-text fusion-text-1\"><p><strong>L\u00cdNEAS DE INVESTIGACI\u00d3N<\/strong><\/p>\n<p>La Unidad de Histopatolog\u00eda Molecular de Modelos Animales del IUOPA naci\u00f3 en el a\u00f1o 2002 como una extensi\u00f3n del Banco de Tumores del Hospital Universitario Central de Asturias (Espa\u00f1a).<\/p>\n<\/div><\/div><style type=\"text\/css\">.fusion-body .fusion-builder-column-0{width:50% !important;margin-top : 0px;margin-bottom : 0px;}.fusion-builder-column-0 > .fusion-column-wrapper {padding-top : 0px !important;padding-right : 0px !important;margin-right : 3.84%;padding-bottom : 0px !important;padding-left : 0px !important;margin-left : 3.84%;}@media only screen and (max-width:1024px) {.fusion-body .fusion-builder-column-0{width:100% !important;order : 1;}.fusion-builder-column-0 > .fusion-column-wrapper {margin-right : 2.88%;margin-left : 2.88%;}}@media only screen and (max-width:640px) {.fusion-body .fusion-builder-column-0{width:100% !important;margin-bottom : 6%;}.fusion-builder-column-0 > .fusion-column-wrapper {margin-right : 1.92%;margin-left : 1.92%;}}<\/style><\/div><div class=\"fusion-layout-column fusion_builder_column fusion-builder-column-1 fusion_builder_column_1_2 1_2 fusion-flex-column\"><div class=\"fusion-column-wrapper fusion-flex-justify-content-center fusion-content-layout-column\" style=\"background-position:left top;background-repeat:no-repeat;-webkit-background-size:cover;-moz-background-size:cover;-o-background-size:cover;background-size:cover;padding: 0px 0px 0px 0px;\"><div class=\"fusion-separator\" style=\"align-self: flex-start;margin-right:auto;margin-bottom:120px;width:100%;max-width:100px;\"><\/div><\/div><style type=\"text\/css\">.fusion-body .fusion-builder-column-1{width:50% !important;margin-top : 0px;margin-bottom : 0px;}.fusion-builder-column-1 > .fusion-column-wrapper {padding-top : 0px !important;padding-right : 0px !important;margin-right : 3.84%;padding-bottom : 0px !important;padding-left : 0px !important;margin-left : 3.84%;}@media only screen and (max-width:1024px) {.fusion-body .fusion-builder-column-1{width:100% !important;order : 1;}.fusion-builder-column-1 > .fusion-column-wrapper {margin-right : 2.88%;margin-left : 2.88%;}}@media only screen and (max-width:640px) {.fusion-body .fusion-builder-column-1{width:100% !important;margin-bottom : 6%;}.fusion-builder-column-1 > .fusion-column-wrapper {margin-right : 1.92%;margin-left : 1.92%;}}<\/style><\/div><\/div><style type=\"text\/css\">.fusion-body .fusion-flex-container.fusion-builder-row-1{ padding-top : 70px;margin-top : 0px;padding-right : 30px;padding-bottom : 70px;margin-bottom : 0px;padding-left : 30px;}<\/style><\/div><div class=\"fusion-fullwidth fullwidth-box fusion-builder-row-2 fusion-flex-container nonhundred-percent-fullwidth non-hundred-percent-height-scrolling\" style=\"background-color: #ffffff;background-position: center center;background-repeat: no-repeat;border-width: 0px 0px 0px 0px;border-color:#eae9e9;border-style:solid;\" ><div class=\"fusion-builder-row fusion-row fusion-flex-align-items-flex-start\" style=\"max-width:1216.8px;margin-left: calc(-4% \/ 2 );margin-right: calc(-4% \/ 2 );\"><div class=\"fusion-layout-column fusion_builder_column fusion-builder-column-2 fusion_builder_column_1_2 1_2 fusion-flex-column\"><div class=\"fusion-column-wrapper fusion-flex-justify-content-flex-start fusion-content-layout-column\" style=\"background-position:left top;background-repeat:no-repeat;-webkit-background-size:cover;-moz-background-size:cover;-o-background-size:cover;background-size:cover;padding: 0px 0px 0px 0px;\"><div class=\"fusion-text fusion-text-2\"><p>Este laboratorio es un servicio com\u00fan del que pueden hacer uso tanto los miembros del IUOPA como el personal de la Universidad de Oviedo. Con las mismas prestaciones que un servicio de Anatom\u00eda Patol\u00f3gica, se encarga del procesamiento de muestras y de su posterior estudio anatomopatol\u00f3gico.<\/p>\n<\/div><\/div><style type=\"text\/css\">.fusion-body .fusion-builder-column-2{width:50% !important;margin-top : 0px;margin-bottom : 0px;}.fusion-builder-column-2 > .fusion-column-wrapper {padding-top : 0px !important;padding-right : 0px !important;margin-right : 3.84%;padding-bottom : 0px !important;padding-left : 0px !important;margin-left : 3.84%;}@media only screen and (max-width:1024px) {.fusion-body .fusion-builder-column-2{width:100% !important;order : 0;}.fusion-builder-column-2 > .fusion-column-wrapper {margin-right : 1.92%;margin-left : 1.92%;}}@media only screen and (max-width:640px) {.fusion-body .fusion-builder-column-2{width:100% !important;order : 0;}.fusion-builder-column-2 > .fusion-column-wrapper {margin-right : 1.92%;margin-left : 1.92%;}}<\/style><\/div><div class=\"fusion-layout-column fusion_builder_column fusion-builder-column-3 fusion_builder_column_1_2 1_2 fusion-flex-column\"><div class=\"fusion-column-wrapper fusion-flex-justify-content-flex-start fusion-content-layout-column\" style=\"background-position:left top;background-repeat:no-repeat;-webkit-background-size:cover;-moz-background-size:cover;-o-background-size:cover;background-size:cover;padding: 0px 0px 0px 0px;\"><div style=\"text-align:center;\"><span class=\" fusion-imageframe imageframe-none imageframe-1 hover-type-none\"><img decoding=\"async\" width=\"900\" height=\"675\" title=\"Foto-1-Personal-de-la-Unidad-trabajando\" src=\"https:\/\/www.unioviedo.es\/IUOPA\/wp-content\/uploads\/2022\/01\/Foto-1-Personal-de-la-Unidad-trabajando.jpg\" data-orig-src=\"https:\/\/www.unioviedo.es\/IUOPA\/wp-content\/uploads\/2022\/01\/Foto-1-Personal-de-la-Unidad-trabajando.jpg\" alt class=\"lazyload img-responsive wp-image-1323\" srcset=\"data:image\/svg+xml,%3Csvg%20xmlns%3D%27http%3A%2F%2Fwww.w3.org%2F2000%2Fsvg%27%20width%3D%27900%27%20height%3D%27675%27%20viewBox%3D%270%200%20900%20675%27%3E%3Crect%20width%3D%27900%27%20height%3D%27675%27%20fill-opacity%3D%220%22%2F%3E%3C%2Fsvg%3E\" data-srcset=\"https:\/\/www.unioviedo.es\/IUOPA\/wp-content\/uploads\/2022\/01\/Foto-1-Personal-de-la-Unidad-trabajando-200x150.jpg 200w, https:\/\/www.unioviedo.es\/IUOPA\/wp-content\/uploads\/2022\/01\/Foto-1-Personal-de-la-Unidad-trabajando-400x300.jpg 400w, https:\/\/www.unioviedo.es\/IUOPA\/wp-content\/uploads\/2022\/01\/Foto-1-Personal-de-la-Unidad-trabajando-600x450.jpg 600w, https:\/\/www.unioviedo.es\/IUOPA\/wp-content\/uploads\/2022\/01\/Foto-1-Personal-de-la-Unidad-trabajando-800x600.jpg 800w, https:\/\/www.unioviedo.es\/IUOPA\/wp-content\/uploads\/2022\/01\/Foto-1-Personal-de-la-Unidad-trabajando.jpg 900w\" data-sizes=\"auto\" data-orig-sizes=\"(max-width: 1024px) 100vw, (max-width: 640px) 100vw, 600px\" \/><\/span><\/div><\/div><style type=\"text\/css\">.fusion-body .fusion-builder-column-3{width:50% !important;margin-top : 0px;margin-bottom : 0px;}.fusion-builder-column-3 > .fusion-column-wrapper {padding-top : 0px !important;padding-right : 0px !important;margin-right : 3.84%;padding-bottom : 0px !important;padding-left : 0px !important;margin-left : 3.84%;}@media only screen and (max-width:1024px) {.fusion-body .fusion-builder-column-3{width:100% !important;order : 0;}.fusion-builder-column-3 > .fusion-column-wrapper {margin-right : 1.92%;margin-left : 1.92%;}}@media only screen and (max-width:640px) {.fusion-body .fusion-builder-column-3{width:100% !important;order : 0;}.fusion-builder-column-3 > .fusion-column-wrapper {margin-right : 1.92%;margin-left : 1.92%;}}<\/style><\/div><\/div><style type=\"text\/css\">.fusion-body .fusion-flex-container.fusion-builder-row-2{ padding-top : 70px;margin-top : 0px;padding-right : 30px;padding-bottom : 50px;margin-bottom : 0px;padding-left : 30px;}<\/style><\/div><div class=\"fusion-fullwidth fullwidth-box fusion-builder-row-3 fusion-flex-container nonhundred-percent-fullwidth non-hundred-percent-height-scrolling\" style=\"background-color: #f8f8f8;background-position: center center;background-repeat: no-repeat;border-width: 0px 0px 0px 0px;border-color:#eae9e9;border-style:solid;\" ><div class=\"fusion-builder-row fusion-row fusion-flex-align-items-flex-start\" style=\"max-width:1216.8px;margin-left: calc(-4% \/ 2 );margin-right: calc(-4% \/ 2 );\"><div class=\"fusion-layout-column fusion_builder_column fusion-builder-column-4 fusion_builder_column_1_1 1_1 fusion-flex-column\"><div class=\"fusion-column-wrapper fusion-flex-justify-content-flex-start fusion-content-layout-column\" style=\"background-position:left top;background-repeat:no-repeat;-webkit-background-size:cover;-moz-background-size:cover;-o-background-size:cover;background-size:cover;padding: 0px 0px 0px 0px;\"><div class=\"fusion-text fusion-text-3\"><p><strong>BIOGRAF\u00cdA DEL JEFE DE GRUPO<\/strong><\/p>\n<p>Dr. Aurora Astudillo es m\u00e9dico especialista en Anatom\u00eda Patol\u00f3gica y Jefe de Servicio de Anatom\u00eda Patol\u00f3gica de Hospital Universitario Central de Asturias (Espa\u00f1a), profesora titular en la Universidad de Oviedo y Directora del Instituto Universitario de Oncolog\u00eda del Principado de Asturias desde del a\u00f1o 2013. Adem\u00e1s, dirige el Biobanco del Hospital Universitario Central de Asturias, m\u00faltiples tesis doctorales, participa en grupos de investigaci\u00f3n, docencia y formaci\u00f3n de estudiantes de medicina y m\u00e9dicos internos residentes.<\/p>\n<\/div><\/div><style type=\"text\/css\">.fusion-body .fusion-builder-column-4{width:100% !important;margin-top : 0px;margin-bottom : 0px;}.fusion-builder-column-4 > .fusion-column-wrapper {padding-top : 0px !important;padding-right : 0px !important;margin-right : 1.92%;padding-bottom : 0px !important;padding-left : 0px !important;margin-left : 1.92%;}@media only screen and (max-width:1024px) {.fusion-body .fusion-builder-column-4{width:100% !important;order : 0;}.fusion-builder-column-4 > .fusion-column-wrapper {margin-right : 1.92%;margin-left : 1.92%;}}@media only screen and (max-width:640px) {.fusion-body .fusion-builder-column-4{width:100% !important;order : 0;}.fusion-builder-column-4 > .fusion-column-wrapper {margin-right : 1.92%;margin-left : 1.92%;}}<\/style><\/div><\/div><style type=\"text\/css\">.fusion-body .fusion-flex-container.fusion-builder-row-3{ padding-top : 70px;margin-top : 0px;padding-right : 30px;padding-bottom : 70px;margin-bottom : 0px;padding-left : 30px;}<\/style><\/div><div class=\"fusion-fullwidth fullwidth-box fusion-builder-row-4 fusion-flex-container nonhundred-percent-fullwidth non-hundred-percent-height-scrolling\" style=\"background-color: #ffffff;background-position: center center;background-repeat: no-repeat;border-width: 0px 0px 0px 0px;border-color:#eae9e9;border-style:solid;\" ><div class=\"fusion-builder-row fusion-row fusion-flex-align-items-flex-start\" style=\"max-width:1216.8px;margin-left: calc(-4% \/ 2 );margin-right: calc(-4% \/ 2 );\"><div class=\"fusion-layout-column fusion_builder_column fusion-builder-column-5 fusion_builder_column_1_1 1_1 fusion-flex-column\"><div class=\"fusion-column-wrapper fusion-flex-justify-content-flex-start fusion-content-layout-column\" style=\"background-position:left top;background-repeat:no-repeat;-webkit-background-size:cover;-moz-background-size:cover;-o-background-size:cover;background-size:cover;padding: 0px 0px 0px 0px;\"><div class=\"fusion-text fusion-text-4\"><p><strong>PUBLICACIONES SELECCIONADAS<\/strong><\/p>\n<ul>\n<li>Porrero Guerrero, J.F. V\u00e1zquez Villa, MT Fern\u00e1ndez Garc\u00eda, E. Fernando Mac\u00edas, C. L\u00f3pez Ar\u00e9valo, E. Garc\u00eda P\u00e9rez, L. Su\u00e1rez Fern\u00e1ndez, V. Garc\u00eda de la Fuente, A. G\u00f3mez Pinillos, C. Garc\u00eda Pravia, M. Garc\u00eda Oca\u00f1a, J. R. de los Toyos, L. Barneo Serra; Influence of mesenchymal cells at the tumor growth in a model animal orthotopic xenograft of human pancreatic adenocarcinoma; Abstract; British Journal of Surgery; volumen 102 (S3); p\u00e1g. 1-26; 2015.<\/li>\n<li>L\u00f3pez Ar\u00e9valo, M.T. Fern\u00e1ndez Garc\u00eda, J.F. V\u00e1zquez Villa, E. Fernando Mac\u00edas, B. Porrero Guerrero, E. Garc\u00eda P\u00e9rez,V. Garc\u00eda de la Fuente, M. Garc\u00eda Oca\u00f1a, A. G\u00f3mez Pinillos, L. Barneo Serra; Advanced\u00a0 Human Colon Cancer Animal Model; British Journal of Surgery; Abstract; volumen 102 (S3); p\u00e1g. 1-26; 2015<\/li>\n<li>Llori\u00e1n Salvador, M. Pevida, M.T. Fern\u00e1ndez Garc\u00eda, A. Lastra; A. Obaya, S. Cal, A. Hidalgo, L. Men\u00e9ndez, A. Baamonde; Hypernociceptive responses following the intratibial inoculation of RM1 prostate cancer cells in mice; A; The prostate; volumen: 75 (1); p\u00e1g. 70-83; 2015.<\/li>\n<li>Fernando Mac\u00edas; B. Porrero Guerrero; C.L\u00f3pez Ar\u00e9valo; P. Ugalde Serrano; E. Garc\u00eda P\u00e9rez; MT. Fern\u00e1ndez Garc\u00eda; J. Garc\u00eda Mart\u00ednez; J.A. Galv\u00e1n Hern\u00e1ndez; J.F. V\u00e1zquez Villa; L. Barneo Serra. Abstracts of the 19th Congress of the Spanish Society for Surgical Research. Xenografts models of human colon cancer. British Journal of Surgery. 101 (Suppl.1), pp. 1-14 (2014).<\/li>\n<li>Porrero Guerrero; MT Fern\u00e1ndez Garc\u00eda; J.A. Galv\u00e1n Hern\u00e1ndez; C. L\u00f3pez Ar\u00e9valo; E. Fernando Mac\u00edas; P. Ugalde Serrano; J.F. V\u00e1zquez Villa; C. Garc\u00eda Pravia; L. Barneo Serra. Abstracts of the 19th Congress of the Spanish Society for Surgical Research. A new model of treatment for pancreatic cancer: effect of recombinant protein BMP7. British Journal of Surgery. 101 (Suppl.1), pp. 1-14 (2014)<\/li>\n<\/ul>\n<\/div><div style=\"text-align:center;\"><style>.fusion-imageframe.imageframe-2{ margin-top : 10px;margin-bottom : 30px;}<\/style><span class=\" fusion-imageframe imageframe-none imageframe-2 hover-type-none\"><img decoding=\"async\" width=\"900\" height=\"720\" title=\"histopatologiaTeam\" src=\"https:\/\/www.unioviedo.es\/IUOPA\/wp-content\/uploads\/2023\/06\/histopatologiaTeam.jpg\" data-orig-src=\"https:\/\/www.unioviedo.es\/IUOPA\/wp-content\/uploads\/2023\/06\/histopatologiaTeam.jpg\" alt class=\"lazyload img-responsive wp-image-2732\" srcset=\"data:image\/svg+xml,%3Csvg%20xmlns%3D%27http%3A%2F%2Fwww.w3.org%2F2000%2Fsvg%27%20width%3D%27900%27%20height%3D%27720%27%20viewBox%3D%270%200%20900%20720%27%3E%3Crect%20width%3D%27900%27%20height%3D%27720%27%20fill-opacity%3D%220%22%2F%3E%3C%2Fsvg%3E\" data-srcset=\"https:\/\/www.unioviedo.es\/IUOPA\/wp-content\/uploads\/2023\/06\/histopatologiaTeam-200x160.jpg 200w, https:\/\/www.unioviedo.es\/IUOPA\/wp-content\/uploads\/2023\/06\/histopatologiaTeam-400x320.jpg 400w, https:\/\/www.unioviedo.es\/IUOPA\/wp-content\/uploads\/2023\/06\/histopatologiaTeam-600x480.jpg 600w, https:\/\/www.unioviedo.es\/IUOPA\/wp-content\/uploads\/2023\/06\/histopatologiaTeam-800x640.jpg 800w, https:\/\/www.unioviedo.es\/IUOPA\/wp-content\/uploads\/2023\/06\/histopatologiaTeam.jpg 900w\" data-sizes=\"auto\" data-orig-sizes=\"(max-width: 1024px) 100vw, (max-width: 640px) 100vw, 900px\" \/><\/span><\/div><\/div><style type=\"text\/css\">.fusion-body .fusion-builder-column-5{width:100% !important;margin-top : 0px;margin-bottom : 0px;}.fusion-builder-column-5 > .fusion-column-wrapper {padding-top : 0px !important;padding-right : 0px !important;margin-right : 1.92%;padding-bottom : 0px !important;padding-left : 0px !important;margin-left : 1.92%;}@media only screen and (max-width:1024px) {.fusion-body .fusion-builder-column-5{width:100% !important;order : 0;}.fusion-builder-column-5 > .fusion-column-wrapper {margin-right : 1.92%;margin-left : 1.92%;}}@media only screen and (max-width:640px) {.fusion-body .fusion-builder-column-5{width:100% !important;order : 0;}.fusion-builder-column-5 > .fusion-column-wrapper {margin-right : 1.92%;margin-left : 1.92%;}}<\/style><\/div><\/div><style type=\"text\/css\">.fusion-body .fusion-flex-container.fusion-builder-row-4{ padding-top : 70px;margin-top : 0px;padding-right : 30px;padding-bottom : 70px;margin-bottom : 0px;padding-left : 30px;}<\/style><\/div><div class=\"fusion-fullwidth fullwidth-box fusion-builder-row-5 fusion-flex-container nonhundred-percent-fullwidth non-hundred-percent-height-scrolling\" style=\"background-color: rgba(255,255,255,0);background-position: center center;background-repeat: no-repeat;border-width: 0px 0px 0px 0px;border-color:#eae9e9;border-style:solid;\" ><div class=\"fusion-builder-row fusion-row fusion-flex-align-items-flex-start\" style=\"max-width:1216.8px;margin-left: calc(-4% \/ 2 );margin-right: calc(-4% \/ 2 );\"><div class=\"fusion-layout-column fusion_builder_column fusion-builder-column-6 fusion_builder_column_1_1 1_1 fusion-flex-column\"><div class=\"fusion-column-wrapper fusion-flex-justify-content-flex-start fusion-content-layout-column\" style=\"background-position:left top;background-blend-mode: overlay;background-repeat:no-repeat;-webkit-background-size:cover;-moz-background-size:cover;-o-background-size:cover;background-size:cover;padding: 0px 0px 0px 0px;\"><div class=\"fusion-section-separator section-separator triangle fusion-section-separator-1\"><div class=\"fusion-section-separator-svg\" style=\"border-bottom:1px solid #f8f8f8;\"><div class=\"divider-candy-arrow bottom\" style=\"top:0px;border-top-color: #f8f8f8;\"><\/div><div class=\"divider-candy bottom\" style=\"bottom:-21px;border-bottom:1px solid #f8f8f8;border-left:1px solid #f8f8f8;\"><\/div><\/div><div class=\"fusion-section-separator-spacer\"><div class=\"fusion-section-separator-spacer-height\" style=\"height:1px;\"><\/div><\/div><style type=\"text\/css\">.fusion-section-separator-1 .fusion-section-separator-svg {margin-left:1.92%;margin-right:1.92%;}@media only screen and (max-width:1024px) {.fusion-section-separator-1 .fusion-section-separator-svg {margin-left:1.92%;margin-right:1.92%;}}@media only screen and (max-width:640px) {.fusion-section-separator-1 .fusion-section-separator-svg {margin-left:1.92%;margin-right:1.92%;}}<\/style><\/div><\/div><style type=\"text\/css\">.fusion-body .fusion-builder-column-6{width:100% !important;margin-top : 0px;margin-bottom : 0px;}.fusion-builder-column-6 > .fusion-column-wrapper {padding-top : 0px !important;padding-right : 0px !important;margin-right : 1.92%;padding-bottom : 0px !important;padding-left : 0px !important;margin-left : 1.92%;}@media only screen and (max-width:1024px) {.fusion-body .fusion-builder-column-6{width:100% !important;}.fusion-builder-column-6 > .fusion-column-wrapper {margin-right : 1.92%;margin-left : 1.92%;}}@media only screen and (max-width:640px) {.fusion-body .fusion-builder-column-6{width:100% !important;}.fusion-builder-column-6 > .fusion-column-wrapper {margin-right : 1.92%;margin-left : 1.92%;}}<\/style><\/div><\/div><style type=\"text\/css\">.fusion-body .fusion-flex-container.fusion-builder-row-5{ padding-top : 0px;margin-top : 0px;padding-right : 30px;padding-bottom : 0px;margin-bottom : 0px;padding-left : 30px;}<\/style><\/div><div class=\"fusion-fullwidth fullwidth-box fusion-builder-row-6 fusion-flex-container nonhundred-percent-fullwidth non-hundred-percent-height-scrolling\" style=\"background-color: #e8e8e8;background-position: center center;background-repeat: no-repeat;border-width: 0px 0px 0px 0px;border-color:#eae9e9;border-style:solid;\" ><div class=\"fusion-builder-row fusion-row fusion-flex-align-items-flex-start fusion-flex-justify-content-center\" style=\"max-width:1216.8px;margin-left: calc(-4% \/ 2 );margin-right: calc(-4% \/ 2 );\"><div class=\"fusion-layout-column fusion_builder_column fusion-builder-column-7 fusion_builder_column_1_1 1_1 fusion-flex-column\"><div class=\"fusion-column-wrapper fusion-flex-justify-content-flex-start fusion-content-layout-column\" style=\"background-position:left top;background-repeat:no-repeat;-webkit-background-size:cover;-moz-background-size:cover;-o-background-size:cover;background-size:cover;padding: 0px 0px 0px 0px;\"><style type=\"text\/css\">@media only screen and (max-width:1024px) {.fusion-title.fusion-title-2{margin-top:0px!important; margin-right:0px!important;margin-bottom:31px!important;margin-left:0px!important;}}@media only screen and (max-width:640px) {.fusion-title.fusion-title-2{margin-top:0px!important; margin-right:0px!important;margin-bottom:20px!important; margin-left:0px!important;}}<\/style><div class=\"fusion-title title fusion-title-2 fusion-sep-none fusion-title-center fusion-title-text fusion-title-size-two\" style=\"font-size:60px;margin-top:0px;margin-right:0px;margin-bottom:31px;margin-left:0px;\"><h2 class=\"title-heading-center fusion-responsive-typography-calculated\" style=\"margin:0;font-size:1em;color:#ffffff;--fontSize:60;line-height:1.3;\">Miembros<\/h2><\/div><div class=\"fusion-separator\" style=\"align-self: center;margin-left: auto;margin-right: auto;margin-bottom:30px;width:100%;max-width:100px;\"><div class=\"fusion-separator-border sep-single sep-solid\" style=\"border-color:#ffffff;border-top-width:2px;\"><\/div><\/div><div class=\"fusion-text fusion-text-5\"><table width=\"100%\">\n<tbody>\n<tr>\n<td width=\"179\"><strong>Nombre<\/strong><\/td>\n<td width=\"108\"><strong>Cargo<\/strong><\/td>\n<td width=\"252\"><strong>E-mail<\/strong><\/td>\n<td width=\"200\"><strong>Tel\u00e9fono<\/strong><\/td>\n<\/tr>\n<tr>\n<td>Mar\u00eda \u00c1lvarez Garc\u00eda<\/td>\n<td>T\u00e9cnico de laboratorio<\/td>\n<td><a href=\"mailto:agarciamaria@uniovi.es\">agarciamaria@uniovi.es<\/a><\/td>\n<td>985 10 3000 Ext. 52 59<\/td>\n<\/tr>\n<tr>\n<td>Ana Mar\u00eda L\u00f3pez Fern\u00e1ndez<\/td>\n<td>T\u00e9cnico de laboratorio<\/td>\n<td><a href=\"mailto:lopezfana@uniovi.es\">lopezfana@uniovi.es<\/a><\/td>\n<td>985 10 3000 Ext. 52 57<\/td>\n<\/tr>\n<tr>\n<td>Luc\u00eda Ronderos L\u00f3pez<\/td>\n<td>T\u00e9cnico de laboratorio<\/td>\n<td><a href=\"mailto:ronderoslucia@uniovi.es\">ronderoslucia@uniovi.es<\/a><\/td>\n<td>985 10 3000 Ext. 52 57<\/td>\n<\/tr>\n<\/tbody>\n<\/table>\n<\/div><div class=\"fusion-separator fusion-full-width-sep\" style=\"align-self: center;margin-left: auto;margin-right: auto;margin-top:20px;width:100%;\"><\/div><\/div><style type=\"text\/css\">.fusion-body .fusion-builder-column-7{width:100% !important;margin-top : 0px;margin-bottom : 0px;}.fusion-builder-column-7 > .fusion-column-wrapper {padding-top : 0px !important;padding-right : 0px !important;margin-right : 1.92%;padding-bottom : 0px !important;padding-left : 0px !important;margin-left : 1.92%;}@media only screen and (max-width:1024px) {.fusion-body .fusion-builder-column-7{width:100% !important;}.fusion-builder-column-7 > .fusion-column-wrapper {margin-right : 1.92%;margin-left : 1.92%;}}@media only screen and (max-width:640px) {.fusion-body .fusion-builder-column-7{width:100% !important;}.fusion-builder-column-7 > .fusion-column-wrapper {margin-right : 1.92%;margin-left : 1.92%;}}<\/style><\/div><\/div><style type=\"text\/css\">.fusion-body .fusion-flex-container.fusion-builder-row-6{ padding-top : 70px;margin-top : 0px;padding-right : 30px;padding-bottom : 70px;margin-bottom : 0px;padding-left : 30px;}<\/style><\/div><\/p>\n","protected":false},"excerpt":{"rendered":"","protected":false},"author":1,"featured_media":0,"parent":15,"menu_order":0,"comment_status":"closed","ping_status":"closed","template":"100-width.php","meta":{"footnotes":""},"class_list":["post-1306","page","type-page","status-publish","hentry"],"_links":{"self":[{"href":"https:\/\/www.unioviedo.es\/IUOPA\/wp-json\/wp\/v2\/pages\/1306","targetHints":{"allow":["GET"]}}],"collection":[{"href":"https:\/\/www.unioviedo.es\/IUOPA\/wp-json\/wp\/v2\/pages"}],"about":[{"href":"https:\/\/www.unioviedo.es\/IUOPA\/wp-json\/wp\/v2\/types\/page"}],"author":[{"embeddable":true,"href":"https:\/\/www.unioviedo.es\/IUOPA\/wp-json\/wp\/v2\/users\/1"}],"replies":[{"embeddable":true,"href":"https:\/\/www.unioviedo.es\/IUOPA\/wp-json\/wp\/v2\/comments?post=1306"}],"version-history":[{"count":10,"href":"https:\/\/www.unioviedo.es\/IUOPA\/wp-json\/wp\/v2\/pages\/1306\/revisions"}],"predecessor-version":[{"id":2817,"href":"https:\/\/www.unioviedo.es\/IUOPA\/wp-json\/wp\/v2\/pages\/1306\/revisions\/2817"}],"up":[{"embeddable":true,"href":"https:\/\/www.unioviedo.es\/IUOPA\/wp-json\/wp\/v2\/pages\/15"}],"wp:attachment":[{"href":"https:\/\/www.unioviedo.es\/IUOPA\/wp-json\/wp\/v2\/media?parent=1306"}],"curies":[{"name":"wp","href":"https:\/\/api.w.org\/{rel}","templated":true}]}}