{"id":1632,"date":"2022-02-02T14:05:04","date_gmt":"2022-02-02T14:05:04","guid":{"rendered":"https:\/\/www.unioviedo.es\/IUOPA\/?page_id=1632"},"modified":"2022-02-02T14:05:04","modified_gmt":"2022-02-02T14:05:04","slug":"introduccion-a-la-historia-y-metodologia-de-la-ciencia","status":"publish","type":"page","link":"https:\/\/www.unioviedo.es\/IUOPA\/en\/teaching\/introduccion-a-la-historia-y-metodologia-de-la-ciencia\/","title":{"rendered":"Introducci\u00f3n a la historia y metodolog\u00eda de la ciencia."},"content":{"rendered":"<p><div class=\"fusion-fullwidth fullwidth-box fusion-builder-row-1 fusion-flex-container nonhundred-percent-fullwidth non-hundred-percent-height-scrolling\" style=\"background-color: #f8f8f8;background-position: center center;background-repeat: no-repeat;border-width: 0px 0px 0px 0px;border-color:#eae9e9;border-style:solid;\" ><div class=\"fusion-builder-row fusion-row fusion-flex-align-items-flex-start\" style=\"max-width:1216.8px;margin-left: calc(-4% \/ 2 );margin-right: calc(-4% \/ 2 );\"><div class=\"fusion-layout-column fusion_builder_column fusion-builder-column-0 fusion_builder_column_1_2 1_2 fusion-flex-column\"><div class=\"fusion-column-wrapper fusion-flex-justify-content-center fusion-content-layout-column\" style=\"background-position:left top;background-repeat:no-repeat;-webkit-background-size:cover;-moz-background-size:cover;-o-background-size:cover;background-size:cover;padding: 0px 0px 0px 0px;\"><style type=\"text\/css\">@media only screen and (max-width:1024px) {.fusion-title.fusion-title-1{margin-top:0px!important; margin-right:0px!important;margin-bottom:31px!important;margin-left:0px!important;}}@media only screen and (max-width:640px) {.fusion-title.fusion-title-1{margin-top:0px!important; margin-right:0px!important;margin-bottom:20px!important; margin-left:0px!important;}}<\/style><div class=\"fusion-title title fusion-title-1 fusion-sep-none fusion-title-text fusion-title-size-two\" style=\"font-size:14px;margin-top:0px;margin-right:0px;margin-bottom:31px;margin-left:0px;\"><h2 class=\"title-heading-left fusion-responsive-typography-calculated\" style=\"margin:0;font-size:1em;--fontSize:14;--minFontSize:14px;line-height:1.3;\"><p><strong>CARACTER<\/strong><br \/>\nObligatoria<\/p>\n<p><strong>DURACI\u00d3N<\/strong><br \/>\n3 ECTSs<\/p>\n<p><strong>PROFESORADO<\/strong><\/p>\n<ul>\n<li>Javier Bordallo Landa &#8211; Profesor Titular de Farmacolog\u00eda &#8211; <a href=\"mailto:bordallojavier@uniovi.es\">bordallojavier@uniovi.es<\/a><\/li>\n<li>Manuel S\u00e1nchez Fern\u00e1ndez &#8211; Profesor Titular de Farmacolog\u00eda &#8211; <a href=\"mailto:sanchezf@uniovi.es\">sanchezf@uniovi.es<\/a><\/li>\n<\/ul><\/h2><\/div><div class=\"fusion-separator\" style=\"align-self: flex-start;margin-right:auto;margin-bottom:30px;width:100%;max-width:100px;\"><div class=\"fusion-separator-border sep-single sep-solid\" style=\"border-color:#25afb4;border-top-width:2px;\"><\/div><\/div><div class=\"fusion-separator fusion-full-width-sep\" style=\"align-self: center;margin-left: auto;margin-right: auto;margin-top:7px;width:100%;\"><\/div><\/div><style type=\"text\/css\">.fusion-body .fusion-builder-column-0{width:50% !important;margin-top : 0px;margin-bottom : 0px;}.fusion-builder-column-0 > .fusion-column-wrapper {padding-top : 0px !important;padding-right : 0px !important;margin-right : 3.84%;padding-bottom : 0px !important;padding-left : 0px !important;margin-left : 3.84%;}@media only screen and (max-width:1024px) {.fusion-body .fusion-builder-column-0{width:100% !important;order : 1;}.fusion-builder-column-0 > .fusion-column-wrapper {margin-right : 2.88%;margin-left : 2.88%;}}@media only screen and (max-width:640px) {.fusion-body .fusion-builder-column-0{width:100% !important;margin-bottom : 6%;}.fusion-builder-column-0 > .fusion-column-wrapper {margin-right : 1.92%;margin-left : 1.92%;}}<\/style><\/div><div class=\"fusion-layout-column fusion_builder_column fusion-builder-column-1 fusion_builder_column_1_2 1_2 fusion-flex-column\"><div class=\"fusion-column-wrapper fusion-flex-justify-content-center fusion-content-layout-column\" style=\"background-position:left top;background-repeat:no-repeat;-webkit-background-size:cover;-moz-background-size:cover;-o-background-size:cover;background-size:cover;padding: 0px 0px 0px 0px;\"><div style=\"text-align:center;\"><span class=\" fusion-imageframe imageframe-none imageframe-1 hover-type-none\"><img decoding=\"async\" width=\"525\" height=\"260\" title=\"imagen_master_historia\" src=\"https:\/\/www.unioviedo.es\/IUOPA\/wp-content\/uploads\/2022\/02\/imagen_master_historia.png\" data-orig-src=\"https:\/\/www.unioviedo.es\/IUOPA\/wp-content\/uploads\/2022\/02\/imagen_master_historia.png\" alt class=\"lazyload img-responsive wp-image-1621\" srcset=\"data:image\/svg+xml,%3Csvg%20xmlns%3D%27http%3A%2F%2Fwww.w3.org%2F2000%2Fsvg%27%20width%3D%27525%27%20height%3D%27260%27%20viewBox%3D%270%200%20525%20260%27%3E%3Crect%20width%3D%27525%27%20height%3D%27260%27%20fill-opacity%3D%220%22%2F%3E%3C%2Fsvg%3E\" data-srcset=\"https:\/\/www.unioviedo.es\/IUOPA\/wp-content\/uploads\/2022\/02\/imagen_master_historia-200x99.png 200w, https:\/\/www.unioviedo.es\/IUOPA\/wp-content\/uploads\/2022\/02\/imagen_master_historia-400x198.png 400w, https:\/\/www.unioviedo.es\/IUOPA\/wp-content\/uploads\/2022\/02\/imagen_master_historia.png 525w\" data-sizes=\"auto\" data-orig-sizes=\"(max-width: 1024px) 100vw, (max-width: 640px) 100vw, 525px\" \/><\/span><\/div><div class=\"fusion-separator\" style=\"align-self: flex-start;margin-right:auto;margin-bottom:120px;width:100%;max-width:100px;\"><\/div><\/div><style type=\"text\/css\">.fusion-body .fusion-builder-column-1{width:50% !important;margin-top : 0px;margin-bottom : 0px;}.fusion-builder-column-1 > .fusion-column-wrapper {padding-top : 0px !important;padding-right : 0px !important;margin-right : 3.84%;padding-bottom : 0px !important;padding-left : 0px !important;margin-left : 3.84%;}@media only screen and (max-width:1024px) {.fusion-body .fusion-builder-column-1{width:100% !important;order : 1;}.fusion-builder-column-1 > .fusion-column-wrapper {margin-right : 2.88%;margin-left : 2.88%;}}@media only screen and (max-width:640px) {.fusion-body .fusion-builder-column-1{width:100% !important;margin-bottom : 6%;}.fusion-builder-column-1 > .fusion-column-wrapper {margin-right : 1.92%;margin-left : 1.92%;}}<\/style><\/div><\/div><style type=\"text\/css\">.fusion-body .fusion-flex-container.fusion-builder-row-1{ padding-top : 70px;margin-top : 0px;padding-right : 30px;padding-bottom : 70px;margin-bottom : 0px;padding-left : 30px;}<\/style><\/div><div class=\"fusion-fullwidth fullwidth-box fusion-builder-row-2 fusion-flex-container nonhundred-percent-fullwidth non-hundred-percent-height-scrolling\" style=\"background-color: #ffffff;background-position: center center;background-repeat: no-repeat;border-width: 0px 0px 0px 0px;border-color:#eae9e9;border-style:solid;\" ><div class=\"fusion-builder-row fusion-row fusion-flex-align-items-center\" style=\"max-width:1216.8px;margin-left: calc(-4% \/ 2 );margin-right: calc(-4% \/ 2 );\"><div class=\"fusion-layout-column fusion_builder_column fusion-builder-column-2 fusion_builder_column_1_1 1_1 fusion-flex-column\"><div class=\"fusion-column-wrapper fusion-flex-justify-content-flex-start fusion-content-layout-column\" style=\"background-position:left top;background-repeat:no-repeat;-webkit-background-size:cover;-moz-background-size:cover;-o-background-size:cover;background-size:cover;padding: 0px 0px 0px 0px;\"><div class=\"fusion-text fusion-text-1\"><p><strong>Descripci\u00f3n<\/strong>:<\/p>\n<p>La asignatura \u201cIntroducci\u00f3n a la Historia y Metodolog\u00eda de la Ciencia\u201d tiene car\u00e1cter obligatorio en el M\u00e1ster y est\u00e1 programada en el primer semestre. La asignatura tiene car\u00e1cter te\u00f3rico-pr\u00e1ctico y a\u00fana componentes introductorios, en el caso de la historia, donde s\u00f3lo se plantear\u00e1n grandes rasgos y caracter\u00edsticas comunes a los progresos cient\u00edficos, y fundamentales que conforman el cuerpo doctrinal de la metodolog\u00eda de la ciencia. Entre las habilidades y competencias que se pretende que los estudiantes alcancen al cursar esta asignatura, se encuentran las siguientes:<\/p>\n<p>\u2022 Identificar y analizar bibliograf\u00eda relevante para plantear un problema de investigaci\u00f3n.<br \/>\n\u2022 Formular hip\u00f3tesis cient\u00edficas.<br \/>\n\u2022 Planificar una investigaci\u00f3n cient\u00edfica.<br \/>\n\u2022 Redactar un proyecto de investigaci\u00f3n.<br \/>\n\u2022 Presentar resultados de investigaci\u00f3n en varios formatos.<br \/>\n\u2022 Identificar fuentes de financiaci\u00f3n de proyectos de investigaci\u00f3n.<br \/>\n\u2022 Conocer las redes nacionales y europeas de investigaci\u00f3n cient\u00edfica.<\/p>\n<p>Para alcanzar estos resultados del aprendizaje se recurre a una combinaci\u00f3n de actividades docentes presenciales (clases expositivas, seminarios y presentaci\u00f3n de trabajos) y trabajo no presencial del estudiante tanto individual como grupal. Estas actividades se complementan con el empleo del campus virtual como medio para facilitar la comunicaci\u00f3n entre estudiantes y profesores y proporcionar informaci\u00f3n adicional que resulte \u00fatil para el desarrollo del trabajo del estudiante. El grado de adquisici\u00f3n de las competencias se evaluar\u00e1 fundamentalmente a partir de la participaci\u00f3n de los estudiantes en las actividades presenciales y la calidad de los trabajos presentados, recurriendo en caso necesario, a una prueba escrita con preguntas de tipo ensayo.<\/p>\n<\/div><\/div><style type=\"text\/css\">.fusion-body .fusion-builder-column-2{width:100% !important;margin-top : 0px;margin-bottom : 0px;}.fusion-builder-column-2 > .fusion-column-wrapper {padding-top : 0px !important;padding-right : 0px !important;margin-right : 1.92%;padding-bottom : 0px !important;padding-left : 0px !important;margin-left : 1.92%;}@media only screen and (max-width:1024px) {.fusion-body .fusion-builder-column-2{width:100% !important;order : 0;}.fusion-builder-column-2 > .fusion-column-wrapper {margin-right : 1.92%;margin-left : 1.92%;}}@media only screen and (max-width:640px) {.fusion-body .fusion-builder-column-2{width:100% !important;order : 0;}.fusion-builder-column-2 > .fusion-column-wrapper {margin-right : 1.92%;margin-left : 1.92%;}}<\/style><\/div><\/div><style type=\"text\/css\">.fusion-body .fusion-flex-container.fusion-builder-row-2{ padding-top : 70px;margin-top : 0px;padding-right : 30px;padding-bottom : 50px;margin-bottom : 0px;padding-left : 30px;}<\/style><\/div><\/p>\n","protected":false},"excerpt":{"rendered":"","protected":false},"author":1,"featured_media":0,"parent":1544,"menu_order":0,"comment_status":"closed","ping_status":"closed","template":"100-width.php","meta":{"footnotes":""},"class_list":["post-1632","page","type-page","status-publish","hentry"],"_links":{"self":[{"href":"https:\/\/www.unioviedo.es\/IUOPA\/wp-json\/wp\/v2\/pages\/1632","targetHints":{"allow":["GET"]}}],"collection":[{"href":"https:\/\/www.unioviedo.es\/IUOPA\/wp-json\/wp\/v2\/pages"}],"about":[{"href":"https:\/\/www.unioviedo.es\/IUOPA\/wp-json\/wp\/v2\/types\/page"}],"author":[{"embeddable":true,"href":"https:\/\/www.unioviedo.es\/IUOPA\/wp-json\/wp\/v2\/users\/1"}],"replies":[{"embeddable":true,"href":"https:\/\/www.unioviedo.es\/IUOPA\/wp-json\/wp\/v2\/comments?post=1632"}],"version-history":[{"count":1,"href":"https:\/\/www.unioviedo.es\/IUOPA\/wp-json\/wp\/v2\/pages\/1632\/revisions"}],"predecessor-version":[{"id":1633,"href":"https:\/\/www.unioviedo.es\/IUOPA\/wp-json\/wp\/v2\/pages\/1632\/revisions\/1633"}],"up":[{"embeddable":true,"href":"https:\/\/www.unioviedo.es\/IUOPA\/wp-json\/wp\/v2\/pages\/1544"}],"wp:attachment":[{"href":"https:\/\/www.unioviedo.es\/IUOPA\/wp-json\/wp\/v2\/media?parent=1632"}],"curies":[{"name":"wp","href":"https:\/\/api.w.org\/{rel}","templated":true}]}}