{"id":1640,"date":"2022-02-02T14:16:58","date_gmt":"2022-02-02T14:16:58","guid":{"rendered":"https:\/\/www.unioviedo.es\/IUOPA\/?page_id=1640"},"modified":"2023-03-16T12:12:01","modified_gmt":"2023-03-16T11:12:01","slug":"biologia-molecular-del-cancer","status":"publish","type":"page","link":"https:\/\/www.unioviedo.es\/IUOPA\/docencia\/biologia-molecular-del-cancer\/","title":{"rendered":"Biolog\u00eda molecular del c\u00e1ncer"},"content":{"rendered":"<p><div class=\"fusion-fullwidth fullwidth-box fusion-builder-row-1 fusion-flex-container nonhundred-percent-fullwidth non-hundred-percent-height-scrolling\" style=\"background-color: #f8f8f8;background-position: center center;background-repeat: no-repeat;border-width: 0px 0px 0px 0px;border-color:#eae9e9;border-style:solid;\" ><div class=\"fusion-builder-row fusion-row fusion-flex-align-items-flex-start\" style=\"max-width:1216.8px;margin-left: calc(-4% \/ 2 );margin-right: calc(-4% \/ 2 );\"><div class=\"fusion-layout-column fusion_builder_column fusion-builder-column-0 fusion_builder_column_1_2 1_2 fusion-flex-column\"><div class=\"fusion-column-wrapper fusion-flex-justify-content-center fusion-content-layout-column\" style=\"background-position:left top;background-repeat:no-repeat;-webkit-background-size:cover;-moz-background-size:cover;-o-background-size:cover;background-size:cover;padding: 0px 0px 0px 0px;\"><style type=\"text\/css\">@media only screen and (max-width:1024px) {.fusion-title.fusion-title-1{margin-top:0px!important; margin-right:0px!important;margin-bottom:31px!important;margin-left:0px!important;}}@media only screen and (max-width:640px) {.fusion-title.fusion-title-1{margin-top:0px!important; margin-right:0px!important;margin-bottom:20px!important; margin-left:0px!important;}}<\/style><div class=\"fusion-title title fusion-title-1 fusion-sep-none fusion-title-text fusion-title-size-two\" style=\"font-size:14px;margin-top:0px;margin-right:0px;margin-bottom:31px;margin-left:0px;\"><h2 class=\"title-heading-left fusion-responsive-typography-calculated\" style=\"margin:0;font-size:1em;--fontSize:14;--minFontSize:14px;line-height:1.3;\"><p><strong>CARACTER<\/strong><br \/>Obligatoria<\/p>\n<p><strong>DURACI\u00d3N<\/strong><br \/>3 ECTSs<\/p>\n<p><strong>PROFESORADO<\/strong><\/p>\n<ul>\n<li>David Rodr\u00edguez Mart\u00ednez, Dpto. Bioqu\u00edmica y Biolog\u00eda Molecular. Universidad de Oviedo \u2013 <a href=\"mailto:rodriguezdavid@uniovi.es\">rodriguezdavid@uniovi.es<\/a><\/li>\n<li>Gabriel Bretones S\u00e1nchez, Dpto. Bioqu\u00edmica y Biolog\u00eda Molecular. Universidad de Oviedo \u2013 <a href=\"mailto:bretonesgabriel@uniovi.es\">bretonesgabriel@uniovi.es<\/a><\/li>\n<li>Ana Guti\u00e9rrez Fern\u00e1ndez. Dpto. Bioqu\u00edmica y Biolog\u00eda Molecular. Universidad de Oviedo &#8211; <a class=\"m_-9015951244712441371moz-txt-link-abbreviated\" href=\"mailto:Oviedo.anaguti@uniovi.es\" target=\"_blank\" rel=\"noopener\">anaguti@uniovi.es<\/a><\/li>\n<li>Ritva Heljasvaara. Oulu University (Finland)<\/li>\n<\/ul><\/h2><\/div><div class=\"fusion-separator\" style=\"align-self: flex-start;margin-right:auto;margin-bottom:30px;width:100%;max-width:100px;\"><div class=\"fusion-separator-border sep-single sep-solid\" style=\"border-color:#25afb4;border-top-width:2px;\"><\/div><\/div><div class=\"fusion-separator fusion-full-width-sep\" style=\"align-self: center;margin-left: auto;margin-right: auto;margin-top:7px;width:100%;\"><\/div><\/div><style type=\"text\/css\">.fusion-body .fusion-builder-column-0{width:50% !important;margin-top : 0px;margin-bottom : 0px;}.fusion-builder-column-0 > .fusion-column-wrapper {padding-top : 0px !important;padding-right : 0px !important;margin-right : 3.84%;padding-bottom : 0px !important;padding-left : 0px !important;margin-left : 3.84%;}@media only screen and (max-width:1024px) {.fusion-body .fusion-builder-column-0{width:100% !important;order : 1;}.fusion-builder-column-0 > .fusion-column-wrapper {margin-right : 2.88%;margin-left : 2.88%;}}@media only screen and (max-width:640px) {.fusion-body .fusion-builder-column-0{width:100% !important;margin-bottom : 6%;}.fusion-builder-column-0 > .fusion-column-wrapper {margin-right : 1.92%;margin-left : 1.92%;}}<\/style><\/div><div class=\"fusion-layout-column fusion_builder_column fusion-builder-column-1 fusion_builder_column_1_2 1_2 fusion-flex-column\"><div class=\"fusion-column-wrapper fusion-flex-justify-content-center fusion-content-layout-column\" style=\"background-position:left top;background-repeat:no-repeat;-webkit-background-size:cover;-moz-background-size:cover;-o-background-size:cover;background-size:cover;padding: 0px 0px 0px 0px;\"><div style=\"text-align:center;\"><span class=\" fusion-imageframe imageframe-none imageframe-1 hover-type-none\"><img decoding=\"async\" width=\"1024\" height=\"290\" title=\"imagen_master_biologiamolecular2-1024&#215;290\" src=\"https:\/\/www.unioviedo.es\/IUOPA\/wp-content\/uploads\/2022\/02\/imagen_master_biologiamolecular2-1024x290-1.png\" data-orig-src=\"https:\/\/www.unioviedo.es\/IUOPA\/wp-content\/uploads\/2022\/02\/imagen_master_biologiamolecular2-1024x290-1.png\" alt class=\"lazyload img-responsive wp-image-1641\" srcset=\"data:image\/svg+xml,%3Csvg%20xmlns%3D%27http%3A%2F%2Fwww.w3.org%2F2000%2Fsvg%27%20width%3D%271024%27%20height%3D%27290%27%20viewBox%3D%270%200%201024%20290%27%3E%3Crect%20width%3D%271024%27%20height%3D%27290%27%20fill-opacity%3D%220%22%2F%3E%3C%2Fsvg%3E\" data-srcset=\"https:\/\/www.unioviedo.es\/IUOPA\/wp-content\/uploads\/2022\/02\/imagen_master_biologiamolecular2-1024x290-1-200x57.png 200w, https:\/\/www.unioviedo.es\/IUOPA\/wp-content\/uploads\/2022\/02\/imagen_master_biologiamolecular2-1024x290-1-400x113.png 400w, https:\/\/www.unioviedo.es\/IUOPA\/wp-content\/uploads\/2022\/02\/imagen_master_biologiamolecular2-1024x290-1-600x170.png 600w, https:\/\/www.unioviedo.es\/IUOPA\/wp-content\/uploads\/2022\/02\/imagen_master_biologiamolecular2-1024x290-1-800x227.png 800w, https:\/\/www.unioviedo.es\/IUOPA\/wp-content\/uploads\/2022\/02\/imagen_master_biologiamolecular2-1024x290-1.png 1024w\" data-sizes=\"auto\" data-orig-sizes=\"(max-width: 1024px) 100vw, (max-width: 640px) 100vw, 600px\" \/><\/span><\/div><div class=\"fusion-separator\" style=\"align-self: flex-start;margin-right:auto;margin-bottom:120px;width:100%;max-width:100px;\"><\/div><\/div><style type=\"text\/css\">.fusion-body .fusion-builder-column-1{width:50% !important;margin-top : 0px;margin-bottom : 0px;}.fusion-builder-column-1 > .fusion-column-wrapper {padding-top : 0px !important;padding-right : 0px !important;margin-right : 3.84%;padding-bottom : 0px !important;padding-left : 0px !important;margin-left : 3.84%;}@media only screen and (max-width:1024px) {.fusion-body .fusion-builder-column-1{width:100% !important;order : 1;}.fusion-builder-column-1 > .fusion-column-wrapper {margin-right : 2.88%;margin-left : 2.88%;}}@media only screen and (max-width:640px) {.fusion-body .fusion-builder-column-1{width:100% !important;margin-bottom : 6%;}.fusion-builder-column-1 > .fusion-column-wrapper {margin-right : 1.92%;margin-left : 1.92%;}}<\/style><\/div><\/div><style type=\"text\/css\">.fusion-body .fusion-flex-container.fusion-builder-row-1{ padding-top : 70px;margin-top : 0px;padding-right : 30px;padding-bottom : 70px;margin-bottom : 0px;padding-left : 30px;}<\/style><\/div><div class=\"fusion-fullwidth fullwidth-box fusion-builder-row-2 fusion-flex-container nonhundred-percent-fullwidth non-hundred-percent-height-scrolling\" style=\"background-color: #ffffff;background-position: center center;background-repeat: no-repeat;border-width: 0px 0px 0px 0px;border-color:#eae9e9;border-style:solid;\" ><div class=\"fusion-builder-row fusion-row fusion-flex-align-items-center\" style=\"max-width:1216.8px;margin-left: calc(-4% \/ 2 );margin-right: calc(-4% \/ 2 );\"><div class=\"fusion-layout-column fusion_builder_column fusion-builder-column-2 fusion_builder_column_1_1 1_1 fusion-flex-column\"><div class=\"fusion-column-wrapper fusion-flex-justify-content-flex-start fusion-content-layout-column\" style=\"background-position:left top;background-repeat:no-repeat;-webkit-background-size:cover;-moz-background-size:cover;-o-background-size:cover;background-size:cover;padding: 0px 0px 0px 0px;\"><div class=\"fusion-text fusion-text-1\"><p><strong>Descripci\u00f3n<\/strong>:<\/p>\n<p>La asignatura \u201cBiolog\u00eda Molecular del C\u00e1ncer\u201d pretende proporcionar los conocimientos necesarios para comprender las bases moleculares de la transformaci\u00f3n neopl\u00e1sica y de la progresi\u00f3n tumoral, las implicaciones diagn\u00f3sticas y terap\u00e9uticas de dichos mecanismos moleculares y las aproximaciones experimentales utilizadas para su estudio. En esta asignatura se discutir\u00e1n tambi\u00e9n aproximaciones experimentales basadas en el desarrollo y utilizaci\u00f3n de modelos celulares y animales de c\u00e1ncer. Entre los objetivos espec\u00edficos de esta asignatura se se\u00f1alan los siguientes: a) Comprender los mecanismos moleculares subyacentes a la transformaci\u00f3n maligna y a la progresi\u00f3n tumoral b) Relacionar las alteraciones en genes concretos con la adquisici\u00f3n del fenotipo tumoral. c) Identificar las mol\u00e9culas y procesos celulares susceptibles de servir como diana de terapias antitumorales. d) Dise\u00f1ar e interpretar experimentos in vitro e in vivo encaminados a investigar las bases moleculares de la transformaci\u00f3n y la progresi\u00f3n tumoral. e) Comprender los mecanismos implicados en el origen de las mutaciones.f) Comprender la relaci\u00f3n que existe entre genotoxicidad y carcinogenicidad as\u00ed como entre reparaci\u00f3n y propensi\u00f3n al c\u00e1ncer.<\/p>\n<\/div><\/div><style type=\"text\/css\">.fusion-body .fusion-builder-column-2{width:100% !important;margin-top : 0px;margin-bottom : 0px;}.fusion-builder-column-2 > .fusion-column-wrapper {padding-top : 0px !important;padding-right : 0px !important;margin-right : 1.92%;padding-bottom : 0px !important;padding-left : 0px !important;margin-left : 1.92%;}@media only screen and (max-width:1024px) {.fusion-body .fusion-builder-column-2{width:100% !important;order : 0;}.fusion-builder-column-2 > .fusion-column-wrapper {margin-right : 1.92%;margin-left : 1.92%;}}@media only screen and (max-width:640px) {.fusion-body .fusion-builder-column-2{width:100% !important;order : 0;}.fusion-builder-column-2 > .fusion-column-wrapper {margin-right : 1.92%;margin-left : 1.92%;}}<\/style><\/div><\/div><style type=\"text\/css\">.fusion-body .fusion-flex-container.fusion-builder-row-2{ padding-top : 70px;margin-top : 0px;padding-right : 30px;padding-bottom : 50px;margin-bottom : 0px;padding-left : 30px;}<\/style><\/div><\/p>\n","protected":false},"excerpt":{"rendered":"","protected":false},"author":1,"featured_media":0,"parent":938,"menu_order":0,"comment_status":"closed","ping_status":"closed","template":"100-width.php","meta":{"footnotes":""},"class_list":["post-1640","page","type-page","status-publish","hentry"],"_links":{"self":[{"href":"https:\/\/www.unioviedo.es\/IUOPA\/wp-json\/wp\/v2\/pages\/1640","targetHints":{"allow":["GET"]}}],"collection":[{"href":"https:\/\/www.unioviedo.es\/IUOPA\/wp-json\/wp\/v2\/pages"}],"about":[{"href":"https:\/\/www.unioviedo.es\/IUOPA\/wp-json\/wp\/v2\/types\/page"}],"author":[{"embeddable":true,"href":"https:\/\/www.unioviedo.es\/IUOPA\/wp-json\/wp\/v2\/users\/1"}],"replies":[{"embeddable":true,"href":"https:\/\/www.unioviedo.es\/IUOPA\/wp-json\/wp\/v2\/comments?post=1640"}],"version-history":[{"count":3,"href":"https:\/\/www.unioviedo.es\/IUOPA\/wp-json\/wp\/v2\/pages\/1640\/revisions"}],"predecessor-version":[{"id":2308,"href":"https:\/\/www.unioviedo.es\/IUOPA\/wp-json\/wp\/v2\/pages\/1640\/revisions\/2308"}],"up":[{"embeddable":true,"href":"https:\/\/www.unioviedo.es\/IUOPA\/wp-json\/wp\/v2\/pages\/938"}],"wp:attachment":[{"href":"https:\/\/www.unioviedo.es\/IUOPA\/wp-json\/wp\/v2\/media?parent=1640"}],"curies":[{"name":"wp","href":"https:\/\/api.w.org\/{rel}","templated":true}]}}