{"id":1649,"date":"2022-02-02T14:49:40","date_gmt":"2022-02-02T14:49:40","guid":{"rendered":"https:\/\/www.unioviedo.es\/IUOPA\/?page_id=1649"},"modified":"2022-02-02T14:49:40","modified_gmt":"2022-02-02T14:49:40","slug":"principios-y-aplicaciones-de-la-cirugia-oncologica","status":"publish","type":"page","link":"https:\/\/www.unioviedo.es\/IUOPA\/en\/teaching\/principios-y-aplicaciones-de-la-cirugia-oncologica\/","title":{"rendered":"Principios y aplicaciones de la cirug\u00eda oncol\u00f3gica"},"content":{"rendered":"<p><div class=\"fusion-fullwidth fullwidth-box fusion-builder-row-1 fusion-flex-container nonhundred-percent-fullwidth non-hundred-percent-height-scrolling\" style=\"background-color: #f8f8f8;background-position: center center;background-repeat: no-repeat;border-width: 0px 0px 0px 0px;border-color:#eae9e9;border-style:solid;\" ><div class=\"fusion-builder-row fusion-row fusion-flex-align-items-flex-start\" style=\"max-width:1216.8px;margin-left: calc(-4% \/ 2 );margin-right: calc(-4% \/ 2 );\"><div class=\"fusion-layout-column fusion_builder_column fusion-builder-column-0 fusion_builder_column_1_2 1_2 fusion-flex-column\"><div class=\"fusion-column-wrapper fusion-flex-justify-content-center fusion-content-layout-column\" style=\"background-position:left top;background-repeat:no-repeat;-webkit-background-size:cover;-moz-background-size:cover;-o-background-size:cover;background-size:cover;padding: 0px 0px 0px 0px;\"><style type=\"text\/css\">@media only screen and (max-width:1024px) {.fusion-title.fusion-title-1{margin-top:0px!important; margin-right:0px!important;margin-bottom:31px!important;margin-left:0px!important;}}@media only screen and (max-width:640px) {.fusion-title.fusion-title-1{margin-top:0px!important; margin-right:0px!important;margin-bottom:20px!important; margin-left:0px!important;}}<\/style><div class=\"fusion-title title fusion-title-1 fusion-sep-none fusion-title-text fusion-title-size-two\" style=\"font-size:14px;margin-top:0px;margin-right:0px;margin-bottom:31px;margin-left:0px;\"><h2 class=\"title-heading-left fusion-responsive-typography-calculated\" style=\"margin:0;font-size:1em;--fontSize:14;--minFontSize:14px;line-height:1.3;\"><p><strong>CARACTER<\/strong><br \/>\nOptativa<\/p>\n<p><strong>DURACI\u00d3N<\/strong><br \/>\n3 ECTSs<\/p>\n<p><strong>PROFESORADO<\/strong><\/p>\n<ul>\n<li>Jos\u00e9 L. Llorente Pend\u00e1s, Servicio de ORL, Hospital Universitario Central de Asturias, <a class=\"m_-9015951244712441371moz-txt-link-abbreviated\" href=\"mailto:llorentependas@llp.e.telefonica.net\" target=\"_blank\" rel=\"noopener\">llorentependas@llp.e.<wbr \/>telefonica.net<\/a><\/li>\n<li>Juan Pablo Rodrigo, Servicio de ORL, Hospital Universitario Central de Asturias, <a class=\"m_-9015951244712441371moz-txt-link-abbreviated\" href=\"mailto:jrodrigot@seorl.net\" target=\"_blank\" rel=\"noopener\">jrodrigot@seorl.net<\/a><\/li>\n<li>Cesar Alvarez Marcos, Servicio de ORL, Hospital Universitario Central de Asturias<\/li>\n<li>Javier Ferrer Barrientos, Servicio de Ginecolog\u00eda, Hospital Universitario Central de Asturias<\/li>\n<li>Ignacio Gonz\u00e1lez Pinto, Servicio de Cirug\u00eda General, Hospital Universitario Central de Asturias<\/li>\n<li>Luis Barneo, Servicio de Cirug\u00eda General, Hospital Universitario Central de Asturias<\/li>\n<\/ul><\/h2><\/div><div class=\"fusion-separator\" style=\"align-self: flex-start;margin-right:auto;margin-bottom:30px;width:100%;max-width:100px;\"><div class=\"fusion-separator-border sep-single sep-solid\" style=\"border-color:#25afb4;border-top-width:2px;\"><\/div><\/div><div class=\"fusion-separator fusion-full-width-sep\" style=\"align-self: center;margin-left: auto;margin-right: auto;margin-top:7px;width:100%;\"><\/div><\/div><style type=\"text\/css\">.fusion-body .fusion-builder-column-0{width:50% !important;margin-top : 0px;margin-bottom : 0px;}.fusion-builder-column-0 > .fusion-column-wrapper {padding-top : 0px !important;padding-right : 0px !important;margin-right : 3.84%;padding-bottom : 0px !important;padding-left : 0px !important;margin-left : 3.84%;}@media only screen and (max-width:1024px) {.fusion-body .fusion-builder-column-0{width:100% !important;order : 1;}.fusion-builder-column-0 > .fusion-column-wrapper {margin-right : 2.88%;margin-left : 2.88%;}}@media only screen and (max-width:640px) {.fusion-body .fusion-builder-column-0{width:100% !important;margin-bottom : 6%;}.fusion-builder-column-0 > .fusion-column-wrapper {margin-right : 1.92%;margin-left : 1.92%;}}<\/style><\/div><div class=\"fusion-layout-column fusion_builder_column fusion-builder-column-1 fusion_builder_column_1_2 1_2 fusion-flex-column\"><div class=\"fusion-column-wrapper fusion-flex-justify-content-center fusion-content-layout-column\" style=\"background-position:left top;background-repeat:no-repeat;-webkit-background-size:cover;-moz-background-size:cover;-o-background-size:cover;background-size:cover;padding: 0px 0px 0px 0px;\"><div style=\"text-align:center;\"><span class=\" fusion-imageframe imageframe-none imageframe-1 hover-type-none\"><img decoding=\"async\" width=\"432\" height=\"344\" title=\"imagen_master_cirugia1\" src=\"https:\/\/www.unioviedo.es\/IUOPA\/wp-content\/uploads\/2022\/02\/imagen_master_cirugia1.png\" data-orig-src=\"https:\/\/www.unioviedo.es\/IUOPA\/wp-content\/uploads\/2022\/02\/imagen_master_cirugia1.png\" alt class=\"lazyload img-responsive wp-image-1646\" srcset=\"data:image\/svg+xml,%3Csvg%20xmlns%3D%27http%3A%2F%2Fwww.w3.org%2F2000%2Fsvg%27%20width%3D%27432%27%20height%3D%27344%27%20viewBox%3D%270%200%20432%20344%27%3E%3Crect%20width%3D%27432%27%20height%3D%27344%27%20fill-opacity%3D%220%22%2F%3E%3C%2Fsvg%3E\" data-srcset=\"https:\/\/www.unioviedo.es\/IUOPA\/wp-content\/uploads\/2022\/02\/imagen_master_cirugia1-200x159.png 200w, https:\/\/www.unioviedo.es\/IUOPA\/wp-content\/uploads\/2022\/02\/imagen_master_cirugia1-400x319.png 400w, https:\/\/www.unioviedo.es\/IUOPA\/wp-content\/uploads\/2022\/02\/imagen_master_cirugia1.png 432w\" data-sizes=\"auto\" data-orig-sizes=\"(max-width: 1024px) 100vw, (max-width: 640px) 100vw, 432px\" \/><\/span><\/div><div class=\"fusion-separator\" style=\"align-self: flex-start;margin-right:auto;margin-bottom:120px;width:100%;max-width:100px;\"><\/div><\/div><style type=\"text\/css\">.fusion-body .fusion-builder-column-1{width:50% !important;margin-top : 0px;margin-bottom : 0px;}.fusion-builder-column-1 > .fusion-column-wrapper {padding-top : 0px !important;padding-right : 0px !important;margin-right : 3.84%;padding-bottom : 0px !important;padding-left : 0px !important;margin-left : 3.84%;}@media only screen and (max-width:1024px) {.fusion-body .fusion-builder-column-1{width:100% !important;order : 1;}.fusion-builder-column-1 > .fusion-column-wrapper {margin-right : 2.88%;margin-left : 2.88%;}}@media only screen and (max-width:640px) {.fusion-body .fusion-builder-column-1{width:100% !important;margin-bottom : 6%;}.fusion-builder-column-1 > .fusion-column-wrapper {margin-right : 1.92%;margin-left : 1.92%;}}<\/style><\/div><\/div><style type=\"text\/css\">.fusion-body .fusion-flex-container.fusion-builder-row-1{ padding-top : 70px;margin-top : 0px;padding-right : 30px;padding-bottom : 70px;margin-bottom : 0px;padding-left : 30px;}<\/style><\/div><div class=\"fusion-fullwidth fullwidth-box fusion-builder-row-2 fusion-flex-container nonhundred-percent-fullwidth non-hundred-percent-height-scrolling\" style=\"background-color: #ffffff;background-position: center center;background-repeat: no-repeat;border-width: 0px 0px 0px 0px;border-color:#eae9e9;border-style:solid;\" ><div class=\"fusion-builder-row fusion-row fusion-flex-align-items-center\" style=\"max-width:1216.8px;margin-left: calc(-4% \/ 2 );margin-right: calc(-4% \/ 2 );\"><div class=\"fusion-layout-column fusion_builder_column fusion-builder-column-2 fusion_builder_column_1_1 1_1 fusion-flex-column\"><div class=\"fusion-column-wrapper fusion-flex-justify-content-flex-start fusion-content-layout-column\" style=\"background-position:left top;background-repeat:no-repeat;-webkit-background-size:cover;-moz-background-size:cover;-o-background-size:cover;background-size:cover;padding: 0px 0px 0px 0px;\"><div class=\"fusion-text fusion-text-1\"><p><strong>Descripci\u00f3n<\/strong>:<\/p>\n<p>La cirug\u00eda a pesar de los avances moleculares, quimioter\u00e1picos y radioter\u00e1picos continua siendo la piedra angular en la que se sostenta el tratamiento del cancer y sobre todo de los denominados tumores s\u00f3lidos. Actualmente la cirug\u00eda es el tratamiento de elecci\u00f3n de la mayor\u00eda de los tumores s\u00f3lidos del organismo bien como tratamiento \u00fanico o asociado a otras modalidades terape\u00faticas. En esta asignatura tratamos de mostrar un enfoque actualizado y pr\u00e1ctico de los fundamentos de la cirug\u00eda oncol\u00f3gica. Se comienza con un repaso epidemiol\u00f3gico de los principales factores de riesgo y que consecuencias tienen en el desarrollo tumoral. A continuacion revisamos los m\u00e9todos diagn\u00f3sticos m\u00e1s empleados y sus principales indicaciones y limitaciones. Tambi\u00e9n se aborda el manejo y pron\u00f3stico evolutivo de las principales lesiones preneoplasicas y la utilidad cl\u00ednica o traslacional de los marcadores moleculares m\u00e1s utilizados en la pr\u00e1ctica cl\u00ednica. A continuaci\u00f3n se revisan los principios quir\u00fargicos oncol\u00f3gicos generales, evaluaci\u00f3n y profilaxis preoperatoria y se contin\u00faa con la exposici\u00f3n pormenorizada de los tratamientos quir\u00fargicos (abiertos o endosc\u00f3picos) de los tumores m\u00e1s representativos del organismo: cabeza y cuello, t\u00f3rax, abdomen y ginecol\u00f3gicos. Finalmente, se consideran los principales protocolos de tratamientos adjuvantes tanto quimioter\u00e1picos como radioter\u00e1picos. En definitiva, se trata de adem\u00e1s de mostrar los conceptos y t\u00e9cnicas quir\u00fargicas oncol\u00f3gicas m\u00e1s frecuentes e integrarlos con los m\u00e9todos diagn\u00f3sticos y terape\u00faticos actuales. Existen unos seminarios en los cuales se refuerzan los conceptos y t\u00e9cnicas con mayor aplicaci\u00f3n pr\u00e1ctica apoyados en casos cl\u00ednicos concretos, videos y presentaciones.<\/p>\n<\/div><\/div><style type=\"text\/css\">.fusion-body .fusion-builder-column-2{width:100% !important;margin-top : 0px;margin-bottom : 0px;}.fusion-builder-column-2 > .fusion-column-wrapper {padding-top : 0px !important;padding-right : 0px !important;margin-right : 1.92%;padding-bottom : 0px !important;padding-left : 0px !important;margin-left : 1.92%;}@media only screen and (max-width:1024px) {.fusion-body .fusion-builder-column-2{width:100% !important;order : 0;}.fusion-builder-column-2 > .fusion-column-wrapper {margin-right : 1.92%;margin-left : 1.92%;}}@media only screen and (max-width:640px) {.fusion-body .fusion-builder-column-2{width:100% !important;order : 0;}.fusion-builder-column-2 > .fusion-column-wrapper {margin-right : 1.92%;margin-left : 1.92%;}}<\/style><\/div><\/div><style type=\"text\/css\">.fusion-body .fusion-flex-container.fusion-builder-row-2{ padding-top : 70px;margin-top : 0px;padding-right : 30px;padding-bottom : 50px;margin-bottom : 0px;padding-left : 30px;}<\/style><\/div><\/p>\n","protected":false},"excerpt":{"rendered":"","protected":false},"author":1,"featured_media":0,"parent":1544,"menu_order":0,"comment_status":"closed","ping_status":"closed","template":"100-width.php","meta":{"footnotes":""},"class_list":["post-1649","page","type-page","status-publish","hentry"],"_links":{"self":[{"href":"https:\/\/www.unioviedo.es\/IUOPA\/wp-json\/wp\/v2\/pages\/1649","targetHints":{"allow":["GET"]}}],"collection":[{"href":"https:\/\/www.unioviedo.es\/IUOPA\/wp-json\/wp\/v2\/pages"}],"about":[{"href":"https:\/\/www.unioviedo.es\/IUOPA\/wp-json\/wp\/v2\/types\/page"}],"author":[{"embeddable":true,"href":"https:\/\/www.unioviedo.es\/IUOPA\/wp-json\/wp\/v2\/users\/1"}],"replies":[{"embeddable":true,"href":"https:\/\/www.unioviedo.es\/IUOPA\/wp-json\/wp\/v2\/comments?post=1649"}],"version-history":[{"count":1,"href":"https:\/\/www.unioviedo.es\/IUOPA\/wp-json\/wp\/v2\/pages\/1649\/revisions"}],"predecessor-version":[{"id":1650,"href":"https:\/\/www.unioviedo.es\/IUOPA\/wp-json\/wp\/v2\/pages\/1649\/revisions\/1650"}],"up":[{"embeddable":true,"href":"https:\/\/www.unioviedo.es\/IUOPA\/wp-json\/wp\/v2\/pages\/1544"}],"wp:attachment":[{"href":"https:\/\/www.unioviedo.es\/IUOPA\/wp-json\/wp\/v2\/media?parent=1649"}],"curies":[{"name":"wp","href":"https:\/\/api.w.org\/{rel}","templated":true}]}}