{"id":1667,"date":"2022-02-02T15:02:48","date_gmt":"2022-02-02T15:02:48","guid":{"rendered":"https:\/\/www.unioviedo.es\/IUOPA\/?page_id=1667"},"modified":"2022-02-08T11:13:49","modified_gmt":"2022-02-08T10:13:49","slug":"practicas-externas","status":"publish","type":"page","link":"https:\/\/www.unioviedo.es\/IUOPA\/docencia\/practicas-externas\/","title":{"rendered":"Pr\u00e1cticas externas"},"content":{"rendered":"<p><div class=\"fusion-fullwidth fullwidth-box fusion-builder-row-1 fusion-flex-container nonhundred-percent-fullwidth non-hundred-percent-height-scrolling\" style=\"background-color: #f8f8f8;background-position: center center;background-repeat: no-repeat;border-width: 0px 0px 0px 0px;border-color:#eae9e9;border-style:solid;\" ><div class=\"fusion-builder-row fusion-row fusion-flex-align-items-flex-start\" style=\"max-width:1216.8px;margin-left: calc(-4% \/ 2 );margin-right: calc(-4% \/ 2 );\"><div class=\"fusion-layout-column fusion_builder_column fusion-builder-column-0 fusion_builder_column_1_2 1_2 fusion-flex-column\"><div class=\"fusion-column-wrapper fusion-flex-justify-content-center fusion-content-layout-column\" style=\"background-position:left top;background-repeat:no-repeat;-webkit-background-size:cover;-moz-background-size:cover;-o-background-size:cover;background-size:cover;padding: 0px 0px 0px 0px;\"><style type=\"text\/css\">@media only screen and (max-width:1024px) {.fusion-title.fusion-title-1{margin-top:0px!important; margin-right:0px!important;margin-bottom:31px!important;margin-left:0px!important;}}@media only screen and (max-width:640px) {.fusion-title.fusion-title-1{margin-top:0px!important; margin-right:0px!important;margin-bottom:20px!important; margin-left:0px!important;}}<\/style><div class=\"fusion-title title fusion-title-1 fusion-sep-none fusion-title-text fusion-title-size-two\" style=\"font-size:14px;margin-top:0px;margin-right:0px;margin-bottom:31px;margin-left:0px;\"><h2 class=\"title-heading-left fusion-responsive-typography-calculated\" style=\"margin:0;font-size:1em;--fontSize:14;--minFontSize:14px;line-height:1.3;\"><p><strong>CARACTER<\/strong><br \/>\nObligatoria<\/p>\n<p><strong>DURACI\u00d3N<\/strong><br \/>\n6 ECTSs<\/p>\n<p><strong>PROFESORADO<\/strong><\/p>\n<ul>\n<li>Rosa M. S\u00e1inz Men\u00e9ndez, Departamento de Morfolog\u00eda y Biolog\u00eda Celular,\u00a0<a href=\"mailto:sainzrosa@uniovi.es\">sainzrosa@uniovi.es<\/a><\/li>\n<\/ul><\/h2><\/div><div class=\"fusion-separator\" style=\"align-self: flex-start;margin-right:auto;margin-bottom:30px;width:100%;max-width:100px;\"><div class=\"fusion-separator-border sep-single sep-solid\" style=\"border-color:#25afb4;border-top-width:2px;\"><\/div><\/div><div class=\"fusion-separator fusion-full-width-sep\" style=\"align-self: center;margin-left: auto;margin-right: auto;margin-top:7px;width:100%;\"><\/div><\/div><style type=\"text\/css\">.fusion-body .fusion-builder-column-0{width:50% !important;margin-top : 0px;margin-bottom : 0px;}.fusion-builder-column-0 > .fusion-column-wrapper {padding-top : 0px !important;padding-right : 0px !important;margin-right : 3.84%;padding-bottom : 0px !important;padding-left : 0px !important;margin-left : 3.84%;}@media only screen and (max-width:1024px) {.fusion-body .fusion-builder-column-0{width:100% !important;order : 1;}.fusion-builder-column-0 > .fusion-column-wrapper {margin-right : 2.88%;margin-left : 2.88%;}}@media only screen and (max-width:640px) {.fusion-body .fusion-builder-column-0{width:100% !important;margin-bottom : 6%;}.fusion-builder-column-0 > .fusion-column-wrapper {margin-right : 1.92%;margin-left : 1.92%;}}<\/style><\/div><div class=\"fusion-layout-column fusion_builder_column fusion-builder-column-1 fusion_builder_column_1_2 1_2 fusion-flex-column\"><div class=\"fusion-column-wrapper fusion-flex-justify-content-center fusion-content-layout-column\" style=\"background-position:left top;background-repeat:no-repeat;-webkit-background-size:cover;-moz-background-size:cover;-o-background-size:cover;background-size:cover;padding: 0px 0px 0px 0px;\"><div style=\"text-align:center;\"><span class=\" fusion-imageframe imageframe-none imageframe-1 hover-type-none\"><img decoding=\"async\" width=\"504\" height=\"352\" title=\"imagen_master_practicas\" src=\"https:\/\/www.unioviedo.es\/IUOPA\/wp-content\/uploads\/2022\/02\/imagen_master_practicas.png\" data-orig-src=\"https:\/\/www.unioviedo.es\/IUOPA\/wp-content\/uploads\/2022\/02\/imagen_master_practicas.png\" alt class=\"lazyload img-responsive wp-image-1668\" srcset=\"data:image\/svg+xml,%3Csvg%20xmlns%3D%27http%3A%2F%2Fwww.w3.org%2F2000%2Fsvg%27%20width%3D%27504%27%20height%3D%27352%27%20viewBox%3D%270%200%20504%20352%27%3E%3Crect%20width%3D%27504%27%20height%3D%27352%27%20fill-opacity%3D%220%22%2F%3E%3C%2Fsvg%3E\" data-srcset=\"https:\/\/www.unioviedo.es\/IUOPA\/wp-content\/uploads\/2022\/02\/imagen_master_practicas-200x140.png 200w, https:\/\/www.unioviedo.es\/IUOPA\/wp-content\/uploads\/2022\/02\/imagen_master_practicas-400x279.png 400w, https:\/\/www.unioviedo.es\/IUOPA\/wp-content\/uploads\/2022\/02\/imagen_master_practicas.png 504w\" data-sizes=\"auto\" data-orig-sizes=\"(max-width: 1024px) 100vw, (max-width: 640px) 100vw, 504px\" \/><\/span><\/div><div class=\"fusion-separator\" style=\"align-self: flex-start;margin-right:auto;margin-bottom:120px;width:100%;max-width:100px;\"><\/div><\/div><style type=\"text\/css\">.fusion-body .fusion-builder-column-1{width:50% !important;margin-top : 0px;margin-bottom : 0px;}.fusion-builder-column-1 > .fusion-column-wrapper {padding-top : 0px !important;padding-right : 0px !important;margin-right : 3.84%;padding-bottom : 0px !important;padding-left : 0px !important;margin-left : 3.84%;}@media only screen and (max-width:1024px) {.fusion-body .fusion-builder-column-1{width:100% !important;order : 1;}.fusion-builder-column-1 > .fusion-column-wrapper {margin-right : 2.88%;margin-left : 2.88%;}}@media only screen and (max-width:640px) {.fusion-body .fusion-builder-column-1{width:100% !important;margin-bottom : 6%;}.fusion-builder-column-1 > .fusion-column-wrapper {margin-right : 1.92%;margin-left : 1.92%;}}<\/style><\/div><\/div><style type=\"text\/css\">.fusion-body .fusion-flex-container.fusion-builder-row-1{ padding-top : 70px;margin-top : 0px;padding-right : 30px;padding-bottom : 70px;margin-bottom : 0px;padding-left : 30px;}<\/style><\/div><div class=\"fusion-fullwidth fullwidth-box fusion-builder-row-2 fusion-flex-container nonhundred-percent-fullwidth non-hundred-percent-height-scrolling\" style=\"background-color: #ffffff;background-position: center center;background-repeat: no-repeat;border-width: 0px 0px 0px 0px;border-color:#eae9e9;border-style:solid;\" ><div class=\"fusion-builder-row fusion-row fusion-flex-align-items-center\" style=\"max-width:1216.8px;margin-left: calc(-4% \/ 2 );margin-right: calc(-4% \/ 2 );\"><div class=\"fusion-layout-column fusion_builder_column fusion-builder-column-2 fusion_builder_column_1_1 1_1 fusion-flex-column\"><div class=\"fusion-column-wrapper fusion-flex-justify-content-flex-start fusion-content-layout-column\" style=\"background-position:left top;background-repeat:no-repeat;-webkit-background-size:cover;-moz-background-size:cover;-o-background-size:cover;background-size:cover;padding: 0px 0px 0px 0px;\"><div class=\"fusion-text fusion-text-1\"><p><strong>Descripci\u00f3n<\/strong>:<\/p>\n<p>Las pr\u00e1cticas externas consistir\u00e1n en actividades realizadas por estudiantes universitarios en una empresa, entidad u organismo, de car\u00e1cter p\u00fablico o privado y ser\u00e1n convocadas de acuerdo con lo dispuesto en el Reglamento de Pr\u00e1cticas Externas de la Universidad de Oviedo (Acuerdo de 29 de enero de 2009, del Consejo de Gobierno de la Universidad de Oviedo, BOPA 25 de febrero de 2009). La asignatura consistir\u00e1 en la realizaci\u00f3n de pr\u00e1cticas en la empresa o entidad que se asigne al alumno. El dise\u00f1o y la realizaci\u00f3n de las mismas se ajustar\u00e1 al Reglamento de Pr\u00e1cticas Externas de la Universidad de Oviedo. El Plan de Trabajo ser\u00e1 individualizado para cada caso concreto. El tutor ser\u00e1 el responsable de coordinar las tareas del alumno, compatibiliz\u00e1ndolas con las restantes actividades acad\u00e9micas del M\u00e1ster Para su evaluaci\u00f3n, los alumnos deber\u00e1n realizar una memoria que refleje las tareas desarrolladas y que incluir\u00e1 un informe del tutor responsable de supervisar a alumno durante la realizaci\u00f3n de las pr\u00e1cticas. En la memoria que deber\u00e1 tener una extensi\u00f3n entre 10 y 50 p\u00e1ginas se har\u00e1n constar los siguientes apartados: \u2022 Introducci\u00f3n, que refleje el contexto cient\u00edfico y\/o tecnol\u00f3gico del trabajo realizado. \u2022 Descripci\u00f3n del trabajo realizado \u2022 Discusi\u00f3n y conclusiones \u2022 Bibliograf\u00eda Para la evaluaci\u00f3n del alumno se tendr\u00e1n en cuenta los aspectos cient\u00edficos y formales de la memoria as\u00ed como el informe del tutor. La normativa que regula la realizaci\u00f3n de pr\u00e1cticas externas se puede consultar desde aqu\u00ed:<\/p>\n<p><a href=\"https:\/\/www.unioviedo.es\/IUOPA\/wp-content\/uploads\/2022\/02\/practicas_externas_2018.pdf\">Reglamento Pr\u00e1cticas Externas 2018<\/a><\/p>\n<p><a href=\"https:\/\/www.unioviedo.es\/IUOPA\/wp-content\/uploads\/2022\/02\/REGLAMENTO_PRACTICAS_UNIOVI.pdf\">Destinos Pr\u00e1cticas Externas 2018<\/a><\/p>\n<\/div><\/div><style type=\"text\/css\">.fusion-body .fusion-builder-column-2{width:100% !important;margin-top : 0px;margin-bottom : 0px;}.fusion-builder-column-2 > .fusion-column-wrapper {padding-top : 0px !important;padding-right : 0px !important;margin-right : 1.92%;padding-bottom : 0px !important;padding-left : 0px !important;margin-left : 1.92%;}@media only screen and (max-width:1024px) {.fusion-body .fusion-builder-column-2{width:100% !important;order : 0;}.fusion-builder-column-2 > .fusion-column-wrapper {margin-right : 1.92%;margin-left : 1.92%;}}@media only screen and (max-width:640px) {.fusion-body .fusion-builder-column-2{width:100% !important;order : 0;}.fusion-builder-column-2 > .fusion-column-wrapper {margin-right : 1.92%;margin-left : 1.92%;}}<\/style><\/div><\/div><style type=\"text\/css\">.fusion-body .fusion-flex-container.fusion-builder-row-2{ padding-top : 70px;margin-top : 0px;padding-right : 30px;padding-bottom : 50px;margin-bottom : 0px;padding-left : 30px;}<\/style><\/div><\/p>\n","protected":false},"excerpt":{"rendered":"","protected":false},"author":1,"featured_media":0,"parent":938,"menu_order":0,"comment_status":"closed","ping_status":"closed","template":"100-width.php","meta":{"footnotes":""},"class_list":["post-1667","page","type-page","status-publish","hentry"],"_links":{"self":[{"href":"https:\/\/www.unioviedo.es\/IUOPA\/wp-json\/wp\/v2\/pages\/1667","targetHints":{"allow":["GET"]}}],"collection":[{"href":"https:\/\/www.unioviedo.es\/IUOPA\/wp-json\/wp\/v2\/pages"}],"about":[{"href":"https:\/\/www.unioviedo.es\/IUOPA\/wp-json\/wp\/v2\/types\/page"}],"author":[{"embeddable":true,"href":"https:\/\/www.unioviedo.es\/IUOPA\/wp-json\/wp\/v2\/users\/1"}],"replies":[{"embeddable":true,"href":"https:\/\/www.unioviedo.es\/IUOPA\/wp-json\/wp\/v2\/comments?post=1667"}],"version-history":[{"count":2,"href":"https:\/\/www.unioviedo.es\/IUOPA\/wp-json\/wp\/v2\/pages\/1667\/revisions"}],"predecessor-version":[{"id":1729,"href":"https:\/\/www.unioviedo.es\/IUOPA\/wp-json\/wp\/v2\/pages\/1667\/revisions\/1729"}],"up":[{"embeddable":true,"href":"https:\/\/www.unioviedo.es\/IUOPA\/wp-json\/wp\/v2\/pages\/938"}],"wp:attachment":[{"href":"https:\/\/www.unioviedo.es\/IUOPA\/wp-json\/wp\/v2\/media?parent=1667"}],"curies":[{"name":"wp","href":"https:\/\/api.w.org\/{rel}","templated":true}]}}