{"id":1674,"date":"2022-02-02T15:05:27","date_gmt":"2022-02-02T15:05:27","guid":{"rendered":"https:\/\/www.unioviedo.es\/IUOPA\/?page_id=1674"},"modified":"2022-02-02T15:05:27","modified_gmt":"2022-02-02T15:05:27","slug":"trabajo-fin-de-master","status":"publish","type":"page","link":"https:\/\/www.unioviedo.es\/IUOPA\/en\/teaching\/trabajo-fin-de-master\/","title":{"rendered":"Trabajo fin de m\u00e1ster"},"content":{"rendered":"<p><div class=\"fusion-fullwidth fullwidth-box fusion-builder-row-1 fusion-flex-container nonhundred-percent-fullwidth non-hundred-percent-height-scrolling\" style=\"background-color: #f8f8f8;background-position: center center;background-repeat: no-repeat;border-width: 0px 0px 0px 0px;border-color:#eae9e9;border-style:solid;\" ><div class=\"fusion-builder-row fusion-row fusion-flex-align-items-flex-start\" style=\"max-width:1216.8px;margin-left: calc(-4% \/ 2 );margin-right: calc(-4% \/ 2 );\"><div class=\"fusion-layout-column fusion_builder_column fusion-builder-column-0 fusion_builder_column_1_2 1_2 fusion-flex-column\"><div class=\"fusion-column-wrapper fusion-flex-justify-content-center fusion-content-layout-column\" style=\"background-position:left top;background-repeat:no-repeat;-webkit-background-size:cover;-moz-background-size:cover;-o-background-size:cover;background-size:cover;padding: 0px 0px 0px 0px;\"><style type=\"text\/css\">@media only screen and (max-width:1024px) {.fusion-title.fusion-title-1{margin-top:0px!important; margin-right:0px!important;margin-bottom:31px!important;margin-left:0px!important;}}@media only screen and (max-width:640px) {.fusion-title.fusion-title-1{margin-top:0px!important; margin-right:0px!important;margin-bottom:20px!important; margin-left:0px!important;}}<\/style><div class=\"fusion-title title fusion-title-1 fusion-sep-none fusion-title-text fusion-title-size-two\" style=\"font-size:14px;margin-top:0px;margin-right:0px;margin-bottom:31px;margin-left:0px;\"><h2 class=\"title-heading-left fusion-responsive-typography-calculated\" style=\"margin:0;font-size:1em;--fontSize:14;--minFontSize:14px;line-height:1.3;\"><p><strong>CARACTER<\/strong><br \/>\nObligatoria<\/p>\n<p><strong>DURACI\u00d3N<\/strong><br \/>\n12 ECTSs<\/p>\n<p><strong>PROFESORADO<\/strong><\/p>\n<p>La metodolog\u00eda y el plan de trabajo ser\u00e1 individualizados en cada caso. El tutor y el director de cada proyecto velar\u00e1n por su adecuaci\u00f3n a los objetivos formativos<\/p><\/h2><\/div><div class=\"fusion-separator\" style=\"align-self: flex-start;margin-right:auto;margin-bottom:30px;width:100%;max-width:100px;\"><div class=\"fusion-separator-border sep-single sep-solid\" style=\"border-color:#25afb4;border-top-width:2px;\"><\/div><\/div><div class=\"fusion-separator fusion-full-width-sep\" style=\"align-self: center;margin-left: auto;margin-right: auto;margin-top:7px;width:100%;\"><\/div><\/div><style type=\"text\/css\">.fusion-body .fusion-builder-column-0{width:50% !important;margin-top : 0px;margin-bottom : 0px;}.fusion-builder-column-0 > .fusion-column-wrapper {padding-top : 0px !important;padding-right : 0px !important;margin-right : 3.84%;padding-bottom : 0px !important;padding-left : 0px !important;margin-left : 3.84%;}@media only screen and (max-width:1024px) {.fusion-body .fusion-builder-column-0{width:100% !important;order : 1;}.fusion-builder-column-0 > .fusion-column-wrapper {margin-right : 2.88%;margin-left : 2.88%;}}@media only screen and (max-width:640px) {.fusion-body .fusion-builder-column-0{width:100% !important;margin-bottom : 6%;}.fusion-builder-column-0 > .fusion-column-wrapper {margin-right : 1.92%;margin-left : 1.92%;}}<\/style><\/div><div class=\"fusion-layout-column fusion_builder_column fusion-builder-column-1 fusion_builder_column_1_2 1_2 fusion-flex-column\"><div class=\"fusion-column-wrapper fusion-flex-justify-content-center fusion-content-layout-column\" style=\"background-position:left top;background-repeat:no-repeat;-webkit-background-size:cover;-moz-background-size:cover;-o-background-size:cover;background-size:cover;padding: 0px 0px 0px 0px;\"><div class=\"fusion-separator\" style=\"align-self: flex-start;margin-right:auto;margin-bottom:120px;width:100%;max-width:100px;\"><\/div><\/div><style type=\"text\/css\">.fusion-body .fusion-builder-column-1{width:50% !important;margin-top : 0px;margin-bottom : 0px;}.fusion-builder-column-1 > .fusion-column-wrapper {padding-top : 0px !important;padding-right : 0px !important;margin-right : 3.84%;padding-bottom : 0px !important;padding-left : 0px !important;margin-left : 3.84%;}@media only screen and (max-width:1024px) {.fusion-body .fusion-builder-column-1{width:100% !important;order : 1;}.fusion-builder-column-1 > .fusion-column-wrapper {margin-right : 2.88%;margin-left : 2.88%;}}@media only screen and (max-width:640px) {.fusion-body .fusion-builder-column-1{width:100% !important;margin-bottom : 6%;}.fusion-builder-column-1 > .fusion-column-wrapper {margin-right : 1.92%;margin-left : 1.92%;}}<\/style><\/div><\/div><style type=\"text\/css\">.fusion-body .fusion-flex-container.fusion-builder-row-1{ padding-top : 70px;margin-top : 0px;padding-right : 30px;padding-bottom : 70px;margin-bottom : 0px;padding-left : 30px;}<\/style><\/div><div class=\"fusion-fullwidth fullwidth-box fusion-builder-row-2 fusion-flex-container nonhundred-percent-fullwidth non-hundred-percent-height-scrolling\" style=\"background-color: #ffffff;background-position: center center;background-repeat: no-repeat;border-width: 0px 0px 0px 0px;border-color:#eae9e9;border-style:solid;\" ><div class=\"fusion-builder-row fusion-row fusion-flex-align-items-center\" style=\"max-width:1216.8px;margin-left: calc(-4% \/ 2 );margin-right: calc(-4% \/ 2 );\"><div class=\"fusion-layout-column fusion_builder_column fusion-builder-column-2 fusion_builder_column_1_1 1_1 fusion-flex-column\"><div class=\"fusion-column-wrapper fusion-flex-justify-content-flex-start fusion-content-layout-column\" style=\"background-position:left top;background-repeat:no-repeat;-webkit-background-size:cover;-moz-background-size:cover;-o-background-size:cover;background-size:cover;padding: 0px 0px 0px 0px;\"><div class=\"fusion-text fusion-text-1\"><p><strong>Descripci\u00f3n<\/strong>:<\/p>\n<p>El Proyecto Fin de M\u00e1ster ser\u00e1 realizado bajo la supervisi\u00f3n de un profesor del M\u00e1ster o de un miembro del IUOPA con el grado de doctor que actuar\u00e1 como Tutor del alumno. El dise\u00f1o y la ejecuci\u00f3n del trabajo ser\u00e1 realizado bajo la direcci\u00f3n de uno o dos doctores, uno de los cuales podr\u00e1 actuar adem\u00e1s como Tutor. Las tutor\u00edas y las horas destinadas al entrenamiento del alumno en las t\u00e9cnicas experimentales tienen como objetivo facilitar su formaci\u00f3n cient\u00edfica en lo referente al dise\u00f1o y la ejecuci\u00f3n de las aproximaciones metodol\u00f3gicas necesarias para desarrollar un proyecto de investigaci\u00f3n sobre un tema concreto. Este trabajo ser\u00e1 completado con una intensa labor de seguimiento de la literatura cient\u00edfica, que deber\u00e1 abordar no s\u00f3lo aquellos temas directamente relacionados con el proyecto, sino con los aspectos m\u00e1s significativos de la biomedicina en general. El alumno discutir\u00e1 con su tutor y sus directores las publicaciones m\u00e1s relevantes para el desarrollo del proyecto y para su formaci\u00f3n cient\u00edfica en general. El alumno deber\u00e1 ejecutar el trabajo de obtenci\u00f3n, recogida y an\u00e1lisis de datos, supervisado por su director, lo que le permitir\u00e1 obtener la experiencia necesaria para abordar problemas cient\u00edficos relacionados con la biomedicina y deber\u00e1 elaborar una memoria que refleje fielmente los antecedentes del tema objeto de estudio, los objetivos del trabajo, la metodolog\u00eda y los materiales empleados y los resultados obtenidos. La memoria recoger\u00e1 asimismo una discusi\u00f3n detallada de dichos resultados, las conclusiones que se deducen de los mismos y la bibliograf\u00eda pertinente. Finalmente, el alumno preparar\u00e1 una presentaci\u00f3n con diapositivas, que utilizar\u00e1 para realizar la exposici\u00f3n y defensa p\u00fablica de su proyecto ante un tribunal. Con estas actividades formativas se pretende que el alumno adquiera la capacidad de sintetizar y presentar formalmente un trabajo cient\u00edfico y de defender sus conclusiones ante un tribunal y una audiencia especializada.<br \/>\nPara realizar la defensa del Proyecto Fin de M\u00e1ster ser\u00e1 necesario:<br \/>\n\u2013 Haber superado las restantes asignaturas del M\u00e1ster.<br \/>\n\u2013 Obtener la conformidad por escrito del tutor y del director o directores del proyecto.<br \/>\n\u2013 Haber depositado la Memoria del Proyecto con la antelaci\u00f3n que se indique.<\/p>\n<\/div><\/div><style type=\"text\/css\">.fusion-body .fusion-builder-column-2{width:100% !important;margin-top : 0px;margin-bottom : 0px;}.fusion-builder-column-2 > .fusion-column-wrapper {padding-top : 0px !important;padding-right : 0px !important;margin-right : 1.92%;padding-bottom : 0px !important;padding-left : 0px !important;margin-left : 1.92%;}@media only screen and (max-width:1024px) {.fusion-body .fusion-builder-column-2{width:100% !important;order : 0;}.fusion-builder-column-2 > .fusion-column-wrapper {margin-right : 1.92%;margin-left : 1.92%;}}@media only screen and (max-width:640px) {.fusion-body .fusion-builder-column-2{width:100% !important;order : 0;}.fusion-builder-column-2 > .fusion-column-wrapper {margin-right : 1.92%;margin-left : 1.92%;}}<\/style><\/div><\/div><style type=\"text\/css\">.fusion-body .fusion-flex-container.fusion-builder-row-2{ padding-top : 70px;margin-top : 0px;padding-right : 30px;padding-bottom : 50px;margin-bottom : 0px;padding-left : 30px;}<\/style><\/div><\/p>\n","protected":false},"excerpt":{"rendered":"","protected":false},"author":1,"featured_media":0,"parent":1544,"menu_order":0,"comment_status":"closed","ping_status":"closed","template":"100-width.php","meta":{"footnotes":""},"class_list":["post-1674","page","type-page","status-publish","hentry"],"_links":{"self":[{"href":"https:\/\/www.unioviedo.es\/IUOPA\/wp-json\/wp\/v2\/pages\/1674","targetHints":{"allow":["GET"]}}],"collection":[{"href":"https:\/\/www.unioviedo.es\/IUOPA\/wp-json\/wp\/v2\/pages"}],"about":[{"href":"https:\/\/www.unioviedo.es\/IUOPA\/wp-json\/wp\/v2\/types\/page"}],"author":[{"embeddable":true,"href":"https:\/\/www.unioviedo.es\/IUOPA\/wp-json\/wp\/v2\/users\/1"}],"replies":[{"embeddable":true,"href":"https:\/\/www.unioviedo.es\/IUOPA\/wp-json\/wp\/v2\/comments?post=1674"}],"version-history":[{"count":1,"href":"https:\/\/www.unioviedo.es\/IUOPA\/wp-json\/wp\/v2\/pages\/1674\/revisions"}],"predecessor-version":[{"id":1675,"href":"https:\/\/www.unioviedo.es\/IUOPA\/wp-json\/wp\/v2\/pages\/1674\/revisions\/1675"}],"up":[{"embeddable":true,"href":"https:\/\/www.unioviedo.es\/IUOPA\/wp-json\/wp\/v2\/pages\/1544"}],"wp:attachment":[{"href":"https:\/\/www.unioviedo.es\/IUOPA\/wp-json\/wp\/v2\/media?parent=1674"}],"curies":[{"name":"wp","href":"https:\/\/api.w.org\/{rel}","templated":true}]}}