{"id":2283,"date":"2023-03-09T15:28:11","date_gmt":"2023-03-09T14:28:11","guid":{"rendered":"https:\/\/www.unioviedo.es\/IUOPA\/?page_id=2283"},"modified":"2023-03-09T15:28:22","modified_gmt":"2023-03-09T14:28:22","slug":"seminars","status":"publish","type":"page","link":"https:\/\/www.unioviedo.es\/IUOPA\/en\/seminars\/","title":{"rendered":"Seminars"},"content":{"rendered":"<p><div class=\"fusion-fullwidth fullwidth-box fusion-builder-row-1 fusion-flex-container nonhundred-percent-fullwidth non-hundred-percent-height-scrolling\" style=\"background-color: rgba(255,255,255,0);background-position: center center;background-repeat: no-repeat;border-width: 0px 0px 0px 0px;border-color:#eae9e9;border-style:solid;\" ><div class=\"fusion-builder-row fusion-row fusion-flex-align-items-flex-start\" style=\"max-width:1216.8px;margin-left: calc(-4% \/ 2 );margin-right: calc(-4% \/ 2 );\"><div class=\"fusion-layout-column fusion_builder_column fusion-builder-column-0 fusion_builder_column_2_3 2_3 fusion-flex-column\"><div class=\"fusion-column-wrapper fusion-flex-justify-content-flex-start fusion-content-layout-column\" style=\"background-position:left top;background-repeat:no-repeat;-webkit-background-size:cover;-moz-background-size:cover;-o-background-size:cover;background-size:cover;border-width: 0 1px 0 0;border-color:#c7afd8;border-style:solid;padding: 0px 30px 0px 0px;\"><style type=\"text\/css\">@media only screen and (max-width:1024px) {.fusion-title.fusion-title-1{margin-top:20px!important; margin-right:0px!important;margin-bottom:31px!important;margin-left:0px!important;}}@media only screen and (max-width:640px) {.fusion-title.fusion-title-1{margin-top:0px!important; margin-right:0px!important;margin-bottom:20px!important; margin-left:0px!important;}}<\/style><div class=\"fusion-title title fusion-title-1 fusion-sep-none fusion-title-text fusion-title-size-three\" style=\"font-size:28px;margin-top:20px;margin-right:0px;margin-bottom:31px;margin-left:0px;\"><h3 class=\"title-heading-left fusion-responsive-typography-calculated\" style=\"margin:0;font-size:1em;--fontSize:28;line-height:1.4;\">Next seminars<\/h3><\/div><div class=\"fusion-separator\" style=\"align-self: flex-start;margin-right:auto;margin-bottom:30px;width:100%;max-width:100px;\"><div class=\"fusion-separator-border sep-single sep-solid\" style=\"border-color:#8f60b1;border-top-width:6px;\"><\/div><\/div><div class=\"fusion-separator fusion-full-width-sep\" style=\"align-self: center;margin-left: auto;margin-right: auto;margin-top:60px;width:100%;\"><\/div><div class=\"fusion-blog-shortcode fusion-blog-shortcode-1 fusion-blog-archive fusion-blog-layout-large-alternate fusion-blog-no fusion-blog-no-images\"><div class=\"fusion-posts-container fusion-posts-container-no\" data-pages=\"2\"><article id=\"blog-1-post-3752\" class=\"fusion-post-large-alternate post-3752 post type-post status-publish format-standard has-post-thumbnail hentry category-last-news-en category-seminars tag-conferencias-en\">\n<div class=\"fusion-date-and-formats\"><div class=\"fusion-date-box updated\"><span class=\"fusion-date\">9<\/span><span class=\"fusion-month-year\">07, 2024<\/span><\/div><div class=\"fusion-format-box\"><i class=\"awb-icon-pen\" aria-hidden=\"true\"><\/i><\/div><\/div><div class=\"fusion-post-content post-content\"><h2 class=\"blog-shortcode-post-title entry-title\"><a href=\"https:\/\/www.unioviedo.es\/IUOPA\/en\/gene-editing-correction-of-dna-damage-dependent-cardiomyopathies-2\/\">Gene Editing Correction of DNA Damage-Dependent Cardiomyopathies<\/a><\/h2><p class=\"fusion-single-line-meta\"><span class=\"vcard\" style=\"display: none;\"><span class=\"fn\"><a href=\"https:\/\/www.unioviedo.es\/IUOPA\/author\/iuopaadmin\/\" title=\"Entradas de iuopaAdmin\" rel=\"author\">iuopaAdmin<\/a><\/span><\/span><span class=\"updated\" style=\"display:none;\">2024-07-10T10:37:08+02:00<\/span><span>9 julio, 2024<\/span><span class=\"fusion-inline-sep\">|<\/span><a href=\"https:\/\/www.unioviedo.es\/IUOPA\/en\/category\/last-news-en\/\" rel=\"category tag\">Last news<\/a>, <a href=\"https:\/\/www.unioviedo.es\/IUOPA\/en\/category\/seminars\/\" rel=\"category tag\">Seminars<\/a><span class=\"fusion-inline-sep\">|<\/span><\/p><div class=\"fusion-post-content-container\"><p>  Ponente: Xurde Men\u00e9ndez Caravia Department of Molecular Biology. UT Southwestern Medical Center. Dallas Texas. T\u00edtulo: \"Gene Editing Correction of DNA Damage-Dependent Cardiomyopathies\" Lunes 15 de Julio. 13:00 horas. [...]<\/p><\/div><\/div><div class=\"fusion-clearfix\"><\/div><\/article>\n<article id=\"blog-1-post-3480\" class=\"fusion-post-large-alternate post-3480 post type-post status-publish format-standard has-post-thumbnail hentry category-seminars category-top-news tag-conferencias-en\">\n<div class=\"fusion-date-and-formats\"><div class=\"fusion-date-box updated\"><span class=\"fusion-date\">25<\/span><span class=\"fusion-month-year\">04, 2024<\/span><\/div><div class=\"fusion-format-box\"><i class=\"awb-icon-pen\" aria-hidden=\"true\"><\/i><\/div><\/div><div class=\"fusion-post-content post-content\"><h2 class=\"blog-shortcode-post-title entry-title\"><a href=\"https:\/\/www.unioviedo.es\/IUOPA\/en\/proximo-seminario-26-abril-2024\/\">Pr\u00f3ximo seminario &#8211; 26 abril 2024<\/a><\/h2><p class=\"fusion-single-line-meta\"><span class=\"vcard\" style=\"display: none;\"><span class=\"fn\"><a href=\"https:\/\/www.unioviedo.es\/IUOPA\/author\/iuopaadmin\/\" title=\"Entradas de iuopaAdmin\" rel=\"author\">iuopaAdmin<\/a><\/span><\/span><span class=\"updated\" style=\"display:none;\">2024-04-25T11:19:29+02:00<\/span><span>25 abril, 2024<\/span><span class=\"fusion-inline-sep\">|<\/span><a href=\"https:\/\/www.unioviedo.es\/IUOPA\/en\/category\/seminars\/\" rel=\"category tag\">Seminars<\/a>, <a href=\"https:\/\/www.unioviedo.es\/IUOPA\/en\/category\/top-news\/\" rel=\"category tag\">Top news<\/a><span class=\"fusion-inline-sep\">|<\/span><\/p><div class=\"fusion-post-content-container\"><p>   26 abril 2024. 13:00 pm Ponente: Miguel Aller Pellitero. T\u00edtulo: \"Electrochemical, aptamer-based sensors for real-time chemotherapy monitoring\" Grupo de Eletroan\u00e1lisisUniversidad de Oviedo (GEUO). AECC Postdoctoral Felow Lugar: [...]<\/p><\/div><\/div><div class=\"fusion-clearfix\"><\/div><\/article>\n<article id=\"blog-1-post-2992\" class=\"fusion-post-large-alternate post-2992 post type-post status-publish format-standard has-post-thumbnail hentry category-seminars category-top-news tag-conferencias-en\">\n<div class=\"fusion-date-and-formats\"><div class=\"fusion-date-box updated\"><span class=\"fusion-date\">6<\/span><span class=\"fusion-month-year\">11, 2023<\/span><\/div><div class=\"fusion-format-box\"><i class=\"awb-icon-pen\" aria-hidden=\"true\"><\/i><\/div><\/div><div class=\"fusion-post-content post-content\"><h2 class=\"blog-shortcode-post-title entry-title\"><a href=\"https:\/\/www.unioviedo.es\/IUOPA\/en\/jornadas-divulgativas-conversaciones-sobre-cancer-2\/\">Jornadas divulgativas &#8211; Conversaciones sobre C\u00e1ncer<\/a><\/h2><p class=\"fusion-single-line-meta\"><span class=\"vcard\" style=\"display: none;\"><span class=\"fn\"><a href=\"https:\/\/www.unioviedo.es\/IUOPA\/author\/iuopaadmin\/\" title=\"Entradas de iuopaAdmin\" rel=\"author\">iuopaAdmin<\/a><\/span><\/span><span class=\"updated\" style=\"display:none;\">2023-11-06T16:38:40+01:00<\/span><span>6 noviembre, 2023<\/span><span class=\"fusion-inline-sep\">|<\/span><a href=\"https:\/\/www.unioviedo.es\/IUOPA\/en\/category\/seminars\/\" rel=\"category tag\">Seminars<\/a>, <a href=\"https:\/\/www.unioviedo.es\/IUOPA\/en\/category\/top-news\/\" rel=\"category tag\">Top news<\/a><span class=\"fusion-inline-sep\">|<\/span><\/p><div class=\"fusion-post-content-container\"><p>  Jornadas divulgativas - Profesor Agust\u00edn Hidalgo Moderado por: \u00c1lvaro Fern\u00e1ndez Fern\u00e1ndez 10 Noviembre 2023. 19:00 h Paraninfo Universidad de Oviedo Xose S. Puente &amp; Milagros Balbin UNIOVI - [...]<\/p><\/div><\/div><div class=\"fusion-clearfix\"><\/div><\/article>\n<article id=\"blog-1-post-2791\" class=\"fusion-post-large-alternate post-2791 post type-post status-publish format-standard has-post-thumbnail hentry category-seminars tag-conferencias-en\">\n<div class=\"fusion-date-and-formats\"><div class=\"fusion-date-box updated\"><span class=\"fusion-date\">21<\/span><span class=\"fusion-month-year\">06, 2023<\/span><\/div><div class=\"fusion-format-box\"><i class=\"awb-icon-pen\" aria-hidden=\"true\"><\/i><\/div><\/div><div class=\"fusion-post-content post-content\"><h2 class=\"blog-shortcode-post-title entry-title\"><a href=\"https:\/\/www.unioviedo.es\/IUOPA\/en\/proximo-seminario-23-junio-2023-2\/\">Pr\u00f3ximo seminario &#8211; 23 Junio 2023<\/a><\/h2><p class=\"fusion-single-line-meta\"><span class=\"vcard\" style=\"display: none;\"><span class=\"fn\"><a href=\"https:\/\/www.unioviedo.es\/IUOPA\/author\/iuopaadmin\/\" title=\"Entradas de iuopaAdmin\" rel=\"author\">iuopaAdmin<\/a><\/span><\/span><span class=\"updated\" style=\"display:none;\">2023-09-26T15:29:53+02:00<\/span><span>21 junio, 2023<\/span><span class=\"fusion-inline-sep\">|<\/span><a href=\"https:\/\/www.unioviedo.es\/IUOPA\/en\/category\/seminars\/\" rel=\"category tag\">Seminars<\/a><span class=\"fusion-inline-sep\">|<\/span><\/p><div class=\"fusion-post-content-container\"><p>   23 Junio 2023. 13:00 pm Ponente: Sof\u00eda Tirados Men\u00e9ndez T\u00edtulo: \"B\u00fasqueda de nuevos biomarcadores y dianas terap\u00e9uticas en carcinomas escamosos de cabeza y cuello\" Grupo C\u00e1ncer de [...]<\/p><\/div><\/div><div class=\"fusion-clearfix\"><\/div><\/article>\n<article id=\"blog-1-post-2487\" class=\"fusion-post-large-alternate post-2487 post type-post status-publish format-standard has-post-thumbnail hentry category-seminars tag-conferencias-en\">\n<div class=\"fusion-date-and-formats\"><div class=\"fusion-date-box updated\"><span class=\"fusion-date\">4<\/span><span class=\"fusion-month-year\">05, 2023<\/span><\/div><div class=\"fusion-format-box\"><i class=\"awb-icon-pen\" aria-hidden=\"true\"><\/i><\/div><\/div><div class=\"fusion-post-content post-content\"><h2 class=\"blog-shortcode-post-title entry-title\"><a href=\"https:\/\/www.unioviedo.es\/IUOPA\/en\/proximo-seminario-12-mayo-2023-2\/\">Pr\u00f3ximo seminario &#8211; 12 Mayo 2023<\/a><\/h2><p class=\"fusion-single-line-meta\"><span class=\"vcard\" style=\"display: none;\"><span class=\"fn\"><a href=\"https:\/\/www.unioviedo.es\/IUOPA\/author\/iuopaadmin\/\" title=\"Entradas de iuopaAdmin\" rel=\"author\">iuopaAdmin<\/a><\/span><\/span><span class=\"updated\" style=\"display:none;\">2023-05-15T12:11:26+02:00<\/span><span>4 mayo, 2023<\/span><span class=\"fusion-inline-sep\">|<\/span><a href=\"https:\/\/www.unioviedo.es\/IUOPA\/en\/category\/seminars\/\" rel=\"category tag\">Seminars<\/a><span class=\"fusion-inline-sep\">|<\/span><\/p><div class=\"fusion-post-content-container\"><p>   12 Mayo 2023. 13:00 pm Ponente: \u00c1lvaro P\u00e9rez Valero T\u00edtulo: \"Diversificaci\u00f3n estructural de flavonoides metilados en actinomicetos\" Grupo Biotecnolog\u00eda de Nutrac\u00e9uticos y Compuestos Bioactivos. IUOPA-ISPA. Lugar: a [...]<\/p><\/div><\/div><div class=\"fusion-clearfix\"><\/div><\/article>\n<\/div><\/div><\/div><style type=\"text\/css\">.fusion-body .fusion-builder-column-0{width:66.666666666667% !important;margin-top : 0px;margin-bottom : 0px;}.fusion-builder-column-0 > .fusion-column-wrapper {padding-top : 0px !important;padding-right : 30px !important;margin-right : 2.88%;padding-bottom : 0px !important;padding-left : 0px !important;margin-left : 2.88%;}@media only screen and (max-width:1024px) {.fusion-body .fusion-builder-column-0{width:100% !important;order : 0;}.fusion-builder-column-0 > .fusion-column-wrapper {margin-right : 1.92%;margin-left : 1.92%;}}@media only screen and (max-width:640px) {.fusion-body .fusion-builder-column-0{width:100% !important;order : 0;}.fusion-builder-column-0 > .fusion-column-wrapper {margin-right : 1.92%;margin-left : 1.92%;}}<\/style><\/div><div class=\"fusion-layout-column fusion_builder_column fusion-builder-column-1 fusion_builder_column_1_3 1_3 fusion-flex-column fusion-column-inner-bg-wrapper\"><div class=\"fusion-column-wrapper fusion-flex-justify-content-flex-start fusion-content-layout-column\" style=\"padding: 0px 0px 0px 0px;\"><style type=\"text\/css\">@media only screen and (max-width:1024px) {.fusion-title.fusion-title-2{margin-top:20px!important; margin-right:0px!important;margin-bottom:31px!important;margin-left:0px!important;}}@media only screen and (max-width:640px) {.fusion-title.fusion-title-2{margin-top:0px!important; margin-right:0px!important;margin-bottom:20px!important; margin-left:0px!important;}}<\/style><div class=\"fusion-title title fusion-title-2 fusion-sep-none fusion-title-center fusion-title-text fusion-title-size-two\" style=\"font-size:18px;margin-top:20px;margin-right:0px;margin-bottom:31px;margin-left:0px;\"><h2 class=\"title-heading-center fusion-responsive-typography-calculated\" style=\"font-family:&quot;Roboto&quot;;font-weight:500;margin:0;font-size:1em;--fontSize:18;--minFontSize:18px;line-height:1.3;\"><p style=\"text-align: center;\">Consult all the Seminars<br \/>\nInstituto Universitario\u00a0 Oncolog\u00eda Principado de Asturias<br \/>\n2022\u201023<\/p><\/h2><\/div><div ><span class=\" fusion-imageframe imageframe-none imageframe-1 hover-type-none\"><img decoding=\"async\" width=\"421\" height=\"310\" alt=\"seminarios\" title=\"Seminario-iuopa\" src=\"https:\/\/www.unioviedo.es\/IUOPA\/wp-content\/uploads\/2023\/02\/Seminario-iuopa.jpg\" data-orig-src=\"https:\/\/www.unioviedo.es\/IUOPA\/wp-content\/uploads\/2023\/02\/Seminario-iuopa.jpg\" class=\"lazyload img-responsive wp-image-2177\" srcset=\"data:image\/svg+xml,%3Csvg%20xmlns%3D%27http%3A%2F%2Fwww.w3.org%2F2000%2Fsvg%27%20width%3D%27421%27%20height%3D%27310%27%20viewBox%3D%270%200%20421%20310%27%3E%3Crect%20width%3D%27421%27%20height%3D%27310%27%20fill-opacity%3D%220%22%2F%3E%3C%2Fsvg%3E\" data-srcset=\"https:\/\/www.unioviedo.es\/IUOPA\/wp-content\/uploads\/2023\/02\/Seminario-iuopa-200x147.jpg 200w, https:\/\/www.unioviedo.es\/IUOPA\/wp-content\/uploads\/2023\/02\/Seminario-iuopa-400x295.jpg 400w, https:\/\/www.unioviedo.es\/IUOPA\/wp-content\/uploads\/2023\/02\/Seminario-iuopa.jpg 421w\" data-sizes=\"auto\" data-orig-sizes=\"(max-width: 1024px) 100vw, (max-width: 640px) 100vw, 400px\" \/><\/span><\/div><\/div><span class=\"fusion-column-inner-bg hover-type-none\"><a class=\"fusion-column-anchor\" href=\"https:\/\/www.unioviedo.es\/IUOPA\/wp-content\/uploads\/2023\/02\/triptico-seminarios_22-23_v3.pdf\" rel=\"noopener noreferrer\" target=\"_blank\"><span class=\"fusion-column-inner-bg-image\" style=\"background-position:left top;background-repeat:no-repeat;-webkit-background-size:cover;-moz-background-size:cover;-o-background-size:cover;background-size:cover;\"><\/span><\/a><\/span><style type=\"text\/css\">.fusion-body .fusion-builder-column-1{width:33.333333333333% !important;margin-top : 0px;margin-bottom : 0px;}.fusion-builder-column-1 > .fusion-column-wrapper {padding-top : 0px !important;padding-right : 0px !important;margin-right : 5.76%;padding-bottom : 0px !important;padding-left : 0px !important;margin-left : 5.76%;}.fusion-flex-container .fusion-row .fusion-builder-column-1 > .fusion-column-inner-bg { margin-right:5.76%;margin-left:5.76%; }@media only screen and (max-width:1024px) {.fusion-body .fusion-builder-column-1{width:100% !important;order : 0;}.fusion-builder-column-1 > .fusion-column-wrapper {margin-right : 1.92%;margin-left : 1.92%;}.fusion-flex-container .fusion-row .fusion-builder-column-1 > .fusion-column-inner-bg { margin-right:1.92%;margin-left:1.92%; }}@media only screen and (max-width:640px) {.fusion-body .fusion-builder-column-1{width:100% !important;order : 0;}.fusion-builder-column-1 > .fusion-column-wrapper {margin-right : 1.92%;margin-left : 1.92%;}.fusion-flex-container .fusion-row .fusion-builder-column-1 > .fusion-column-inner-bg { margin-right:1.92%;margin-left:1.92%; }}<\/style><\/div><\/div><style type=\"text\/css\">.fusion-body .fusion-flex-container.fusion-builder-row-1{ padding-top : 20px;margin-top : 0px;padding-right : 30px;padding-bottom : 50px;margin-bottom : 0px;padding-left : 30px;}<\/style><\/div><div class=\"fusion-fullwidth fullwidth-box fusion-builder-row-2 fusion-flex-container fusion-parallax-none hundred-percent-fullwidth non-hundred-percent-height-scrolling lazyload\" style=\"background-color: rgba(255,255,255,0);background-position: center center;background-repeat: no-repeat;border-width: 0px 0px 0px 0px;border-color:#eae9e9;border-style:solid;-webkit-background-size:cover;-moz-background-size:cover;-o-background-size:cover;background-size:cover;\" data-bg=\"https:\/\/www.unioviedo.es\/IUOPA\/wp-content\/uploads\/2021\/11\/fcontacto-300x70.png\" ><div class=\"fusion-builder-row fusion-row fusion-flex-align-items-flex-start\" style=\"width:calc( 100% + 0px ) !important;max-width:calc( 100% + 0px ) !important;margin-left: calc(-0px \/ 2 );margin-right: calc(-0px \/ 2 );\"><div class=\"fusion-layout-column fusion_builder_column fusion-builder-column-2 fusion_builder_column_1_1 1_1 fusion-flex-column\"><div class=\"fusion-column-wrapper fusion-flex-justify-content-flex-start fusion-content-layout-column\" style=\"background-position:left top;background-repeat:no-repeat;-webkit-background-size:cover;-moz-background-size:cover;-o-background-size:cover;background-size:cover;padding: 0px 0px 0px 0px;\"><style type=\"text\/css\">@media only screen and (max-width:1024px) {.fusion-title.fusion-title-3{margin-top:0px!important; margin-right:0px!important;margin-bottom:31px!important;margin-left:0px!important;}}@media only screen and (max-width:640px) {.fusion-title.fusion-title-3{margin-top:0px!important; margin-right:0px!important;margin-bottom:20px!important; margin-left:0px!important;}}<\/style><div class=\"fusion-title title fusion-title-3 fusion-sep-none fusion-title-center fusion-title-text fusion-title-size-two\" style=\"margin-top:0px;margin-right:0px;margin-bottom:31px;margin-left:0px;\"><h2 class=\"title-heading-center fusion-responsive-typography-calculated\" style=\"margin:0;color:#ffffff;--fontSize:40;line-height:1.3;\">Cont\u00e1ctanos<\/h2><\/div><div class=\"fusion-separator\" style=\"align-self: center;margin-left: auto;margin-right: auto;margin-bottom:30px;width:100%;max-width:100px;\"><div class=\"fusion-separator-border sep-single sep-solid\" style=\"border-color:rgba(255,255,255,0.45);border-top-width:6px;\"><\/div><\/div><div class=\"fusion-separator fusion-full-width-sep\" style=\"align-self: center;margin-left: auto;margin-right: auto;margin-top:10px;width:100%;\"><\/div><div class=\"fusion-text fusion-text-1\" style=\"text-align:center;color:#ffffff;\"><p>Unidad Administrativa del IUOPA.<br \/>\nHorario: Lunes a Viernes de 9.00 a 14.00 h<\/p>\n<\/div><div style=\"text-align:center;\"><style>.fusion-button.button-1 .fusion-button-text,.fusion-button.button-1 i{color:#ffffff;}.fusion-button.button-1{border-color:#ffffff;border-width:2px 2px 2px 2px;border-radius:0 0 0 0;background:rgba(0,111,95,0);}.fusion-button.button-1:hover .fusion-button-text,.fusion-button.button-1:hover i,.fusion-button.button-1:focus .fusion-button-text,.fusion-button.button-1:focus i,.fusion-button.button-1:active .fusion-button-text,.fusion-button.button-1:active i{color:#006f5f;}.fusion-button.button-1:hover,.fusion-button.button-1:active,.fusion-button.button-1:focus{border-color:#ffffff;border-width:2px 2px 2px 2px;background:#ffffff;}<\/style><a class=\"fusion-button button-flat button-xlarge button-custom button-1 fusion-button-default-span fusion-button-default-type\" target=\"_self\" href=\"https:\/\/www.unioviedo.es\/IUOPA\/contacto\"><span class=\"fusion-button-text\">Contactar<\/span><\/a><\/div><\/div><style type=\"text\/css\">.fusion-body .fusion-builder-column-2{width:100% !important;margin-top : 0px;margin-bottom : 0px;}.fusion-builder-column-2 > .fusion-column-wrapper {padding-top : 0px !important;padding-right : 0px !important;margin-right : 0px;padding-bottom : 0px !important;padding-left : 0px !important;margin-left : 0px;}@media only screen and (max-width:1024px) {.fusion-body .fusion-builder-column-2{width:100% !important;}.fusion-builder-column-2 > .fusion-column-wrapper {margin-right : 0px;margin-left : 0px;}}@media only screen and (max-width:640px) {.fusion-body .fusion-builder-column-2{width:100% !important;}.fusion-builder-column-2 > .fusion-column-wrapper {margin-right : 0px;margin-left : 0px;}}<\/style><\/div><\/div><style type=\"text\/css\">.fusion-body .fusion-flex-container.fusion-builder-row-2{ padding-top : 50px;margin-top : 0px;padding-right : 0px;padding-bottom : 50px;margin-bottom : 0px;padding-left : 0px;}<\/style><\/div><\/p>\n","protected":false},"excerpt":{"rendered":"","protected":false},"author":1,"featured_media":0,"parent":0,"menu_order":0,"comment_status":"closed","ping_status":"closed","template":"100-width.php","meta":{"footnotes":""},"class_list":["post-2283","page","type-page","status-publish","hentry"],"_links":{"self":[{"href":"https:\/\/www.unioviedo.es\/IUOPA\/wp-json\/wp\/v2\/pages\/2283","targetHints":{"allow":["GET"]}}],"collection":[{"href":"https:\/\/www.unioviedo.es\/IUOPA\/wp-json\/wp\/v2\/pages"}],"about":[{"href":"https:\/\/www.unioviedo.es\/IUOPA\/wp-json\/wp\/v2\/types\/page"}],"author":[{"embeddable":true,"href":"https:\/\/www.unioviedo.es\/IUOPA\/wp-json\/wp\/v2\/users\/1"}],"replies":[{"embeddable":true,"href":"https:\/\/www.unioviedo.es\/IUOPA\/wp-json\/wp\/v2\/comments?post=2283"}],"version-history":[{"count":2,"href":"https:\/\/www.unioviedo.es\/IUOPA\/wp-json\/wp\/v2\/pages\/2283\/revisions"}],"predecessor-version":[{"id":2285,"href":"https:\/\/www.unioviedo.es\/IUOPA\/wp-json\/wp\/v2\/pages\/2283\/revisions\/2285"}],"wp:attachment":[{"href":"https:\/\/www.unioviedo.es\/IUOPA\/wp-json\/wp\/v2\/media?parent=2283"}],"curies":[{"name":"wp","href":"https:\/\/api.w.org\/{rel}","templated":true}]}}