{"id":2449,"date":"2023-04-03T11:01:12","date_gmt":"2023-04-03T09:01:12","guid":{"rendered":"https:\/\/www.unioviedo.es\/IUOPA\/?page_id=2449"},"modified":"2023-05-04T14:28:05","modified_gmt":"2023-05-04T12:28:05","slug":"el-cancer-como-problema-biologico","status":"publish","type":"page","link":"https:\/\/www.unioviedo.es\/IUOPA\/docencia\/el-cancer-como-problema-biologico\/","title":{"rendered":"El c\u00e1ncer como problema biol\u00f3gico"},"content":{"rendered":"<p><div class=\"fusion-fullwidth fullwidth-box fusion-builder-row-1 fusion-flex-container nonhundred-percent-fullwidth non-hundred-percent-height-scrolling\" style=\"background-color: #f8f8f8;background-position: center center;background-repeat: no-repeat;border-width: 0px 0px 0px 0px;border-color:#eae9e9;border-style:solid;\" ><div class=\"fusion-builder-row fusion-row fusion-flex-align-items-flex-start\" style=\"max-width:1216.8px;margin-left: calc(-4% \/ 2 );margin-right: calc(-4% \/ 2 );\"><div class=\"fusion-layout-column fusion_builder_column fusion-builder-column-0 fusion_builder_column_1_1 1_1 fusion-flex-column\"><div class=\"fusion-column-wrapper fusion-flex-justify-content-center fusion-content-layout-column\" style=\"background-position:left top;background-repeat:no-repeat;-webkit-background-size:cover;-moz-background-size:cover;-o-background-size:cover;background-size:cover;padding: 0px 0px 0px 0px;\"><style type=\"text\/css\">@media only screen and (max-width:1024px) {.fusion-title.fusion-title-1{margin-top:0px!important; margin-right:0px!important;margin-bottom:31px!important;margin-left:0px!important;}}@media only screen and (max-width:640px) {.fusion-title.fusion-title-1{margin-top:0px!important; margin-right:0px!important;margin-bottom:20px!important; margin-left:0px!important;}}<\/style><div class=\"fusion-title title fusion-title-1 fusion-sep-none fusion-title-text fusion-title-size-two\" style=\"font-size:14px;margin-top:0px;margin-right:0px;margin-bottom:31px;margin-left:0px;\"><h2 class=\"title-heading-left fusion-responsive-typography-calculated\" style=\"margin:0;font-size:1em;--fontSize:14;--minFontSize:14px;line-height:1.3;\"><p><strong>CARACTER<\/strong><br \/>\nObligatoria<\/p>\n<p><strong>DURACI\u00d3N<\/strong><br \/>\n3 ECTSs<\/p>\n<p><strong>PROFESORADO<\/strong><\/p>\n<ul>\n<li>Alicia Rodr\u00edguez Folgueras. Dpto. Bioqu\u00edmica y Biolog\u00eda Molecular, Universidad de Oviedo \u2013 <a href=\"mailto:arfolgueras@uniovi.es\">arfolgueras@uniovi.es<\/a><\/li>\n<li>Jos\u00e9 Mar\u00eda P\u00e9rez Freije. Dpto. Bioqu\u00edmica y Biolog\u00eda Molecular, Universidad de Oviedo \u2013 <a href=\"mailto:jmpf@uniovi.es\">jmpf@uniovi.es<\/a><\/li>\n<li>Juan Pablo Rodrigo Tapia. Dpto. de Cirug\u00eda y Especialidades M\u00e9dico-Quir\u00fargicas. \u00c1rea de Otorrinolaringolog\u00eda, Universidad de Oviedo. Secci\u00f3n de Oncolog\u00eda-Otorrinolaringolog\u00eda, Hospital Universitario Central de Asturias (HUCA)<\/li>\n<li>Fernando L\u00f3pez \u00c1lvarez. Dpto. de Cirug\u00eda y Especialidades M\u00e9dico-Quir\u00fargicas. \u00c1rea de Otorrinolaringolog\u00eda, Universidad de Oviedo. Servicio de Otorrinolaringolog\u00eda, Hospital Universitario Central de Asturias (HUCA)<\/li>\n<li>Pilar Blay Albors. Servicio de Oncolog\u00eda M\u00e9dica, Hospital Universitario Central de Asturias (HUCA)<\/li>\n<li>Paula Garc\u00eda Teijido. \u00c1rea de Oncolog\u00eda M\u00e9dica, Hospital Universitario San Agust\u00edn, Avil\u00e9s<\/li>\n<li>Jos\u00e9 Antonio Villegas Rubio. Unidad de Oncolog\u00eda Pedi\u00e1trica, Hospital Universitario Central de Asturias (HUCA)<\/li>\n<li>Joud Zanabili. Servicio de Hematolog\u00eda y Hemoterapia, Hospital Universitario Central de Asturias (HUCA)<\/li>\n<li>Mar\u00eda Mu\u00f1iz Castrillo. Servicio de Oncolog\u00eda M\u00e9dica, Hospital Universitario Central de Asturias (HUCA)<\/li>\n<li>Juan Cadi\u00f1anos Ba\u00f1ales. Hospital Centro M\u00e9dico de Asturias<\/li>\n<\/ul><\/h2><\/div><div class=\"fusion-separator\" style=\"align-self: flex-start;margin-right:auto;margin-bottom:30px;width:100%;max-width:100px;\"><div class=\"fusion-separator-border sep-single sep-solid\" style=\"border-color:#25afb4;border-top-width:2px;\"><\/div><\/div><div class=\"fusion-separator fusion-full-width-sep\" style=\"align-self: center;margin-left: auto;margin-right: auto;margin-top:7px;width:100%;\"><\/div><\/div><style type=\"text\/css\">.fusion-body .fusion-builder-column-0{width:100% !important;margin-top : 0px;margin-bottom : 0px;}.fusion-builder-column-0 > .fusion-column-wrapper {padding-top : 0px !important;padding-right : 0px !important;margin-right : 1.92%;padding-bottom : 0px !important;padding-left : 0px !important;margin-left : 1.92%;}@media only screen and (max-width:1024px) {.fusion-body .fusion-builder-column-0{width:100% !important;order : 1;}.fusion-builder-column-0 > .fusion-column-wrapper {margin-right : 2.88%;margin-left : 2.88%;}}@media only screen and (max-width:640px) {.fusion-body .fusion-builder-column-0{width:100% !important;margin-bottom : 6%;}.fusion-builder-column-0 > .fusion-column-wrapper {margin-right : 1.92%;margin-left : 1.92%;}}<\/style><\/div><\/div><style type=\"text\/css\">.fusion-body .fusion-flex-container.fusion-builder-row-1{ padding-top : 70px;margin-top : 0px;padding-right : 30px;padding-bottom : 70px;margin-bottom : 0px;padding-left : 30px;}<\/style><\/div><div class=\"fusion-fullwidth fullwidth-box fusion-builder-row-2 fusion-flex-container nonhundred-percent-fullwidth non-hundred-percent-height-scrolling\" style=\"background-color: #ffffff;background-position: center center;background-repeat: no-repeat;border-width: 0px 0px 0px 0px;border-color:#eae9e9;border-style:solid;\" ><div class=\"fusion-builder-row fusion-row fusion-flex-align-items-center\" style=\"max-width:1216.8px;margin-left: calc(-4% \/ 2 );margin-right: calc(-4% \/ 2 );\"><div class=\"fusion-layout-column fusion_builder_column fusion-builder-column-1 fusion_builder_column_1_1 1_1 fusion-flex-column\"><div class=\"fusion-column-wrapper fusion-flex-justify-content-flex-start fusion-content-layout-column\" style=\"background-position:left top;background-repeat:no-repeat;-webkit-background-size:cover;-moz-background-size:cover;-o-background-size:cover;background-size:cover;padding: 0px 0px 0px 0px;\"><div class=\"fusion-text fusion-text-1\"><p><strong>Descripci\u00f3n<\/strong>:<\/p>\n<p>La asignatura \u201cEl C\u00e1ncer como Problema Biol\u00f3gico y Cl\u00ednico\u201d est\u00e1 integrada en el m\u00f3dulo de Biolog\u00eda del C\u00e1ncer y tiene car\u00e1cter obligatorio en el M\u00e1ster. Se ha optado por la obligatoriedad de la asignatura con el fin de garantizar que los alumnos realicen un recorrido formativo sobre aspectos considerados cr\u00edticos en la formaci\u00f3n de postgrado, como es el conocimiento b\u00e1sico o elemental del origen biol\u00f3gico del c\u00e1ncer, as\u00ed como su relaci\u00f3n con la presentaci\u00f3n cl\u00ednica y el desarrollo de nuevos agentes y estrategias terap\u00e9uticas.<\/p>\n<p>La asignatura pretende ofrecer una visi\u00f3n general del proceso de transformaci\u00f3n maligna, como punto de partida para otros cursos m\u00e1s espec\u00edficos. As\u00ed mismo, proporcionar\u00e1 al alumno conocimientos b\u00e1sicos de la pr\u00e1ctica cl\u00ednica en Oncolog\u00eda, destacando los \u00faltimos avances en medicina oncol\u00f3gica. Con este objetivo, una gran parte de la asignatura es impartida por especialistas en distintas \u00e1reas cl\u00ednicas oncol\u00f3gicas con el fin de ofrecer a los alumnos un esbozo de los fundamentos, limitaciones y resultados del tratamiento del c\u00e1ncer en el momento actual, resaltando la distancia que queda por salvar entre los conocimientos biol\u00f3gicos y la traslaci\u00f3n a la pr\u00e1ctica m\u00e9dica. La parte te\u00f3rica de la asignatura es complementada con la discusi\u00f3n y el an\u00e1lisis cr\u00edtico de publicaciones cient\u00edficas con el objetivo final de reforzar la conexi\u00f3n indispensable entre los conocimientos e investigaci\u00f3n pre-cl\u00ednica y el avance efectivo en el tratamiento oncol\u00f3gico de los pacientes con c\u00e1ncer.<\/p>\n<\/div><\/div><style type=\"text\/css\">.fusion-body .fusion-builder-column-1{width:100% !important;margin-top : 0px;margin-bottom : 0px;}.fusion-builder-column-1 > .fusion-column-wrapper {padding-top : 0px !important;padding-right : 0px !important;margin-right : 1.92%;padding-bottom : 0px !important;padding-left : 0px !important;margin-left : 1.92%;}@media only screen and (max-width:1024px) {.fusion-body .fusion-builder-column-1{width:100% !important;order : 0;}.fusion-builder-column-1 > .fusion-column-wrapper {margin-right : 1.92%;margin-left : 1.92%;}}@media only screen and (max-width:640px) {.fusion-body .fusion-builder-column-1{width:100% !important;order : 0;}.fusion-builder-column-1 > .fusion-column-wrapper {margin-right : 1.92%;margin-left : 1.92%;}}<\/style><\/div><\/div><style type=\"text\/css\">.fusion-body .fusion-flex-container.fusion-builder-row-2{ padding-top : 70px;margin-top : 0px;padding-right : 30px;padding-bottom : 50px;margin-bottom : 0px;padding-left : 30px;}<\/style><\/div><\/p>\n","protected":false},"excerpt":{"rendered":"","protected":false},"author":1,"featured_media":0,"parent":938,"menu_order":0,"comment_status":"closed","ping_status":"closed","template":"100-width.php","meta":{"footnotes":""},"class_list":["post-2449","page","type-page","status-publish","hentry"],"_links":{"self":[{"href":"https:\/\/www.unioviedo.es\/IUOPA\/wp-json\/wp\/v2\/pages\/2449","targetHints":{"allow":["GET"]}}],"collection":[{"href":"https:\/\/www.unioviedo.es\/IUOPA\/wp-json\/wp\/v2\/pages"}],"about":[{"href":"https:\/\/www.unioviedo.es\/IUOPA\/wp-json\/wp\/v2\/types\/page"}],"author":[{"embeddable":true,"href":"https:\/\/www.unioviedo.es\/IUOPA\/wp-json\/wp\/v2\/users\/1"}],"replies":[{"embeddable":true,"href":"https:\/\/www.unioviedo.es\/IUOPA\/wp-json\/wp\/v2\/comments?post=2449"}],"version-history":[{"count":5,"href":"https:\/\/www.unioviedo.es\/IUOPA\/wp-json\/wp\/v2\/pages\/2449\/revisions"}],"predecessor-version":[{"id":2483,"href":"https:\/\/www.unioviedo.es\/IUOPA\/wp-json\/wp\/v2\/pages\/2449\/revisions\/2483"}],"up":[{"embeddable":true,"href":"https:\/\/www.unioviedo.es\/IUOPA\/wp-json\/wp\/v2\/pages\/938"}],"wp:attachment":[{"href":"https:\/\/www.unioviedo.es\/IUOPA\/wp-json\/wp\/v2\/media?parent=2449"}],"curies":[{"name":"wp","href":"https:\/\/api.w.org\/{rel}","templated":true}]}}