{"id":3557,"date":"2024-05-07T12:51:41","date_gmt":"2024-05-07T10:51:41","guid":{"rendered":"https:\/\/www.unioviedo.es\/IUOPA\/?page_id=3557"},"modified":"2024-05-07T12:56:32","modified_gmt":"2024-05-07T10:56:32","slug":"estilo-de-vida-entorno-y-salud-evensa","status":"publish","type":"page","link":"https:\/\/www.unioviedo.es\/IUOPA\/en\/research\/estilo-de-vida-entorno-y-salud-evensa\/","title":{"rendered":"Estilo de vida, entorno y salud (EVENSA)"},"content":{"rendered":"<p><div class=\"fusion-fullwidth fullwidth-box fusion-builder-row-1 fusion-flex-container nonhundred-percent-fullwidth non-hundred-percent-height-scrolling\" style=\"background-color: #f8f8f8;background-position: center center;background-repeat: no-repeat;border-width: 0px 0px 0px 0px;border-color:#eae9e9;border-style:solid;\" ><div class=\"fusion-builder-row fusion-row fusion-flex-align-items-flex-start\" style=\"max-width:1216.8px;margin-left: calc(-4% \/ 2 );margin-right: calc(-4% \/ 2 );\"><div class=\"fusion-layout-column fusion_builder_column fusion-builder-column-0 fusion_builder_column_1_2 1_2 fusion-flex-column\"><div class=\"fusion-column-wrapper fusion-flex-justify-content-center fusion-content-layout-column\" style=\"background-position:left top;background-repeat:no-repeat;-webkit-background-size:cover;-moz-background-size:cover;-o-background-size:cover;background-size:cover;padding: 0px 0px 0px 0px;\"><style type=\"text\/css\">@media only screen and (max-width:1024px) {.fusion-title.fusion-title-1{margin-top:0px!important; margin-right:0px!important;margin-bottom:31px!important;margin-left:0px!important;}}@media only screen and (max-width:640px) {.fusion-title.fusion-title-1{margin-top:0px!important; margin-right:0px!important;margin-bottom:20px!important; margin-left:0px!important;}}<\/style><div class=\"fusion-title title fusion-title-1 fusion-sep-none fusion-title-text fusion-title-size-two\" style=\"font-size:14px;margin-top:0px;margin-right:0px;margin-bottom:31px;margin-left:0px;\"><h2 class=\"title-heading-left fusion-responsive-typography-calculated\" style=\"margin:0;font-size:1em;--fontSize:14;--minFontSize:14px;line-height:1.3;\"><p><strong>GROUP LEADER<\/strong><br \/>Ana Fern\u00e1ndez Somoano<\/p>\n<p><strong>ADDRESS<\/strong><br \/>Facultad de Medicina y Ciencias de la Salud.<br \/>Campus del Cristo s\/n<\/p><\/h2><\/div><div class=\"fusion-separator\" style=\"align-self: flex-start;margin-right:auto;margin-bottom:30px;width:100%;max-width:100px;\"><div class=\"fusion-separator-border sep-single sep-solid\" style=\"border-color:#25afb4;border-top-width:2px;\"><\/div><\/div><div class=\"fusion-separator fusion-full-width-sep\" style=\"align-self: center;margin-left: auto;margin-right: auto;margin-top:7px;width:100%;\"><\/div><\/div><style type=\"text\/css\">.fusion-body .fusion-builder-column-0{width:50% !important;margin-top : 0px;margin-bottom : 0px;}.fusion-builder-column-0 > .fusion-column-wrapper {padding-top : 0px !important;padding-right : 0px !important;margin-right : 3.84%;padding-bottom : 0px !important;padding-left : 0px !important;margin-left : 3.84%;}@media only screen and (max-width:1024px) {.fusion-body .fusion-builder-column-0{width:100% !important;order : 1;}.fusion-builder-column-0 > .fusion-column-wrapper {margin-right : 2.88%;margin-left : 2.88%;}}@media only screen and (max-width:640px) {.fusion-body .fusion-builder-column-0{width:100% !important;margin-bottom : 6%;}.fusion-builder-column-0 > .fusion-column-wrapper {margin-right : 1.92%;margin-left : 1.92%;}}<\/style><\/div><div class=\"fusion-layout-column fusion_builder_column fusion-builder-column-1 fusion_builder_column_1_2 1_2 fusion-flex-column\"><div class=\"fusion-column-wrapper fusion-flex-justify-content-center fusion-content-layout-column\" style=\"background-position:left top;background-repeat:no-repeat;-webkit-background-size:cover;-moz-background-size:cover;-o-background-size:cover;background-size:cover;padding: 0px 0px 0px 0px;\"><div style=\"text-align:center;\"><span class=\" fusion-imageframe imageframe-none imageframe-1 hover-type-none\"><img decoding=\"async\" width=\"400\" height=\"320\" title=\"anaFernandez\" src=\"https:\/\/www.unioviedo.es\/IUOPA\/wp-content\/uploads\/2024\/05\/anaFernandez.jpg\" data-orig-src=\"https:\/\/www.unioviedo.es\/IUOPA\/wp-content\/uploads\/2024\/05\/anaFernandez.jpg\" alt class=\"lazyload img-responsive wp-image-3553\" srcset=\"data:image\/svg+xml,%3Csvg%20xmlns%3D%27http%3A%2F%2Fwww.w3.org%2F2000%2Fsvg%27%20width%3D%27400%27%20height%3D%27320%27%20viewBox%3D%270%200%20400%20320%27%3E%3Crect%20width%3D%27400%27%20height%3D%27320%27%20fill-opacity%3D%220%22%2F%3E%3C%2Fsvg%3E\" data-srcset=\"https:\/\/www.unioviedo.es\/IUOPA\/wp-content\/uploads\/2024\/05\/anaFernandez-200x160.jpg 200w, https:\/\/www.unioviedo.es\/IUOPA\/wp-content\/uploads\/2024\/05\/anaFernandez.jpg 400w\" data-sizes=\"auto\" data-orig-sizes=\"(max-width: 1024px) 100vw, (max-width: 640px) 100vw, 400px\" \/><\/span><\/div><div class=\"fusion-separator\" style=\"align-self: flex-start;margin-right:auto;margin-bottom:120px;width:100%;max-width:100px;\"><\/div><\/div><style type=\"text\/css\">.fusion-body .fusion-builder-column-1{width:50% !important;margin-top : 0px;margin-bottom : 0px;}.fusion-builder-column-1 > .fusion-column-wrapper {padding-top : 0px !important;padding-right : 0px !important;margin-right : 3.84%;padding-bottom : 0px !important;padding-left : 0px !important;margin-left : 3.84%;}@media only screen and (max-width:1024px) {.fusion-body .fusion-builder-column-1{width:100% !important;order : 1;}.fusion-builder-column-1 > .fusion-column-wrapper {margin-right : 2.88%;margin-left : 2.88%;}}@media only screen and (max-width:640px) {.fusion-body .fusion-builder-column-1{width:100% !important;margin-bottom : 6%;}.fusion-builder-column-1 > .fusion-column-wrapper {margin-right : 1.92%;margin-left : 1.92%;}}<\/style><\/div><\/div><style type=\"text\/css\">.fusion-body .fusion-flex-container.fusion-builder-row-1{ padding-top : 70px;margin-top : 0px;padding-right : 30px;padding-bottom : 70px;margin-bottom : 0px;padding-left : 30px;}<\/style><\/div><div class=\"fusion-fullwidth fullwidth-box fusion-builder-row-2 fusion-flex-container nonhundred-percent-fullwidth non-hundred-percent-height-scrolling\" style=\"background-color: #ffffff;background-position: center center;background-repeat: no-repeat;border-width: 0px 0px 0px 0px;border-color:#eae9e9;border-style:solid;\" ><div class=\"fusion-builder-row fusion-row fusion-flex-align-items-center\" style=\"max-width:1216.8px;margin-left: calc(-4% \/ 2 );margin-right: calc(-4% \/ 2 );\"><div class=\"fusion-layout-column fusion_builder_column fusion-builder-column-2 fusion_builder_column_1_1 1_1 fusion-flex-column\"><div class=\"fusion-column-wrapper fusion-flex-justify-content-flex-start fusion-content-layout-column\" style=\"background-position:left top;background-repeat:no-repeat;-webkit-background-size:cover;-moz-background-size:cover;-o-background-size:cover;background-size:cover;padding: 0px 0px 0px 0px;\"><div class=\"fusion-text fusion-text-1\" style=\"margin-top:20px;\"><p><strong>RESEARCH LINES<\/strong><\/p>\n<ul>\n<li>Calidad del aire y salud: implantaci\u00f3n y desarrollo de un sistema de informaci\u00f3n sobre salud y medio ambiente en convenio con la Direcci\u00f3n General de Salud de Salud P\u00fablica para generar conocimiento sobre los efectos adversos de la contaminaci\u00f3n atmosf\u00e9rica en la poblaci\u00f3n asturiana.<\/li>\n<li>Desigualdades socioecon\u00f3micas y ambientales en salud: patrones geogr\u00e1ficos de mortalidad por distintas causas de muerte y su asociaci\u00f3n con las caracter\u00edsticas socioecon\u00f3micas y ambientales a nivel ecol\u00f3gico.<\/li>\n<li>Epidemiolog\u00eda ambiental: biomonitorizaci\u00f3n humana y estudio de los efectos de los t\u00f3xicos ambientales en la salud individual y en la sociedad en su conjunto.<\/li>\n<li>Epidemiolog\u00eda del envejecimiento: determinantes de los s\u00edndromes geri\u00e1tricos.<\/li>\n<li>Calidad de la atenci\u00f3n socio sanitaria: seguridad en residencias, empat\u00eda de estudiantes, afrontamiento en el c\u00e1ncer de mama.<\/li>\n<li>Promoci\u00f3n de la salud: evaluaci\u00f3n e intervenci\u00f3n conductual y ambiental<\/li>\n<li>Salud digital (eHealth): evaluaci\u00f3n, recomendaci\u00f3n y dise\u00f1o de recursos digitales para su uso en salud.<\/li>\n<\/ul>\n<\/div><\/div><style type=\"text\/css\">.fusion-body .fusion-builder-column-2{width:100% !important;margin-top : 0px;margin-bottom : 0px;}.fusion-builder-column-2 > .fusion-column-wrapper {padding-top : 0px !important;padding-right : 0px !important;margin-right : 1.92%;padding-bottom : 0px !important;padding-left : 0px !important;margin-left : 1.92%;}@media only screen and (max-width:1024px) {.fusion-body .fusion-builder-column-2{width:100% !important;order : 0;}.fusion-builder-column-2 > .fusion-column-wrapper {margin-right : 1.92%;margin-left : 1.92%;}}@media only screen and (max-width:640px) {.fusion-body .fusion-builder-column-2{width:100% !important;order : 0;}.fusion-builder-column-2 > .fusion-column-wrapper {margin-right : 1.92%;margin-left : 1.92%;}}<\/style><\/div><\/div><style type=\"text\/css\">.fusion-body .fusion-flex-container.fusion-builder-row-2{ padding-top : 70px;margin-top : 0px;padding-right : 30px;padding-bottom : 50px;margin-bottom : 0px;padding-left : 30px;}<\/style><\/div><div class=\"fusion-fullwidth fullwidth-box fusion-builder-row-3 fusion-flex-container nonhundred-percent-fullwidth non-hundred-percent-height-scrolling\" style=\"background-color: #f8f8f8;background-position: center center;background-repeat: no-repeat;border-width: 0px 0px 0px 0px;border-color:#eae9e9;border-style:solid;\" ><div class=\"fusion-builder-row fusion-row fusion-flex-align-items-flex-start\" style=\"max-width:1216.8px;margin-left: calc(-4% \/ 2 );margin-right: calc(-4% \/ 2 );\"><div class=\"fusion-layout-column fusion_builder_column fusion-builder-column-3 fusion_builder_column_1_1 1_1 fusion-flex-column\"><div class=\"fusion-column-wrapper fusion-flex-justify-content-flex-start fusion-content-layout-column\" style=\"background-position:left top;background-repeat:no-repeat;-webkit-background-size:cover;-moz-background-size:cover;-o-background-size:cover;background-size:cover;padding: 0px 0px 0px 0px;\"><div class=\"fusion-text fusion-text-2\"><p><strong>BIOSKETCH<\/strong><\/p>\n<p>Ana Fern\u00e1ndez Somoano es Profesora Titular del \u00c1rea de Medicina Preventiva y Salud P\u00fablica, (Departamento de Medicina, Universidad de Oviedo) desde 2021. Adem\u00e1s, es miembro del CIBER de Epidemiolog\u00eda y Salud P\u00fablica y del IUOPA desde 2008. Ha sido IP del proyecto PI18\/01313 sobre \u201cEvoluci\u00f3n de las desigualdades socioecon\u00f3micas y medioambientales en la distribuci\u00f3n geogr\u00e1fica de la mortalidad en las principales ciudades de Asturias (1996-2015): MEDEA3\u201d, ha llevado la coordinaci\u00f3n, gesti\u00f3n y supervisi\u00f3n de las tareas de la subvenci\u00f3n \u201cCalidad del aire y salud\u201d desde 2017 y es Investigadora Responsable del Convenio de colaboraci\u00f3n entre la administraci\u00f3n del Principado de Asturias, a trav\u00e9s de la Consejer\u00eda de Salud y la Universidad de Oviedo, para desarrollar un sistema de informaci\u00f3n sobre salud y medio ambiente, SV-PA-23-01. Ha publicado 135 JCRs (\u00edndice h 39, 5572 citas, datos WOS 6\/5\/2024) y ha participado en otros 6 proyectos I+D+I como colaboradora a tiempo completo.<\/p>\n<\/div><\/div><style type=\"text\/css\">.fusion-body .fusion-builder-column-3{width:100% !important;margin-top : 0px;margin-bottom : 0px;}.fusion-builder-column-3 > .fusion-column-wrapper {padding-top : 0px !important;padding-right : 0px !important;margin-right : 1.92%;padding-bottom : 0px !important;padding-left : 0px !important;margin-left : 1.92%;}@media only screen and (max-width:1024px) {.fusion-body .fusion-builder-column-3{width:100% !important;order : 0;}.fusion-builder-column-3 > .fusion-column-wrapper {margin-right : 1.92%;margin-left : 1.92%;}}@media only screen and (max-width:640px) {.fusion-body .fusion-builder-column-3{width:100% !important;order : 0;}.fusion-builder-column-3 > .fusion-column-wrapper {margin-right : 1.92%;margin-left : 1.92%;}}<\/style><\/div><\/div><style type=\"text\/css\">.fusion-body .fusion-flex-container.fusion-builder-row-3{ padding-top : 70px;margin-top : 0px;padding-right : 30px;padding-bottom : 70px;margin-bottom : 0px;padding-left : 30px;}<\/style><\/div><div class=\"fusion-fullwidth fullwidth-box fusion-builder-row-4 fusion-flex-container nonhundred-percent-fullwidth non-hundred-percent-height-scrolling\" style=\"background-color: #ffffff;background-position: center center;background-repeat: no-repeat;border-width: 0px 0px 0px 0px;border-color:#eae9e9;border-style:solid;\" ><div class=\"fusion-builder-row fusion-row fusion-flex-align-items-flex-start\" style=\"max-width:1216.8px;margin-left: calc(-4% \/ 2 );margin-right: calc(-4% \/ 2 );\"><div class=\"fusion-layout-column fusion_builder_column fusion-builder-column-4 fusion_builder_column_1_1 1_1 fusion-flex-column\"><div class=\"fusion-column-wrapper fusion-flex-justify-content-flex-start fusion-content-layout-column\" style=\"background-position:left top;background-repeat:no-repeat;-webkit-background-size:cover;-moz-background-size:cover;-o-background-size:cover;background-size:cover;padding: 0px 0px 0px 0px;\"><div class=\"fusion-text fusion-text-3\"><p><strong>SELECTED PUBLICATIONS<\/strong><\/p>\n<ul>\n<li>Fern\u00e1ndez-Iglesias R, Mart\u00ednez-Camblor P, Tard\u00f3n A, Fern\u00e1ndez-Somoano A. Statistical Considerations for Analyzing Data Derived from Long Longitudinal Cohort Studies. MATHEMATICS. 2023 Oct 30;11(19):4070. doi: 10.3390\/math11194070.<\/li>\n<li>Martin-Payo R, Leir\u00f3s-D\u00edaz C, Armes J, Fu MR, Cachero-Rodr\u00edguez J, Del Mar Fernandez-Alvarez M. The \u00abBreast-4Y\u00bb web app for breast cancer prevention at young age: Development, evaluation, and validation. Internet Interv. 2023;33:100651. Published 2023 Jul 26. doi:10.1016\/j.invent.2023.100651.<\/li>\n<li>Gonz\u00e1lez-Iglesias V, Mart\u00ednez-P\u00e9rez I, Rodr\u00edguez Su\u00e1rez V, Fern\u00e1ndez-Somoano A. Spatial distribution of hospital admissions for asthma in the central area of Asturias, Northern Spain. BMC Public Health. 2023 Apr 28;23(1):787. doi: 10.1186\/s12889-023-15731-7.<\/li>\n<li>Arias-Fern\u00e1ndez L, Carcedo-Arg\u00fcelles L, Mart\u00edn-Payo R, L\u00f3pez-Garc\u00eda E, Rodr\u00edguez-Artalejo F, Lana A. Association between neighborhood physical characteristics and mental health among older adults in Spain. Geriatr Nurs. 2023 Jan-Feb;49:170-177. doi: 10.1016\/j.gerinurse.2022.12.009.<\/li>\n<li>Garc\u00eda-Villarino M, Ria\u00f1o-Gal\u00e1n I, Rodr\u00edguez-Dehli AC, Freire C, Vizca\u00edno E, Grimalt JO, Tard\u00f3n A, Fern\u00e1ndez-Somoano A. Association between pre\/perinatal exposure to POPs and children&#8217;s anogenital distance at age 4 years: A study from the INMA-Asturias cohort. Int J Hyg Environ Health. 2020 Aug;229:113563. doi: 10.1016\/j.ijheh.2020.113563.<\/li>\n<\/ul>\n<\/div><div style=\"text-align:center;\"><style>.fusion-imageframe.imageframe-2{ margin-top : 10px;margin-bottom : 30px;}<\/style><span class=\" fusion-imageframe imageframe-none imageframe-2 hover-type-none\"><img decoding=\"async\" width=\"900\" height=\"601\" title=\"evensa-grupo\" src=\"https:\/\/www.unioviedo.es\/IUOPA\/wp-content\/uploads\/2024\/05\/evensa-grupo.jpg\" data-orig-src=\"https:\/\/www.unioviedo.es\/IUOPA\/wp-content\/uploads\/2024\/05\/evensa-grupo.jpg\" alt class=\"lazyload img-responsive wp-image-3551\" srcset=\"data:image\/svg+xml,%3Csvg%20xmlns%3D%27http%3A%2F%2Fwww.w3.org%2F2000%2Fsvg%27%20width%3D%27900%27%20height%3D%27601%27%20viewBox%3D%270%200%20900%20601%27%3E%3Crect%20width%3D%27900%27%20height%3D%27601%27%20fill-opacity%3D%220%22%2F%3E%3C%2Fsvg%3E\" data-srcset=\"https:\/\/www.unioviedo.es\/IUOPA\/wp-content\/uploads\/2024\/05\/evensa-grupo-200x134.jpg 200w, https:\/\/www.unioviedo.es\/IUOPA\/wp-content\/uploads\/2024\/05\/evensa-grupo-400x267.jpg 400w, https:\/\/www.unioviedo.es\/IUOPA\/wp-content\/uploads\/2024\/05\/evensa-grupo-600x401.jpg 600w, https:\/\/www.unioviedo.es\/IUOPA\/wp-content\/uploads\/2024\/05\/evensa-grupo-800x534.jpg 800w, https:\/\/www.unioviedo.es\/IUOPA\/wp-content\/uploads\/2024\/05\/evensa-grupo.jpg 900w\" data-sizes=\"auto\" data-orig-sizes=\"(max-width: 1024px) 100vw, (max-width: 640px) 100vw, 900px\" \/><\/span><\/div><\/div><style type=\"text\/css\">.fusion-body .fusion-builder-column-4{width:100% !important;margin-top : 0px;margin-bottom : 0px;}.fusion-builder-column-4 > .fusion-column-wrapper {padding-top : 0px !important;padding-right : 0px !important;margin-right : 1.92%;padding-bottom : 0px !important;padding-left : 0px !important;margin-left : 1.92%;}@media only screen and (max-width:1024px) {.fusion-body .fusion-builder-column-4{width:100% !important;order : 0;}.fusion-builder-column-4 > .fusion-column-wrapper {margin-right : 1.92%;margin-left : 1.92%;}}@media only screen and (max-width:640px) {.fusion-body .fusion-builder-column-4{width:100% !important;order : 0;}.fusion-builder-column-4 > .fusion-column-wrapper {margin-right : 1.92%;margin-left : 1.92%;}}<\/style><\/div><\/div><style type=\"text\/css\">.fusion-body .fusion-flex-container.fusion-builder-row-4{ padding-top : 70px;margin-top : 0px;padding-right : 30px;padding-bottom : 70px;margin-bottom : 0px;padding-left : 30px;}<\/style><\/div><div class=\"fusion-fullwidth fullwidth-box fusion-builder-row-5 fusion-flex-container nonhundred-percent-fullwidth non-hundred-percent-height-scrolling\" style=\"background-color: rgba(255,255,255,0);background-position: center center;background-repeat: no-repeat;border-width: 0px 0px 0px 0px;border-color:#eae9e9;border-style:solid;\" ><div class=\"fusion-builder-row fusion-row fusion-flex-align-items-flex-start\" style=\"max-width:1216.8px;margin-left: calc(-4% \/ 2 );margin-right: calc(-4% \/ 2 );\"><div class=\"fusion-layout-column fusion_builder_column fusion-builder-column-5 fusion_builder_column_1_1 1_1 fusion-flex-column\"><div class=\"fusion-column-wrapper fusion-flex-justify-content-flex-start fusion-content-layout-column\" style=\"background-position:left top;background-blend-mode: overlay;background-repeat:no-repeat;-webkit-background-size:cover;-moz-background-size:cover;-o-background-size:cover;background-size:cover;padding: 0px 0px 0px 0px;\"><div class=\"fusion-section-separator section-separator triangle fusion-section-separator-1\"><div class=\"fusion-section-separator-svg\" style=\"border-bottom:1px solid #f8f8f8;\"><div class=\"divider-candy-arrow bottom\" style=\"top:0px;border-top-color: #f8f8f8;\"><\/div><div class=\"divider-candy bottom\" style=\"bottom:-21px;border-bottom:1px solid #f8f8f8;border-left:1px solid #f8f8f8;\"><\/div><\/div><div class=\"fusion-section-separator-spacer\"><div class=\"fusion-section-separator-spacer-height\" style=\"height:1px;\"><\/div><\/div><style type=\"text\/css\">.fusion-section-separator-1 .fusion-section-separator-svg {margin-left:1.92%;margin-right:1.92%;}@media only screen and (max-width:1024px) {.fusion-section-separator-1 .fusion-section-separator-svg {margin-left:1.92%;margin-right:1.92%;}}@media only screen and (max-width:640px) {.fusion-section-separator-1 .fusion-section-separator-svg {margin-left:1.92%;margin-right:1.92%;}}<\/style><\/div><\/div><style type=\"text\/css\">.fusion-body .fusion-builder-column-5{width:100% !important;margin-top : 0px;margin-bottom : 0px;}.fusion-builder-column-5 > .fusion-column-wrapper {padding-top : 0px !important;padding-right : 0px !important;margin-right : 1.92%;padding-bottom : 0px !important;padding-left : 0px !important;margin-left : 1.92%;}@media only screen and (max-width:1024px) {.fusion-body .fusion-builder-column-5{width:100% !important;}.fusion-builder-column-5 > .fusion-column-wrapper {margin-right : 1.92%;margin-left : 1.92%;}}@media only screen and (max-width:640px) {.fusion-body .fusion-builder-column-5{width:100% !important;}.fusion-builder-column-5 > .fusion-column-wrapper {margin-right : 1.92%;margin-left : 1.92%;}}<\/style><\/div><\/div><style type=\"text\/css\">.fusion-body .fusion-flex-container.fusion-builder-row-5{ padding-top : 0px;margin-top : 0px;padding-right : 30px;padding-bottom : 0px;margin-bottom : 0px;padding-left : 30px;}<\/style><\/div><div class=\"fusion-fullwidth fullwidth-box fusion-builder-row-6 fusion-flex-container nonhundred-percent-fullwidth non-hundred-percent-height-scrolling\" style=\"background-color: #e8e8e8;background-position: center center;background-repeat: no-repeat;border-width: 0px 0px 0px 0px;border-color:#eae9e9;border-style:solid;\" ><div class=\"fusion-builder-row fusion-row fusion-flex-align-items-flex-start fusion-flex-justify-content-center\" style=\"max-width:1216.8px;margin-left: calc(-4% \/ 2 );margin-right: calc(-4% \/ 2 );\"><div class=\"fusion-layout-column fusion_builder_column fusion-builder-column-6 fusion_builder_column_1_1 1_1 fusion-flex-column\"><div class=\"fusion-column-wrapper fusion-flex-justify-content-flex-start fusion-content-layout-column\" style=\"background-position:left top;background-repeat:no-repeat;-webkit-background-size:cover;-moz-background-size:cover;-o-background-size:cover;background-size:cover;padding: 0px 0px 0px 0px;\"><style type=\"text\/css\">@media only screen and (max-width:1024px) {.fusion-title.fusion-title-2{margin-top:0px!important; margin-right:0px!important;margin-bottom:31px!important;margin-left:0px!important;}}@media only screen and (max-width:640px) {.fusion-title.fusion-title-2{margin-top:0px!important; margin-right:0px!important;margin-bottom:20px!important; margin-left:0px!important;}}<\/style><div class=\"fusion-title title fusion-title-2 fusion-sep-none fusion-title-center fusion-title-text fusion-title-size-two\" style=\"font-size:60px;margin-top:0px;margin-right:0px;margin-bottom:31px;margin-left:0px;\"><h2 class=\"title-heading-center fusion-responsive-typography-calculated\" style=\"margin:0;font-size:1em;color:#ffffff;--fontSize:60;line-height:1.3;\">Miembros<\/h2><\/div><div class=\"fusion-separator\" style=\"align-self: center;margin-left: auto;margin-right: auto;margin-bottom:30px;width:100%;max-width:100px;\"><div class=\"fusion-separator-border sep-single sep-solid\" style=\"border-color:#ffffff;border-top-width:2px;\"><\/div><\/div><div class=\"fusion-text fusion-text-4\"><table width=\"100%\">\n<tbody>\n<tr>\n<td width=\"179\"><strong>Name<\/strong><\/td>\n<td width=\"160\"><strong>Possition<\/strong><\/td>\n<td width=\"200\"><strong>E-mail<\/strong><\/td>\n<td width=\"100\"><strong>Phone number<\/strong><\/td>\n<\/tr>\n<tr>\n<td><strong>Ana Fern\u00e1ndez Somoano<\/strong><\/td>\n<td>Group leader &#8211; Doctor<\/td>\n<td><a href=\"mailto:fernandezsana@uniovi.ess\">fernandezsana@uniovi.es<\/a><\/td>\n<td>985 10 62 65<\/td>\n<\/tr>\n<tr>\n<td>Alberto Lana P\u00e9rez<\/td>\n<td>Staff Scientist &#8211; Doctor<\/td>\n<td><a href=\"mailto:lanaalberto@uniovi.es\">lanaalberto@uniovi.es<\/a><\/td>\n<td>985 10 35 32<\/td>\n<\/tr>\n<tr>\n<td>M\u00aa del Olivo del Valle G\u00f3mez<\/td>\n<td>Staff Scientist &#8211; Doctor<\/td>\n<td><a href=\"mailto:delvalle@uniovi.es\">delvalle@uniovi.es<\/a><\/td>\n<td>985 10 31 58<\/td>\n<\/tr>\n<tr>\n<td>Rub\u00e9n Mart\u00edn Payo<\/td>\n<td>Staff Scientist &#8211; Doctor<\/td>\n<td><a href=\"mailto:martinruben@uniovi.es\">martinruben@uniovi.es<\/a><\/td>\n<td>985 10 31 47<\/td>\n<\/tr>\n<tr>\n<td>M\u00aa del Mar Fern\u00e1ndez \u00c1lvarez<\/td>\n<td>Staff Scientist &#8211; Doctor<\/td>\n<td><a href=\"mailto:fernandezmar@uniovi.es\">fernandezmar@uniovi.es<\/a><\/td>\n<td>985 10 30 86<\/td>\n<\/tr>\n<tr>\n<td>Miguel Garc\u00eda Villarino<\/td>\n<td>Staff Scientist &#8211; Doctor<\/td>\n<td><a href=\"mailto:garciavmiguel@uniovi.es\">garciavmiguel@uniovi.es<\/a><\/td>\n<td>985 10 52 93<\/td>\n<\/tr>\n<tr>\n<td>Luc\u00eda Fern\u00e1ndez Arce<\/td>\n<td>Staff Scientist &#8211; Doctor<\/td>\n<td><a href=\"mailto:fernandezalucia@uniovi.es\">fernandezalucia@uniovi.es<\/a><\/td>\n<td>985 10 62 57<\/td>\n<\/tr>\n<tr>\n<td>Roc\u00edo Fern\u00e1ndez Iglesias<\/td>\n<td>Staff Scientist &#8211; Doctora<\/td>\n<td><a href=\"mailto:fernandezirocio@uniovi.es\">fernandezirocio@uniovi.es<\/a><\/td>\n<td>985 10 35 44<\/td>\n<\/tr>\n<tr>\n<td>Isabel Mart\u00ednez P\u00e9rez<\/td>\n<td>Staff Scientist &#8211; Licenciada<\/td>\n<td><a href=\"mailto:martinezpisabel@uniovi.es\">martinezpisabel@uniovi.es<\/a><\/td>\n<td>985 10 52 80<\/td>\n<\/tr>\n<\/tbody>\n<\/table>\n<\/div><div class=\"fusion-separator fusion-full-width-sep\" style=\"align-self: center;margin-left: auto;margin-right: auto;margin-top:20px;width:100%;\"><\/div><\/div><style type=\"text\/css\">.fusion-body .fusion-builder-column-6{width:100% !important;margin-top : 0px;margin-bottom : 0px;}.fusion-builder-column-6 > .fusion-column-wrapper {padding-top : 0px !important;padding-right : 0px !important;margin-right : 1.92%;padding-bottom : 0px !important;padding-left : 0px !important;margin-left : 1.92%;}@media only screen and (max-width:1024px) {.fusion-body .fusion-builder-column-6{width:100% !important;}.fusion-builder-column-6 > .fusion-column-wrapper {margin-right : 1.92%;margin-left : 1.92%;}}@media only screen and (max-width:640px) {.fusion-body .fusion-builder-column-6{width:100% !important;}.fusion-builder-column-6 > .fusion-column-wrapper {margin-right : 1.92%;margin-left : 1.92%;}}<\/style><\/div><\/div><style type=\"text\/css\">.fusion-body .fusion-flex-container.fusion-builder-row-6{ padding-top : 70px;margin-top : 0px;padding-right : 30px;padding-bottom : 70px;margin-bottom : 0px;padding-left : 30px;}<\/style><\/div><\/p>\n","protected":false},"excerpt":{"rendered":"","protected":false},"author":1,"featured_media":0,"parent":1492,"menu_order":0,"comment_status":"closed","ping_status":"closed","template":"100-width.php","meta":{"footnotes":""},"class_list":["post-3557","page","type-page","status-publish","hentry"],"_links":{"self":[{"href":"https:\/\/www.unioviedo.es\/IUOPA\/wp-json\/wp\/v2\/pages\/3557","targetHints":{"allow":["GET"]}}],"collection":[{"href":"https:\/\/www.unioviedo.es\/IUOPA\/wp-json\/wp\/v2\/pages"}],"about":[{"href":"https:\/\/www.unioviedo.es\/IUOPA\/wp-json\/wp\/v2\/types\/page"}],"author":[{"embeddable":true,"href":"https:\/\/www.unioviedo.es\/IUOPA\/wp-json\/wp\/v2\/users\/1"}],"replies":[{"embeddable":true,"href":"https:\/\/www.unioviedo.es\/IUOPA\/wp-json\/wp\/v2\/comments?post=3557"}],"version-history":[{"count":3,"href":"https:\/\/www.unioviedo.es\/IUOPA\/wp-json\/wp\/v2\/pages\/3557\/revisions"}],"predecessor-version":[{"id":3560,"href":"https:\/\/www.unioviedo.es\/IUOPA\/wp-json\/wp\/v2\/pages\/3557\/revisions\/3560"}],"up":[{"embeddable":true,"href":"https:\/\/www.unioviedo.es\/IUOPA\/wp-json\/wp\/v2\/pages\/1492"}],"wp:attachment":[{"href":"https:\/\/www.unioviedo.es\/IUOPA\/wp-json\/wp\/v2\/media?parent=3557"}],"curies":[{"name":"wp","href":"https:\/\/api.w.org\/{rel}","templated":true}]}}