{"id":4760,"date":"2026-02-18T19:49:10","date_gmt":"2026-02-18T18:49:10","guid":{"rendered":"https:\/\/www.unioviedo.es\/IUOPA\/?page_id=4760"},"modified":"2026-03-17T01:05:11","modified_gmt":"2026-03-17T00:05:11","slug":"divulgacion-2","status":"publish","type":"page","link":"https:\/\/www.unioviedo.es\/IUOPA\/divulgacion-2\/","title":{"rendered":"Divulgaci\u00f3n"},"content":{"rendered":"<p><div class=\"fusion-fullwidth fullwidth-box fusion-builder-row-1 fusion-flex-container nonhundred-percent-fullwidth non-hundred-percent-height-scrolling\" style=\"background-color: rgba(255,255,255,0);background-position: center center;background-repeat: no-repeat;border-width: 0px 0px 0px 0px;border-color:#eae9e9;border-style:solid;\" ><div class=\"fusion-builder-row fusion-row fusion-flex-align-items-flex-start\" style=\"max-width:1216.8px;margin-left: calc(-4% \/ 2 );margin-right: calc(-4% \/ 2 );\"><div class=\"fusion-layout-column fusion_builder_column fusion-builder-column-0 fusion_builder_column_3_4 3_4 fusion-flex-column\"><div class=\"fusion-column-wrapper fusion-flex-justify-content-flex-start fusion-content-layout-column\" style=\"background-position:left top;background-repeat:no-repeat;-webkit-background-size:cover;-moz-background-size:cover;-o-background-size:cover;background-size:cover;padding: 0px 0px 0px 0px;\"><style type=\"text\/css\">@media only screen and (max-width:1024px) {.fusion-title.fusion-title-1{margin-top:20px!important; margin-right:0px!important;margin-bottom:20 px!important;margin-left:0px!important;}}@media only screen and (max-width:640px) {.fusion-title.fusion-title-1{margin-top:0px!important; margin-right:0px!important;margin-bottom:20px!important; margin-left:0px!important;}}<\/style><div class=\"fusion-title title fusion-title-1 fusion-sep-none fusion-title-text fusion-title-size-three\" style=\"font-size:28px;margin-top:20px;margin-right:0px;margin-bottom:20px px;margin-left:0px;\"><h3 class=\"title-heading-left fusion-responsive-typography-calculated\" style=\"margin:0;font-size:1em;--fontSize:28;line-height:1.4;\">Divulgaci\u00f3n<\/h3><\/div><div class=\"fusion-separator\" style=\"align-self: flex-start;margin-right:auto;margin-bottom:30px;width:100%;max-width:100px;\"><div class=\"fusion-separator-border sep-single sep-solid\" style=\"border-color:#8f60b1;border-top-width:6px;\"><\/div><\/div><div class=\"fusion-separator\" style=\"align-self: center;margin-left: auto;margin-right: auto;margin-bottom:30px;width:100%;max-width:100px;\"><div class=\"fusion-separator-border sep-single sep-solid\" style=\"border-color:rgba(255,255,255,0.45);border-top-width:6px;\"><\/div><\/div><div class=\"fusion-blog-shortcode fusion-blog-shortcode-1 fusion-blog-archive fusion-blog-layout-large-alternate fusion-blog-no fusion-blog-no-images\"><div class=\"fusion-posts-container fusion-posts-container-no\" data-pages=\"1\"><article id=\"blog-1-post-3993\" class=\"fusion-post-large-alternate post-3993 post type-post status-publish format-standard has-post-thumbnail hentry category-divulgacion\">\n<div class=\"fusion-date-and-formats\"><div class=\"fusion-date-box updated\"><span class=\"fusion-date\">13<\/span><span class=\"fusion-month-year\">12, 2024<\/span><\/div><div class=\"fusion-format-box\"><i class=\"awb-icon-pen\" aria-hidden=\"true\"><\/i><\/div><\/div><div class=\"fusion-post-content post-content\"><h2 class=\"blog-shortcode-post-title entry-title\"><a href=\"https:\/\/www.unioviedo.es\/IUOPA\/candelaria-aguilar-nos-explica-el-significado-de-la-distincion-y-la-importancia-de-transmitir-el-valor-de-la-ciencia\/\">Candelaria Aguilar nos explica el significado de la distinci\u00f3n y la importancia de transmitir el valor de la ciencia<\/a><\/h2><p class=\"fusion-single-line-meta\"><span class=\"vcard\" style=\"display: none;\"><span class=\"fn\"><a href=\"https:\/\/www.unioviedo.es\/IUOPA\/author\/iuopaadmin\/\" title=\"Entradas de iuopaAdmin\" rel=\"author\">iuopaAdmin<\/a><\/span><\/span><span class=\"updated\" style=\"display:none;\">2024-12-13T10:31:35+01:00<\/span><span>13 diciembre, 2024<\/span><span class=\"fusion-inline-sep\">|<\/span><a href=\"https:\/\/www.unioviedo.es\/IUOPA\/category\/divulgacion\/\" rel=\"category tag\">Divulgaci\u00f3n<\/a><span class=\"fusion-inline-sep\">|<\/span><\/p><div class=\"fusion-post-content-container\"><p>   Candelaria Aguilar Garc\u00eda, reciente Premio de Divulgaci\u00f3n sobre Medicina y Salud de la Fundaci\u00f3n Lilly y The Conversation e investigadora predoctoral del IUOPA del grupo Inmunolog\u00eda del [...]<\/p><\/div><\/div><div class=\"fusion-clearfix\"><\/div><\/article>\n<article id=\"blog-1-post-3965\" class=\"fusion-post-large-alternate post-3965 post type-post status-publish format-standard has-post-thumbnail hentry category-destacadas category-divulgacion\">\n<div class=\"fusion-date-and-formats\"><div class=\"fusion-date-box updated\"><span class=\"fusion-date\">28<\/span><span class=\"fusion-month-year\">11, 2024<\/span><\/div><div class=\"fusion-format-box\"><i class=\"awb-icon-pen\" aria-hidden=\"true\"><\/i><\/div><\/div><div class=\"fusion-post-content post-content\"><h2 class=\"blog-shortcode-post-title entry-title\"><a href=\"https:\/\/www.unioviedo.es\/IUOPA\/charla-de-mario-f-fraga-sobre-envejecimiento-y-cancer\/\">Charla de Mario F. Fraga sobre envejecimiento y c\u00e1ncer<\/a><\/h2><p class=\"fusion-single-line-meta\"><span class=\"vcard\" style=\"display: none;\"><span class=\"fn\"><a href=\"https:\/\/www.unioviedo.es\/IUOPA\/author\/iuopaadmin\/\" title=\"Entradas de iuopaAdmin\" rel=\"author\">iuopaAdmin<\/a><\/span><\/span><span class=\"updated\" style=\"display:none;\">2024-11-28T09:52:49+01:00<\/span><span>28 noviembre, 2024<\/span><span class=\"fusion-inline-sep\">|<\/span><a href=\"https:\/\/www.unioviedo.es\/IUOPA\/category\/destacadas\/\" rel=\"category tag\">Destacadas<\/a>, <a href=\"https:\/\/www.unioviedo.es\/IUOPA\/category\/divulgacion\/\" rel=\"category tag\">Divulgaci\u00f3n<\/a><span class=\"fusion-inline-sep\">|<\/span><\/p><div class=\"fusion-post-content-container\"><p>   Envejecimiento y c\u00e1ncer: el papel de los genes y nuestro estilo de vida  \"Envejecimiento y c\u00e1ncer: el papel de los genes y nuestro estilo de vida\" [...]<\/p><\/div><\/div><div class=\"fusion-clearfix\"><\/div><\/article>\n<article id=\"blog-1-post-3943\" class=\"fusion-post-large-alternate post-3943 post type-post status-publish format-standard has-post-thumbnail hentry category-divulgacion category-ultimas-noticias tag-eventos\">\n<div class=\"fusion-date-and-formats\"><div class=\"fusion-date-box updated\"><span class=\"fusion-date\">15<\/span><span class=\"fusion-month-year\">11, 2024<\/span><\/div><div class=\"fusion-format-box\"><i class=\"awb-icon-pen\" aria-hidden=\"true\"><\/i><\/div><\/div><div class=\"fusion-post-content post-content\"><h2 class=\"blog-shortcode-post-title entry-title\"><a href=\"https:\/\/www.unioviedo.es\/IUOPA\/mario-f-fraga-educar-en-salud-es-tan-importante-como-educar-otras-materias-academicas\/\">Mario F. Fraga: \u00abEducar en salud es tan importante como educar otras materias acad\u00e9micas\u00bb<\/a><\/h2><p class=\"fusion-single-line-meta\"><span class=\"vcard\" style=\"display: none;\"><span class=\"fn\"><a href=\"https:\/\/www.unioviedo.es\/IUOPA\/author\/iuopaadmin\/\" title=\"Entradas de iuopaAdmin\" rel=\"author\">iuopaAdmin<\/a><\/span><\/span><span class=\"updated\" style=\"display:none;\">2024-11-15T13:58:09+01:00<\/span><span>15 noviembre, 2024<\/span><span class=\"fusion-inline-sep\">|<\/span><a href=\"https:\/\/www.unioviedo.es\/IUOPA\/category\/divulgacion\/\" rel=\"category tag\">Divulgaci\u00f3n<\/a>, <a href=\"https:\/\/www.unioviedo.es\/IUOPA\/category\/ultimas-noticias\/\" rel=\"category tag\">\u00daltimas noticias<\/a><span class=\"fusion-inline-sep\">|<\/span><\/p><div class=\"fusion-post-content-container\"><p>   Entrevista en LA NUEVA ESPA\u00d1A a Mario F. Fraga, coordinador cient\u00edfico del IUOPA y director del Laboratorio de Epigen\u00e9tica del C\u00e1ncer.  Luarca, el pueblo en el [...]<\/p><\/div><\/div><div class=\"fusion-clearfix\"><\/div><\/article>\n<article id=\"blog-1-post-3568\" class=\"fusion-post-large-alternate post-3568 post type-post status-publish format-standard has-post-thumbnail hentry category-divulgacion\">\n<div class=\"fusion-date-and-formats\"><div class=\"fusion-date-box updated\"><span class=\"fusion-date\">8<\/span><span class=\"fusion-month-year\">05, 2024<\/span><\/div><div class=\"fusion-format-box\"><i class=\"awb-icon-pen\" aria-hidden=\"true\"><\/i><\/div><\/div><div class=\"fusion-post-content post-content\"><h2 class=\"blog-shortcode-post-title entry-title\"><a href=\"https:\/\/www.unioviedo.es\/IUOPA\/iuopa-en-la-2a-feria-de-la-ciencia-y-la-innovacion-de-asturias\/\">IUOPA en la 2\u00aa Feria de la Ciencia y la Innovaci\u00f3n de Asturias<\/a><\/h2><p class=\"fusion-single-line-meta\"><span class=\"vcard\" style=\"display: none;\"><span class=\"fn\"><a href=\"https:\/\/www.unioviedo.es\/IUOPA\/author\/iuopaadmin\/\" title=\"Entradas de iuopaAdmin\" rel=\"author\">iuopaAdmin<\/a><\/span><\/span><span class=\"updated\" style=\"display:none;\">2024-05-08T13:58:55+02:00<\/span><span>8 mayo, 2024<\/span><span class=\"fusion-inline-sep\">|<\/span><a href=\"https:\/\/www.unioviedo.es\/IUOPA\/category\/divulgacion\/\" rel=\"category tag\">Divulgaci\u00f3n<\/a><span class=\"fusion-inline-sep\">|<\/span><\/p><div class=\"fusion-post-content-container\"><p>IUOPA en la 2\u00aa Feria de la Ciencia y la Innovaci\u00f3n de Asturias El pasado 26 de abril se celebr\u00f3 en Oviedo la segunda edici\u00f3n de la \u00abFeria de la [...]<\/p><\/div><\/div><div class=\"fusion-clearfix\"><\/div><\/article>\n<article id=\"blog-1-post-3182\" class=\"fusion-post-large-alternate post-3182 post type-post status-publish format-standard has-post-thumbnail hentry category-divulgacion\">\n<div class=\"fusion-date-and-formats\"><div class=\"fusion-date-box updated\"><span class=\"fusion-date\">18<\/span><span class=\"fusion-month-year\">12, 2023<\/span><\/div><div class=\"fusion-format-box\"><i class=\"awb-icon-pen\" aria-hidden=\"true\"><\/i><\/div><\/div><div class=\"fusion-post-content post-content\"><h2 class=\"blog-shortcode-post-title entry-title\"><a href=\"https:\/\/www.unioviedo.es\/IUOPA\/somos-iuopa-2\/\">Somos IUOPA &#8211; Nuevo espacio divulgativo<\/a><\/h2><p class=\"fusion-single-line-meta\"><span class=\"vcard\" style=\"display: none;\"><span class=\"fn\"><a href=\"https:\/\/www.unioviedo.es\/IUOPA\/author\/iuopaadmin\/\" title=\"Entradas de iuopaAdmin\" rel=\"author\">iuopaAdmin<\/a><\/span><\/span><span class=\"updated\" style=\"display:none;\">2023-12-18T16:14:07+01:00<\/span><span>18 diciembre, 2023<\/span><span class=\"fusion-inline-sep\">|<\/span><a href=\"https:\/\/www.unioviedo.es\/IUOPA\/category\/divulgacion\/\" rel=\"category tag\">Divulgaci\u00f3n<\/a><span class=\"fusion-inline-sep\">|<\/span><\/p><div class=\"fusion-post-content-container\"><p>Somos IUOPA - Nuevo espacio divulgativo En el Instituto Universitario de Oncolog\u00eda del Principado de Asturias (IUOPA) creemos firmemente que la investigaci\u00f3n y la divulgaci\u00f3n cient\u00edfica deben caminar juntas, inspirando [...]<\/p><\/div><\/div><div class=\"fusion-clearfix\"><\/div><\/article>\n<\/div><\/div><\/div><style type=\"text\/css\">.fusion-body .fusion-builder-column-0{width:75% !important;margin-top : 0px;margin-bottom : 0px;}.fusion-builder-column-0 > .fusion-column-wrapper {padding-top : 0px !important;padding-right : 0px !important;margin-right : 2.56%;padding-bottom : 0px !important;padding-left : 0px !important;margin-left : 2.56%;}@media only screen and (max-width:1024px) {.fusion-body .fusion-builder-column-0{width:100% !important;order : 0;}.fusion-builder-column-0 > .fusion-column-wrapper {margin-right : 1.92%;margin-left : 1.92%;}}@media only screen and (max-width:640px) {.fusion-body .fusion-builder-column-0{width:100% !important;order : 0;}.fusion-builder-column-0 > .fusion-column-wrapper {margin-right : 1.92%;margin-left : 1.92%;}}<\/style><\/div><div class=\"fusion-layout-column fusion_builder_column fusion-builder-column-1 fusion_builder_column_1_4 1_4 fusion-flex-column\"><div class=\"fusion-column-wrapper fusion-flex-justify-content-flex-start fusion-content-layout-column\" style=\"background-position:left top;background-repeat:no-repeat;-webkit-background-size:cover;-moz-background-size:cover;-o-background-size:cover;background-size:cover;padding: 0px 0px 0px 0px;\"><div class=\"fusion-separator\" style=\"align-self: center;margin-left: auto;margin-right: auto;margin-bottom:30px;width:100%;max-width:100px;\"><\/div><style type=\"text\/css\">@media only screen and (max-width:1024px) {.fusion-title.fusion-title-2{margin-top:20 px!important; margin-right:0px!important;margin-bottom:31px!important;margin-left:0px!important;}}@media only screen and (max-width:640px) {.fusion-title.fusion-title-2{margin-top:0px!important; margin-right:0px!important;margin-bottom:20px!important; margin-left:0px!important;}}<\/style><div class=\"fusion-title title fusion-title-2 fusion-sep-none fusion-title-text fusion-title-size-three\" style=\"font-size:28px;margin-top:20px px;margin-right:0px;margin-bottom:31px;margin-left:0px;\"><h3 class=\"title-heading-left fusion-responsive-typography-calculated\" style=\"margin:0;font-size:1em;--fontSize:28;line-height:1.4;\">El Microscopio<\/h3><\/div><div class=\"fusion-separator\" style=\"align-self: flex-start;margin-right:auto;margin-bottom:30px;width:100%;max-width:100px;\"><div class=\"fusion-separator-border sep-single sep-solid\" style=\"border-color:#8f60b1;border-top-width:6px;\"><\/div><\/div><div class=\"fusion-separator\" style=\"align-self: center;margin-left: auto;margin-right: auto;margin-bottom:30px;width:100%;max-width:100px;\"><\/div><div class=\"fusion-video fusion-youtube\" style=\"max-width:600px;max-height:360px;align-self:center; width:100%\"><div class=\"video-shortcode\"><lite-youtube videoid=\"4ph7RjbOCMY\" params=\"wmode=transparent&autoplay=1\" title=\"YouTube video player 1\"><\/lite-youtube><\/div><\/div><div class=\"fusion-separator fusion-full-width-sep\" style=\"align-self: center;margin-left: auto;margin-right: auto;width:100%;\"><\/div><div class=\"fusion-text fusion-text-1 fusion-text-no-margin\" style=\"color:#17796b;margin-bottom:20px px;\"><h6><span style=\"color: #17796b;\">Sergio Alc\u00f3n &#8211; Gr<span style=\"color: #008080;\">upo <a style=\"color: #008080;\" href=\"https:\/\/www.unioviedo.es\/IUOPA\/investigacion\/biologia-redox-y-metabolismo-en-cancer\/\"><strong>Biolog\u00eda Redox y Metabolismo en C\u00e1ncer<\/strong><\/a><\/span><\/span><\/h6>\n<\/div><div class=\"fusion-separator fusion-full-width-sep\" style=\"align-self: center;margin-left: auto;margin-right: auto;width:100%;\"><\/div><div class=\"fusion-video fusion-youtube\" style=\"max-width:600px;max-height:360px;align-self:center; width:100%\"><div class=\"video-shortcode\"><lite-youtube videoid=\"M9pbuvQ-niU\" params=\"wmode=transparent&autoplay=1\" title=\"YouTube video player 2\"><\/lite-youtube><\/div><\/div><div class=\"fusion-separator fusion-full-width-sep\" style=\"align-self: center;margin-left: auto;margin-right: auto;width:100%;\"><\/div><div class=\"fusion-text fusion-text-2 fusion-text-no-margin\" style=\"line-height:1;color:#17796b;margin-bottom:20px px;\"><h6><span style=\"color: #17796b;\">Bel\u00e9n Garc\u00eda Soler &#8211; Biolog\u00eda Redox y Metabolismo del C\u00e1ncer<\/span><\/h6>\n<\/div><div class=\"fusion-separator fusion-full-width-sep\" style=\"align-self: center;margin-left: auto;margin-right: auto;width:100%;\"><\/div><div class=\"fusion-video fusion-youtube\" style=\"max-width:600px;max-height:360px;align-self:center; width:100%\"><div class=\"video-shortcode\"><lite-youtube videoid=\"XJZWhNwRFvA\" params=\"wmode=transparent&autoplay=1\" title=\"YouTube video player 3\"><\/lite-youtube><\/div><\/div><div class=\"fusion-separator fusion-full-width-sep\" style=\"align-self: center;margin-left: auto;margin-right: auto;width:100%;\"><\/div><div class=\"fusion-text fusion-text-3 fusion-text-no-margin\" style=\"color:#17796b;margin-bottom:20px px;\"><h6><span style=\"color: #17796b;\">Mar\u00eda Guerra Andr\u00e9s &#8211; Autofagia y C\u00e1ncer (AuCan)<\/span><\/h6>\n<\/div><div class=\"fusion-separator fusion-full-width-sep\" style=\"align-self: center;margin-left: auto;margin-right: auto;width:100%;\"><\/div><div class=\"fusion-separator fusion-full-width-sep\" style=\"align-self: center;margin-left: auto;margin-right: auto;width:100%;\"><\/div><div class=\"fusion-text fusion-text-4\"><p><strong><a href=\"https:\/\/www.youtube.com\/playlist?list=PLvA-tzpU-Ow0dcaTOdmZ_Q0rlMgWbTxke\">Ver m\u00e1s v\u00eddeos<\/a><\/strong><\/p>\n<\/div><\/div><style type=\"text\/css\">.fusion-body .fusion-builder-column-1{width:25% !important;margin-top : 0px;margin-bottom : 0px;}.fusion-builder-column-1 > .fusion-column-wrapper {padding-top : 0px !important;padding-right : 0px !important;margin-right : 7.68%;padding-bottom : 0px !important;padding-left : 0px !important;margin-left : 7.68%;}@media only screen and (max-width:1024px) {.fusion-body .fusion-builder-column-1{width:100% !important;order : 0;}.fusion-builder-column-1 > .fusion-column-wrapper {margin-right : 1.92%;margin-left : 1.92%;}}@media only screen and (max-width:640px) {.fusion-body .fusion-builder-column-1{width:100% !important;order : 0;}.fusion-builder-column-1 > .fusion-column-wrapper {margin-right : 1.92%;margin-left : 1.92%;}}<\/style><\/div><\/div><style type=\"text\/css\">.fusion-body .fusion-flex-container.fusion-builder-row-1{ padding-top : 20px;margin-top : 0px;padding-right : 30px;padding-bottom : 50px;margin-bottom : 0px;padding-left : 30px;}<\/style><\/div><div class=\"fusion-fullwidth fullwidth-box fusion-builder-row-2 fusion-flex-container fusion-parallax-none hundred-percent-fullwidth non-hundred-percent-height-scrolling lazyload\" style=\"background-color: rgba(255,255,255,0);background-position: center center;background-repeat: no-repeat;border-width: 0px 0px 0px 0px;border-color:#eae9e9;border-style:solid;-webkit-background-size:cover;-moz-background-size:cover;-o-background-size:cover;background-size:cover;\" data-bg=\"https:\/\/www.unioviedo.es\/IUOPA\/wp-content\/uploads\/2021\/11\/fcontacto-300x70.png\" ><div class=\"fusion-builder-row fusion-row fusion-flex-align-items-flex-start\" style=\"width:calc( 100% + 0px ) !important;max-width:calc( 100% + 0px ) !important;margin-left: calc(-0px \/ 2 );margin-right: calc(-0px \/ 2 );\"><div class=\"fusion-layout-column fusion_builder_column fusion-builder-column-2 fusion_builder_column_1_1 1_1 fusion-flex-column\"><div class=\"fusion-column-wrapper fusion-flex-justify-content-flex-start fusion-content-layout-column\" style=\"background-position:left top;background-repeat:no-repeat;-webkit-background-size:cover;-moz-background-size:cover;-o-background-size:cover;background-size:cover;padding: 0px 0px 0px 0px;\"><style type=\"text\/css\">@media only screen and (max-width:1024px) {.fusion-title.fusion-title-3{margin-top:0px!important; margin-right:0px!important;margin-bottom:31px!important;margin-left:0px!important;}}@media only screen and (max-width:640px) {.fusion-title.fusion-title-3{margin-top:0px!important; margin-right:0px!important;margin-bottom:20px!important; margin-left:0px!important;}}<\/style><div class=\"fusion-title title fusion-title-3 fusion-sep-none fusion-title-center fusion-title-text fusion-title-size-two\" style=\"margin-top:0px;margin-right:0px;margin-bottom:31px;margin-left:0px;\"><h2 class=\"title-heading-center fusion-responsive-typography-calculated\" style=\"margin:0;color:#ffffff;--fontSize:40;line-height:1.3;\">Cont\u00e1ctanos<\/h2><\/div><div class=\"fusion-separator\" style=\"align-self: center;margin-left: auto;margin-right: auto;margin-bottom:30px;width:100%;max-width:100px;\"><div class=\"fusion-separator-border sep-single sep-solid\" style=\"border-color:rgba(255,255,255,0.45);border-top-width:6px;\"><\/div><\/div><div class=\"fusion-separator fusion-full-width-sep\" style=\"align-self: center;margin-left: auto;margin-right: auto;margin-top:10px;width:100%;\"><\/div><div class=\"fusion-text fusion-text-5\" style=\"text-align:center;color:#ffffff;\"><p>Unidad Administrativa del IUOPA.<br \/>\nHorario: Lunes a Viernes de 9.00 a 14.00 h<\/p>\n<\/div><div style=\"text-align:center;\"><style>.fusion-button.button-1 .fusion-button-text,.fusion-button.button-1 i{color:#ffffff;}.fusion-button.button-1{border-color:#ffffff;border-width:2px 2px 2px 2px;border-radius:0 0 0 0;background:rgba(0,111,95,0);}.fusion-button.button-1:hover .fusion-button-text,.fusion-button.button-1:hover i,.fusion-button.button-1:focus .fusion-button-text,.fusion-button.button-1:focus i,.fusion-button.button-1:active .fusion-button-text,.fusion-button.button-1:active i{color:#006f5f;}.fusion-button.button-1:hover,.fusion-button.button-1:active,.fusion-button.button-1:focus{border-color:#ffffff;border-width:2px 2px 2px 2px;background:#ffffff;}<\/style><a class=\"fusion-button button-flat button-xlarge button-custom button-1 fusion-button-default-span fusion-button-default-type\" target=\"_self\" href=\"https:\/\/www.unioviedo.es\/IUOPA\/contacto\"><span class=\"fusion-button-text\">Contactar<\/span><\/a><\/div><\/div><style type=\"text\/css\">.fusion-body .fusion-builder-column-2{width:100% !important;margin-top : 0px;margin-bottom : 0px;}.fusion-builder-column-2 > .fusion-column-wrapper {padding-top : 0px !important;padding-right : 0px !important;margin-right : 0px;padding-bottom : 0px !important;padding-left : 0px !important;margin-left : 0px;}@media only screen and (max-width:1024px) {.fusion-body .fusion-builder-column-2{width:100% !important;}.fusion-builder-column-2 > .fusion-column-wrapper {margin-right : 0px;margin-left : 0px;}}@media only screen and (max-width:640px) {.fusion-body .fusion-builder-column-2{width:100% !important;}.fusion-builder-column-2 > .fusion-column-wrapper {margin-right : 0px;margin-left : 0px;}}<\/style><\/div><\/div><style type=\"text\/css\">.fusion-body .fusion-flex-container.fusion-builder-row-2{ padding-top : 50px;margin-top : 0px;padding-right : 0px;padding-bottom : 50px;margin-bottom : 0px;padding-left : 0px;}<\/style><\/div><\/p>\n","protected":false},"excerpt":{"rendered":"","protected":false},"author":1,"featured_media":0,"parent":0,"menu_order":2,"comment_status":"closed","ping_status":"closed","template":"100-width.php","meta":{"footnotes":""},"class_list":["post-4760","page","type-page","status-publish","hentry"],"_links":{"self":[{"href":"https:\/\/www.unioviedo.es\/IUOPA\/wp-json\/wp\/v2\/pages\/4760","targetHints":{"allow":["GET"]}}],"collection":[{"href":"https:\/\/www.unioviedo.es\/IUOPA\/wp-json\/wp\/v2\/pages"}],"about":[{"href":"https:\/\/www.unioviedo.es\/IUOPA\/wp-json\/wp\/v2\/types\/page"}],"author":[{"embeddable":true,"href":"https:\/\/www.unioviedo.es\/IUOPA\/wp-json\/wp\/v2\/users\/1"}],"replies":[{"embeddable":true,"href":"https:\/\/www.unioviedo.es\/IUOPA\/wp-json\/wp\/v2\/comments?post=4760"}],"version-history":[{"count":31,"href":"https:\/\/www.unioviedo.es\/IUOPA\/wp-json\/wp\/v2\/pages\/4760\/revisions"}],"predecessor-version":[{"id":4855,"href":"https:\/\/www.unioviedo.es\/IUOPA\/wp-json\/wp\/v2\/pages\/4760\/revisions\/4855"}],"wp:attachment":[{"href":"https:\/\/www.unioviedo.es\/IUOPA\/wp-json\/wp\/v2\/media?parent=4760"}],"curies":[{"name":"wp","href":"https:\/\/api.w.org\/{rel}","templated":true}]}}