{"id":108,"date":"2018-06-20T21:58:01","date_gmt":"2018-06-20T21:58:01","guid":{"rendered":"https:\/\/www.unioviedo.es\/MGYDIA\/?page_id=108"},"modified":"2018-06-21T23:02:05","modified_gmt":"2018-06-21T23:02:05","slug":"empleo","status":"publish","type":"page","link":"https:\/\/www.unioviedo.es\/MGYDIA\/entorno\/empleo\/","title":{"rendered":"Empleo"},"content":{"rendered":"<p>La realizaci\u00f3n del M\u00e1ster MGYDIA y, dentro de \u00e9l, la prolongada estancia de pr\u00e1cticas en empresa tienen como objetivo \u00fanico potenciar la empleabilidad de los alumnos del M\u00e1ster MGYDIA. Numerosos titulados del mismo desarrollan su actividad profesional en empresas alimentarias regionales, nacionales y multinacionales.<\/p>\n","protected":false},"excerpt":{"rendered":"<p>La realizaci\u00f3n del M\u00e1ster MGYDIA y, dentro de \u00e9l, la prolongada estancia de pr\u00e1cticas en empresa tienen como objetivo \u00fanico potenciar la empleabilidad de los alumnos del M\u00e1ster MGYDIA. Numerosos titulados del mismo desarrollan su actividad profesional en empresas alimentarias regionales, nacionales y multinacionales.<\/p>\n","protected":false},"author":1,"featured_media":73,"parent":43,"menu_order":0,"comment_status":"closed","ping_status":"closed","template":"","meta":{"footnotes":""},"class_list":["post-108","page","type-page","status-publish","has-post-thumbnail"],"_links":{"self":[{"href":"https:\/\/www.unioviedo.es\/MGYDIA\/wp-json\/wp\/v2\/pages\/108","targetHints":{"allow":["GET"]}}],"collection":[{"href":"https:\/\/www.unioviedo.es\/MGYDIA\/wp-json\/wp\/v2\/pages"}],"about":[{"href":"https:\/\/www.unioviedo.es\/MGYDIA\/wp-json\/wp\/v2\/types\/page"}],"author":[{"embeddable":true,"href":"https:\/\/www.unioviedo.es\/MGYDIA\/wp-json\/wp\/v2\/users\/1"}],"replies":[{"embeddable":true,"href":"https:\/\/www.unioviedo.es\/MGYDIA\/wp-json\/wp\/v2\/comments?post=108"}],"version-history":[{"count":1,"href":"https:\/\/www.unioviedo.es\/MGYDIA\/wp-json\/wp\/v2\/pages\/108\/revisions"}],"predecessor-version":[{"id":109,"href":"https:\/\/www.unioviedo.es\/MGYDIA\/wp-json\/wp\/v2\/pages\/108\/revisions\/109"}],"up":[{"embeddable":true,"href":"https:\/\/www.unioviedo.es\/MGYDIA\/wp-json\/wp\/v2\/pages\/43"}],"wp:featuredmedia":[{"embeddable":true,"href":"https:\/\/www.unioviedo.es\/MGYDIA\/wp-json\/wp\/v2\/media\/73"}],"wp:attachment":[{"href":"https:\/\/www.unioviedo.es\/MGYDIA\/wp-json\/wp\/v2\/media?parent=108"}],"curies":[{"name":"wp","href":"https:\/\/api.w.org\/{rel}","templated":true}]}}