{"id":123,"date":"2018-06-20T22:14:50","date_gmt":"2018-06-20T22:14:50","guid":{"rendered":"https:\/\/www.unioviedo.es\/MGYDIA\/?page_id=123"},"modified":"2018-06-21T22:36:16","modified_gmt":"2018-06-21T22:36:16","slug":"competencias","status":"publish","type":"page","link":"https:\/\/www.unioviedo.es\/MGYDIA\/master\/competencias\/","title":{"rendered":"Competencias"},"content":{"rendered":"<p>El perfil de competencias se ha elaborado teniendo en cuenta la informaci\u00f3n proporcionada por los profesionales que trabajan en las empresas alimentarias colaboradoras del M\u00e1ster e incluyen:<\/p>\n<ul>\n<li>Capacitaci\u00f3n para conocer y operar los procesos que se desarrollan en las Industrias Alimentarias.<\/li>\n<li>Capacitaci\u00f3n para la innovaci\u00f3n en procesos y productos.<\/li>\n<li>Capacitaci\u00f3n para abordar el estudio y an\u00e1lisis de mercados de productos alimentarios, marketing y tendencias.<\/li>\n<li>Capacitaci\u00f3n para introducir nuevas metodolog\u00edas organizativas y de log\u00edstica en la empresa.<\/li>\n<\/ul>\n<p>Todo ello debido a un contacto permanente con el sector de la empresa alimentaria regional.<\/p>\n","protected":false},"excerpt":{"rendered":"<p>El perfil de competencias se ha elaborado teniendo en cuenta la informaci\u00f3n proporcionada por los profesionales que trabajan en las empresas alimentarias colaboradoras del M\u00e1ster e incluyen: Capacitaci\u00f3n para conocer y operar los procesos que se desarrollan en las Industrias Alimentarias. Capacitaci\u00f3n para la innovaci\u00f3n en procesos y productos. Capacitaci\u00f3n para abordar el estudio y [&hellip;]<\/p>\n","protected":false},"author":1,"featured_media":73,"parent":14,"menu_order":0,"comment_status":"closed","ping_status":"closed","template":"","meta":{"footnotes":""},"class_list":["post-123","page","type-page","status-publish","has-post-thumbnail"],"_links":{"self":[{"href":"https:\/\/www.unioviedo.es\/MGYDIA\/wp-json\/wp\/v2\/pages\/123","targetHints":{"allow":["GET"]}}],"collection":[{"href":"https:\/\/www.unioviedo.es\/MGYDIA\/wp-json\/wp\/v2\/pages"}],"about":[{"href":"https:\/\/www.unioviedo.es\/MGYDIA\/wp-json\/wp\/v2\/types\/page"}],"author":[{"embeddable":true,"href":"https:\/\/www.unioviedo.es\/MGYDIA\/wp-json\/wp\/v2\/users\/1"}],"replies":[{"embeddable":true,"href":"https:\/\/www.unioviedo.es\/MGYDIA\/wp-json\/wp\/v2\/comments?post=123"}],"version-history":[{"count":1,"href":"https:\/\/www.unioviedo.es\/MGYDIA\/wp-json\/wp\/v2\/pages\/123\/revisions"}],"predecessor-version":[{"id":124,"href":"https:\/\/www.unioviedo.es\/MGYDIA\/wp-json\/wp\/v2\/pages\/123\/revisions\/124"}],"up":[{"embeddable":true,"href":"https:\/\/www.unioviedo.es\/MGYDIA\/wp-json\/wp\/v2\/pages\/14"}],"wp:featuredmedia":[{"embeddable":true,"href":"https:\/\/www.unioviedo.es\/MGYDIA\/wp-json\/wp\/v2\/media\/73"}],"wp:attachment":[{"href":"https:\/\/www.unioviedo.es\/MGYDIA\/wp-json\/wp\/v2\/media?parent=123"}],"curies":[{"name":"wp","href":"https:\/\/api.w.org\/{rel}","templated":true}]}}