{"id":129,"date":"2018-06-20T22:18:41","date_gmt":"2018-06-20T22:18:41","guid":{"rendered":"https:\/\/www.unioviedo.es\/MGYDIA\/?page_id=129"},"modified":"2018-06-21T22:39:29","modified_gmt":"2018-06-21T22:39:29","slug":"desarrollo-docente","status":"publish","type":"page","link":"https:\/\/www.unioviedo.es\/MGYDIA\/master\/desarrollo-docente\/","title":{"rendered":"Desarrollo docente"},"content":{"rendered":"<ul>\n<li><em>Clases te\u00f3ricas<\/em> en el aula, con presentaci\u00f3n de situaciones y casos que se dan en la pr\u00e1ctica industrial.<\/li>\n<li><em>Conferencias y seminarios<\/em> impartidos por t\u00e9cnicos industriales nacionales y extranjeros sobre la situaci\u00f3n de distintos sectores alimentarios.<\/li>\n<li><em>Pr\u00e1cticas externas<\/em>. Se realizan en tres sectores de inter\u00e9s (l\u00e1cteo, c\u00e1rnico y panadero).<\/li>\n<li><em>Visitas industriales.<\/em> Los alumnos completan el conocimiento del sector alimentario regional con <em>visitas<\/em> organizadas a las principales industrias alimentarias de la regi\u00f3n.<\/li>\n<\/ul>\n","protected":false},"excerpt":{"rendered":"<p>Clases te\u00f3ricas en el aula, con presentaci\u00f3n de situaciones y casos que se dan en la pr\u00e1ctica industrial. Conferencias y seminarios impartidos por t\u00e9cnicos industriales nacionales y extranjeros sobre la situaci\u00f3n de distintos sectores alimentarios. Pr\u00e1cticas externas. Se realizan en tres sectores de inter\u00e9s (l\u00e1cteo, c\u00e1rnico y panadero). Visitas industriales. Los alumnos completan el conocimiento [&hellip;]<\/p>\n","protected":false},"author":1,"featured_media":169,"parent":14,"menu_order":0,"comment_status":"closed","ping_status":"closed","template":"","meta":{"footnotes":""},"class_list":["post-129","page","type-page","status-publish","has-post-thumbnail"],"_links":{"self":[{"href":"https:\/\/www.unioviedo.es\/MGYDIA\/wp-json\/wp\/v2\/pages\/129","targetHints":{"allow":["GET"]}}],"collection":[{"href":"https:\/\/www.unioviedo.es\/MGYDIA\/wp-json\/wp\/v2\/pages"}],"about":[{"href":"https:\/\/www.unioviedo.es\/MGYDIA\/wp-json\/wp\/v2\/types\/page"}],"author":[{"embeddable":true,"href":"https:\/\/www.unioviedo.es\/MGYDIA\/wp-json\/wp\/v2\/users\/1"}],"replies":[{"embeddable":true,"href":"https:\/\/www.unioviedo.es\/MGYDIA\/wp-json\/wp\/v2\/comments?post=129"}],"version-history":[{"count":1,"href":"https:\/\/www.unioviedo.es\/MGYDIA\/wp-json\/wp\/v2\/pages\/129\/revisions"}],"predecessor-version":[{"id":130,"href":"https:\/\/www.unioviedo.es\/MGYDIA\/wp-json\/wp\/v2\/pages\/129\/revisions\/130"}],"up":[{"embeddable":true,"href":"https:\/\/www.unioviedo.es\/MGYDIA\/wp-json\/wp\/v2\/pages\/14"}],"wp:featuredmedia":[{"embeddable":true,"href":"https:\/\/www.unioviedo.es\/MGYDIA\/wp-json\/wp\/v2\/media\/169"}],"wp:attachment":[{"href":"https:\/\/www.unioviedo.es\/MGYDIA\/wp-json\/wp\/v2\/media?parent=129"}],"curies":[{"name":"wp","href":"https:\/\/api.w.org\/{rel}","templated":true}]}}