{"id":135,"date":"2018-06-20T22:20:45","date_gmt":"2018-06-20T22:20:45","guid":{"rendered":"https:\/\/www.unioviedo.es\/MGYDIA\/?page_id=135"},"modified":"2018-06-21T22:42:39","modified_gmt":"2018-06-21T22:42:39","slug":"proyecto-fin-de-master","status":"publish","type":"page","link":"https:\/\/www.unioviedo.es\/MGYDIA\/master\/proyecto-fin-de-master\/","title":{"rendered":"Proyecto Fin de M\u00e1ster"},"content":{"rendered":"<p>El Proyecto Fin de M\u00e1ster constituye un trabajo de \u00edndole experimental o te\u00f3rica, aunque siempre de car\u00e1cter aplicado, que tiene como objetivo conseguir que el estudiante del M\u00e1ster se enfrente con un tema de caracter\u00edsticas parecidas al que podr\u00eda encontrarse en su actividad profesional. Podr\u00e1 as\u00ed ser, tanto un proyecto de instalaci\u00f3n de una industria, el an\u00e1lisis y mejora de un proceso industrial, la elaboraci\u00f3n y aplicaci\u00f3n de nuevas t\u00e9cnicas anal\u00edticas -y su efecto econ\u00f3mico-, estudios de comercializaci\u00f3n o gesti\u00f3n, etc. La gama de posibilidades, muy amplia, tendr\u00eda en todo caso un enfoque aplicado.<\/p>\n<p>La Direcci\u00f3n del M\u00e1ster considera de gran inter\u00e9s que el tema del Proyecto pueda estar relacionado con las actividades realizadas durante el periodo de pr\u00e1cticas industriales. Todos los alumnos deber\u00edan considerar esta posibilidad hablando con sus tutores en las empresas quienes podr\u00e1n proponer el tema del Proyecto. En aquellos casos en que esto no sea posible, el alumno puede elegir el tema del Proyecto -de acuerdo con sus preferencias y con el tutor del mismo- de entre los que se vayan proponiendo desde Octubre por parte de los profesores del M\u00e1ster. Tambi\u00e9n se aceptar\u00e1n temas sugeridos por los propios alumnos previamente consultados con los Directores del M\u00e1ster.<\/p>\n<p>La presentaci\u00f3n de los Proyectos Fin de M\u00e1ster, la cual habr\u00e1 de ser en forma oral y acto p\u00fablico, tendr\u00e1 lugar en el mes de Diciembre. Los alumnos dispondr\u00e1n de 15 minutos para la exposici\u00f3n del contenido y principales conclusiones del Proyecto. Una segunda y \u00faltima convocatoria para la presentaci\u00f3n del Proyecto Fin de M\u00e1ster tendr\u00e1 lugar en el mes de Abril. La presentaci\u00f3n del Proyecto Fin de M\u00e1ster es condici\u00f3n necesaria para la obtenci\u00f3n del t\u00edtulo de M\u00e1ster.<br \/>\nPara la realizaci\u00f3n del Proyecto los alumnos dispondr\u00e1n de un profesor-tutor del mismo. Cuando el Proyecto Fin de M\u00e1ster se realice en la industria adem\u00e1s del tutore en la industria cada alumno tendr\u00e1 un profesor-tutor interno que habr\u00e1 de ser uno de los profesores del M\u00e1ster.<\/p>\n","protected":false},"excerpt":{"rendered":"<p>El Proyecto Fin de M\u00e1ster constituye un trabajo de \u00edndole experimental o te\u00f3rica, aunque siempre de car\u00e1cter aplicado, que tiene como objetivo conseguir que el estudiante del M\u00e1ster se enfrente con un tema de caracter\u00edsticas parecidas al que podr\u00eda encontrarse en su actividad profesional. Podr\u00e1 as\u00ed ser, tanto un proyecto de instalaci\u00f3n de una industria, [&hellip;]<\/p>\n","protected":false},"author":1,"featured_media":172,"parent":14,"menu_order":0,"comment_status":"closed","ping_status":"closed","template":"","meta":{"footnotes":""},"class_list":["post-135","page","type-page","status-publish","has-post-thumbnail"],"_links":{"self":[{"href":"https:\/\/www.unioviedo.es\/MGYDIA\/wp-json\/wp\/v2\/pages\/135","targetHints":{"allow":["GET"]}}],"collection":[{"href":"https:\/\/www.unioviedo.es\/MGYDIA\/wp-json\/wp\/v2\/pages"}],"about":[{"href":"https:\/\/www.unioviedo.es\/MGYDIA\/wp-json\/wp\/v2\/types\/page"}],"author":[{"embeddable":true,"href":"https:\/\/www.unioviedo.es\/MGYDIA\/wp-json\/wp\/v2\/users\/1"}],"replies":[{"embeddable":true,"href":"https:\/\/www.unioviedo.es\/MGYDIA\/wp-json\/wp\/v2\/comments?post=135"}],"version-history":[{"count":1,"href":"https:\/\/www.unioviedo.es\/MGYDIA\/wp-json\/wp\/v2\/pages\/135\/revisions"}],"predecessor-version":[{"id":136,"href":"https:\/\/www.unioviedo.es\/MGYDIA\/wp-json\/wp\/v2\/pages\/135\/revisions\/136"}],"up":[{"embeddable":true,"href":"https:\/\/www.unioviedo.es\/MGYDIA\/wp-json\/wp\/v2\/pages\/14"}],"wp:featuredmedia":[{"embeddable":true,"href":"https:\/\/www.unioviedo.es\/MGYDIA\/wp-json\/wp\/v2\/media\/172"}],"wp:attachment":[{"href":"https:\/\/www.unioviedo.es\/MGYDIA\/wp-json\/wp\/v2\/media?parent=135"}],"curies":[{"name":"wp","href":"https:\/\/api.w.org\/{rel}","templated":true}]}}