{"id":137,"date":"2018-06-20T22:22:03","date_gmt":"2018-06-20T22:22:03","guid":{"rendered":"https:\/\/www.unioviedo.es\/MGYDIA\/?page_id=137"},"modified":"2018-06-21T22:44:43","modified_gmt":"2018-06-21T22:44:43","slug":"practicas-en-empresa","status":"publish","type":"page","link":"https:\/\/www.unioviedo.es\/MGYDIA\/master\/practicas-en-empresa\/","title":{"rendered":"Pr\u00e1cticas en empresa"},"content":{"rendered":"<p><strong>Condiciones generales 2012-2013<\/strong><\/p>\n<p><strong>Resumen<\/strong><\/p>\n<p>Se realizan en empresas con las que se establece convenio. Duraci\u00f3n m\u00ednima: 6 meses (960 h) y m\u00e1xima 12 meses. Esta formaci\u00f3n pr\u00e1ctica completa la formaci\u00f3n te\u00f3rica y su realizaci\u00f3n es obligatoria, excepto para los profesionales del sector. El M\u00e1ster garantiza su realizaci\u00f3n a <strong>TODOS<\/strong> los alumnos matriculados en el mismo. Las empresas colaboradoras forman parte del Patronato de Empresas de Apoyo al M\u00e1ster. La remuneraci\u00f3n m\u00ednima de las pr\u00e1cticas es de 513 \u20ac netos \/mes.<\/p>\n<p>Todo alumno inscrito en el M\u00e1ster tiene derecho a realizar un periodo de seis meses de pr\u00e1cticas en una de las industrias colaboradoras del mismo, siendo todas ellas industrias del sector agro-alimentario de la Comunidad Aut\u00f3noma del Principado de Asturias. En el caso de candidatos con amplia experiencia profesional en Industrias alimentarias, la Direcci\u00f3n del M\u00e1ster puede establecer excepciones a la realizaci\u00f3n de las Pr\u00e1cticas en Empresa.<\/p>\n<p><strong>La distribuci\u00f3n de alumnos entre las distintas empresas colaboradoras ser\u00e1 realizada por la Direcci\u00f3n del M\u00e1ster siguiendo las indicaciones de las empresas y de acuerdo con los perfiles acad\u00e9micos y profesionales de los candidatos. <\/strong>Las horas de permanencia en la empresa, la distribuci\u00f3n de la jornada laboral, las actividades a realizar y la duraci\u00f3n del periodo de pr\u00e1cticas ser\u00e1n fijadas por la empresa, <strong>respetando el periodo de duraci\u00f3n m\u00ednimo de seis meses de estancia en la industria.<\/strong><\/p>\n<p>La entidad encargada de gestionar las Pr\u00e1cticas en Empresa ser\u00e1 la Fundaci\u00f3n Universidad de Oviedo (C\/ Principado, 3-4\u00aa planta, 33007 Oviedo, <a href=\"mailto:fuo@uniovi.es\">fuo@uniovi.es<\/a>, 985 10 49 27). La FUO, una vez informada por la Direcci\u00f3n del M\u00e1ster sobre la distribuci\u00f3n de alumnos en las empresas, realizar\u00e1 los tr\u00e1mites oportunos para la incorporaci\u00f3n de los alumnos a su Programa de Formaci\u00f3n Pr\u00e1ctica en Empresas. Durante el per\u00edodo de pr\u00e1cticas, el alumno permanecer\u00e1 dado de alta en el r\u00e9gimen correspondiente de la Seguridad Social, con arreglo al RD 1493\/2011, de 24 de octubre.<\/p>\n<p>Cualquier duda o problema en relaci\u00f3n con las Pr\u00e1cticas en Empresa debe ser comunicada al profesor-coordinador de las mismas en elM\u00e1ster (Prof. Dr. Ricardo \u00c1lvarez 626 39 14 10 &#8211; <a href=\"mailto:ralvarez@uniovi.es\">ralvarez@uniovi.es<\/a>)<\/p>\n<p><strong>Condiciones espec\u00edficas<\/strong><\/p>\n<p>Las Pr\u00e1cticas en Empresa constituyen un elemento formativo necesario para el logro de los objetivos del M\u00e1ster. Su realizaci\u00f3n contribuye a dotar al alumno del M\u00e1ster de la experiencia industrial necesaria para alcanzar, en el futuro, su objetivo profesional, proporcion\u00e1ndole una herramienta esencial para ser m\u00e1s competitivo en la b\u00fasqueda de empleo.<\/p>\n<p>La Direcci\u00f3n del M\u00e1ster proceder\u00e1, durante los meses de Febrero a Julio de cada a\u00f1o, a la firma de los necesarios acuerdos de realizaci\u00f3n de pr\u00e1cticas con las empresas alimentarias del sector. Firmados los acuerdos, la Direcci\u00f3n del M\u00e1ster propondr\u00e1 a la Universidad de Oviedo (Vicerrectorado de Ordenaci\u00f3n Acad\u00e9mica y Nuevas Titulaciones) la oferta de plazas en el M\u00e1ster, que coincidir\u00e1 con el n\u00famero de acuerdos de Pr\u00e1cticas en Empresa firmados.<\/p>\n<p>Iniciado el M\u00e1ster y entre los meses de Diciembre y Marzo de cada Curso Acad\u00e9mico se proceder\u00e1, por parte de la Direcci\u00f3n del M\u00e1ster, al desarrollo del procedimiento de distribuci\u00f3n de alumnos entre las empresas colaboradoras del M\u00e1ster. La selecci\u00f3n de alumnos para la realizaci\u00f3n de las Pr\u00e1cticas en Empresa la realiza el Departamento de RR HH de las propias empresas entre los alumnos del M\u00e1ster que hayan manifestado su inter\u00e9s en la empresa correspondiente.<\/p>\n<p>La realizaci\u00f3n de pr\u00e1cticas en empresa es obligatoria para todos los alumnos del M\u00e1ster. No podr\u00e1n realizar las pr\u00e1cticas en empresa aquellos alumnos que est\u00e9n realizando una actividad profesional contractual y remunerada, por cuenta propia o ajena, por impedimento legal. No obstante, aquellos alumnos que, en el momento de la realizaci\u00f3n de las Pr\u00e1cticas en Empresa, acrediten estar trabajando, con contrato laboral, en una empresa del sector alimentario y haberlo hecho o estar en disposici\u00f3n de hacerlo \u2013duraci\u00f3n del contrato laboral- durante un periodo m\u00ednimo de seis (6) meses, las Pr\u00e1cticas en Empresa podr\u00edan ser convalidables por su actividad profesional.<\/p>\n<p>Adem\u00e1s y por impedir la legislaci\u00f3n laboral actual la realizaci\u00f3n simult\u00e1nea de Pr\u00e1cticas en Empresa (formativas) y de actividad profesional, contractual, de cualquier tipo, todo alumno que realice una actividad profesional en un sector distinto del sector alimentario debe interrumpir esta actividad durante el periodo de realizaci\u00f3n de las pr\u00e1cticas. Estos alumnos indicar\u00e1n su situaci\u00f3n profesional a la Direcci\u00f3n del M\u00e1ster en el inicio del mismo.<\/p>\n<p>Aquellos alumnos que, llegado el momento de realizaci\u00f3n de Pr\u00e1cticas en Empresa est\u00e9n cobrando prestaci\u00f3n por desempleo, deben interrumpir la misma durante todo el periodo de realizaci\u00f3n de las Pr\u00e1cticas en Empresa.<br \/>\nFinalmente, aquellos alumnos que, en el momento de la conclusi\u00f3n del periodo inicial \u00a0de Pr\u00e1cticas en Empresa (6 meses) puedan y quieran prorrogar las mismas entre 1 y 6 meses m\u00e1s, s\u00f3lo lo podr\u00e1n hacer si tienen un T\u00edtulo de Grado o de Diplomado, Licenciado, Ingeniero T\u00e9cnico o Superior de la Universidad de Oviedo \u2013o de otra Universidad si su titulaci\u00f3n no se imparte en Oviedo- con una antig\u00fcedad inferior a 4 a\u00f1os o bien todas las asignaturas te\u00f3ricas y pr\u00e1cticas del M\u00e1ster, incluido el Proyecto Fin de M\u00e1ster, aprobadas. A los Ingenieros T\u00e9cnicos y Superiores se les permite prorrogar las Pr\u00e1cticas si tienen pendiente s\u00f3lo la realizaci\u00f3n del Proyecto Fin de Carrera (en cuyo caso la duraci\u00f3n semanal de las Pr\u00e1cticas ser\u00e1 de 30 h y la remuneraci\u00f3n m\u00ednima de 475 \u20ac\/mes) y tambi\u00e9n si tienen aprobados el 90 % de cr\u00e9ditos de su Titulaci\u00f3n (en cuyo caso la duraci\u00f3n semanal de las Pr\u00e1cticas ser\u00e1 de 25 h y la remuneraci\u00f3n m\u00ednima de 475 \u20ac\/mes). Estos alumnos deben notificar su situaci\u00f3n a la Direcci\u00f3n del M\u00e1ster y a las empresas, en el momento de la asignaci\u00f3n de Pr\u00e1cticas, cuando \u00e9sta sea realizada por la empresa.<\/p>\n<p><strong>La Direcci\u00f3n<\/strong> <strong>del MGYDIA extender\u00e1 un certificado por la realizaci\u00f3n de las Pr\u00e1cticas en Empresa a los alumnos y a sus tutores empresariales.<\/strong><\/p>\n","protected":false},"excerpt":{"rendered":"<p>Condiciones generales 2012-2013 Resumen Se realizan en empresas con las que se establece convenio. Duraci\u00f3n m\u00ednima: 6 meses (960 h) y m\u00e1xima 12 meses. Esta formaci\u00f3n pr\u00e1ctica completa la formaci\u00f3n te\u00f3rica y su realizaci\u00f3n es obligatoria, excepto para los profesionales del sector. El M\u00e1ster garantiza su realizaci\u00f3n a TODOS los alumnos matriculados en el mismo. [&hellip;]<\/p>\n","protected":false},"author":1,"featured_media":175,"parent":14,"menu_order":0,"comment_status":"closed","ping_status":"closed","template":"","meta":{"footnotes":""},"class_list":["post-137","page","type-page","status-publish","has-post-thumbnail"],"_links":{"self":[{"href":"https:\/\/www.unioviedo.es\/MGYDIA\/wp-json\/wp\/v2\/pages\/137","targetHints":{"allow":["GET"]}}],"collection":[{"href":"https:\/\/www.unioviedo.es\/MGYDIA\/wp-json\/wp\/v2\/pages"}],"about":[{"href":"https:\/\/www.unioviedo.es\/MGYDIA\/wp-json\/wp\/v2\/types\/page"}],"author":[{"embeddable":true,"href":"https:\/\/www.unioviedo.es\/MGYDIA\/wp-json\/wp\/v2\/users\/1"}],"replies":[{"embeddable":true,"href":"https:\/\/www.unioviedo.es\/MGYDIA\/wp-json\/wp\/v2\/comments?post=137"}],"version-history":[{"count":1,"href":"https:\/\/www.unioviedo.es\/MGYDIA\/wp-json\/wp\/v2\/pages\/137\/revisions"}],"predecessor-version":[{"id":138,"href":"https:\/\/www.unioviedo.es\/MGYDIA\/wp-json\/wp\/v2\/pages\/137\/revisions\/138"}],"up":[{"embeddable":true,"href":"https:\/\/www.unioviedo.es\/MGYDIA\/wp-json\/wp\/v2\/pages\/14"}],"wp:featuredmedia":[{"embeddable":true,"href":"https:\/\/www.unioviedo.es\/MGYDIA\/wp-json\/wp\/v2\/media\/175"}],"wp:attachment":[{"href":"https:\/\/www.unioviedo.es\/MGYDIA\/wp-json\/wp\/v2\/media?parent=137"}],"curies":[{"name":"wp","href":"https:\/\/api.w.org\/{rel}","templated":true}]}}