{"id":139,"date":"2018-06-20T22:22:40","date_gmt":"2018-06-20T22:22:40","guid":{"rendered":"https:\/\/www.unioviedo.es\/MGYDIA\/?page_id=139"},"modified":"2018-06-21T22:43:36","modified_gmt":"2018-06-21T22:43:36","slug":"visitas-a-industrias","status":"publish","type":"page","link":"https:\/\/www.unioviedo.es\/MGYDIA\/master\/visitas-a-industrias\/","title":{"rendered":"Visitas a industrias"},"content":{"rendered":"<p>Aunque pueden estar sometidas a cambios motivados por la disponibilidad de las empresas alimentarias, se visitan, a lo largo del M\u00e1ster MGYDIA:<\/p>\n<p><a href=\"http:\/\/www.adpancel.com\/\" target=\"_new\">Adpan, El Berr\u00f3n (Sector cereales)<\/a><br \/>\n<a href=\"http:\/\/www.embutidoselhorreo.com\" target=\"_new\">Embutidos El H\u00f3rreo, Nore\u00f1a (Sector c\u00e1rnico)<\/a><br \/>\n<a href=\"http:\/\/www.jamonescastillo.com\/\" target=\"_new\">Jamones el Castillo (Sector c\u00e1rnico)<\/a><br \/>\n<a href=\"http:\/\/www.cafento.com\" target=\"_new\">Cafento, Tineo (Sector bebidas)<\/a><br \/>\n<a href=\"http:\/\/www.hoteles-silken.com\/hotel-monumental-naranco-oviedo\/\" target=\"_new\">Hotel Monumental Naranco, Oviedo (Sector nutrici\u00f3n)<\/a><br \/>\n<a href=\"http:\/\/www.balbona.es\/\" target=\"_new\">Catering Balbona, Oviedo (Sector nutrici\u00f3n) <\/a><br \/>\n<a href=\"http:\/\/portal.estrellagalicia.es\" target=\"_new\">Cervezas La Estrella de Gal\u00edcia, La Coru\u00f1a (Sector bebidas)<\/a><br \/>\n<a href=\"http:\/\/www.bodegacorias.com\/\" target=\"_new\">Bodegas del Monasterio de Corias (Sector bebidas)<\/a><\/p>\n<p>Coordinadora: Prof. Dra. Adriana Laca (lacaadriana@uniovi.es). Las visitas, fechas y horarios definitivos se confirmar\u00e1n v\u00eda e-mail a todos los alumnos del programa. (Lugar de salida y llegada: Avenida de Juli\u00e1n Claver\u00eda 8, Frente a Facultad de Qu\u00edmica, Oviedo)<\/p>\n","protected":false},"excerpt":{"rendered":"<p>Aunque pueden estar sometidas a cambios motivados por la disponibilidad de las empresas alimentarias, se visitan, a lo largo del M\u00e1ster MGYDIA: Adpan, El Berr\u00f3n (Sector cereales) Embutidos El H\u00f3rreo, Nore\u00f1a (Sector c\u00e1rnico) Jamones el Castillo (Sector c\u00e1rnico) Cafento, Tineo (Sector bebidas) Hotel Monumental Naranco, Oviedo (Sector nutrici\u00f3n) Catering Balbona, Oviedo (Sector nutrici\u00f3n) Cervezas La [&hellip;]<\/p>\n","protected":false},"author":1,"featured_media":176,"parent":14,"menu_order":0,"comment_status":"closed","ping_status":"closed","template":"","meta":{"footnotes":""},"class_list":["post-139","page","type-page","status-publish","has-post-thumbnail"],"_links":{"self":[{"href":"https:\/\/www.unioviedo.es\/MGYDIA\/wp-json\/wp\/v2\/pages\/139","targetHints":{"allow":["GET"]}}],"collection":[{"href":"https:\/\/www.unioviedo.es\/MGYDIA\/wp-json\/wp\/v2\/pages"}],"about":[{"href":"https:\/\/www.unioviedo.es\/MGYDIA\/wp-json\/wp\/v2\/types\/page"}],"author":[{"embeddable":true,"href":"https:\/\/www.unioviedo.es\/MGYDIA\/wp-json\/wp\/v2\/users\/1"}],"replies":[{"embeddable":true,"href":"https:\/\/www.unioviedo.es\/MGYDIA\/wp-json\/wp\/v2\/comments?post=139"}],"version-history":[{"count":1,"href":"https:\/\/www.unioviedo.es\/MGYDIA\/wp-json\/wp\/v2\/pages\/139\/revisions"}],"predecessor-version":[{"id":140,"href":"https:\/\/www.unioviedo.es\/MGYDIA\/wp-json\/wp\/v2\/pages\/139\/revisions\/140"}],"up":[{"embeddable":true,"href":"https:\/\/www.unioviedo.es\/MGYDIA\/wp-json\/wp\/v2\/pages\/14"}],"wp:featuredmedia":[{"embeddable":true,"href":"https:\/\/www.unioviedo.es\/MGYDIA\/wp-json\/wp\/v2\/media\/176"}],"wp:attachment":[{"href":"https:\/\/www.unioviedo.es\/MGYDIA\/wp-json\/wp\/v2\/media?parent=139"}],"curies":[{"name":"wp","href":"https:\/\/api.w.org\/{rel}","templated":true}]}}