{"id":14,"date":"2018-06-15T16:18:23","date_gmt":"2018-06-15T16:18:23","guid":{"rendered":"https:\/\/www.unioviedo.es\/MGYDIA\/?page_id=14"},"modified":"2018-06-21T22:33:41","modified_gmt":"2018-06-21T22:33:41","slug":"master","status":"publish","type":"page","link":"https:\/\/www.unioviedo.es\/MGYDIA\/master\/","title":{"rendered":"M\u00e1ster"},"content":{"rendered":"<p>El sector alimentario es el primer sector econ\u00f3mico de nuestro pa\u00eds, con una cifra de negocio de 80 000 millones de euros\/a\u00f1o. Es un sector con una fuerte especializaci\u00f3n regional y con gran importancia en todas las Comunidades Aut\u00f3nomas. Ligado a la geograf\u00eda, al clima y a la cultura industrial posee un gran convencimiento de que su supervivencia actual y su desarrollo y competitividad futuras pasan por el conocimiento cient\u00edfico, el desarrollo tecnol\u00f3gico y la capacidad de innovaci\u00f3n que sea capaz de mostrar. Es un sector en el que los conceptos de calidad, de log\u00edstica, de normativa en todos los \u00e1mbitos (productos, procesos y entorno y ello tanto a nivel de Comunidad Aut\u00f3noma, como de Estado o de Europa) de Medio Ambiente, de sanidad, as\u00ed como aspectos socioecon\u00f3micos y culturales adquieren un significado propio.<\/p>\n<p>Todo ello configura un campo multidisciplinar, con grandes necesidades de formaci\u00f3n b\u00e1sica, pero con necesidades a\u00fan mayores de especializaci\u00f3n en campos muy diversos y que abarquen tanto las materias primas y productos como la tecnolog\u00eda de procesos, la log\u00edstica, la comercializaci\u00f3n y marketing, la normativa, la seguridad e higiene, las posibilidades de comercio exterior, \u2026 Este M\u00e1ster pretende cubrir estos desaf\u00edos.<\/p>\n<p>La orientaci\u00f3n del M\u00e1ster es muy aplicada hacia el desarrollo de la actividad profesional en la empresa. Para ello cuenta con un patronato de empresas que apoyan al M\u00e1ster, que han elaborado el Programa Docente, que participan mayoritariamente, (&gt; 80 %) en la docencia del mismo y que abren sus industrias para que los alumnos puedan desarrollar pr\u00e1cticas industriales en la propias plantas, en condiciones de trabajo real. La contribuci\u00f3n de las empresas es esencial en el programa formativo del M\u00e1ster.<\/p>\n<p>El Polo Alimentario de la Universidad de Oviedo promueve este M\u00e1ster. La Direcci\u00f3n del mismo desea expresar su agradecimiento a todas las personas que constituyen el cuadro de profesores, a las industrias que forman el Patronato de Empresas de Apoyo al M\u00e1ster por su esfuerzo constante para la formaci\u00f3n de nuestros alumnos as\u00ed como al Vicerrectorado de Ordenaci\u00f3n acad\u00e9mica y Nuevas Titulaciones, en especial a la Secci\u00f3n de T\u00edtulos Propios, por el soporte administrativo ofrecido para el desarrollo del M\u00e1ster.<\/p>\n","protected":false},"excerpt":{"rendered":"<p>El sector alimentario es el primer sector econ\u00f3mico de nuestro pa\u00eds, con una cifra de negocio de 80 000 millones de euros\/a\u00f1o. Es un sector con una fuerte especializaci\u00f3n regional y con gran importancia en todas las Comunidades Aut\u00f3nomas. Ligado a la geograf\u00eda, al clima y a la cultura industrial posee un gran convencimiento de [&hellip;]<\/p>\n","protected":false},"author":1,"featured_media":75,"parent":0,"menu_order":0,"comment_status":"closed","ping_status":"closed","template":"","meta":{"footnotes":""},"class_list":["post-14","page","type-page","status-publish","has-post-thumbnail"],"_links":{"self":[{"href":"https:\/\/www.unioviedo.es\/MGYDIA\/wp-json\/wp\/v2\/pages\/14","targetHints":{"allow":["GET"]}}],"collection":[{"href":"https:\/\/www.unioviedo.es\/MGYDIA\/wp-json\/wp\/v2\/pages"}],"about":[{"href":"https:\/\/www.unioviedo.es\/MGYDIA\/wp-json\/wp\/v2\/types\/page"}],"author":[{"embeddable":true,"href":"https:\/\/www.unioviedo.es\/MGYDIA\/wp-json\/wp\/v2\/users\/1"}],"replies":[{"embeddable":true,"href":"https:\/\/www.unioviedo.es\/MGYDIA\/wp-json\/wp\/v2\/comments?post=14"}],"version-history":[{"count":4,"href":"https:\/\/www.unioviedo.es\/MGYDIA\/wp-json\/wp\/v2\/pages\/14\/revisions"}],"predecessor-version":[{"id":281,"href":"https:\/\/www.unioviedo.es\/MGYDIA\/wp-json\/wp\/v2\/pages\/14\/revisions\/281"}],"wp:featuredmedia":[{"embeddable":true,"href":"https:\/\/www.unioviedo.es\/MGYDIA\/wp-json\/wp\/v2\/media\/75"}],"wp:attachment":[{"href":"https:\/\/www.unioviedo.es\/MGYDIA\/wp-json\/wp\/v2\/media?parent=14"}],"curies":[{"name":"wp","href":"https:\/\/api.w.org\/{rel}","templated":true}]}}