{"id":141,"date":"2018-06-20T22:23:58","date_gmt":"2018-06-20T22:23:58","guid":{"rendered":"https:\/\/www.unioviedo.es\/MGYDIA\/?page_id=141"},"modified":"2018-06-21T22:45:40","modified_gmt":"2018-06-21T22:45:40","slug":"otras-actividades","status":"publish","type":"page","link":"https:\/\/www.unioviedo.es\/MGYDIA\/master\/otras-actividades\/","title":{"rendered":"Otras actividades"},"content":{"rendered":"<p>Incluyen conferencias y seminarios con profesores visitantes, cuyo programa se anunciar\u00e1 oportunamente en la secci\u00f3n de <strong>Noticias<\/strong> de esta p\u00e1gina web. Asimismo se anunciar\u00e1n en las clases y v\u00eda correo-e a todos los alumnos.<\/p>\n","protected":false},"excerpt":{"rendered":"<p>Incluyen conferencias y seminarios con profesores visitantes, cuyo programa se anunciar\u00e1 oportunamente en la secci\u00f3n de Noticias de esta p\u00e1gina web. Asimismo se anunciar\u00e1n en las clases y v\u00eda correo-e a todos los alumnos.<\/p>\n","protected":false},"author":1,"featured_media":177,"parent":14,"menu_order":0,"comment_status":"closed","ping_status":"closed","template":"","meta":{"footnotes":""},"class_list":["post-141","page","type-page","status-publish","has-post-thumbnail"],"_links":{"self":[{"href":"https:\/\/www.unioviedo.es\/MGYDIA\/wp-json\/wp\/v2\/pages\/141","targetHints":{"allow":["GET"]}}],"collection":[{"href":"https:\/\/www.unioviedo.es\/MGYDIA\/wp-json\/wp\/v2\/pages"}],"about":[{"href":"https:\/\/www.unioviedo.es\/MGYDIA\/wp-json\/wp\/v2\/types\/page"}],"author":[{"embeddable":true,"href":"https:\/\/www.unioviedo.es\/MGYDIA\/wp-json\/wp\/v2\/users\/1"}],"replies":[{"embeddable":true,"href":"https:\/\/www.unioviedo.es\/MGYDIA\/wp-json\/wp\/v2\/comments?post=141"}],"version-history":[{"count":1,"href":"https:\/\/www.unioviedo.es\/MGYDIA\/wp-json\/wp\/v2\/pages\/141\/revisions"}],"predecessor-version":[{"id":142,"href":"https:\/\/www.unioviedo.es\/MGYDIA\/wp-json\/wp\/v2\/pages\/141\/revisions\/142"}],"up":[{"embeddable":true,"href":"https:\/\/www.unioviedo.es\/MGYDIA\/wp-json\/wp\/v2\/pages\/14"}],"wp:featuredmedia":[{"embeddable":true,"href":"https:\/\/www.unioviedo.es\/MGYDIA\/wp-json\/wp\/v2\/media\/177"}],"wp:attachment":[{"href":"https:\/\/www.unioviedo.es\/MGYDIA\/wp-json\/wp\/v2\/media?parent=141"}],"curies":[{"name":"wp","href":"https:\/\/api.w.org\/{rel}","templated":true}]}}