{"id":24,"date":"2018-06-15T16:36:16","date_gmt":"2018-06-15T16:36:16","guid":{"rendered":"https:\/\/www.unioviedo.es\/MGYDIA\/?page_id=24"},"modified":"2018-06-21T22:52:55","modified_gmt":"2018-06-21T22:52:55","slug":"preinscripcion-y-matricula","status":"publish","type":"page","link":"https:\/\/www.unioviedo.es\/MGYDIA\/alumnado\/preinscripcion-y-matricula\/","title":{"rendered":"Preinscripci\u00f3n y Matr\u00edcula"},"content":{"rendered":"<p><b>Preinscripci\u00f3n y Matr\u00edcula:<\/b>\u00a0<a href=\"http:\/\/cei.uniovi.es\/postgrado\/masteres\/preinscripcionymatricula\">http:\/\/cei.uniovi.es\/postgrado\/masteres\/preinscripcionymatricula<\/a><\/p>\n<ul>\n<li><a href=\"https:\/\/sies.uniovi.es\/preweb\/web\/preinscripcion\/acceso\/documento.faces\">Preinscripci\u00f3n online<\/a><\/li>\n<\/ul>\n<p>&nbsp;<\/p>\n<p><strong>Perfil de ingreso y criterios de admisi\u00f3n<\/strong><\/p>\n<p>Los alumnos deber\u00e1n estar en posesi\u00f3n, preferentemente, de un t\u00edtulo de Grado (180 cr\u00e9ditos) o Superior en \u00e1reas experimentales, tecnol\u00f3gicas o biosanitarias. El perfil de ingreso es por tanto el de Graduados o Licenciados en Biolog\u00eda, Bioqu\u00edmica, Ciencia y Tecnolog\u00eda de Alimentos, Econom\u00eda, Farmacia, Ingenier\u00edas Agron\u00f3mica y Qu\u00edmica, Nutrici\u00f3n, Qu\u00edmica, Veterinaria y otros con vocaci\u00f3n por desarrollar actividad profesional en el sector alimentario. Tambi\u00e9n profesionales del sector que deseen actualizar o ampliar sus conocimientos. <strong>Se pueden matricular tambi\u00e9n Graduados o Licenciados con el 90 % de cr\u00e9ditos aprobados de su titulaci\u00f3n correspondiente. En este caso, deber\u00e1n tener solicitado el t\u00edtulo de Grado o de Licenciado antes de obtener el t\u00edtulo de M\u00e1ster.<\/strong><\/p>\n<p>Resulta esencialmente importante la capacidad e inter\u00e9s de los candidatos, cualquiera que sea su formaci\u00f3n previa, para su acercamiento a \u00e9ste campo. Pueden ser algunas indicaciones de este inter\u00e9s las experiencias previas en el sector industrial o investigador, la proximidad tem\u00e1tica a los campos de inter\u00e9s para el sector alimentario y, en general, el inter\u00e9s mostrado en la pr\u00e1ctica por adquirir formaci\u00f3n adicional y trabajar para el sector de la alimentaci\u00f3n.<\/p>\n<p>El \u00f3rgano de selecci\u00f3n de estudiantes es la Comisi\u00f3n Docente del M\u00e1ster, que cuantifica la valoraci\u00f3n de los aspectos principales y complementarios de su curriculum y realiza la selecci\u00f3n final de los solicitantes, de acuerdo con la informaci\u00f3n recibida y con la obtenida de la realizaci\u00f3n de una entrevista personal a los alumnos, si fuese necesaria. Finalmente realizar\u00e1 la invitaci\u00f3n a cursar el M\u00e1ster a los solicitantes seleccionados, con una lista de solicitantes suplentes.<\/p>\n","protected":false},"excerpt":{"rendered":"<p>Preinscripci\u00f3n y Matr\u00edcula:\u00a0http:\/\/cei.uniovi.es\/postgrado\/masteres\/preinscripcionymatricula Preinscripci\u00f3n online &nbsp; Perfil de ingreso y criterios de admisi\u00f3n Los alumnos deber\u00e1n estar en posesi\u00f3n, preferentemente, de un t\u00edtulo de Grado (180 cr\u00e9ditos) o Superior en \u00e1reas experimentales, tecnol\u00f3gicas o biosanitarias. El perfil de ingreso es por tanto el de Graduados o Licenciados en Biolog\u00eda, Bioqu\u00edmica, Ciencia y Tecnolog\u00eda de Alimentos, [&hellip;]<\/p>\n","protected":false},"author":1,"featured_media":182,"parent":22,"menu_order":0,"comment_status":"closed","ping_status":"closed","template":"","meta":{"footnotes":""},"class_list":["post-24","page","type-page","status-publish","has-post-thumbnail"],"_links":{"self":[{"href":"https:\/\/www.unioviedo.es\/MGYDIA\/wp-json\/wp\/v2\/pages\/24","targetHints":{"allow":["GET"]}}],"collection":[{"href":"https:\/\/www.unioviedo.es\/MGYDIA\/wp-json\/wp\/v2\/pages"}],"about":[{"href":"https:\/\/www.unioviedo.es\/MGYDIA\/wp-json\/wp\/v2\/types\/page"}],"author":[{"embeddable":true,"href":"https:\/\/www.unioviedo.es\/MGYDIA\/wp-json\/wp\/v2\/users\/1"}],"replies":[{"embeddable":true,"href":"https:\/\/www.unioviedo.es\/MGYDIA\/wp-json\/wp\/v2\/comments?post=24"}],"version-history":[{"count":4,"href":"https:\/\/www.unioviedo.es\/MGYDIA\/wp-json\/wp\/v2\/pages\/24\/revisions"}],"predecessor-version":[{"id":95,"href":"https:\/\/www.unioviedo.es\/MGYDIA\/wp-json\/wp\/v2\/pages\/24\/revisions\/95"}],"up":[{"embeddable":true,"href":"https:\/\/www.unioviedo.es\/MGYDIA\/wp-json\/wp\/v2\/pages\/22"}],"wp:featuredmedia":[{"embeddable":true,"href":"https:\/\/www.unioviedo.es\/MGYDIA\/wp-json\/wp\/v2\/media\/182"}],"wp:attachment":[{"href":"https:\/\/www.unioviedo.es\/MGYDIA\/wp-json\/wp\/v2\/media?parent=24"}],"curies":[{"name":"wp","href":"https:\/\/api.w.org\/{rel}","templated":true}]}}