{"id":26,"date":"2018-06-15T16:36:31","date_gmt":"2018-06-15T16:36:31","guid":{"rendered":"https:\/\/www.unioviedo.es\/MGYDIA\/?page_id=26"},"modified":"2018-06-21T22:53:36","modified_gmt":"2018-06-21T22:53:36","slug":"curso-actual","status":"publish","type":"page","link":"https:\/\/www.unioviedo.es\/MGYDIA\/alumnado\/curso-actual\/","title":{"rendered":"Curso Actual"},"content":{"rendered":"<p><strong>Duraci\u00f3n y horarios<\/strong><\/p>\n<p>Un curso acad\u00e9mico (60 cr\u00e9ditos ECTS): 19 cr\u00e9ditos te\u00f3ricos, 4 de pr\u00e1cticas acad\u00e9micas externas, 5 de Proyecto Fin de M\u00e1ster y 32 de pr\u00e1cticas en empresa. 280 h presenciales, 420 no presenciales y 960 h de pr\u00e1cticas en empresa, en total 1 660 h. Las clases se imparten de lunes a viernes, de 16.00 a 20.00 h.<\/p>\n<p>&nbsp;<\/p>\n<p><strong>Becas y ayudas<\/strong><\/p>\n<p>Caja Rural de Asturias: 2 becas de media matr\u00edcula a los dos alumnos de mayor rendimiento.<br \/>\nMEC, Principado de Asturias<br \/>\nAlumnos sudamericanos: AECI, AUIP<\/p>\n<p>&nbsp;<\/p>\n<p><strong>Calendario acad\u00e9mico<\/strong><\/p>\n<p><u>Periodos lectivos y de evaluaciones finales<\/u><\/p>\n<p>Calendario acad\u00e9mico de la Universidad de Oviedo curso 2018-19 <a href=\"http:\/\/www.uniovi.es\/vida\/calendario\">ver aqui<\/a><\/p>\n<p>El curso acad\u00e9mico 2018\/19 del master ser\u00e1 inaugurado en octubre 2018. La actividad docente del curso acad\u00e9mico 2018-19 se desarrollar\u00e1 entre Octubre\u00a0 de 2018 y el 30 de Marzo de 2019, con excepci\u00f3n de los d\u00edas no lectivos que se relacionan en la guia docente del curso (en elaboraci\u00f3n).<\/p>\n<p>Los alumnos desarrollar\u00e1n, igualmente, sus pr\u00e1cticas en empresa entre el 1 de abril y, al menos, el 30 de septiembre de 2019.<\/p>\n<p>Asimismo, existir\u00e1n tres per\u00edodos de evaluaci\u00f3n de trabajos fin de m\u00e1ster: uno extraodinario en la \u00faltima semana de Septiembre\u00a0 de 2019, y dos ordinarios uno en la segunda semana de diciembre de 2019 y otro en Abril de 2020.<\/p>\n<p>&nbsp;<\/p>\n","protected":false},"excerpt":{"rendered":"<p>Duraci\u00f3n y horarios Un curso acad\u00e9mico (60 cr\u00e9ditos ECTS): 19 cr\u00e9ditos te\u00f3ricos, 4 de pr\u00e1cticas acad\u00e9micas externas, 5 de Proyecto Fin de M\u00e1ster y 32 de pr\u00e1cticas en empresa. 280 h presenciales, 420 no presenciales y 960 h de pr\u00e1cticas en empresa, en total 1 660 h. Las clases se imparten de lunes a viernes, [&hellip;]<\/p>\n","protected":false},"author":1,"featured_media":67,"parent":22,"menu_order":0,"comment_status":"closed","ping_status":"closed","template":"","meta":{"footnotes":""},"class_list":["post-26","page","type-page","status-publish","has-post-thumbnail"],"_links":{"self":[{"href":"https:\/\/www.unioviedo.es\/MGYDIA\/wp-json\/wp\/v2\/pages\/26","targetHints":{"allow":["GET"]}}],"collection":[{"href":"https:\/\/www.unioviedo.es\/MGYDIA\/wp-json\/wp\/v2\/pages"}],"about":[{"href":"https:\/\/www.unioviedo.es\/MGYDIA\/wp-json\/wp\/v2\/types\/page"}],"author":[{"embeddable":true,"href":"https:\/\/www.unioviedo.es\/MGYDIA\/wp-json\/wp\/v2\/users\/1"}],"replies":[{"embeddable":true,"href":"https:\/\/www.unioviedo.es\/MGYDIA\/wp-json\/wp\/v2\/comments?post=26"}],"version-history":[{"count":3,"href":"https:\/\/www.unioviedo.es\/MGYDIA\/wp-json\/wp\/v2\/pages\/26\/revisions"}],"predecessor-version":[{"id":157,"href":"https:\/\/www.unioviedo.es\/MGYDIA\/wp-json\/wp\/v2\/pages\/26\/revisions\/157"}],"up":[{"embeddable":true,"href":"https:\/\/www.unioviedo.es\/MGYDIA\/wp-json\/wp\/v2\/pages\/22"}],"wp:featuredmedia":[{"embeddable":true,"href":"https:\/\/www.unioviedo.es\/MGYDIA\/wp-json\/wp\/v2\/media\/67"}],"wp:attachment":[{"href":"https:\/\/www.unioviedo.es\/MGYDIA\/wp-json\/wp\/v2\/media?parent=26"}],"curies":[{"name":"wp","href":"https:\/\/api.w.org\/{rel}","templated":true}]}}