{"id":28,"date":"2018-06-15T16:37:09","date_gmt":"2018-06-15T16:37:09","guid":{"rendered":"https:\/\/www.unioviedo.es\/MGYDIA\/?page_id=28"},"modified":"2018-06-21T22:54:51","modified_gmt":"2018-06-21T22:54:51","slug":"seguimiento-del-proceso","status":"publish","type":"page","link":"https:\/\/www.unioviedo.es\/MGYDIA\/alumnado\/seguimiento-del-proceso\/","title":{"rendered":"Seguimiento del Proceso"},"content":{"rendered":"<p><strong>Clases te\u00f3ricas<\/strong><br \/>\nLas actividades del M\u00e1ster, exceptuando las pr\u00e1cticas en empresa, se extienden desde 16 de Noviembre 2012 hasta el 31 de Marzo 2013. El curso, acad\u00e9micamente, est\u00e1 dividido en quincenas, cada una de las cuales corresponde a dos asignaturas (salvo las pr\u00e1cticas de laboratorio). Las ma\u00f1anas de los viernes entre las 9.00 y 14.00 horas (excepto cuando haya pr\u00e1cticas de laboratorio en ese d\u00eda) y las de los d\u00edas correspondientes en el Calendario Acad\u00e9mico a evaluaci\u00f3n final, podr\u00e1n estar destinadas a actividades extraordinarias de asistencia obligatoria, como conferencias y visitas que se programan a lo largo del Curso.<\/p>\n<p>Las clases y los ex\u00e1menes o sus equivalentes tendr\u00e1n lugar por la tarde en horario que puede extenderse entre las 16:00 y las 20:00 horas dependiendo de la asignatura.. Ocasionalmente, alguna de las clases en alguna de las asignaturas puede precisar o ser recomendable que se imparta fuera del lugar habitual, por ejemplo, en alguna industria. Aunque los apuntes u otro material de cada una de las asignaturas se entregar\u00e1n al alumno antes del comienzo de las mismas,\u00a0 siempre se dispondr\u00e1 de la posibilidad de aportar informaci\u00f3n complementaria de cualquiera de ellas a lo largo de su per\u00edodo de clases.<\/p>\n<p>Para aprobar las asignaturas te\u00f3ricas existen 3 convocatorias: cuando concluye la asignatura, al finalizar el curso acad\u00e9mico y una tercera y \u00faltima posibilidad posterior a esta fecha. Para defender el Proyecto, el alumno deber\u00e1 tener aprobadas todas las asignaturas.<\/p>\n<p>Durante el curso y para toda la informaci\u00f3n que sobre el M\u00e1ster sea necesaria para el alumno, existe un Tabl\u00f3n de Anuncios Oficial del M\u00e1ster situado a la entrada del Departamento de Ingenier\u00eda Qu\u00edmica y T.M.A. (2\u00b0 piso de la Facultad de Qu\u00edmica). En el aula de clases cada alumno dispondr\u00e1 de un casillero personal. Adicionalmente, se procurar\u00e1 tambi\u00e9n aportar informaci\u00f3n por correo electr\u00f3nico u otros m\u00e9todos.<\/p>\n<p>Cualquier duda o problema en relaci\u00f3n con la docencia en clases te\u00f3ricas debe ser comunicada al Profesor-Coordinador de Docencia del Master (Prof. Dr. Benjam\u00edn Paredes Garc\u00eda-Viniegras, 985 10 29 93 \u2013mbta@uniovi.es.)<\/p>\n","protected":false},"excerpt":{"rendered":"<p>Clases te\u00f3ricas Las actividades del M\u00e1ster, exceptuando las pr\u00e1cticas en empresa, se extienden desde 16 de Noviembre 2012 hasta el 31 de Marzo 2013. El curso, acad\u00e9micamente, est\u00e1 dividido en quincenas, cada una de las cuales corresponde a dos asignaturas (salvo las pr\u00e1cticas de laboratorio). Las ma\u00f1anas de los viernes entre las 9.00 y 14.00 [&hellip;]<\/p>\n","protected":false},"author":1,"featured_media":184,"parent":22,"menu_order":0,"comment_status":"closed","ping_status":"closed","template":"","meta":{"footnotes":""},"class_list":["post-28","page","type-page","status-publish","has-post-thumbnail"],"_links":{"self":[{"href":"https:\/\/www.unioviedo.es\/MGYDIA\/wp-json\/wp\/v2\/pages\/28","targetHints":{"allow":["GET"]}}],"collection":[{"href":"https:\/\/www.unioviedo.es\/MGYDIA\/wp-json\/wp\/v2\/pages"}],"about":[{"href":"https:\/\/www.unioviedo.es\/MGYDIA\/wp-json\/wp\/v2\/types\/page"}],"author":[{"embeddable":true,"href":"https:\/\/www.unioviedo.es\/MGYDIA\/wp-json\/wp\/v2\/users\/1"}],"replies":[{"embeddable":true,"href":"https:\/\/www.unioviedo.es\/MGYDIA\/wp-json\/wp\/v2\/comments?post=28"}],"version-history":[{"count":3,"href":"https:\/\/www.unioviedo.es\/MGYDIA\/wp-json\/wp\/v2\/pages\/28\/revisions"}],"predecessor-version":[{"id":183,"href":"https:\/\/www.unioviedo.es\/MGYDIA\/wp-json\/wp\/v2\/pages\/28\/revisions\/183"}],"up":[{"embeddable":true,"href":"https:\/\/www.unioviedo.es\/MGYDIA\/wp-json\/wp\/v2\/pages\/22"}],"wp:featuredmedia":[{"embeddable":true,"href":"https:\/\/www.unioviedo.es\/MGYDIA\/wp-json\/wp\/v2\/media\/184"}],"wp:attachment":[{"href":"https:\/\/www.unioviedo.es\/MGYDIA\/wp-json\/wp\/v2\/media?parent=28"}],"curies":[{"name":"wp","href":"https:\/\/api.w.org\/{rel}","templated":true}]}}