{"id":49,"date":"2018-06-15T16:40:48","date_gmt":"2018-06-15T16:40:48","guid":{"rendered":"https:\/\/www.unioviedo.es\/MGYDIA\/?page_id=49"},"modified":"2018-06-21T23:01:19","modified_gmt":"2018-06-21T23:01:19","slug":"comision-academica-y-coordinacion","status":"publish","type":"page","link":"https:\/\/www.unioviedo.es\/MGYDIA\/entorno\/comision-academica-y-coordinacion\/","title":{"rendered":"Comisi\u00f3n Acad\u00e9mica y Coordinaci\u00f3n"},"content":{"rendered":"<p><em><b>1. Coordinaci\u00f3n:<\/b><\/em><br \/>\nLos miembros de la Direcci\u00f3n coordinan, desarrollan y dinamizan todas las actividades del M\u00e1ster.<\/p>\n<p>La coordinaci\u00f3n del master la realizan:<\/p>\n<ul>\n<li><i>Director<\/i><br \/>\nMario Diaz Fern\u00e1ndez<span class=\"Estilo3\">&gt;<\/span> <span class=\"Estilo1\">Catedr\u00e1tico de Universidad<\/span><br \/>\n<span class=\"Estilo2\">Departamento de Ingenier\u00eda Qu\u00edmica y Tecnolog\u00eda del Medio Ambiente<\/span><\/li>\n<li><i>Co-director y responsable de pr\u00e1cticas industriales<\/i><br \/>\nFrancisco Riera Rodriguez<span class=\"Estilo3\">&gt;<\/span> <span class=\"Estilo1\">Catedr\u00e1tico de Universidad<\/span><br \/>\n<span class=\"Estilo2\">Departamento de Ingenier\u00eda Qu\u00edmica y Tecnolog\u00eda del Medio Ambiente<\/span><\/li>\n<li><em>Coordinador de docencia y organizaci\u00f3n acad\u00e9mica\u00a0<\/em>:<br \/>\nBenjamin Paredes Garcia-Viniegras<\/li>\n<li><em>Coordinador de trabajos fin de master\u00a0<\/em>:<br \/>\nManuel Rendueles de la Vega <span class=\"Estilo3\">&gt;<\/span> <span class=\"Estilo1\">Catedr\u00e1tico de Universidad<\/span><br \/>\n<span class=\"Estilo2\">Departamento de Ingenier\u00eda Qu\u00edmica y Tecnolog\u00eda del Medio Ambiente<\/span><\/li>\n<\/ul>\n<p><em><b>2. Coordinadores de asignaturas:<\/b><\/em><\/p>\n<ul>\n<li><em>Asignatura<\/em>: Calidad y Seguridad Alimentaria<br \/>\nAmanda Laca P\u00e9rez<br \/>\n<span class=\"Estilo2\">Departamento de Ingenier\u00eda Qu\u00edmica y Tecnolog\u00eda del Medio Ambiente<\/span><\/li>\n<li><i>Asignatura: Problem\u00e1tica Legal Alimentaria<\/i><br \/>\nBego\u00f1a Sesma S\u00e1nchez<br \/>\n<span class=\"Estilo2\">Departamento de Derecho P\u00fablico<\/span><\/li>\n<li><i>Asignatura: Aguas y Bebidas Fermentadas<\/i><br \/>\nAmanda Laca P\u00e9rez<br \/>\n<span class=\"Estilo2\">Departamento de Ingenier\u00eda Qu\u00edmica y Tecnolog\u00eda del Medio Ambiente<\/span><\/li>\n<li><i>Asignatura: Productos derivados de Cerealez<\/i><br \/>\nManuel Rendueles de la Vega<br \/>\n<span class=\"Estilo2\">Departamento de Ingenier\u00eda Qu\u00edmica y Tecnolog\u00eda del Medio Ambiente<\/span><\/li>\n<li><i>Asignatura: Gastronom\u00eda\u00a0y Restauraci\u00f3n<\/i><br \/>\nAdriana Laca P\u00e9rez<br \/>\n<span class=\"Estilo2\">Departamento de Ingenier\u00eda Qu\u00edmica y Tecnolog\u00eda del Medio Ambiente<\/span><\/li>\n<li><i>Asignatura: Industria L\u00e1ctea<\/i><br \/>\nFrancisco Riera Rodriguez<br \/>\n<span class=\"Estilo2\">Departamento de Ingenier\u00eda Qu\u00edmica y Tecnolog\u00eda del Medio Ambiente<\/span><\/li>\n<li><i>Asignatura: Gesti\u00f3n de Materiales y Log\u00edstica<\/i><br \/>\nAdenso Diaz Fern\u00e1ndez<br \/>\n<span class=\"Estilo2\">Departamento de Administraci\u00f3n de Empresas<\/span><\/li>\n<li><i>Asignatura: Dise\u00f1o de Nuevos Productos<\/i><br \/>\nSergio Collado Alonso<br \/>\n<span class=\"Estilo2\">Departamento de Ingenier\u00eda Qu\u00edmica y Tecnolog\u00eda del Medio Ambiente<\/span><\/li>\n<li><i>Asignatura: Productos y Procesos C\u00e1rnicos , del Pescado y del Huevo<\/i><br \/>\nBenjamin Paredes Garcia-Viniegras<br \/>\n<span class=\"Estilo2\">Departamento de Ingenier\u00eda Qu\u00edmica y Tecnolog\u00eda del Medio Ambiente<\/span><\/li>\n<li><i>Asignatura: Aceites, Grasas y Productos de Origen Vegetal<\/i><br \/>\nFrancisco Riera Rodriguez<br \/>\n<span class=\"Estilo2\">Departamento de Ingenier\u00eda Qu\u00edmica y Tecnolog\u00eda del Medio Ambiente<\/span><\/li>\n<li><i>Asignatura: Creaci\u00f3n\u00a0de Empresas Alimentarias<\/i><br \/>\nAna Bel\u00e9n del Rio Lanza<br \/>\n<span class=\"Estilo2\">Departamento de Administraci\u00f3n de Empresas<\/span><\/li>\n<li><i>Asignatura: Pr\u00e1cticas de Laboratorio y Planta Piloto<\/i><br \/>\nFrancisco Riera Rodriguez<br \/>\n<span class=\"Estilo2\">Departamento de Ingenier\u00eda Qu\u00edmica y Tecnolog\u00eda del Medio Ambiente<\/span><\/li>\n<\/ul>\n<p>&nbsp;<\/p>\n","protected":false},"excerpt":{"rendered":"<p>1. Coordinaci\u00f3n: Los miembros de la Direcci\u00f3n coordinan, desarrollan y dinamizan todas las actividades del M\u00e1ster. La coordinaci\u00f3n del master la realizan: Director Mario Diaz Fern\u00e1ndez&gt; Catedr\u00e1tico de Universidad Departamento de Ingenier\u00eda Qu\u00edmica y Tecnolog\u00eda del Medio Ambiente Co-director y responsable de pr\u00e1cticas industriales Francisco Riera Rodriguez&gt; Catedr\u00e1tico de Universidad Departamento de Ingenier\u00eda Qu\u00edmica y [&hellip;]<\/p>\n","protected":false},"author":1,"featured_media":170,"parent":43,"menu_order":0,"comment_status":"closed","ping_status":"closed","template":"","meta":{"footnotes":""},"class_list":["post-49","page","type-page","status-publish","has-post-thumbnail"],"_links":{"self":[{"href":"https:\/\/www.unioviedo.es\/MGYDIA\/wp-json\/wp\/v2\/pages\/49","targetHints":{"allow":["GET"]}}],"collection":[{"href":"https:\/\/www.unioviedo.es\/MGYDIA\/wp-json\/wp\/v2\/pages"}],"about":[{"href":"https:\/\/www.unioviedo.es\/MGYDIA\/wp-json\/wp\/v2\/types\/page"}],"author":[{"embeddable":true,"href":"https:\/\/www.unioviedo.es\/MGYDIA\/wp-json\/wp\/v2\/users\/1"}],"replies":[{"embeddable":true,"href":"https:\/\/www.unioviedo.es\/MGYDIA\/wp-json\/wp\/v2\/comments?post=49"}],"version-history":[{"count":4,"href":"https:\/\/www.unioviedo.es\/MGYDIA\/wp-json\/wp\/v2\/pages\/49\/revisions"}],"predecessor-version":[{"id":162,"href":"https:\/\/www.unioviedo.es\/MGYDIA\/wp-json\/wp\/v2\/pages\/49\/revisions\/162"}],"up":[{"embeddable":true,"href":"https:\/\/www.unioviedo.es\/MGYDIA\/wp-json\/wp\/v2\/pages\/43"}],"wp:featuredmedia":[{"embeddable":true,"href":"https:\/\/www.unioviedo.es\/MGYDIA\/wp-json\/wp\/v2\/media\/170"}],"wp:attachment":[{"href":"https:\/\/www.unioviedo.es\/MGYDIA\/wp-json\/wp\/v2\/media?parent=49"}],"curies":[{"name":"wp","href":"https:\/\/api.w.org\/{rel}","templated":true}]}}