{"id":51,"date":"2018-06-15T16:40:58","date_gmt":"2018-06-15T16:40:58","guid":{"rendered":"https:\/\/www.unioviedo.es\/MGYDIA\/?page_id=51"},"modified":"2018-06-21T11:26:56","modified_gmt":"2018-06-21T11:26:56","slug":"contacto","status":"publish","type":"page","link":"https:\/\/www.unioviedo.es\/MGYDIA\/contacto\/","title":{"rendered":"Contacto"},"content":{"rendered":"<p>Situado a las afueras de Oviedo, en la zona alta de la ciudad, el Campus de El Cristo aglutina las Facultades de Medicina y Ciencias de la Salud, Biolog\u00eda, Econom\u00eda y Empresa, Derecho y Qu\u00edmica, as\u00ed como el Edificio de Servicios Cient\u00edfico T\u00e9cnicos \u201cSevero Ochoa\u201d, donde se imparte el M\u00e1ster MGYDIA.<\/p>\n<p>Centro Internacional de Postgrado<br \/>\nPlaza de Riego s\/n. Edificio Hist\u00f3rico<br \/>\n33003 Oviedo<\/p>\n<p>Tel\u00e9fono: +34 985104917 \/ 985104918<\/p>\n<p>Fax: +34 985 104959<\/p>\n<p>Email: sec.masteres@uniovi.es<\/p>\n<p>Directores: Mario Diaz Fern\u00e1ndez y Francisco Riera Rodriguez<\/p>\n<p>Catedr\u00e1ticos de Ingenier\u00eda Qu\u00edmica de la Universidad de Oviedo<\/p>\n<p>Departamento de Ingenieria Quimica y Tecnologia del Medio Ambiente<\/p>\n<p>Facultad de Quimica<\/p>\n<p>Email: mariodiaz@uniovi.es\u00a0 ; far@uniovi.es<\/p>\n<p>Telefono: 985103439; 985103436<\/p>\n<p>Coordinador de Trabajos fin de Master: Manuel Rendueles de la Vega<\/p>\n<p>Email: mrenduel@uniovi.es<\/p>\n<p>Telefono: 985106226<\/p>\n<p>Coordinador de Docencia: Benjamin Paredes Garc\u00eda-Viniegras<\/p>\n<p>Email: b.garcia@conexioconsulting.com<\/p>\n<p>&nbsp;<\/p>\n","protected":false},"excerpt":{"rendered":"<p>Situado a las afueras de Oviedo, en la zona alta de la ciudad, el Campus de El Cristo aglutina las Facultades de Medicina y Ciencias de la Salud, Biolog\u00eda, Econom\u00eda y Empresa, Derecho y Qu\u00edmica, as\u00ed como el Edificio de Servicios Cient\u00edfico T\u00e9cnicos \u201cSevero Ochoa\u201d, donde se imparte el M\u00e1ster MGYDIA. Centro Internacional de Postgrado [&hellip;]<\/p>\n","protected":false},"author":1,"featured_media":116,"parent":0,"menu_order":0,"comment_status":"closed","ping_status":"closed","template":"","meta":{"footnotes":""},"class_list":["post-51","page","type-page","status-publish","has-post-thumbnail"],"_links":{"self":[{"href":"https:\/\/www.unioviedo.es\/MGYDIA\/wp-json\/wp\/v2\/pages\/51","targetHints":{"allow":["GET"]}}],"collection":[{"href":"https:\/\/www.unioviedo.es\/MGYDIA\/wp-json\/wp\/v2\/pages"}],"about":[{"href":"https:\/\/www.unioviedo.es\/MGYDIA\/wp-json\/wp\/v2\/types\/page"}],"author":[{"embeddable":true,"href":"https:\/\/www.unioviedo.es\/MGYDIA\/wp-json\/wp\/v2\/users\/1"}],"replies":[{"embeddable":true,"href":"https:\/\/www.unioviedo.es\/MGYDIA\/wp-json\/wp\/v2\/comments?post=51"}],"version-history":[{"count":6,"href":"https:\/\/www.unioviedo.es\/MGYDIA\/wp-json\/wp\/v2\/pages\/51\/revisions"}],"predecessor-version":[{"id":156,"href":"https:\/\/www.unioviedo.es\/MGYDIA\/wp-json\/wp\/v2\/pages\/51\/revisions\/156"}],"wp:featuredmedia":[{"embeddable":true,"href":"https:\/\/www.unioviedo.es\/MGYDIA\/wp-json\/wp\/v2\/media\/116"}],"wp:attachment":[{"href":"https:\/\/www.unioviedo.es\/MGYDIA\/wp-json\/wp\/v2\/media?parent=51"}],"curies":[{"name":"wp","href":"https:\/\/api.w.org\/{rel}","templated":true}]}}