{"id":1077,"date":"2022-07-11T10:19:12","date_gmt":"2022-07-11T08:19:12","guid":{"rendered":"https:\/\/www.unioviedo.es\/ONEO\/?page_id=1077"},"modified":"2025-09-10T14:57:32","modified_gmt":"2025-09-10T12:57:32","slug":"fundacion-prevent","status":"publish","type":"page","link":"https:\/\/www.unioviedo.es\/ONEO\/index.php\/que-hacemos\/becas-y-ayudas\/fundacion-prevent\/","title":{"rendered":"Fundaci\u00f3n Prevent"},"content":{"rendered":"\n<p><a href=\"http:\/\/www.fundacionprevent.com\/spa\/pages\/area\/inclusion-de-personas-con-discapacidad\/area-usuario-a-con-discapacidad\/becas-para-la-formacion\" target=\"_blank\" rel=\"noreferrer noopener\"><em><strong>Becas para la formaci\u00f3n<\/strong><\/em><\/a><\/p>\n\n\n\n<p>Fundaci\u00f3n Prevent otorga becas para la&nbsp;Formaci\u00f3n Universitaria y de Ciclos de Grado Superior&nbsp;dirigidas a estudiantes con discapacidad. El objetivo es fomentar la igualdad de oportunidades en la educaci\u00f3n superior y contribuir a la formaci\u00f3n de profesionales cualificados para su inserci\u00f3n laboral.<\/p>\n\n\n\n<p>Las becas se convocan anualmente en el mes de septiembre, a trav\u00e9s del env\u00edo de las bases a todas las universidades p\u00fablicas y privadas espa\u00f1olas.<\/p>\n\n\n\n<p>La evaluaci\u00f3n de los expedientes recibidos se realiza por parte de un&nbsp;Comit\u00e9 T\u00e9cnico, compuesto por expertos en accesibilidad, discapacidad, universidad y empresa<\/p>\n\n\n\n<p><\/p>\n\n\n\n<p><a href=\"https:\/\/www.fundacionprevent.com\/becas-nova\/\" data-type=\"URL\" data-id=\"http:\/\/www.fundacionprevent.com\/spa\/pages\/area\/inclusion-de-personas-con-discapacidad\/area-usuario-a-con-discapacidad\/becas-para-la-formacion\/xiv-becas-nova\/page:a-quien-van-dirigidas\" target=\"_blank\" rel=\"noreferrer noopener\">Enlace a la convocatoria 2025<\/a><\/p>\n\n\n\n<figure class=\"wp-block-image size-full\"><a href=\"http:\/\/www.fundacionprevent.com\/spa\/pages\/area\/inclusion-de-personas-con-discapacidad\/area-usuario-a-con-discapacidad\/becas-para-la-formacion\" target=\"_blank\" rel=\"noreferrer noopener\"><img loading=\"lazy\" decoding=\"async\" width=\"711\" height=\"190\" src=\"https:\/\/www.unioviedo.es\/ONEO\/wp-content\/uploads\/2022\/07\/medium_becas-nova-22.jpg\" alt=\"\" class=\"wp-image-1078\" srcset=\"https:\/\/www.unioviedo.es\/ONEO\/wp-content\/uploads\/2022\/07\/medium_becas-nova-22.jpg 711w, https:\/\/www.unioviedo.es\/ONEO\/wp-content\/uploads\/2022\/07\/medium_becas-nova-22-300x80.jpg 300w\" sizes=\"auto, (max-width: 711px) 100vw, 711px\" \/><\/a><\/figure>\n","protected":false},"excerpt":{"rendered":"<p>Becas para la formaci\u00f3n Fundaci\u00f3n Prevent otorga becas para la&nbsp;Formaci\u00f3n Universitaria y de Ciclos de Grado Superior&nbsp;dirigidas a estudiantes con discapacidad. El objetivo es fomentar la igualdad de oportunidades en la educaci\u00f3n superior y contribuir a la formaci\u00f3n de profesionales cualificados para su inserci\u00f3n laboral. Las becas se convocan anualmente en el mes de septiembre, &hellip; <\/p>\n<p class=\"link-more\"><a href=\"https:\/\/www.unioviedo.es\/ONEO\/index.php\/que-hacemos\/becas-y-ayudas\/fundacion-prevent\/\" class=\"more-link\">Continuar leyendo<span class=\"screen-reader-text\"> \u00abFundaci\u00f3n Prevent\u00bb<\/span><\/a><\/p>\n","protected":false},"author":1,"featured_media":0,"parent":182,"menu_order":0,"comment_status":"closed","ping_status":"closed","template":"","meta":{"footnotes":""},"class_list":["post-1077","page","type-page","status-publish","hentry"],"jetpack_sharing_enabled":true,"_links":{"self":[{"href":"https:\/\/www.unioviedo.es\/ONEO\/index.php\/wp-json\/wp\/v2\/pages\/1077","targetHints":{"allow":["GET"]}}],"collection":[{"href":"https:\/\/www.unioviedo.es\/ONEO\/index.php\/wp-json\/wp\/v2\/pages"}],"about":[{"href":"https:\/\/www.unioviedo.es\/ONEO\/index.php\/wp-json\/wp\/v2\/types\/page"}],"author":[{"embeddable":true,"href":"https:\/\/www.unioviedo.es\/ONEO\/index.php\/wp-json\/wp\/v2\/users\/1"}],"replies":[{"embeddable":true,"href":"https:\/\/www.unioviedo.es\/ONEO\/index.php\/wp-json\/wp\/v2\/comments?post=1077"}],"version-history":[{"count":7,"href":"https:\/\/www.unioviedo.es\/ONEO\/index.php\/wp-json\/wp\/v2\/pages\/1077\/revisions"}],"predecessor-version":[{"id":1473,"href":"https:\/\/www.unioviedo.es\/ONEO\/index.php\/wp-json\/wp\/v2\/pages\/1077\/revisions\/1473"}],"up":[{"embeddable":true,"href":"https:\/\/www.unioviedo.es\/ONEO\/index.php\/wp-json\/wp\/v2\/pages\/182"}],"wp:attachment":[{"href":"https:\/\/www.unioviedo.es\/ONEO\/index.php\/wp-json\/wp\/v2\/media?parent=1077"}],"curies":[{"name":"wp","href":"https:\/\/api.w.org\/{rel}","templated":true}]}}