{"id":1082,"date":"2022-07-11T10:46:19","date_gmt":"2022-07-11T08:46:19","guid":{"rendered":"https:\/\/www.unioviedo.es\/ONEO\/?page_id=1082"},"modified":"2025-09-11T09:35:14","modified_gmt":"2025-09-11T07:35:14","slug":"fundacion-once-3","status":"publish","type":"page","link":"https:\/\/www.unioviedo.es\/ONEO\/index.php\/que-hacemos\/becas-y-ayudas\/fundacion-once-3\/","title":{"rendered":"Fundaci\u00f3n ONCE"},"content":{"rendered":"\n<p><strong><span style=\"text-decoration: underline;\">Programa de becas Pr\u00e1cticas Fundaci\u00f3n ONCE-CRUE<\/span><\/strong><\/p>\n\n\n\n<p>Fundaci\u00f3n ONCE pone en marcha la X edici\u00f3n del programa de becas de pr\u00e1cticas FUNDACI\u00d3N ONCE-CRUE para el curso acad\u00e9mico 2025-2026. El programa ofrece la oportunidad de que el estudiantado universitario con discapacidad realice pr\u00e1cticas acad\u00e9micas externas remuneradas. El programa cuenta con la cofinanciaci\u00f3n del Fondo Social Europeo.<\/p>\n\n\n\n<p>Todos los estudiantes matriculados en grado y m\u00e1ster que hayan superado ya el 50% de los cr\u00e9ditos y quieran realizar pr\u00e1cticas durante este curso, pueden inscribirse hasta el 31 de octubre de 2025 a trav\u00e9s del portal de Fundaci\u00f3n ONCE.<\/p>\n\n\n\n<p><strong>Requisitos:<\/strong> Estudiantes con una discapacidad legalmente reconocida con al menos un 33%, matriculados en las Universidades espa\u00f1olas seleccionadas en la convocatoria. Cada Universidad participante realizar\u00e1 la selecci\u00f3n de sus becados.<\/p>\n\n\n\n<p><strong>Duraci\u00f3n de las pr\u00e1cticas:<\/strong> 3 meses.<\/p>\n\n\n\n<p><strong>Cuant\u00eda:<\/strong> 1800\u20ac. 600\u20ac\/mes.<\/p>\n\n\n\n<p><strong>Periodo de inscripci\u00f3n para solicitar la beca:<\/strong> Del 1 de septiembre hasta el 31 de octubre de 2025.<\/p>\n\n\n\n<p><strong>SELECCI\u00d3N DE PERSONAS BECADAS<\/strong> Los\/as estudiantes pueden solicitar la beca en este portal hasta el 31 de octubre de 2025. Posteriormente las universidades seleccionar\u00e1n a las personas becadas, seg\u00fan los criterios descritos en <a href=\"https:\/\/intranet.uniovi.es\/convocatorias\/estudiantado\">su propia convocatoria.<\/a><\/p>\n\n\n\n<p><strong>Periodo de Pr\u00e1cticas:<\/strong> De 1 de enero hasta 31 de diciembre de 2026<\/p>\n\n\n\n<p><span style=\"text-decoration: underline;\"><a href=\"https:\/\/becas.fundaciononce.es\/paginas\/becaspracticasoncecrue.aspx\">Enlace a la convocatoria curso 2025-2026<\/a><\/span><\/p>\n\n\n\n<p><em><strong><span style=\"text-decoration: underline;\">Programas de Becas de la Fundaci\u00f3n ONCE \u00abOportunidad al talento\u00bb<\/span><\/strong><\/em><\/p>\n\n\n\n<p>El programa de Becas \u201coportunidad al talento\u201d surge de la vocaci\u00f3n de la Fundaci\u00f3n ONCE por la inclusi\u00f3n social y la igualdad de oportunidades de las personas con discapacidad y su apuesta por el fomento de la educaci\u00f3n inclusiva.<\/p>\n\n\n\n<p>Con el desarrollo de estas becas se pretende promover una formaci\u00f3n de excelencia, la movilidad transnacional, la especializaci\u00f3n de los estudiantes con discapacidad en \u00e1reas de especial empleabilidad, as\u00ed como, la formaci\u00f3n deportiva. Por otro lado se pretende aprovechar todo el potencial de su talento e impulsar la carrera acad\u00e9mica e investigadora de los estudiantes universitarios con discapacidad, fomentando as\u00ed su inclusi\u00f3n laboral en empleos altamente cualificados.<\/p>\n\n\n\n<p>Podr\u00e1n solicitar las becas y ayudas contempladas en el programa, todos los\/as estudiantes y titulados\/as universitarios\/as que tengan nacionalidad espa\u00f1ola y una discapacidad legalmente reconocida igual o superior al 33% y que re\u00fanan las condiciones establecidas en las bases de la Convocatoria. <\/p>\n\n\n\n<p>Plazo: del 8 de julio de 2025 hasta el 30 de septiembre de 2025.<\/p>\n\n\n\n<p><a href=\"https:\/\/becas.fundaciononce.es\/Paginas\/BecasOportunidadTalento.aspx\">Enlace a la convocatoria curso 2025-2026<\/a><\/p>\n\n\n<div class=\"wp-block-image\">\n<figure class=\"aligncenter size-large is-resized\"><a href=\"https:\/\/becas.fundaciononce.es\/Paginas\/BecasOportunidadTalento.aspx\" target=\"_blank\" rel=\"noreferrer noopener\"><img loading=\"lazy\" decoding=\"async\" width=\"1024\" height=\"682\" src=\"https:\/\/www.unioviedo.es\/ONEO\/wp-content\/uploads\/2022\/07\/fundacion-ONCE-1024x682.jpg\" alt=\"\" class=\"wp-image-1083\" style=\"width:448px;height:298px\" srcset=\"https:\/\/www.unioviedo.es\/ONEO\/wp-content\/uploads\/2022\/07\/fundacion-ONCE-1024x682.jpg 1024w, https:\/\/www.unioviedo.es\/ONEO\/wp-content\/uploads\/2022\/07\/fundacion-ONCE-300x200.jpg 300w, https:\/\/www.unioviedo.es\/ONEO\/wp-content\/uploads\/2022\/07\/fundacion-ONCE-768x512.jpg 768w, https:\/\/www.unioviedo.es\/ONEO\/wp-content\/uploads\/2022\/07\/fundacion-ONCE-1536x1024.jpg 1536w, https:\/\/www.unioviedo.es\/ONEO\/wp-content\/uploads\/2022\/07\/fundacion-ONCE-2048x1365.jpg 2048w\" sizes=\"auto, (max-width: 767px) 89vw, (max-width: 1000px) 54vw, (max-width: 1071px) 543px, 580px\" \/><\/a><\/figure>\n<\/div>\n\n\n<p><\/p>\n\n\n\n<p><a href=\"https:\/\/becas.fundaciononce.es\/Paginas\/BecasCursoIdiomas.aspx\" target=\"_blank\" rel=\"noreferrer noopener\"><em><strong>Ayudas de Fundaci\u00f3n ONCE para la realizaci\u00f3n de cursos de idiomas en el extranjero para j\u00f3venes con discapacidad inscritos en el Sistema Nacional de Garant\u00eda Juvenil<\/strong><\/em><\/a><\/p>\n\n\n\n<p>Desde Fundaci\u00f3n ONCE&nbsp;en el marco del Programa Operativo de Empleo Juvenil 2014- 2020, cofinanciado por el Fondo Social Europeo, se ha puesto en marcha un programa dirigido a personas j\u00f3venes con&nbsp;discapacidad, residentes en Espa\u00f1a, que quieran participar en un programa&nbsp;de movilidad internacional&nbsp; para la realizaci\u00f3n de cursos formativos de ingl\u00e9s, franc\u00e9s o alem\u00e1n en alg\u00fan pa\u00eds europeo donde alguna de estas lenguas est\u00e9 reconocida como idioma oficial, entre ellos: Gran Breta\u00f1a, Irlanda, Malta, Francia, B\u00e9lgica, Luxemburgo, Suiza, Austria, o Alemania.<\/p>\n\n\n\n<p>El objetivo del programa es mejorar las competencias ling\u00fc\u00edsticas de los j\u00f3venes con discapacidad y con ello mejorar su empleabilidad y oportunidad de trabajar en empleos t\u00e9cnicos y cualificados, donde se prima el conocimiento de idiomas. Las ayudas son para cursos y estancias de un m\u00ednimo de cuatro semanas y un m\u00e1ximo de doce semanas. Las cuant\u00edas son entre 2.000 euros y 6.000 euros, en funci\u00f3n de las semanas.<\/p>\n\n\n\n<p><a href=\"https:\/\/becas.fundaciononce.es\/doc\/CONVOCATORIA%20Idiomas2022.pdf\" target=\"_blank\" rel=\"noreferrer noopener\">Enlace Convocatoria 2022<\/a><\/p>\n\n\n\n<figure class=\"wp-block-image size-full\"><a href=\"https:\/\/becas.fundaciononce.es\/Paginas\/BecasCursoIdiomas.aspx\" target=\"_blank\" rel=\"noreferrer noopener\"><img loading=\"lazy\" decoding=\"async\" width=\"1025\" height=\"513\" src=\"https:\/\/www.unioviedo.es\/ONEO\/wp-content\/uploads\/2022\/07\/IDIOMAS_TWITTER_1024X512.png\" alt=\"\" class=\"wp-image-1085\" srcset=\"https:\/\/www.unioviedo.es\/ONEO\/wp-content\/uploads\/2022\/07\/IDIOMAS_TWITTER_1024X512.png 1025w, https:\/\/www.unioviedo.es\/ONEO\/wp-content\/uploads\/2022\/07\/IDIOMAS_TWITTER_1024X512-300x150.png 300w, https:\/\/www.unioviedo.es\/ONEO\/wp-content\/uploads\/2022\/07\/IDIOMAS_TWITTER_1024X512-768x384.png 768w\" sizes=\"auto, (max-width: 767px) 89vw, (max-width: 1000px) 54vw, (max-width: 1071px) 543px, 580px\" \/><\/a><\/figure>\n\n\n\n<div style=\"height:100px\" aria-hidden=\"true\" class=\"wp-block-spacer\"><\/div>\n\n\n\n<p class=\"has-text-align-center\">OTRAS BECAS FUNDACI\u00d3N ONCE<\/p>\n\n\n<div class=\"wp-block-image\">\n<figure class=\"aligncenter size-full\"><a href=\"https:\/\/becas.fundaciononce.es\/default.aspx\" target=\"_blank\" rel=\"noreferrer noopener\"><img loading=\"lazy\" decoding=\"async\" width=\"298\" height=\"300\" src=\"https:\/\/www.unioviedo.es\/ONEO\/wp-content\/uploads\/2022\/07\/Imagen-Fundacion-ONE-298x300-2.png\" alt=\"\" class=\"wp-image-1089\" srcset=\"https:\/\/www.unioviedo.es\/ONEO\/wp-content\/uploads\/2022\/07\/Imagen-Fundacion-ONE-298x300-2.png 298w, https:\/\/www.unioviedo.es\/ONEO\/wp-content\/uploads\/2022\/07\/Imagen-Fundacion-ONE-298x300-2-150x150.png 150w, https:\/\/www.unioviedo.es\/ONEO\/wp-content\/uploads\/2022\/07\/Imagen-Fundacion-ONE-298x300-2-100x100.png 100w\" sizes=\"auto, (max-width: 298px) 100vw, 298px\" \/><\/a><\/figure>\n<\/div>","protected":false},"excerpt":{"rendered":"<p>Programa de becas Pr\u00e1cticas Fundaci\u00f3n ONCE-CRUE Fundaci\u00f3n ONCE pone en marcha la X edici\u00f3n del programa de becas de pr\u00e1cticas FUNDACI\u00d3N ONCE-CRUE para el curso acad\u00e9mico 2025-2026. El programa ofrece la oportunidad de que el estudiantado universitario con discapacidad realice pr\u00e1cticas acad\u00e9micas externas remuneradas. El programa cuenta con la cofinanciaci\u00f3n del Fondo Social Europeo. Todos &hellip; <\/p>\n<p class=\"link-more\"><a href=\"https:\/\/www.unioviedo.es\/ONEO\/index.php\/que-hacemos\/becas-y-ayudas\/fundacion-once-3\/\" class=\"more-link\">Continuar leyendo<span class=\"screen-reader-text\"> \u00abFundaci\u00f3n ONCE\u00bb<\/span><\/a><\/p>\n","protected":false},"author":1,"featured_media":0,"parent":182,"menu_order":0,"comment_status":"closed","ping_status":"closed","template":"","meta":{"footnotes":""},"class_list":["post-1082","page","type-page","status-publish","hentry"],"jetpack_sharing_enabled":true,"_links":{"self":[{"href":"https:\/\/www.unioviedo.es\/ONEO\/index.php\/wp-json\/wp\/v2\/pages\/1082","targetHints":{"allow":["GET"]}}],"collection":[{"href":"https:\/\/www.unioviedo.es\/ONEO\/index.php\/wp-json\/wp\/v2\/pages"}],"about":[{"href":"https:\/\/www.unioviedo.es\/ONEO\/index.php\/wp-json\/wp\/v2\/types\/page"}],"author":[{"embeddable":true,"href":"https:\/\/www.unioviedo.es\/ONEO\/index.php\/wp-json\/wp\/v2\/users\/1"}],"replies":[{"embeddable":true,"href":"https:\/\/www.unioviedo.es\/ONEO\/index.php\/wp-json\/wp\/v2\/comments?post=1082"}],"version-history":[{"count":17,"href":"https:\/\/www.unioviedo.es\/ONEO\/index.php\/wp-json\/wp\/v2\/pages\/1082\/revisions"}],"predecessor-version":[{"id":1477,"href":"https:\/\/www.unioviedo.es\/ONEO\/index.php\/wp-json\/wp\/v2\/pages\/1082\/revisions\/1477"}],"up":[{"embeddable":true,"href":"https:\/\/www.unioviedo.es\/ONEO\/index.php\/wp-json\/wp\/v2\/pages\/182"}],"wp:attachment":[{"href":"https:\/\/www.unioviedo.es\/ONEO\/index.php\/wp-json\/wp\/v2\/media?parent=1082"}],"curies":[{"name":"wp","href":"https:\/\/api.w.org\/{rel}","templated":true}]}}