{"id":1095,"date":"2022-07-11T10:49:39","date_gmt":"2022-07-11T08:49:39","guid":{"rendered":"https:\/\/www.unioviedo.es\/ONEO\/?page_id=1095"},"modified":"2024-06-26T09:53:11","modified_gmt":"2024-06-26T07:53:11","slug":"real-patronato-sobre-discapacidad","status":"publish","type":"page","link":"https:\/\/www.unioviedo.es\/ONEO\/index.php\/que-hacemos\/becas-y-ayudas\/real-patronato-sobre-discapacidad\/","title":{"rendered":"Real Patronato sobre Discapacidad"},"content":{"rendered":"\n<figure class=\"wp-block-image\"><img loading=\"lazy\" decoding=\"async\" width=\"1024\" height=\"314\" src=\"https:\/\/www.unioviedo.es\/ONEO\/wp-content\/uploads\/2024\/06\/InfografiaIVED-1024x314.jpg\" alt=\"\" class=\"wp-image-1337\" srcset=\"https:\/\/www.unioviedo.es\/ONEO\/wp-content\/uploads\/2024\/06\/InfografiaIVED-1024x314.jpg 1024w, https:\/\/www.unioviedo.es\/ONEO\/wp-content\/uploads\/2024\/06\/InfografiaIVED-300x92.jpg 300w, https:\/\/www.unioviedo.es\/ONEO\/wp-content\/uploads\/2024\/06\/InfografiaIVED-768x236.jpg 768w, https:\/\/www.unioviedo.es\/ONEO\/wp-content\/uploads\/2024\/06\/InfografiaIVED-1536x472.jpg 1536w, https:\/\/www.unioviedo.es\/ONEO\/wp-content\/uploads\/2024\/06\/InfografiaIVED.jpg 1720w\" sizes=\"auto, (max-width: 767px) 89vw, (max-width: 1000px) 54vw, (max-width: 1071px) 543px, 580px\" \/><\/figure>\n\n\n\n<p class=\"has-text-align-center\"><strong>PROGRAMA DE AYUDAS REINA LETIZIA PARA LA INCLUSI\u00d3N 2024<\/strong><\/p>\n\n\n\n<p>El mi\u00e9rcoles d\u00eda 19 de junio de 2024 se public\u00f3 la convocatoria de ayudas del&nbsp;<strong>Programa&nbsp;Reina&nbsp;Letizia para la Inclusi\u00f3n<\/strong>&nbsp;en su IV Convocatoria a trav\u00e9s del&nbsp;<strong>Real Patronato sobre Discapacidad<\/strong>&nbsp;dotado con m\u00e1s de&nbsp;<strong>5,5 millones de euros<\/strong>.<\/p>\n\n\n\n<p>El programa est\u00e1 dirigido a personas con discapacidad que cursen ense\u00f1anzas postobligatorias y superiores, entre otros estudios. Son ayudas individuales para los estudiantes que necesitan cubrir&nbsp;aquellas ayudas que sean necesarias para favorecer su proceso educativo.&nbsp;<\/p>\n\n\n\n<p>Las ayudas de la presente convocatoria contemplan los gastos para la adquisici\u00f3n de productos de apoyo y prestaci\u00f3n de servicios profesionales u otros gastos directamente relacionados con la actividad formativa o educativa, que sean necesarios durante el proceso educativo y formativo de la persona solicitante y que est\u00e9n relacionados con su discapacidad.&nbsp;<\/p>\n\n\n\n<p>Las personas interesadas que deseen solicitar la ayuda deber\u00e1n presentar la correspondiente solicitud y la documentaci\u00f3n requerida&nbsp;<strong>desde el 20 de junio de 2024 hasta el 22 de julio de 2024.&nbsp;<\/strong>Les adjuntamos a este correo, el extracto de la resoluci\u00f3n publicada en el BOE y la resoluci\u00f3n, por si les sirve de ayuda.<\/p>\n\n\n\n<p class=\"has-text-align-center\"><a href=\"https:\/\/www.rpdiscapacidad.gob.es\/ayudas\/programa-reina-letizia.htm\">Enlace Convocatoria 2024<\/a><\/p>\n\n\n<div class=\"wp-block-image\">\n<figure class=\"aligncenter size-full\"><a href=\"https:\/\/www.rpdiscapacidad.gob.es\/ayudas\/programa-reina-letizia.htm\"><img loading=\"lazy\" decoding=\"async\" width=\"457\" height=\"72\" src=\"https:\/\/www.unioviedo.es\/ONEO\/wp-content\/uploads\/2022\/07\/LOGO_RPD.jpg\" alt=\"\" class=\"wp-image-1096\" srcset=\"https:\/\/www.unioviedo.es\/ONEO\/wp-content\/uploads\/2022\/07\/LOGO_RPD.jpg 457w, https:\/\/www.unioviedo.es\/ONEO\/wp-content\/uploads\/2022\/07\/LOGO_RPD-300x47.jpg 300w\" sizes=\"auto, (max-width: 457px) 100vw, 457px\" \/><\/a><\/figure>\n<\/div>","protected":false},"excerpt":{"rendered":"<p>PROGRAMA DE AYUDAS REINA LETIZIA PARA LA INCLUSI\u00d3N 2024 El mi\u00e9rcoles d\u00eda 19 de junio de 2024 se public\u00f3 la convocatoria de ayudas del&nbsp;Programa&nbsp;Reina&nbsp;Letizia para la Inclusi\u00f3n&nbsp;en su IV Convocatoria a trav\u00e9s del&nbsp;Real Patronato sobre Discapacidad&nbsp;dotado con m\u00e1s de&nbsp;5,5 millones de euros. El programa est\u00e1 dirigido a personas con discapacidad que cursen ense\u00f1anzas postobligatorias y &hellip; <\/p>\n<p class=\"link-more\"><a href=\"https:\/\/www.unioviedo.es\/ONEO\/index.php\/que-hacemos\/becas-y-ayudas\/real-patronato-sobre-discapacidad\/\" class=\"more-link\">Continuar leyendo<span class=\"screen-reader-text\"> \u00abReal Patronato sobre Discapacidad\u00bb<\/span><\/a><\/p>\n","protected":false},"author":1,"featured_media":0,"parent":182,"menu_order":0,"comment_status":"closed","ping_status":"closed","template":"","meta":{"footnotes":""},"class_list":["post-1095","page","type-page","status-publish","hentry"],"jetpack_sharing_enabled":true,"_links":{"self":[{"href":"https:\/\/www.unioviedo.es\/ONEO\/index.php\/wp-json\/wp\/v2\/pages\/1095","targetHints":{"allow":["GET"]}}],"collection":[{"href":"https:\/\/www.unioviedo.es\/ONEO\/index.php\/wp-json\/wp\/v2\/pages"}],"about":[{"href":"https:\/\/www.unioviedo.es\/ONEO\/index.php\/wp-json\/wp\/v2\/types\/page"}],"author":[{"embeddable":true,"href":"https:\/\/www.unioviedo.es\/ONEO\/index.php\/wp-json\/wp\/v2\/users\/1"}],"replies":[{"embeddable":true,"href":"https:\/\/www.unioviedo.es\/ONEO\/index.php\/wp-json\/wp\/v2\/comments?post=1095"}],"version-history":[{"count":11,"href":"https:\/\/www.unioviedo.es\/ONEO\/index.php\/wp-json\/wp\/v2\/pages\/1095\/revisions"}],"predecessor-version":[{"id":1340,"href":"https:\/\/www.unioviedo.es\/ONEO\/index.php\/wp-json\/wp\/v2\/pages\/1095\/revisions\/1340"}],"up":[{"embeddable":true,"href":"https:\/\/www.unioviedo.es\/ONEO\/index.php\/wp-json\/wp\/v2\/pages\/182"}],"wp:attachment":[{"href":"https:\/\/www.unioviedo.es\/ONEO\/index.php\/wp-json\/wp\/v2\/media?parent=1095"}],"curies":[{"name":"wp","href":"https:\/\/api.w.org\/{rel}","templated":true}]}}