{"id":1103,"date":"2022-07-11T11:01:47","date_gmt":"2022-07-11T09:01:47","guid":{"rendered":"https:\/\/www.unioviedo.es\/ONEO\/?page_id=1103"},"modified":"2025-07-15T09:55:17","modified_gmt":"2025-07-15T07:55:17","slug":"fundacion-universia","status":"publish","type":"page","link":"https:\/\/www.unioviedo.es\/ONEO\/index.php\/que-hacemos\/becas-y-ayudas\/fundacion-universia\/","title":{"rendered":"Fundaci\u00f3n Universia"},"content":{"rendered":"\n<p><em><strong>Becas Fundaci\u00f3n Universia 2025-2026<\/strong><\/em><\/p>\n\n\n\n<p>Fundaci\u00f3n Universia lanza la XX edici\u00f3n de las Becas Fundaci\u00f3n Universia para universitarios con discapacidad con una concesi\u00f3n de 300 becas por un importe individual de 1.000 \u20ac cada una.<\/p>\n\n\n\n<p>El Programa de Becas Fundaci\u00f3n Universia est\u00e1 dirigido a <strong>estudiantes con certificado de discapacidad de grado igual o superior al 33%<\/strong>, para as\u00ed impulsar su acceso y progreso acad\u00e9mico en igualdad de oportunidades. Este programa de becas promueve la educaci\u00f3n inclusiva y de calidad.<\/p>\n\n\n\n<p>Mediante la concesi\u00f3n de ayudas econ\u00f3micas esta iniciativa persigue que los estudiantes universitarios con discapacidad puedan acceder y progresar en su proceso de formaci\u00f3n acad\u00e9mica universitaria hasta la finalizaci\u00f3n de estudios, incrementando de este modo las oportunidades de consecuci\u00f3n de un empleo de calidad.<\/p>\n\n\n\n<p><a href=\"https:\/\/app.santanderopenacademy.com\/es\/program\/becas-fundacion-universia-2025-2026-personas-con-discapacidad?utm_source=Web&amp;utm_medium=Referral&amp;utm_campaign=fundacionuniversia_becas-generales-2025-2026\" data-type=\"link\" data-id=\"https:\/\/app.santanderopenacademy.com\/es\/program\/becas-fundacion-universia-2025-2026-personas-con-discapacidad?utm_source=Web&amp;utm_medium=Referral&amp;utm_campaign=fundacionuniversia_becas-generales-2025-2026\">M\u00e1s informaci\u00f3n en la web de Fundaci\u00f3n Universia<\/a><\/p>\n\n\n\n<figure class=\"wp-block-image size-large\"><a href=\"https:\/\/www.fundacionuniversia.net\/es\/becas.html\" target=\"_blank\" rel=\"noreferrer noopener\"><img loading=\"lazy\" decoding=\"async\" width=\"1024\" height=\"225\" src=\"https:\/\/www.unioviedo.es\/ONEO\/wp-content\/uploads\/2022\/07\/Logo_Universia_Portales_ES-1024x225.png\" alt=\"\" class=\"wp-image-1104\" srcset=\"https:\/\/www.unioviedo.es\/ONEO\/wp-content\/uploads\/2022\/07\/Logo_Universia_Portales_ES-1024x225.png 1024w, https:\/\/www.unioviedo.es\/ONEO\/wp-content\/uploads\/2022\/07\/Logo_Universia_Portales_ES-300x66.png 300w, https:\/\/www.unioviedo.es\/ONEO\/wp-content\/uploads\/2022\/07\/Logo_Universia_Portales_ES-768x169.png 768w, https:\/\/www.unioviedo.es\/ONEO\/wp-content\/uploads\/2022\/07\/Logo_Universia_Portales_ES-1536x338.png 1536w, https:\/\/www.unioviedo.es\/ONEO\/wp-content\/uploads\/2022\/07\/Logo_Universia_Portales_ES.png 1538w\" sizes=\"auto, (max-width: 767px) 89vw, (max-width: 1000px) 54vw, (max-width: 1071px) 543px, 580px\" \/><\/a><\/figure>\n","protected":false},"excerpt":{"rendered":"<p>Becas Fundaci\u00f3n Universia 2025-2026 Fundaci\u00f3n Universia lanza la XX edici\u00f3n de las Becas Fundaci\u00f3n Universia para universitarios con discapacidad con una concesi\u00f3n de 300 becas por un importe individual de 1.000 \u20ac cada una. El Programa de Becas Fundaci\u00f3n Universia est\u00e1 dirigido a estudiantes con certificado de discapacidad de grado igual o superior al 33%, &hellip; <\/p>\n<p class=\"link-more\"><a href=\"https:\/\/www.unioviedo.es\/ONEO\/index.php\/que-hacemos\/becas-y-ayudas\/fundacion-universia\/\" class=\"more-link\">Continuar leyendo<span class=\"screen-reader-text\"> \u00abFundaci\u00f3n Universia\u00bb<\/span><\/a><\/p>\n","protected":false},"author":1,"featured_media":0,"parent":182,"menu_order":0,"comment_status":"closed","ping_status":"closed","template":"","meta":{"footnotes":""},"class_list":["post-1103","page","type-page","status-publish","hentry"],"jetpack_sharing_enabled":true,"_links":{"self":[{"href":"https:\/\/www.unioviedo.es\/ONEO\/index.php\/wp-json\/wp\/v2\/pages\/1103","targetHints":{"allow":["GET"]}}],"collection":[{"href":"https:\/\/www.unioviedo.es\/ONEO\/index.php\/wp-json\/wp\/v2\/pages"}],"about":[{"href":"https:\/\/www.unioviedo.es\/ONEO\/index.php\/wp-json\/wp\/v2\/types\/page"}],"author":[{"embeddable":true,"href":"https:\/\/www.unioviedo.es\/ONEO\/index.php\/wp-json\/wp\/v2\/users\/1"}],"replies":[{"embeddable":true,"href":"https:\/\/www.unioviedo.es\/ONEO\/index.php\/wp-json\/wp\/v2\/comments?post=1103"}],"version-history":[{"count":8,"href":"https:\/\/www.unioviedo.es\/ONEO\/index.php\/wp-json\/wp\/v2\/pages\/1103\/revisions"}],"predecessor-version":[{"id":1467,"href":"https:\/\/www.unioviedo.es\/ONEO\/index.php\/wp-json\/wp\/v2\/pages\/1103\/revisions\/1467"}],"up":[{"embeddable":true,"href":"https:\/\/www.unioviedo.es\/ONEO\/index.php\/wp-json\/wp\/v2\/pages\/182"}],"wp:attachment":[{"href":"https:\/\/www.unioviedo.es\/ONEO\/index.php\/wp-json\/wp\/v2\/media?parent=1103"}],"curies":[{"name":"wp","href":"https:\/\/api.w.org\/{rel}","templated":true}]}}