{"id":1107,"date":"2022-07-11T11:04:44","date_gmt":"2022-07-11T09:04:44","guid":{"rendered":"https:\/\/www.unioviedo.es\/ONEO\/?page_id=1107"},"modified":"2025-06-25T13:43:43","modified_gmt":"2025-06-25T11:43:43","slug":"fundacion-adecco","status":"publish","type":"page","link":"https:\/\/www.unioviedo.es\/ONEO\/index.php\/que-hacemos\/becas-y-ayudas\/fundacion-adecco\/","title":{"rendered":"Fundaci\u00f3n Adecco"},"content":{"rendered":"\n<p><strong><span style=\"text-decoration: underline;\">Becas de Proyecto Unidos de la Fundaci\u00f3n Adecco:<\/span><\/strong> <strong><em><span style=\"text-decoration: underline;\">Programa de beca en FP, Grado o M\u00e1ster para estudiantes con discapacidad con la Fundaci\u00f3n Adecco.<\/span><\/em><\/strong><\/p>\n\n\n\n<p>La VII edici\u00f3n de las Becas de Proyecto Unidos de la Fundaci\u00f3n Adecco tienen el prop\u00f3sito de lograr la inclusi\u00f3n laboral de las personas con discapacidad, fomentando la formaci\u00f3n en \u00e1reas con mayores salidas profesionales en el \u00e1mbito empresarial.&nbsp;<\/p>\n\n\n\n<p>La convocatoria tiene dos modalidades: nuevos candidatos (\u2018Queremos conocerte\u2019) y beneficiarios de convocatorias anteriores (\u2018Queremos saber m\u00e1s de ti\u2019).&nbsp;&nbsp;<\/p>\n\n\n\n<p>En ambos casos la solicitud es la misma, pero la valoraci\u00f3n para ayudas de quienes ya hayan disfrutado de una beca se completar\u00e1 con una entrevista personal para detectar necesidades especiales que la persona pueda presentar y a las que puedan darse respuesta de manera complementaria.<\/p>\n\n\n\n<p>Fundaci\u00f3n Adecco adjudicar\u00e1 Becas para esta convocatoria hasta agotar un<br>presupuesto de 300.000 euros.<\/p>\n\n\n\n<p>El plazo estar\u00e1 desde el 16 de junio hasta el 30 de septiembre de 2025 a las 18:00h.<\/p>\n\n\n\n<p class=\"has-text-align-center\"><a href=\"https:\/\/fundacionadecco.org\/becas-y-ayudas\/personas-discapacidad\/\">Enlace Convocatoria 2025<\/a><\/p>\n\n\n\n<figure class=\"wp-block-image size-full is-resized\"><a href=\"https:\/\/fundacionadecco.org\/becas-y-ayudas\/personas-discapacidad\/\" target=\"_blank\" rel=\"noreferrer noopener\"><img loading=\"lazy\" decoding=\"async\" width=\"450\" height=\"112\" src=\"https:\/\/www.unioviedo.es\/ONEO\/wp-content\/uploads\/2022\/07\/adec.png\" alt=\"\" class=\"wp-image-1110\" style=\"width:685px;height:170px\" srcset=\"https:\/\/www.unioviedo.es\/ONEO\/wp-content\/uploads\/2022\/07\/adec.png 450w, https:\/\/www.unioviedo.es\/ONEO\/wp-content\/uploads\/2022\/07\/adec-300x75.png 300w\" sizes=\"auto, (max-width: 450px) 100vw, 450px\" \/><\/a><\/figure>\n","protected":false},"excerpt":{"rendered":"<p>Becas de Proyecto Unidos de la Fundaci\u00f3n Adecco: Programa de beca en FP, Grado o M\u00e1ster para estudiantes con discapacidad con la Fundaci\u00f3n Adecco. La VII edici\u00f3n de las Becas de Proyecto Unidos de la Fundaci\u00f3n Adecco tienen el prop\u00f3sito de lograr la inclusi\u00f3n laboral de las personas con discapacidad, fomentando la formaci\u00f3n en \u00e1reas &hellip; <\/p>\n<p class=\"link-more\"><a href=\"https:\/\/www.unioviedo.es\/ONEO\/index.php\/que-hacemos\/becas-y-ayudas\/fundacion-adecco\/\" class=\"more-link\">Continuar leyendo<span class=\"screen-reader-text\"> \u00abFundaci\u00f3n Adecco\u00bb<\/span><\/a><\/p>\n","protected":false},"author":1,"featured_media":0,"parent":182,"menu_order":0,"comment_status":"closed","ping_status":"closed","template":"","meta":{"footnotes":""},"class_list":["post-1107","page","type-page","status-publish","hentry"],"jetpack_sharing_enabled":true,"_links":{"self":[{"href":"https:\/\/www.unioviedo.es\/ONEO\/index.php\/wp-json\/wp\/v2\/pages\/1107","targetHints":{"allow":["GET"]}}],"collection":[{"href":"https:\/\/www.unioviedo.es\/ONEO\/index.php\/wp-json\/wp\/v2\/pages"}],"about":[{"href":"https:\/\/www.unioviedo.es\/ONEO\/index.php\/wp-json\/wp\/v2\/types\/page"}],"author":[{"embeddable":true,"href":"https:\/\/www.unioviedo.es\/ONEO\/index.php\/wp-json\/wp\/v2\/users\/1"}],"replies":[{"embeddable":true,"href":"https:\/\/www.unioviedo.es\/ONEO\/index.php\/wp-json\/wp\/v2\/comments?post=1107"}],"version-history":[{"count":9,"href":"https:\/\/www.unioviedo.es\/ONEO\/index.php\/wp-json\/wp\/v2\/pages\/1107\/revisions"}],"predecessor-version":[{"id":1453,"href":"https:\/\/www.unioviedo.es\/ONEO\/index.php\/wp-json\/wp\/v2\/pages\/1107\/revisions\/1453"}],"up":[{"embeddable":true,"href":"https:\/\/www.unioviedo.es\/ONEO\/index.php\/wp-json\/wp\/v2\/pages\/182"}],"wp:attachment":[{"href":"https:\/\/www.unioviedo.es\/ONEO\/index.php\/wp-json\/wp\/v2\/media?parent=1107"}],"curies":[{"name":"wp","href":"https:\/\/api.w.org\/{rel}","templated":true}]}}