{"id":132,"date":"2017-09-29T09:25:37","date_gmt":"2017-09-29T07:25:37","guid":{"rendered":"http:\/\/www.unioviedo.es\/ONEO\/?page_id=132"},"modified":"2022-07-11T11:09:22","modified_gmt":"2022-07-11T09:09:22","slug":"que-hacemos","status":"publish","type":"page","link":"https:\/\/www.unioviedo.es\/ONEO\/index.php\/que-hacemos\/","title":{"rendered":"Qu\u00e9 hacemos"},"content":{"rendered":"<p>En este espacio podr\u00e1 consultar, con mayor detalle, las principales actuaciones que realiza la ONEO. Para ello, este apartado organiza la informaci\u00f3n en los siguientes apartados:<\/p>\n<p><span style=\"color: #0000ff;\"><em><strong><a href=\"https:\/\/www.unioviedo.es\/ONEO\/index.php\/serviciosyrecursos\/\" target=\"_blank\" rel=\"noopener\"><span style=\"color: #0000ff;\">Servicios y recursos<\/span><\/a><\/strong><\/em><\/span><\/p>\n<p><span style=\"color: #0000ff;\"><strong><em><a href=\"https:\/\/www.unioviedo.es\/ONEO\/index.php\/que-hacemos\/formacion-y-sensibilizacion-2\/\" target=\"_blank\" rel=\"noopener\"><span style=\"color: #0000ff;\">Formaci\u00f3n y Sensibilizaci\u00f3n<\/span><\/a><\/em><\/strong><\/span><\/p>\n<p><span style=\"color: #0000ff;\"><em><strong><a href=\"https:\/\/www.unioviedo.es\/ONEO\/index.php\/que-hacemos\/orientaciones\/\" target=\"_blank\" rel=\"noopener\"><span style=\"color: #0000ff;\">Orientaciones<\/span><\/a><\/strong><\/em><\/span><\/p>\n<p><span style=\"color: #0000ff;\"><a href=\"https:\/\/www.unioviedo.es\/ONEO\/index.php\/que-hacemos\/becas-y-ayudas-2\/\" target=\"_blank\" rel=\"noopener\"><em><strong><span style=\"color: #0000ff;\">Becas y ayudas<\/span><\/strong><\/em><\/a><\/span><\/p>\n<p><strong><a href=\"https:\/\/www.unioviedo.es\/ONEO\/index.php\/que-hacemos\/jornadas-universidad-e-inclusion\/\" target=\"_blank\" rel=\"noopener\"><em><span style=\"color: #0000ff;\">Jornadas de Universidad e Inclusi\u00f3n<\/span><\/em><\/a><\/strong><\/p>\n<p><em><strong><a href=\"https:\/\/www.unioviedo.es\/ONEO\/index.php\/acerca-de\/encuentros-diversidad\/\" target=\"_blank\" rel=\"noopener\"><span style=\"color: #0000ff;\">Encuentros por la Diversidad<\/span><\/a><\/strong><\/em><\/p>\n<p><a href=\"https:\/\/www.unioviedo.es\/ONEO\/index.php\/que-hacemos\/voluntariado\/\" target=\"_blank\" rel=\"noopener\"><em><strong><span style=\"color: #0000ff;\">Voluntariado<\/span><\/strong><\/em><\/a><\/p>\n<p><a href=\"https:\/\/www.unioviedo.es\/ONEO\/index.php\/que-hacemos\/orientacion-laboral\/\" target=\"_blank\" rel=\"noopener\"><strong><em><span style=\"color: #0000ff;\">Orientaci\u00f3n laboral\u00a0<\/span><\/em><\/strong><\/a><\/p>\n<p><a href=\"https:\/\/www.unioviedo.es\/ONEO\/index.php\/que-hacemos\/galeria-fotografica\/\" target=\"_blank\" rel=\"noopener\"><em><strong><span style=\"color: #0000ff;\">Galer\u00eda fotogr\u00e1fica<\/span><\/strong><\/em><\/a><\/p>\n","protected":false},"excerpt":{"rendered":"<p>En este espacio podr\u00e1 consultar, con mayor detalle, las principales actuaciones que realiza la ONEO. Para ello, este apartado organiza la informaci\u00f3n en los siguientes apartados: Servicios y recursos Formaci\u00f3n y Sensibilizaci\u00f3n Orientaciones Becas y ayudas Jornadas de Universidad e Inclusi\u00f3n Encuentros por la Diversidad Voluntariado Orientaci\u00f3n laboral\u00a0 Galer\u00eda fotogr\u00e1fica<\/p>\n","protected":false},"author":1,"featured_media":0,"parent":0,"menu_order":0,"comment_status":"closed","ping_status":"closed","template":"","meta":{"footnotes":""},"class_list":["post-132","page","type-page","status-publish","hentry"],"jetpack_sharing_enabled":true,"_links":{"self":[{"href":"https:\/\/www.unioviedo.es\/ONEO\/index.php\/wp-json\/wp\/v2\/pages\/132","targetHints":{"allow":["GET"]}}],"collection":[{"href":"https:\/\/www.unioviedo.es\/ONEO\/index.php\/wp-json\/wp\/v2\/pages"}],"about":[{"href":"https:\/\/www.unioviedo.es\/ONEO\/index.php\/wp-json\/wp\/v2\/types\/page"}],"author":[{"embeddable":true,"href":"https:\/\/www.unioviedo.es\/ONEO\/index.php\/wp-json\/wp\/v2\/users\/1"}],"replies":[{"embeddable":true,"href":"https:\/\/www.unioviedo.es\/ONEO\/index.php\/wp-json\/wp\/v2\/comments?post=132"}],"version-history":[{"count":6,"href":"https:\/\/www.unioviedo.es\/ONEO\/index.php\/wp-json\/wp\/v2\/pages\/132\/revisions"}],"predecessor-version":[{"id":1116,"href":"https:\/\/www.unioviedo.es\/ONEO\/index.php\/wp-json\/wp\/v2\/pages\/132\/revisions\/1116"}],"wp:attachment":[{"href":"https:\/\/www.unioviedo.es\/ONEO\/index.php\/wp-json\/wp\/v2\/media?parent=132"}],"curies":[{"name":"wp","href":"https:\/\/api.w.org\/{rel}","templated":true}]}}