{"id":137,"date":"2017-09-29T09:38:42","date_gmt":"2017-09-29T07:38:42","guid":{"rendered":"http:\/\/www.unioviedo.es\/ONEO\/?page_id=137"},"modified":"2026-03-10T14:09:41","modified_gmt":"2026-03-10T13:09:41","slug":"jornadas-universidad-e-inclusion","status":"publish","type":"page","link":"https:\/\/www.unioviedo.es\/ONEO\/index.php\/que-hacemos\/jornadas-universidad-e-inclusion\/","title":{"rendered":"Jornadas Universidad e Inclusi\u00f3n"},"content":{"rendered":"<p><img loading=\"lazy\" decoding=\"async\" class=\"wp-image-358 aligncenter\" src=\"http:\/\/www.unioviedo.es\/ONEO\/wp-content\/uploads\/2017\/09\/Logo-Jornadas-300x151.png\" alt=\"Logo Jornadas\" width=\"200\" height=\"100\" srcset=\"https:\/\/www.unioviedo.es\/ONEO\/wp-content\/uploads\/2017\/09\/Logo-Jornadas-300x151.png 300w, https:\/\/www.unioviedo.es\/ONEO\/wp-content\/uploads\/2017\/09\/Logo-Jornadas-768x385.png 768w, https:\/\/www.unioviedo.es\/ONEO\/wp-content\/uploads\/2017\/09\/Logo-Jornadas.png 783w\" sizes=\"auto, (max-width: 200px) 100vw, 200px\" \/><\/p>\n<p>Las <em><strong>Jornadas de Universidad e Inclusi\u00f3n<\/strong><\/em>, anteriormente denominadas \u00abUniversidad y Discapacidad\u00bb, son un evento anual que se impulsa desde la ONEO con la colaboraci\u00f3n de diversas entidades y que tiene como objetivos:<\/p>\n<ul>\n<li>Mostrar las medidas y recursos que ofrece la Universidad de Oviedo.<\/li>\n<li>Analizar los retos pendientes para lograr una instituci\u00f3n m\u00e1s inclusiva.<\/li>\n<li>Conocer experiencias de inter\u00e9s en materia de empleabilidad, pr\u00e1cticas, voluntariado, uso de las TIC, etc. en el \u00e1mbito de la diversidad.<\/li>\n<li>Reforzar la corresponsabilidad de los\/as miembros de la comunidad universitaria con la diversidad que la caracteriza.<\/li>\n<\/ul>\n<p><em><span style=\"color: #0000ff;\"><strong>Jornadas de 20<span style=\"color: #ff0000;\">09<\/span><\/strong><\/span><\/em><\/p>\n<p style=\"padding-left: 30px;\"><a href=\"http:\/\/www.unioviedo.es\/ONEO\/wp-content\/uploads\/2017\/09\/Cartel-2009.pdf\">Cartel de 2009<\/a>\u00a0\/\u00a0<a href=\"http:\/\/www.unioviedo.es\/ONEO\/wp-content\/uploads\/2017\/09\/Programa-2009.pdf\">Programa de 2009<\/a><\/p>\n<p><em><span style=\"color: #0000ff;\"><strong>Jornadas de 20<span style=\"color: #ff0000;\">10<\/span><\/strong><\/span><\/em><\/p>\n<p style=\"padding-left: 30px;\"><a href=\"http:\/\/www.unioviedo.es\/ONEO\/wp-content\/uploads\/2017\/09\/Cartel-2010.pdf\">Cartel de 2010<\/a>\u00a0 \/ <a href=\"http:\/\/www.unioviedo.es\/ONEO\/wp-content\/uploads\/2017\/09\/Programa-2010.pdf\">Programa de 2010<\/a><\/p>\n<p><em><span style=\"color: #0000ff;\"><strong>Jornadas de 20<span style=\"color: #ff0000;\">11<\/span><\/strong><\/span><\/em><\/p>\n<p style=\"padding-left: 30px;\"><a href=\"http:\/\/www.unioviedo.es\/ONEO\/wp-content\/uploads\/2017\/09\/Cartel-2011.pdf\">Cartel de 2011<\/a>\u00a0 \/\u00a0<a href=\"http:\/\/www.unioviedo.es\/ONEO\/wp-content\/uploads\/2017\/09\/Programa-2011.pdf\">Programa de 2011<\/a><\/p>\n<p><em><span style=\"color: #0000ff;\"><strong>Jornadas de 20<span style=\"color: #ff0000;\">12<\/span><\/strong><\/span><\/em><\/p>\n<p style=\"padding-left: 30px;\"><a href=\"http:\/\/www.unioviedo.es\/ONEO\/wp-content\/uploads\/2017\/09\/Cartel-2012.pdf\">Cartel de 2012<\/a>\u00a0 \/\u00a0<a href=\"http:\/\/www.unioviedo.es\/ONEO\/wp-content\/uploads\/2017\/09\/Programa-2012.pdf\">Programa de 2012<\/a><\/p>\n<p><em><span style=\"color: #0000ff;\"><strong>Jornadas de 20<span style=\"color: #ff0000;\">13<\/span><\/strong><\/span><\/em><\/p>\n<p style=\"padding-left: 30px;\"><a href=\"http:\/\/www.unioviedo.es\/ONEO\/wp-content\/uploads\/2017\/09\/Cartel-2013.pdf\">Cartel de 2013<\/a>\u00a0 \/\u00a0<a href=\"http:\/\/www.unioviedo.es\/ONEO\/wp-content\/uploads\/2017\/09\/Programa-2013.pdf\">Programa de 2013<\/a><\/p>\n<p><em><span style=\"color: #0000ff;\"><strong>Jornadas de 20<span style=\"color: #ff0000;\">14<\/span><\/strong><\/span><\/em><\/p>\n<p style=\"padding-left: 30px;\"><a href=\"http:\/\/www.unioviedo.es\/ONEO\/wp-content\/uploads\/2017\/09\/Cartel-2014.pdf\">Cartel de 2014<\/a>\u00a0 \/\u00a0<a href=\"http:\/\/www.unioviedo.es\/ONEO\/wp-content\/uploads\/2017\/09\/Programa-2014.pdf\">Programa de 2014<\/a><\/p>\n<p><em><span style=\"color: #0000ff;\"><strong>Jornadas de 20<span style=\"color: #ff0000;\">15<\/span><\/strong><\/span><\/em><\/p>\n<p style=\"padding-left: 30px;\"><a href=\"http:\/\/www.unioviedo.es\/ONEO\/wp-content\/uploads\/2017\/09\/Cartel-2015.pdf\">Cartel de 2015<\/a>\u00a0 \/\u00a0<a href=\"http:\/\/www.unioviedo.es\/ONEO\/wp-content\/uploads\/2017\/09\/Programa-2015.pdf\">Programa de 2015<\/a><\/p>\n<p><em><span style=\"color: #0000ff;\"><strong>Jornadas de 20<span style=\"color: #ff0000;\">16<\/span><\/strong><\/span><\/em><\/p>\n<p style=\"padding-left: 30px;\"><a href=\"http:\/\/www.unioviedo.es\/ONEO\/wp-content\/uploads\/2017\/09\/Cartel-de-2016.pdf\">Cartel de 2016<\/a>\u00a0\/\u00a0<a href=\"http:\/\/www.unioviedo.es\/ONEO\/wp-content\/uploads\/2017\/09\/Jornadas-2016.pdf\">Programa de 2016<\/a><\/p>\n<p><em><span style=\"color: #0000ff;\"><strong>Jornadas de 20<span style=\"color: #ff0000;\">17<\/span><\/strong><\/span><\/em><\/p>\n<p style=\"padding-left: 30px;\"><a href=\"http:\/\/www.unioviedo.es\/ONEO\/wp-content\/uploads\/2017\/09\/Cartel-de-las-Jornadas-2017.pdf\">Cartel de 2017<\/a>\u00a0\/\u00a0<a href=\"http:\/\/www.unioviedo.es\/ONEO\/wp-content\/uploads\/2017\/09\/Programa-de-las-Jornadas-de-2017.pdf\">Programa de 2017<\/a><\/p>\n<p><span style=\"color: #0000ff;\"><em><strong>Jornadas de 20<span style=\"color: #ff0000;\">18<\/span><\/strong><\/em><\/span><\/p>\n<p style=\"padding-left: 30px;\"><a href=\"http:\/\/www.unioviedo.es\/ONEO\/wp-content\/uploads\/2017\/09\/Cartel-IX-Jornadas-de-Universidad-e-Inclusi\u00f3n.pdf\">Cartel de 2018<\/a>\u00a0\/ <a href=\"http:\/\/www.unioviedo.es\/ONEO\/wp-content\/uploads\/2017\/01\/IX-Jornadas-Universidad-e-Inclusi\u00f3n-Mof.-11.04.2018.pdf\" target=\"_blank\" rel=\"noopener\">Programa de 2018<\/a><\/p>\n<p style=\"padding-left: 30px;\"><a href=\"http:\/\/www.unioviedo.es\/ONEO\/wp-content\/uploads\/2017\/09\/Cartel-Exposici\u00f3n-Yo-mujer-t\u00fa-c\u00f3mplice-ellas-luchadoras.pdf\">Cartel exposici\u00f3n fotogr\u00e1fica \u00ab<strong><em>Yo mujer, t\u00fa c\u00f3mplice, ellas luchadoras<\/em><\/strong>\u00ab<\/a><\/p>\n<p><span style=\"color: #0000ff;\"><em><strong>Jornadas de 20<\/strong><\/em><\/span><span style=\"color: #ff0000;\"><em><strong>26<\/strong><\/em><\/span><\/p>\n<p style=\"padding-left: 40px;\"><a href=\"http:\/\/www.unioviedo.es\/ONEO\/wp-content\/uploads\/2026\/03\/Cartel-X-Jornadas-Universidad-e-Inclusion-2026.pdf\">Cartel de 2026<\/a> \/ <a href=\"http:\/\/www.unioviedo.es\/ONEO\/wp-content\/uploads\/2026\/03\/Programa-X-Jornadas-Universidad-e-Inclusion-2026.pdf\">Programa de 2026<\/a><\/p>\n","protected":false},"excerpt":{"rendered":"<p>Las Jornadas de Universidad e Inclusi\u00f3n, anteriormente denominadas \u00abUniversidad y Discapacidad\u00bb, son un evento anual que se impulsa desde la ONEO con la colaboraci\u00f3n de diversas entidades y que tiene como objetivos: Mostrar las medidas y recursos que ofrece la Universidad de Oviedo. Analizar los retos pendientes para lograr una instituci\u00f3n m\u00e1s inclusiva. Conocer experiencias &hellip; <\/p>\n<p class=\"link-more\"><a href=\"https:\/\/www.unioviedo.es\/ONEO\/index.php\/que-hacemos\/jornadas-universidad-e-inclusion\/\" class=\"more-link\">Continuar leyendo<span class=\"screen-reader-text\"> \u00abJornadas Universidad e Inclusi\u00f3n\u00bb<\/span><\/a><\/p>\n","protected":false},"author":1,"featured_media":0,"parent":132,"menu_order":0,"comment_status":"closed","ping_status":"closed","template":"","meta":{"footnotes":""},"class_list":["post-137","page","type-page","status-publish","hentry"],"jetpack_sharing_enabled":true,"_links":{"self":[{"href":"https:\/\/www.unioviedo.es\/ONEO\/index.php\/wp-json\/wp\/v2\/pages\/137","targetHints":{"allow":["GET"]}}],"collection":[{"href":"https:\/\/www.unioviedo.es\/ONEO\/index.php\/wp-json\/wp\/v2\/pages"}],"about":[{"href":"https:\/\/www.unioviedo.es\/ONEO\/index.php\/wp-json\/wp\/v2\/types\/page"}],"author":[{"embeddable":true,"href":"https:\/\/www.unioviedo.es\/ONEO\/index.php\/wp-json\/wp\/v2\/users\/1"}],"replies":[{"embeddable":true,"href":"https:\/\/www.unioviedo.es\/ONEO\/index.php\/wp-json\/wp\/v2\/comments?post=137"}],"version-history":[{"count":19,"href":"https:\/\/www.unioviedo.es\/ONEO\/index.php\/wp-json\/wp\/v2\/pages\/137\/revisions"}],"predecessor-version":[{"id":1515,"href":"https:\/\/www.unioviedo.es\/ONEO\/index.php\/wp-json\/wp\/v2\/pages\/137\/revisions\/1515"}],"up":[{"embeddable":true,"href":"https:\/\/www.unioviedo.es\/ONEO\/index.php\/wp-json\/wp\/v2\/pages\/132"}],"wp:attachment":[{"href":"https:\/\/www.unioviedo.es\/ONEO\/index.php\/wp-json\/wp\/v2\/media?parent=137"}],"curies":[{"name":"wp","href":"https:\/\/api.w.org\/{rel}","templated":true}]}}