{"id":164,"date":"2017-09-29T10:32:37","date_gmt":"2017-09-29T08:32:37","guid":{"rendered":"http:\/\/www.unioviedo.es\/ONEO\/?page_id=164"},"modified":"2017-10-03T11:41:38","modified_gmt":"2017-10-03T09:41:38","slug":"documentacion","status":"publish","type":"page","link":"https:\/\/www.unioviedo.es\/ONEO\/index.php\/normativa\/documentacion\/","title":{"rendered":"Documentaci\u00f3n"},"content":{"rendered":"<p>En este espacio podr\u00e1 consultar, con mayor detalle, la documentaci\u00f3n, normativa de referencia y enlaces de inter\u00e9s. Para ello, este apartado organiza la informaci\u00f3n en los siguientes apartados:<\/p>\n<p><a href=\"https:\/\/www.unioviedo.es\/ONEO\/index.php\/normativa\/compromisos-de-calidad\/\" target=\"_blank\" rel=\"noopener\"><span style=\"color: #0000ff;\"><em><strong>Compromisos de Calidad<\/strong><\/em><\/span><\/a><\/p>\n<p><a href=\"https:\/\/www.unioviedo.es\/ONEO\/index.php\/normativa\/evaluacion-necesidades\/\" target=\"_blank\" rel=\"noopener\"><span style=\"color: #0000ff;\"><em><strong>Evaluaci\u00f3n de necesidades<\/strong><\/em><\/span><\/a><\/p>\n<p><a href=\"https:\/\/www.unioviedo.es\/ONEO\/index.php\/normativa\/documentacion\/evaluacion-satisfaccion\/\" target=\"_blank\" rel=\"noopener\"><span style=\"color: #0000ff;\"><em><strong>Evaluaci\u00f3n de la satisfacci\u00f3n<\/strong><\/em><\/span><\/a><\/p>\n<p><a href=\"https:\/\/www.unioviedo.es\/ONEO\/index.php\/normativa\/legislacion\/\" target=\"_blank\" rel=\"noopener\"><span style=\"color: #0000ff;\"><em><strong>Legislaci\u00f3n<\/strong><\/em><\/span><\/a><\/p>\n<p><a href=\"https:\/\/www.unioviedo.es\/ONEO\/index.php\/enlaces\/\" target=\"_blank\" rel=\"noopener\"><span style=\"color: #0000ff;\"><em><strong>Enlaces<\/strong><\/em><\/span><\/a><\/p>\n","protected":false},"excerpt":{"rendered":"<p>En este espacio podr\u00e1 consultar, con mayor detalle, la documentaci\u00f3n, normativa de referencia y enlaces de inter\u00e9s. Para ello, este apartado organiza la informaci\u00f3n en los siguientes apartados: Compromisos de Calidad Evaluaci\u00f3n de necesidades Evaluaci\u00f3n de la satisfacci\u00f3n Legislaci\u00f3n Enlaces<\/p>\n","protected":false},"author":1,"featured_media":0,"parent":51,"menu_order":0,"comment_status":"closed","ping_status":"closed","template":"","meta":{"footnotes":""},"class_list":["post-164","page","type-page","status-publish","hentry"],"jetpack_sharing_enabled":true,"_links":{"self":[{"href":"https:\/\/www.unioviedo.es\/ONEO\/index.php\/wp-json\/wp\/v2\/pages\/164","targetHints":{"allow":["GET"]}}],"collection":[{"href":"https:\/\/www.unioviedo.es\/ONEO\/index.php\/wp-json\/wp\/v2\/pages"}],"about":[{"href":"https:\/\/www.unioviedo.es\/ONEO\/index.php\/wp-json\/wp\/v2\/types\/page"}],"author":[{"embeddable":true,"href":"https:\/\/www.unioviedo.es\/ONEO\/index.php\/wp-json\/wp\/v2\/users\/1"}],"replies":[{"embeddable":true,"href":"https:\/\/www.unioviedo.es\/ONEO\/index.php\/wp-json\/wp\/v2\/comments?post=164"}],"version-history":[{"count":4,"href":"https:\/\/www.unioviedo.es\/ONEO\/index.php\/wp-json\/wp\/v2\/pages\/164\/revisions"}],"predecessor-version":[{"id":514,"href":"https:\/\/www.unioviedo.es\/ONEO\/index.php\/wp-json\/wp\/v2\/pages\/164\/revisions\/514"}],"up":[{"embeddable":true,"href":"https:\/\/www.unioviedo.es\/ONEO\/index.php\/wp-json\/wp\/v2\/pages\/51"}],"wp:attachment":[{"href":"https:\/\/www.unioviedo.es\/ONEO\/index.php\/wp-json\/wp\/v2\/media?parent=164"}],"curies":[{"name":"wp","href":"https:\/\/api.w.org\/{rel}","templated":true}]}}