{"id":172,"date":"2017-09-29T10:38:19","date_gmt":"2017-09-29T08:38:19","guid":{"rendered":"http:\/\/www.unioviedo.es\/ONEO\/?page_id=172"},"modified":"2022-04-18T11:49:22","modified_gmt":"2022-04-18T09:49:22","slug":"evaluacion-satisfaccion","status":"publish","type":"page","link":"https:\/\/www.unioviedo.es\/ONEO\/index.php\/normativa\/documentacion\/evaluacion-satisfaccion\/","title":{"rendered":"Evaluaci\u00f3n satisfacci\u00f3n"},"content":{"rendered":"<p>La evaluaci\u00f3n constante de los servicios prestados por la ONEO es un objetivo constante y, para ello, cualquier persona puede dirigirse a la Oficina de las siguientes formas:<\/p>\n<ul>\n<li>De manera presencial en la sede , sito en Direcci\u00f3n C\/ Gonz\u00e1lez Besada 13, 1\u00aa planta, 33007-Oviedo.<\/li>\n<li>De manera no presencial mediante llamada telef\u00f3nica a la ONEO en el n\u00famero 985 10 29 22.<\/li>\n<li>Por correo postal, dirigido a la Propia Oficina en la direcci\u00f3n indicada previamente.<\/li>\n<li>Mediante correo electr\u00f3nico dirigido a la direcci\u00f3n: <a href=\"mailto:oneo@uniovi.es\" target=\"_blank\" rel=\"noopener\">oneo@uniovi.es<\/a><\/li>\n<\/ul>\n<p>Asimismo, cualquier persona usuaria de la Comunidad Universitaria, puede valorar el grado de satisfacci\u00f3n con la ONEO a trav\u00e9s de un cuestionario an\u00f3nimo que se realiza de manera online (contactar con la ONEO para solicitar el enlace).<\/p>\n","protected":false},"excerpt":{"rendered":"<p>La evaluaci\u00f3n constante de los servicios prestados por la ONEO es un objetivo constante y, para ello, cualquier persona puede dirigirse a la Oficina de las siguientes formas: De manera presencial en la sede , sito en Direcci\u00f3n C\/ Gonz\u00e1lez Besada 13, 1\u00aa planta, 33007-Oviedo. De manera no presencial mediante llamada telef\u00f3nica a la ONEO &hellip; <\/p>\n<p class=\"link-more\"><a href=\"https:\/\/www.unioviedo.es\/ONEO\/index.php\/normativa\/documentacion\/evaluacion-satisfaccion\/\" class=\"more-link\">Continuar leyendo<span class=\"screen-reader-text\"> \u00abEvaluaci\u00f3n satisfacci\u00f3n\u00bb<\/span><\/a><\/p>\n","protected":false},"author":1,"featured_media":0,"parent":164,"menu_order":0,"comment_status":"closed","ping_status":"closed","template":"","meta":{"footnotes":""},"class_list":["post-172","page","type-page","status-publish","hentry"],"jetpack_sharing_enabled":true,"_links":{"self":[{"href":"https:\/\/www.unioviedo.es\/ONEO\/index.php\/wp-json\/wp\/v2\/pages\/172","targetHints":{"allow":["GET"]}}],"collection":[{"href":"https:\/\/www.unioviedo.es\/ONEO\/index.php\/wp-json\/wp\/v2\/pages"}],"about":[{"href":"https:\/\/www.unioviedo.es\/ONEO\/index.php\/wp-json\/wp\/v2\/types\/page"}],"author":[{"embeddable":true,"href":"https:\/\/www.unioviedo.es\/ONEO\/index.php\/wp-json\/wp\/v2\/users\/1"}],"replies":[{"embeddable":true,"href":"https:\/\/www.unioviedo.es\/ONEO\/index.php\/wp-json\/wp\/v2\/comments?post=172"}],"version-history":[{"count":5,"href":"https:\/\/www.unioviedo.es\/ONEO\/index.php\/wp-json\/wp\/v2\/pages\/172\/revisions"}],"predecessor-version":[{"id":1045,"href":"https:\/\/www.unioviedo.es\/ONEO\/index.php\/wp-json\/wp\/v2\/pages\/172\/revisions\/1045"}],"up":[{"embeddable":true,"href":"https:\/\/www.unioviedo.es\/ONEO\/index.php\/wp-json\/wp\/v2\/pages\/164"}],"wp:attachment":[{"href":"https:\/\/www.unioviedo.es\/ONEO\/index.php\/wp-json\/wp\/v2\/media?parent=172"}],"curies":[{"name":"wp","href":"https:\/\/api.w.org\/{rel}","templated":true}]}}