{"id":195,"date":"2017-09-29T11:00:20","date_gmt":"2017-09-29T09:00:20","guid":{"rendered":"http:\/\/www.unioviedo.es\/ONEO\/?page_id=195"},"modified":"2018-08-29T13:06:45","modified_gmt":"2018-08-29T11:06:45","slug":"orientaciones","status":"publish","type":"page","link":"https:\/\/www.unioviedo.es\/ONEO\/index.php\/que-hacemos\/orientaciones\/","title":{"rendered":"Orientaciones&#8230;"},"content":{"rendered":"<p><a href=\"http:\/\/www.unioviedo.es\/ONEO\/wp-content\/uploads\/2017\/09\/Inclusi\u00f3n-y-Universidad.-Gu\u00eda-de-orientaciones....pdf\" target=\"_blank\" rel=\"noopener\"><img loading=\"lazy\" decoding=\"async\" class=\"aligncenter wp-image-738 size-medium\" src=\"http:\/\/www.unioviedo.es\/ONEO\/wp-content\/uploads\/2017\/09\/Portada-Gu\u00eda-210x300.png\" alt=\"\" width=\"210\" height=\"300\" srcset=\"https:\/\/www.unioviedo.es\/ONEO\/wp-content\/uploads\/2017\/09\/Portada-Gu\u00eda-210x300.png 210w, https:\/\/www.unioviedo.es\/ONEO\/wp-content\/uploads\/2017\/09\/Portada-Gu\u00eda.png 585w\" sizes=\"auto, (max-width: 210px) 100vw, 210px\" \/><\/a><\/p>\n<p style=\"text-align: center;\"><em>(Pincha en la imagen para descargar el documento)<\/em><\/p>\n<p>Esta gu\u00eda recoge orientaciones generales,\u00a0adaptaciones y recursos para que el Personal\u00a0Docente, el Personal de Administraci\u00f3n y\u00a0Servicios y el estudiantado de la Universidad de Oviedo tengan mayor informaci\u00f3n y formaci\u00f3n para lograr desde sus respectivas\u00a0actuaciones y roles un espacio universitario m\u00e1s sensible y comprometido socialmente.<\/p>\n<p>Aqu\u00ed se abordan diferentes situaciones\u00a0(discapacidad, dificultades de aprendizaje,\u00a0trastornos, diversidad cultural, etc.) y con\u00a0ellas se trata de implicar en esta compleja\u00a0realidad al conjunto de la\u00a0comunidad universitaria.<\/p>\n<p>Esta Gu\u00eda es fruto de la participaci\u00f3n y contribuci\u00f3n de un conjunto de investigadoras e investigadores de la Universidad de Oviedo que, de forma desinteresada, han colaborado en su realizaci\u00f3n.<\/p>\n<p>Pr\u00f3ximamente se editar\u00e1n diversos formatos de esta Gu\u00eda con la informaci\u00f3n concreta para cada colectivo de la comunidad universitaria (Personal Docente e Investigador, Personal de Administraci\u00f3n y Servicios y Estudiantado).<\/p>\n<h1 style=\"text-align: center;\"><a href=\"http:\/\/www.unioviedo.es\/ONEO\/wp-content\/uploads\/2017\/09\/Inclusi\u00f3n-y-Universidad.-Gu\u00eda-de-orientaciones....pdf\" target=\"_blank\" rel=\"noopener\"><span style=\"color: #0000ff;\"><em><strong>Descarga aqu\u00ed\u00a0 la publicaci\u00f3n institucional\u00a0 \u00a0<\/strong><\/em><\/span><em><span style=\"color: #0000ff;\"><strong><span style=\"color: #0000ff;\">\u00abInclusi\u00f3n y Universidad. Gu\u00eda de orientaciones&#8230;\u00bb<\/span><\/strong><\/span><\/em><\/a><\/h1>\n<p>&nbsp;<\/p>\n","protected":false},"excerpt":{"rendered":"<p>(Pincha en la imagen para descargar el documento) Esta gu\u00eda recoge orientaciones generales,\u00a0adaptaciones y recursos para que el Personal\u00a0Docente, el Personal de Administraci\u00f3n y\u00a0Servicios y el estudiantado de la Universidad de Oviedo tengan mayor informaci\u00f3n y formaci\u00f3n para lograr desde sus respectivas\u00a0actuaciones y roles un espacio universitario m\u00e1s sensible y comprometido socialmente. Aqu\u00ed se abordan &hellip; <\/p>\n<p class=\"link-more\"><a href=\"https:\/\/www.unioviedo.es\/ONEO\/index.php\/que-hacemos\/orientaciones\/\" class=\"more-link\">Continuar leyendo<span class=\"screen-reader-text\"> \u00abOrientaciones&#8230;\u00bb<\/span><\/a><\/p>\n","protected":false},"author":1,"featured_media":0,"parent":132,"menu_order":0,"comment_status":"closed","ping_status":"closed","template":"","meta":{"footnotes":""},"class_list":["post-195","page","type-page","status-publish","hentry"],"jetpack_sharing_enabled":true,"_links":{"self":[{"href":"https:\/\/www.unioviedo.es\/ONEO\/index.php\/wp-json\/wp\/v2\/pages\/195","targetHints":{"allow":["GET"]}}],"collection":[{"href":"https:\/\/www.unioviedo.es\/ONEO\/index.php\/wp-json\/wp\/v2\/pages"}],"about":[{"href":"https:\/\/www.unioviedo.es\/ONEO\/index.php\/wp-json\/wp\/v2\/types\/page"}],"author":[{"embeddable":true,"href":"https:\/\/www.unioviedo.es\/ONEO\/index.php\/wp-json\/wp\/v2\/users\/1"}],"replies":[{"embeddable":true,"href":"https:\/\/www.unioviedo.es\/ONEO\/index.php\/wp-json\/wp\/v2\/comments?post=195"}],"version-history":[{"count":8,"href":"https:\/\/www.unioviedo.es\/ONEO\/index.php\/wp-json\/wp\/v2\/pages\/195\/revisions"}],"predecessor-version":[{"id":801,"href":"https:\/\/www.unioviedo.es\/ONEO\/index.php\/wp-json\/wp\/v2\/pages\/195\/revisions\/801"}],"up":[{"embeddable":true,"href":"https:\/\/www.unioviedo.es\/ONEO\/index.php\/wp-json\/wp\/v2\/pages\/132"}],"wp:attachment":[{"href":"https:\/\/www.unioviedo.es\/ONEO\/index.php\/wp-json\/wp\/v2\/media?parent=195"}],"curies":[{"name":"wp","href":"https:\/\/api.w.org\/{rel}","templated":true}]}}