{"id":2,"date":"2017-01-27T17:50:12","date_gmt":"2017-01-27T17:50:12","guid":{"rendered":"http:\/\/www.unioviedo.es\/ONEO\/?page_id=2"},"modified":"2024-06-19T12:38:35","modified_gmt":"2024-06-19T10:38:35","slug":"serviciosyrecursos","status":"publish","type":"page","link":"https:\/\/www.unioviedo.es\/ONEO\/index.php\/serviciosyrecursos\/","title":{"rendered":"Servicios y recursos"},"content":{"rendered":"<p><img loading=\"lazy\" decoding=\"async\" class=\"alignnone  wp-image-956 aligncenter\" src=\"http:\/\/www.unioviedo.es\/ONEO\/wp-content\/uploads\/2021\/11\/cropped-cropped-cuadros-ONEO2.jpg\" alt=\"\" width=\"177\" height=\"177\" srcset=\"https:\/\/www.unioviedo.es\/ONEO\/wp-content\/uploads\/2021\/11\/cropped-cropped-cuadros-ONEO2.jpg 250w, https:\/\/www.unioviedo.es\/ONEO\/wp-content\/uploads\/2021\/11\/cropped-cropped-cuadros-ONEO2-150x150.jpg 150w, https:\/\/www.unioviedo.es\/ONEO\/wp-content\/uploads\/2021\/11\/cropped-cropped-cuadros-ONEO2-100x100.jpg 100w\" sizes=\"auto, (max-width: 177px) 100vw, 177px\" \/><\/p>\n<p>Desde la ONEO se presta un servicio de ayuda y apoyo a cada usuario\/a de manera <strong><span style=\"color: #0000ff;\"><em>personalizada<\/em>, <em>confidencial<\/em>, e<em> individualizad<\/em><em>a<\/em><\/span><\/strong>, ajust\u00e1ndose a las necesidades de cada caso, prestando asesoramiento psicopedag\u00f3gico y brindando toda la informaci\u00f3n disponible sobre becas, recursos espec\u00edficos, adaptaciones necesarias, etc. existentes en la Universidad de Oviedo.<\/p>\n<p>Las principales actuaciones que realizamos son:<\/p>\n<ul>\n<li>Proporcionar atenci\u00f3n a los\/as miembros de la Comunidad Universitaria: recogida de sus demandas, asesoramiento, orientaci\u00f3n, informaci\u00f3n, etc.<\/li>\n<li>Gestionar la administraci\u00f3n de recursos de apoyo o medidas de acci\u00f3n positiva, tanto de naturaleza personal como material.<\/li>\n<li>Desarrollar medidas de equiparaci\u00f3n e igualdad de oportunidades entre las que destaca la redacci\u00f3n de informes sobre adaptaciones curriculares (metodolog\u00eda, contenidos, evaluaci\u00f3n, etc.)<\/li>\n<li>Proporcionar informaci\u00f3n y asesoramiento al profesorado sobre la atenci\u00f3n a necesidades educativas espec\u00edficas en cuanto a metodolog\u00eda y recursos docentes empleados y propuesta de soluciones.<\/li>\n<li>Impulsar medidas encaminadas a la sensibilizaci\u00f3n de la comunidad universitaria hacia la diversidad e inclusi\u00f3n (cursos, jornadas, seminarios, etc.)<\/li>\n<li>Gestionar el programa de becas de acompa\u00f1amiento y apoyo a estudiantes con discapacidad.<\/li>\n<li>Adaptaci\u00f3n de las pruebas de acceso a la Universidad de personas con necesidades espec\u00edficas<\/li>\n<li>Coordinar y colaborar con las Administraciones P\u00fablicas y el movimiento asociativo en los programas y servicios destinados al \u00e1mbito universitario.<\/li>\n<\/ul>\n<hr \/>\n<p style=\"text-align: center;\"><strong><a href=\"http:\/\/www.unioviedo.es\/ONEO\/wp-content\/uploads\/2017\/01\/diptico-2021-ONEO.pdf\" target=\"_blank\" rel=\"noopener\">D\u00edptico ONEO<\/a><\/strong><\/p>\n<p style=\"text-align: center;\"><strong><a href=\"http:\/\/www.unioviedo.es\/ONEO\/wp-content\/uploads\/2024\/06\/Catalogo-de-servicios-ONEO_adaptado.pdf\" target=\"_blank\" rel=\"noopener\">Catalogo de servicios ONEO<\/a><\/strong><\/p>\n<p style=\"text-align: center;\"><strong><a href=\"http:\/\/www.unioviedo.es\/ONEO\/wp-content\/uploads\/2024\/06\/Catalogue-of-Services-ONEO.pdf\" target=\"_blank\" rel=\"noopener\">Catalogue of Services ONEO<\/a><\/strong><\/p>\n","protected":false},"excerpt":{"rendered":"<p>Desde la ONEO se presta un servicio de ayuda y apoyo a cada usuario\/a de manera personalizada, confidencial, e individualizada, ajust\u00e1ndose a las necesidades de cada caso, prestando asesoramiento psicopedag\u00f3gico y brindando toda la informaci\u00f3n disponible sobre becas, recursos espec\u00edficos, adaptaciones necesarias, etc. existentes en la Universidad de Oviedo. Las principales actuaciones que realizamos son: &hellip; <\/p>\n<p class=\"link-more\"><a href=\"https:\/\/www.unioviedo.es\/ONEO\/index.php\/serviciosyrecursos\/\" class=\"more-link\">Continuar leyendo<span class=\"screen-reader-text\"> \u00abServicios y recursos\u00bb<\/span><\/a><\/p>\n","protected":false},"author":1,"featured_media":0,"parent":0,"menu_order":0,"comment_status":"closed","ping_status":"open","template":"","meta":{"footnotes":""},"class_list":["post-2","page","type-page","status-publish","hentry"],"jetpack_sharing_enabled":true,"_links":{"self":[{"href":"https:\/\/www.unioviedo.es\/ONEO\/index.php\/wp-json\/wp\/v2\/pages\/2","targetHints":{"allow":["GET"]}}],"collection":[{"href":"https:\/\/www.unioviedo.es\/ONEO\/index.php\/wp-json\/wp\/v2\/pages"}],"about":[{"href":"https:\/\/www.unioviedo.es\/ONEO\/index.php\/wp-json\/wp\/v2\/types\/page"}],"author":[{"embeddable":true,"href":"https:\/\/www.unioviedo.es\/ONEO\/index.php\/wp-json\/wp\/v2\/users\/1"}],"replies":[{"embeddable":true,"href":"https:\/\/www.unioviedo.es\/ONEO\/index.php\/wp-json\/wp\/v2\/comments?post=2"}],"version-history":[{"count":23,"href":"https:\/\/www.unioviedo.es\/ONEO\/index.php\/wp-json\/wp\/v2\/pages\/2\/revisions"}],"predecessor-version":[{"id":1329,"href":"https:\/\/www.unioviedo.es\/ONEO\/index.php\/wp-json\/wp\/v2\/pages\/2\/revisions\/1329"}],"wp:attachment":[{"href":"https:\/\/www.unioviedo.es\/ONEO\/index.php\/wp-json\/wp\/v2\/media?parent=2"}],"curies":[{"name":"wp","href":"https:\/\/api.w.org\/{rel}","templated":true}]}}