{"id":201,"date":"2017-09-29T11:01:25","date_gmt":"2017-09-29T09:01:25","guid":{"rendered":"http:\/\/www.unioviedo.es\/ONEO\/?page_id=201"},"modified":"2018-08-29T13:13:03","modified_gmt":"2018-08-29T11:13:03","slug":"al-personal-de-administracion-y-servicios","status":"publish","type":"page","link":"https:\/\/www.unioviedo.es\/ONEO\/index.php\/que-hacemos\/orientaciones\/al-personal-de-administracion-y-servicios\/","title":{"rendered":"&#8230;al personal de administraci\u00f3n y servicios"},"content":{"rendered":"<p><a href=\"http:\/\/www.unioviedo.es\/ONEO\/wp-content\/uploads\/2017\/09\/Inclusi\u00f3n-y-Universidad.-Gu\u00eda-de-orientaciones....pdf\" target=\"_blank\" rel=\"noopener\"><img loading=\"lazy\" decoding=\"async\" class=\"aligncenter size-medium wp-image-738\" src=\"http:\/\/www.unioviedo.es\/ONEO\/wp-content\/uploads\/2017\/09\/Portada-Gu\u00eda-210x300.png\" alt=\"\" width=\"210\" height=\"300\" srcset=\"https:\/\/www.unioviedo.es\/ONEO\/wp-content\/uploads\/2017\/09\/Portada-Gu\u00eda-210x300.png 210w, https:\/\/www.unioviedo.es\/ONEO\/wp-content\/uploads\/2017\/09\/Portada-Gu\u00eda.png 585w\" sizes=\"auto, (max-width: 210px) 100vw, 210px\" \/><\/a><\/p>\n<p style=\"text-align: center;\">(Pincha en la imagen para descargar el documento).<\/p>\n<p>Pr\u00f3ximamente se editar\u00e1n diversos formatos de esta Gu\u00eda con la informaci\u00f3n concreta para cada colectivo de la comunidad universitaria (Personal Docente e Investigador, Personal de Administraci\u00f3n y Servicios y Estudiantado).<\/p>\n<p>Otro documento de inter\u00e9s es la Gu\u00eda de adaptaciones en la Universidad editada por la Fundaci\u00f3n ONCE y CRUE. (Pincha en la imagen para descargar el documento).<\/p>\n<p><a href=\"http:\/\/www.crue.org\/Documentos%20compartidos\/Sectoriales\/Asuntos%20Estudiantiles\/Guia%20de%20adaptaciones_DIGITAL.pdf\"><img loading=\"lazy\" decoding=\"async\" class=\"aligncenter size-medium wp-image-679\" src=\"http:\/\/www.unioviedo.es\/ONEO\/wp-content\/uploads\/2017\/09\/Gu\u00eda-de-adaptaciones-en-la-universidad-223x300.png\" alt=\"\" width=\"223\" height=\"300\" srcset=\"https:\/\/www.unioviedo.es\/ONEO\/wp-content\/uploads\/2017\/09\/Gu\u00eda-de-adaptaciones-en-la-universidad-223x300.png 223w, https:\/\/www.unioviedo.es\/ONEO\/wp-content\/uploads\/2017\/09\/Gu\u00eda-de-adaptaciones-en-la-universidad.png 658w\" sizes=\"auto, (max-width: 223px) 100vw, 223px\" \/><\/a><\/p>\n","protected":false},"excerpt":{"rendered":"<p>(Pincha en la imagen para descargar el documento). Pr\u00f3ximamente se editar\u00e1n diversos formatos de esta Gu\u00eda con la informaci\u00f3n concreta para cada colectivo de la comunidad universitaria (Personal Docente e Investigador, Personal de Administraci\u00f3n y Servicios y Estudiantado). Otro documento de inter\u00e9s es la Gu\u00eda de adaptaciones en la Universidad editada por la Fundaci\u00f3n ONCE &hellip; <\/p>\n<p class=\"link-more\"><a href=\"https:\/\/www.unioviedo.es\/ONEO\/index.php\/que-hacemos\/orientaciones\/al-personal-de-administracion-y-servicios\/\" class=\"more-link\">Continuar leyendo<span class=\"screen-reader-text\"> \u00ab&#8230;al personal de administraci\u00f3n y servicios\u00bb<\/span><\/a><\/p>\n","protected":false},"author":1,"featured_media":0,"parent":195,"menu_order":0,"comment_status":"closed","ping_status":"closed","template":"","meta":{"footnotes":""},"class_list":["post-201","page","type-page","status-publish","hentry"],"jetpack_sharing_enabled":true,"_links":{"self":[{"href":"https:\/\/www.unioviedo.es\/ONEO\/index.php\/wp-json\/wp\/v2\/pages\/201","targetHints":{"allow":["GET"]}}],"collection":[{"href":"https:\/\/www.unioviedo.es\/ONEO\/index.php\/wp-json\/wp\/v2\/pages"}],"about":[{"href":"https:\/\/www.unioviedo.es\/ONEO\/index.php\/wp-json\/wp\/v2\/types\/page"}],"author":[{"embeddable":true,"href":"https:\/\/www.unioviedo.es\/ONEO\/index.php\/wp-json\/wp\/v2\/users\/1"}],"replies":[{"embeddable":true,"href":"https:\/\/www.unioviedo.es\/ONEO\/index.php\/wp-json\/wp\/v2\/comments?post=201"}],"version-history":[{"count":4,"href":"https:\/\/www.unioviedo.es\/ONEO\/index.php\/wp-json\/wp\/v2\/pages\/201\/revisions"}],"predecessor-version":[{"id":804,"href":"https:\/\/www.unioviedo.es\/ONEO\/index.php\/wp-json\/wp\/v2\/pages\/201\/revisions\/804"}],"up":[{"embeddable":true,"href":"https:\/\/www.unioviedo.es\/ONEO\/index.php\/wp-json\/wp\/v2\/pages\/195"}],"wp:attachment":[{"href":"https:\/\/www.unioviedo.es\/ONEO\/index.php\/wp-json\/wp\/v2\/media?parent=201"}],"curies":[{"name":"wp","href":"https:\/\/api.w.org\/{rel}","templated":true}]}}