{"id":6,"date":"2017-01-27T18:01:56","date_gmt":"2017-01-27T18:01:56","guid":{"rendered":"http:\/\/www.unioviedo.es\/ONEO\/?page_id=6"},"modified":"2024-06-19T11:33:43","modified_gmt":"2024-06-19T09:33:43","slug":"contacto","status":"publish","type":"page","link":"https:\/\/www.unioviedo.es\/ONEO\/index.php\/contacto\/","title":{"rendered":"Contacto"},"content":{"rendered":"<p><img loading=\"lazy\" decoding=\"async\" class=\"alignnone wp-image-1317 size-full\" src=\"http:\/\/www.unioviedo.es\/ONEO\/wp-content\/uploads\/2024\/06\/Encabezado-ONEO.png\" alt=\"\" width=\"680\" height=\"123\" srcset=\"https:\/\/www.unioviedo.es\/ONEO\/wp-content\/uploads\/2024\/06\/Encabezado-ONEO.png 680w, https:\/\/www.unioviedo.es\/ONEO\/wp-content\/uploads\/2024\/06\/Encabezado-ONEO-300x54.png 300w\" sizes=\"auto, (max-width: 680px) 100vw, 680px\" \/><\/p>\n<p><span style=\"color: #3366ff;\"><i>Para contactar con ONEO debe enviar un correo a la direcci\u00f3n: <span style=\"color: #000000;\">oneo@uniovi.es<\/span>\u00a0 indicando la raz\u00f3n de su consulta y las v\u00edas de contacto (correo electr\u00f3nico, tel\u00e9fono).<\/i><\/span><\/p>\n<p><span style=\"color: #3366ff;\"><i>Tambi\u00e9n puede contactar telef\u00f3nicamente a trav\u00e9s del n\u00famero 985 10 29 22.<\/i><\/span><\/p>\n<p><span style=\"color: #3366ff;\"><i>Si desea atenci\u00f3n presencial, es necesario concertar cita previa a trav\u00e9s de dicho correo.<\/i><\/span><\/p>\n<p><span style=\"color: #3366ff;\">Horario: de Lunes a Viernes, de 9:00 a 15:00<\/span><\/p>\n<p><span style=\"color: #3366ff;\">Direcci\u00f3n: C\/Gonz\u00e1lez Besada 13, 1\u00aa. Planta, 33007-Oviedo<\/span><\/p>\n","protected":false},"excerpt":{"rendered":"<p>Para contactar con ONEO debe enviar un correo a la direcci\u00f3n: oneo@uniovi.es\u00a0 indicando la raz\u00f3n de su consulta y las v\u00edas de contacto (correo electr\u00f3nico, tel\u00e9fono). Tambi\u00e9n puede contactar telef\u00f3nicamente a trav\u00e9s del n\u00famero 985 10 29 22. Si desea atenci\u00f3n presencial, es necesario concertar cita previa a trav\u00e9s de dicho correo. Horario: de Lunes &hellip; <\/p>\n<p class=\"link-more\"><a href=\"https:\/\/www.unioviedo.es\/ONEO\/index.php\/contacto\/\" class=\"more-link\">Continuar leyendo<span class=\"screen-reader-text\"> \u00abContacto\u00bb<\/span><\/a><\/p>\n","protected":false},"author":1,"featured_media":0,"parent":0,"menu_order":0,"comment_status":"closed","ping_status":"closed","template":"","meta":{"footnotes":""},"class_list":["post-6","page","type-page","status-publish","hentry"],"jetpack_sharing_enabled":true,"_links":{"self":[{"href":"https:\/\/www.unioviedo.es\/ONEO\/index.php\/wp-json\/wp\/v2\/pages\/6","targetHints":{"allow":["GET"]}}],"collection":[{"href":"https:\/\/www.unioviedo.es\/ONEO\/index.php\/wp-json\/wp\/v2\/pages"}],"about":[{"href":"https:\/\/www.unioviedo.es\/ONEO\/index.php\/wp-json\/wp\/v2\/types\/page"}],"author":[{"embeddable":true,"href":"https:\/\/www.unioviedo.es\/ONEO\/index.php\/wp-json\/wp\/v2\/users\/1"}],"replies":[{"embeddable":true,"href":"https:\/\/www.unioviedo.es\/ONEO\/index.php\/wp-json\/wp\/v2\/comments?post=6"}],"version-history":[{"count":17,"href":"https:\/\/www.unioviedo.es\/ONEO\/index.php\/wp-json\/wp\/v2\/pages\/6\/revisions"}],"predecessor-version":[{"id":1321,"href":"https:\/\/www.unioviedo.es\/ONEO\/index.php\/wp-json\/wp\/v2\/pages\/6\/revisions\/1321"}],"wp:attachment":[{"href":"https:\/\/www.unioviedo.es\/ONEO\/index.php\/wp-json\/wp\/v2\/media?parent=6"}],"curies":[{"name":"wp","href":"https:\/\/api.w.org\/{rel}","templated":true}]}}