{"id":63,"date":"2017-02-03T19:46:06","date_gmt":"2017-02-03T19:46:06","guid":{"rendered":"http:\/\/www.unioviedo.es\/ONEO\/?page_id=63"},"modified":"2022-07-18T10:49:34","modified_gmt":"2022-07-18T08:49:34","slug":"colaboran","status":"publish","type":"page","link":"https:\/\/www.unioviedo.es\/ONEO\/index.php\/colaboran\/","title":{"rendered":"Colaboran"},"content":{"rendered":"<p>La ONEO forma parte de la <strong><em>Red SAPDU<\/em><\/strong>, enmarcada en la CRUE, \u00a0es un grupo de trabajo que re\u00fane a personal t\u00e9cnico de los servicios de atenci\u00f3n a personas con discapacidad y otras necesidades espec\u00edficas de 59\u00a0Universidades Espa\u00f1olas.<\/p>\n<p><a href=\"http:\/\/sapdu.unizar.es\/\"><img loading=\"lazy\" decoding=\"async\" class=\"wp-image-191 aligncenter\" src=\"http:\/\/www.unioviedo.es\/ONEO\/wp-content\/uploads\/2017\/02\/Logo-sAPDU-300x100.png\" alt=\"\" width=\"186\" height=\"62\" srcset=\"https:\/\/www.unioviedo.es\/ONEO\/wp-content\/uploads\/2017\/02\/Logo-sAPDU-300x100.png 300w, https:\/\/www.unioviedo.es\/ONEO\/wp-content\/uploads\/2017\/02\/Logo-sAPDU.png 688w\" sizes=\"auto, (max-width: 186px) 100vw, 186px\" \/><\/a><\/p>\n<p><a href=\"http:\/\/www.crue.org\/\" target=\"_blank\" rel=\"noopener\"><img loading=\"lazy\" decoding=\"async\" class=\"wp-image-190 aligncenter\" src=\"http:\/\/www.unioviedo.es\/ONEO\/wp-content\/uploads\/2017\/02\/Logo-CRUE-300x64.png\" alt=\"\" width=\"200\" height=\"43\" srcset=\"https:\/\/www.unioviedo.es\/ONEO\/wp-content\/uploads\/2017\/02\/Logo-CRUE-300x64.png 300w, https:\/\/www.unioviedo.es\/ONEO\/wp-content\/uploads\/2017\/02\/Logo-CRUE.png 456w\" sizes=\"auto, (max-width: 200px) 100vw, 200px\" \/><\/a><\/p>\n<p style=\"text-align: center;\">Asimismo, la ONEO mantiene una estrecha colaboraci\u00f3n con un conjunto de Instituciones y Entidades de diverso tipo a las que agradece su apoyo constante y reconoce su compromiso con la inclusi\u00f3n en el contexto de la Universidad de Oviedo. <strong>\u00a0\u00a1GRACIAS!<\/strong><\/p>\n<p style=\"text-align: center;\"><img loading=\"lazy\" decoding=\"async\" class=\"alignnone wp-image-1165 \" src=\"http:\/\/www.unioviedo.es\/ONEO\/wp-content\/uploads\/2022\/07\/Version-A-color-300x230.jpg\" alt=\"\" width=\"218\" height=\"167\" srcset=\"https:\/\/www.unioviedo.es\/ONEO\/wp-content\/uploads\/2022\/07\/Version-A-color-300x230.jpg 300w, https:\/\/www.unioviedo.es\/ONEO\/wp-content\/uploads\/2022\/07\/Version-A-color-1024x785.jpg 1024w, https:\/\/www.unioviedo.es\/ONEO\/wp-content\/uploads\/2022\/07\/Version-A-color-768x589.jpg 768w, https:\/\/www.unioviedo.es\/ONEO\/wp-content\/uploads\/2022\/07\/Version-A-color-1536x1177.jpg 1536w, https:\/\/www.unioviedo.es\/ONEO\/wp-content\/uploads\/2022\/07\/Version-A-color.jpg 1772w\" sizes=\"auto, (max-width: 218px) 100vw, 218px\" \/><a href=\"http:\/\/www.educastur.es\/\"><img loading=\"lazy\" decoding=\"async\" class=\"wp-image-1166  aligncenter\" src=\"http:\/\/www.unioviedo.es\/ONEO\/wp-content\/uploads\/2022\/07\/Version-A-color-1-300x230.jpg\" alt=\"\" width=\"208\" height=\"159\" srcset=\"https:\/\/www.unioviedo.es\/ONEO\/wp-content\/uploads\/2022\/07\/Version-A-color-1-300x230.jpg 300w, https:\/\/www.unioviedo.es\/ONEO\/wp-content\/uploads\/2022\/07\/Version-A-color-1-1024x785.jpg 1024w, https:\/\/www.unioviedo.es\/ONEO\/wp-content\/uploads\/2022\/07\/Version-A-color-1-768x589.jpg 768w, https:\/\/www.unioviedo.es\/ONEO\/wp-content\/uploads\/2022\/07\/Version-A-color-1-1536x1177.jpg 1536w, https:\/\/www.unioviedo.es\/ONEO\/wp-content\/uploads\/2022\/07\/Version-A-color-1.jpg 1772w\" sizes=\"auto, (max-width: 208px) 100vw, 208px\" \/> <\/a><\/p>\n<hr \/>\n<p><a href=\"http:\/\/www.aviles.es\/\"><img loading=\"lazy\" decoding=\"async\" class=\"alignleft wp-image-231\" src=\"http:\/\/www.unioviedo.es\/ONEO\/wp-content\/uploads\/2017\/02\/03.-Ayto-Avil\u00e9s-300x132.jpg\" alt=\"Logo del Ayuntamiento de Avil\u00e9s\" width=\"150\" height=\"66\" srcset=\"https:\/\/www.unioviedo.es\/ONEO\/wp-content\/uploads\/2017\/02\/03.-Ayto-Avil\u00e9s-300x132.jpg 300w, https:\/\/www.unioviedo.es\/ONEO\/wp-content\/uploads\/2017\/02\/03.-Ayto-Avil\u00e9s-768x337.jpg 768w, https:\/\/www.unioviedo.es\/ONEO\/wp-content\/uploads\/2017\/02\/03.-Ayto-Avil\u00e9s-1024x449.jpg 1024w, https:\/\/www.unioviedo.es\/ONEO\/wp-content\/uploads\/2017\/02\/03.-Ayto-Avil\u00e9s.jpg 1596w\" sizes=\"auto, (max-width: 150px) 100vw, 150px\" \/><\/a><\/p>\n<p><a href=\"http:\/\/www.gijon.es\/\"><img loading=\"lazy\" decoding=\"async\" class=\"alignleft wp-image-230\" src=\"http:\/\/www.unioviedo.es\/ONEO\/wp-content\/uploads\/2017\/02\/logo_ayuntamiento_gijon-300x166.jpg\" alt=\"Logo ayuntamiento de Gij\u00f3n\" width=\"150\" height=\"83\" srcset=\"https:\/\/www.unioviedo.es\/ONEO\/wp-content\/uploads\/2017\/02\/logo_ayuntamiento_gijon-300x166.jpg 300w, https:\/\/www.unioviedo.es\/ONEO\/wp-content\/uploads\/2017\/02\/logo_ayuntamiento_gijon.jpg 476w\" sizes=\"auto, (max-width: 150px) 100vw, 150px\" \/><\/a><\/p>\n<p><a href=\"http:\/\/www.mieres.es\/\"><img loading=\"lazy\" decoding=\"async\" class=\"alignleft wp-image-226\" src=\"http:\/\/www.unioviedo.es\/ONEO\/wp-content\/uploads\/2017\/02\/04.-Ayto-de-Mieres-300x116.png\" alt=\"\" width=\"150\" height=\"58\" \/><\/a><\/p>\n<p><a href=\"http:\/\/www.oviedo.es\/\"><img loading=\"lazy\" decoding=\"async\" class=\"alignleft wp-image-229\" src=\"http:\/\/www.unioviedo.es\/ONEO\/wp-content\/uploads\/2017\/02\/01.-Ayto-de-Oviedo-300x224.jpg\" alt=\"Logo del Ayuntamiento de Oviedo\" width=\"150\" height=\"112\" srcset=\"https:\/\/www.unioviedo.es\/ONEO\/wp-content\/uploads\/2017\/02\/01.-Ayto-de-Oviedo-300x224.jpg 300w, https:\/\/www.unioviedo.es\/ONEO\/wp-content\/uploads\/2017\/02\/01.-Ayto-de-Oviedo-768x574.jpg 768w, https:\/\/www.unioviedo.es\/ONEO\/wp-content\/uploads\/2017\/02\/01.-Ayto-de-Oviedo-1024x765.jpg 1024w, https:\/\/www.unioviedo.es\/ONEO\/wp-content\/uploads\/2017\/02\/01.-Ayto-de-Oviedo.jpg 1209w\" sizes=\"auto, (max-width: 150px) 100vw, 150px\" \/><\/a><\/p>\n<p><a href=\"http:\/\/www.fundacionuniversia.net\/\"><img loading=\"lazy\" decoding=\"async\" class=\"alignleft wp-image-232\" src=\"http:\/\/www.unioviedo.es\/ONEO\/wp-content\/uploads\/2017\/02\/Logo_154590-300x146.jpg\" alt=\"Logo Fundaci\u00f3n Universia\" width=\"150\" height=\"73\" srcset=\"https:\/\/www.unioviedo.es\/ONEO\/wp-content\/uploads\/2017\/02\/Logo_154590-300x146.jpg 300w, https:\/\/www.unioviedo.es\/ONEO\/wp-content\/uploads\/2017\/02\/Logo_154590-768x374.jpg 768w, https:\/\/www.unioviedo.es\/ONEO\/wp-content\/uploads\/2017\/02\/Logo_154590-1024x499.jpg 1024w, https:\/\/www.unioviedo.es\/ONEO\/wp-content\/uploads\/2017\/02\/Logo_154590.jpg 1500w\" sizes=\"auto, (max-width: 150px) 100vw, 150px\" \/><\/a><\/p>\n<p><a href=\"http:\/\/www.cermiasturias.org\/\"><img loading=\"lazy\" decoding=\"async\" class=\"alignleft wp-image-236\" src=\"http:\/\/www.unioviedo.es\/ONEO\/wp-content\/uploads\/2017\/02\/07.-CERMI-Asturias-300x100.png\" alt=\"Logo CERMI Asturias\" width=\"150\" height=\"50\" srcset=\"https:\/\/www.unioviedo.es\/ONEO\/wp-content\/uploads\/2017\/02\/07.-CERMI-Asturias-300x100.png 300w, https:\/\/www.unioviedo.es\/ONEO\/wp-content\/uploads\/2017\/02\/07.-CERMI-Asturias.png 519w\" sizes=\"auto, (max-width: 150px) 100vw, 150px\" \/><\/a><\/p>\n<p><a href=\"http:\/\/www.fundaciononce.es\/\"><img loading=\"lazy\" decoding=\"async\" class=\"alignleft wp-image-210\" src=\"http:\/\/www.unioviedo.es\/ONEO\/wp-content\/uploads\/2017\/02\/06.-Fundaci\u00f3n-ONCE-300x94.jpg\" alt=\"Logo Fundaci\u00f3n ONCE\" width=\"150\" height=\"47\" srcset=\"https:\/\/www.unioviedo.es\/ONEO\/wp-content\/uploads\/2017\/02\/06.-Fundaci\u00f3n-ONCE-300x94.jpg 300w, https:\/\/www.unioviedo.es\/ONEO\/wp-content\/uploads\/2017\/02\/06.-Fundaci\u00f3n-ONCE-768x240.jpg 768w, https:\/\/www.unioviedo.es\/ONEO\/wp-content\/uploads\/2017\/02\/06.-Fundaci\u00f3n-ONCE-1024x320.jpg 1024w, https:\/\/www.unioviedo.es\/ONEO\/wp-content\/uploads\/2017\/02\/06.-Fundaci\u00f3n-ONCE.jpg 1200w\" sizes=\"auto, (max-width: 150px) 100vw, 150px\" \/><\/a><\/p>\n<p><a href=\"https:\/\/www.vinjoy.es\/inicio\/\"><img loading=\"lazy\" decoding=\"async\" class=\"alignleft wp-image-212\" src=\"http:\/\/www.unioviedo.es\/ONEO\/wp-content\/uploads\/2017\/02\/08.-Fundaci\u00f3n-vinjoy.jpg\" alt=\"Logo Fundaci\u00f3n Vinjoy\" width=\"130\" height=\"125\" \/><\/a><\/p>\n<p><a href=\"http:\/\/www.afesasturias.org\/\"><img loading=\"lazy\" decoding=\"async\" class=\"wp-image-213 alignleft\" src=\"http:\/\/www.unioviedo.es\/ONEO\/wp-content\/uploads\/2017\/02\/AFESA-300x67.png\" alt=\"Logo de AFESA\" width=\"150\" height=\"33\" srcset=\"https:\/\/www.unioviedo.es\/ONEO\/wp-content\/uploads\/2017\/02\/AFESA-300x67.png 300w, https:\/\/www.unioviedo.es\/ONEO\/wp-content\/uploads\/2017\/02\/AFESA.png 477w\" sizes=\"auto, (max-width: 150px) 100vw, 150px\" \/><\/a><\/p>\n<p><a href=\"http:\/\/www.anhipa.com\/\"><img loading=\"lazy\" decoding=\"async\" class=\"wp-image-243 alignleft\" src=\"http:\/\/www.unioviedo.es\/ONEO\/wp-content\/uploads\/2017\/02\/ANHIPA-0-300x221.png\" alt=\"\" width=\"150\" height=\"111\" srcset=\"https:\/\/www.unioviedo.es\/ONEO\/wp-content\/uploads\/2017\/02\/ANHIPA-0-300x221.png 300w, https:\/\/www.unioviedo.es\/ONEO\/wp-content\/uploads\/2017\/02\/ANHIPA-0.png 407w\" sizes=\"auto, (max-width: 150px) 100vw, 150px\" \/><\/a><\/p>\n<p><a href=\"http:\/\/www.apada.es\/\"><img loading=\"lazy\" decoding=\"async\" class=\"wp-image-313 alignleft\" src=\"http:\/\/www.unioviedo.es\/ONEO\/wp-content\/uploads\/2017\/02\/APADA-def.png\" alt=\"Logo APADA\" width=\"150\" height=\"109\" \/><\/a><\/p>\n<p><a href=\"http:\/\/www.apadac.org\/\"><img loading=\"lazy\" decoding=\"async\" class=\"alignleft wp-image-216\" src=\"http:\/\/www.unioviedo.es\/ONEO\/wp-content\/uploads\/2017\/02\/APADAC-300x300.jpg\" alt=\"Logo APADAC\" width=\"120\" height=\"120\" srcset=\"https:\/\/www.unioviedo.es\/ONEO\/wp-content\/uploads\/2017\/02\/APADAC-300x300.jpg 300w, https:\/\/www.unioviedo.es\/ONEO\/wp-content\/uploads\/2017\/02\/APADAC-150x150.jpg 150w, https:\/\/www.unioviedo.es\/ONEO\/wp-content\/uploads\/2017\/02\/APADAC-768x768.jpg 768w, https:\/\/www.unioviedo.es\/ONEO\/wp-content\/uploads\/2017\/02\/APADAC-100x100.jpg 100w, https:\/\/www.unioviedo.es\/ONEO\/wp-content\/uploads\/2017\/02\/APADAC.jpg 900w\" sizes=\"auto, (max-width: 120px) 100vw, 120px\" \/><\/a><\/p>\n<p><a href=\"http:\/\/aspergerasturias.org\/\"><img loading=\"lazy\" decoding=\"async\" class=\"wp-image-247 alignleft\" src=\"http:\/\/www.unioviedo.es\/ONEO\/wp-content\/uploads\/2017\/02\/Asperger-de-Asturias-ok-300x200.jpg\" alt=\"Logo Asperger Asturias\" width=\"150\" height=\"100\" srcset=\"https:\/\/www.unioviedo.es\/ONEO\/wp-content\/uploads\/2017\/02\/Asperger-de-Asturias-ok-300x200.jpg 300w, https:\/\/www.unioviedo.es\/ONEO\/wp-content\/uploads\/2017\/02\/Asperger-de-Asturias-ok.jpg 314w\" sizes=\"auto, (max-width: 150px) 100vw, 150px\" \/><\/a><\/p>\n<p><a href=\"https:\/\/www.cocemfeasturias.es\/\"><img loading=\"lazy\" decoding=\"async\" class=\"alignleft wp-image-218\" src=\"http:\/\/www.unioviedo.es\/ONEO\/wp-content\/uploads\/2017\/02\/COCEMFE-Asturias-300x253.jpg\" alt=\"Logo COCEMFE\" width=\"130\" height=\"110\" srcset=\"https:\/\/www.unioviedo.es\/ONEO\/wp-content\/uploads\/2017\/02\/COCEMFE-Asturias-300x253.jpg 300w, https:\/\/www.unioviedo.es\/ONEO\/wp-content\/uploads\/2017\/02\/COCEMFE-Asturias.jpg 600w\" sizes=\"auto, (max-width: 130px) 100vw, 130px\" \/><\/a><\/p>\n<p><a href=\"http:\/\/www.faedis.es\/\"><img loading=\"lazy\" decoding=\"async\" class=\"alignleft wp-image-314\" src=\"http:\/\/www.unioviedo.es\/ONEO\/wp-content\/uploads\/2017\/02\/FAEDIS-1-300x83.png\" alt=\"Logo de FAEDIS\" width=\"200\" height=\"55\" srcset=\"https:\/\/www.unioviedo.es\/ONEO\/wp-content\/uploads\/2017\/02\/FAEDIS-1-300x83.png 300w, https:\/\/www.unioviedo.es\/ONEO\/wp-content\/uploads\/2017\/02\/FAEDIS-1.png 308w\" sizes=\"auto, (max-width: 200px) 100vw, 200px\" \/><\/a><\/p>\n<p><a href=\"http:\/\/www.fesopras.org\/\"><img loading=\"lazy\" decoding=\"async\" class=\"alignleft wp-image-220\" src=\"http:\/\/www.unioviedo.es\/ONEO\/wp-content\/uploads\/2017\/02\/Fesopras-300x201.jpg\" alt=\"Logo Fesopras\" width=\"135\" height=\"90\" srcset=\"https:\/\/www.unioviedo.es\/ONEO\/wp-content\/uploads\/2017\/02\/Fesopras-300x201.jpg 300w, https:\/\/www.unioviedo.es\/ONEO\/wp-content\/uploads\/2017\/02\/Fesopras.jpg 597w\" sizes=\"auto, (max-width: 135px) 100vw, 135px\" \/><\/a><\/p>\n<p><a href=\"http:\/\/www.fsc-inserta.es\/Quienes\/Paginas\/asturias.aspx\"><img loading=\"lazy\" decoding=\"async\" class=\"alignleft wp-image-251\" src=\"http:\/\/www.unioviedo.es\/ONEO\/wp-content\/uploads\/2017\/02\/logo-inserta-2016-300x170.jpg\" alt=\"Logo Inserta\" width=\"150\" height=\"85\" srcset=\"https:\/\/www.unioviedo.es\/ONEO\/wp-content\/uploads\/2017\/02\/logo-inserta-2016-300x170.jpg 300w, https:\/\/www.unioviedo.es\/ONEO\/wp-content\/uploads\/2017\/02\/logo-inserta-2016.jpg 330w\" sizes=\"auto, (max-width: 150px) 100vw, 150px\" \/><\/a><\/p>\n<p><a href=\"http:\/\/www.once.es\/\"><img loading=\"lazy\" decoding=\"async\" class=\"alignleft wp-image-222\" src=\"http:\/\/www.unioviedo.es\/ONEO\/wp-content\/uploads\/2017\/02\/ONCE-300x89.jpg\" alt=\"Logo de la ONCE\" width=\"168\" height=\"50\" srcset=\"https:\/\/www.unioviedo.es\/ONEO\/wp-content\/uploads\/2017\/02\/ONCE-300x89.jpg 300w, https:\/\/www.unioviedo.es\/ONEO\/wp-content\/uploads\/2017\/02\/ONCE.jpg 492w\" sizes=\"auto, (max-width: 168px) 100vw, 168px\" \/><\/a><\/p>\n<p><a href=\"http:\/\/www.plenainclusionasturias.org\/\"><img loading=\"lazy\" decoding=\"async\" class=\"alignleft wp-image-223\" src=\"http:\/\/www.unioviedo.es\/ONEO\/wp-content\/uploads\/2017\/02\/Plena-inclusi\u00f3n-300x143.jpg\" alt=\"Logo de Plena inclusi\u00f3n\" width=\"125\" height=\"60\" \/><\/a><\/p>\n<p><a href=\"http:\/\/www.predif-asturias.org\/\"><img loading=\"lazy\" decoding=\"async\" class=\"wp-image-228 alignnone\" src=\"http:\/\/www.unioviedo.es\/ONEO\/wp-content\/uploads\/2017\/02\/Predif-Asturias-300x158.jpg\" alt=\"Logo de Predif Asturias\" width=\"110\" height=\"58\" srcset=\"https:\/\/www.unioviedo.es\/ONEO\/wp-content\/uploads\/2017\/02\/Predif-Asturias-300x158.jpg 300w, https:\/\/www.unioviedo.es\/ONEO\/wp-content\/uploads\/2017\/02\/Predif-Asturias.jpg 361w\" sizes=\"auto, (max-width: 110px) 100vw, 110px\" \/><\/a><\/p>\n<hr \/>\n","protected":false},"excerpt":{"rendered":"<p>La ONEO forma parte de la Red SAPDU, enmarcada en la CRUE, \u00a0es un grupo de trabajo que re\u00fane a personal t\u00e9cnico de los servicios de atenci\u00f3n a personas con discapacidad y otras necesidades espec\u00edficas de 59\u00a0Universidades Espa\u00f1olas. Asimismo, la ONEO mantiene una estrecha colaboraci\u00f3n con un conjunto de Instituciones y Entidades de diverso tipo &hellip; <\/p>\n<p class=\"link-more\"><a href=\"https:\/\/www.unioviedo.es\/ONEO\/index.php\/colaboran\/\" class=\"more-link\">Continuar leyendo<span class=\"screen-reader-text\"> \u00abColaboran\u00bb<\/span><\/a><\/p>\n","protected":false},"author":1,"featured_media":0,"parent":0,"menu_order":0,"comment_status":"closed","ping_status":"closed","template":"","meta":{"footnotes":""},"class_list":["post-63","page","type-page","status-publish","hentry"],"jetpack_sharing_enabled":true,"_links":{"self":[{"href":"https:\/\/www.unioviedo.es\/ONEO\/index.php\/wp-json\/wp\/v2\/pages\/63","targetHints":{"allow":["GET"]}}],"collection":[{"href":"https:\/\/www.unioviedo.es\/ONEO\/index.php\/wp-json\/wp\/v2\/pages"}],"about":[{"href":"https:\/\/www.unioviedo.es\/ONEO\/index.php\/wp-json\/wp\/v2\/types\/page"}],"author":[{"embeddable":true,"href":"https:\/\/www.unioviedo.es\/ONEO\/index.php\/wp-json\/wp\/v2\/users\/1"}],"replies":[{"embeddable":true,"href":"https:\/\/www.unioviedo.es\/ONEO\/index.php\/wp-json\/wp\/v2\/comments?post=63"}],"version-history":[{"count":68,"href":"https:\/\/www.unioviedo.es\/ONEO\/index.php\/wp-json\/wp\/v2\/pages\/63\/revisions"}],"predecessor-version":[{"id":1175,"href":"https:\/\/www.unioviedo.es\/ONEO\/index.php\/wp-json\/wp\/v2\/pages\/63\/revisions\/1175"}],"wp:attachment":[{"href":"https:\/\/www.unioviedo.es\/ONEO\/index.php\/wp-json\/wp\/v2\/media?parent=63"}],"curies":[{"name":"wp","href":"https:\/\/api.w.org\/{rel}","templated":true}]}}